{"id":3994,"date":"2017-10-18T02:03:14","date_gmt":"2017-10-18T02:03:14","guid":{"rendered":"http:\/\/biblian.is\/videy\/?page_id=3994"},"modified":"2021-11-10T18:47:18","modified_gmt":"2021-11-10T18:47:18","slug":"gudbrandsbiblia","status":"publish","type":"page","link":"https:\/\/biblian.is\/videy\/","title":{"rendered":"Vi\u00f0eyjarbibl\u00eda"},"content":{"rendered":"<p><div class=\"fusion-fullwidth fullwidth-box fusion-builder-row-1 nonhundred-percent-fullwidth non-hundred-percent-height-scrolling\" style=\"--awb-border-radius-top-left:0px;--awb-border-radius-top-right:0px;--awb-border-radius-bottom-right:0px;--awb-border-radius-bottom-left:0px;--awb-flex-wrap:wrap;\" ><div class=\"fusion-builder-row fusion-row\"><div class=\"fusion-layout-column fusion_builder_column fusion-builder-column-0 fusion_builder_column_1_2 1_2 fusion-one-half fusion-column-first\" style=\"--awb-bg-size:cover;width:50%;width:calc(50% - ( ( 4% ) * 0.5 ) );margin-right: 4%;\"><div class=\"fusion-column-wrapper fusion-flex-column-wrapper-legacy\"><div class=\"fusion-widget-area awb-widget-area-element fusion-widget-area-1 fusion-content-widget-area\" style=\"--awb-title-size:15px;--awb-title-color:#000000;--awb-padding:0px 0px 0px 0px;\"><div id=\"search-2\" class=\"widget widget_search\">\t\t<form role=\"search\" class=\"searchform fusion-search-form  fusion-search-form-classic\" method=\"get\" action=\"https:\/\/biblian.is\/videy\/\">\n\t\t\t<div class=\"fusion-search-form-content\">\n\n\t\t\t\t\n\t\t\t\t<div class=\"fusion-search-field search-field\">\n\t\t\t\t\t<label><span class=\"screen-reader-text\">Leita eftir:<\/span>\n\t\t\t\t\t\t\t\t\t\t\t\t\t<input type=\"search\" value=\"\" name=\"s\" class=\"s\" placeholder=\"Leit\u2026\" required aria-required=\"true\" aria-label=\"Leit\u2026\"\/>\n\t\t\t\t\t\t\t\t\t\t\t<\/label>\n\t\t\t\t<\/div>\n\t\t\t\t<div class=\"fusion-search-button search-button\">\n\t\t\t\t\t<input type=\"submit\" class=\"fusion-search-submit searchsubmit\" aria-label=\"Leit\" value=\"&#xf002;\" \/>\n\t\t\t\t\t\t\t\t\t<\/div>\n\n\t\t\t\t\n\t\t\t<\/div>\n\n\n\t\t\t\n\t\t<\/form>\n\t\t<\/div><div class=\"fusion-additional-widget-content\"><\/div><\/div><div class=\"accordian fusion-accordian\" style=\"--awb-border-size:1px;--awb-icon-size:18px;--awb-content-font-size:15px;--awb-icon-alignment:left;--awb-hover-color:#f8f8f8;--awb-border-color:#f8f8f8;--awb-background-color:#ffffff;--awb-divider-color:#e0dede;--awb-divider-hover-color:#e0dede;--awb-icon-color:#f8f8f8;--awb-title-color:#5f4b8b;--awb-content-color:#301800;--awb-icon-box-color:#333333;--awb-toggle-hover-accent-color:#663918;--awb-title-font-family:&quot;Lato&quot;;--awb-title-font-weight:900;--awb-title-font-style:normal;--awb-title-font-size:18px;--awb-content-font-family:Arial, Helvetica, sans-serif;--awb-content-font-style:normal;--awb-content-font-weight:400;\"><div class=\"panel-group fusion-toggle-icon-boxed\" id=\"accordion-3994-1\"><div class=\"fusion-panel panel-default panel-ec338dab4c5830471 fusion-toggle-no-divider fusion-toggle-boxed-mode\"><div class=\"panel-heading\"><h4 class=\"panel-title toggle\" id=\"toggle_ec338dab4c5830471\"><a aria-expanded=\"false\" aria-controls=\"ec338dab4c5830471\" role=\"button\" data-toggle=\"collapse\" data-parent=\"#accordion-3994-1\" data-target=\"#ec338dab4c5830471\" href=\"#ec338dab4c5830471\"><span class=\"fusion-toggle-icon-wrapper\" aria-hidden=\"true\"><i class=\"fa-fusion-box active-icon awb-icon-minus\" aria-hidden=\"true\"><\/i><i class=\"fa-fusion-box inactive-icon awb-icon-plus\" aria-hidden=\"true\"><\/i><\/span><span class=\"fusion-toggle-heading\">Gamla testamenti\u00f0<\/span><\/a><\/h4><\/div><div id=\"ec338dab4c5830471\" class=\"panel-collapse collapse \" aria-labelledby=\"toggle_ec338dab4c5830471\"><div class=\"panel-body toggle-content fusion-clearfix\">\n<div class=\"dalkar_rit\">\n<p><a href=\"http:\/\/biblian.is\/videy\/fyrsta-mosebok-1-kafli\/\">Fyrsta M\u00f3seb\u00f3k<\/a><\/p>\n<p><a href=\"http:\/\/biblian.is\/videy\/onnur-mosebok-1-kafli\/\">\u00d6nnur M\u00f3seb\u00f3k<\/a><\/p>\n<p><a href=\"http:\/\/biblian.is\/videy\/thridja-mosebok-1-kafli\/\">\u00deri\u00f0ja M\u00f3seb\u00f3k<\/a><\/p>\n<p><a href=\"http:\/\/biblian.is\/videy\/fjorda-mosebok-1-kafli\/\">Fj\u00f3r\u00f0a M\u00f3seb\u00f3k<\/a><\/p>\n<p><a href=\"http:\/\/biblian.is\/videy\/fimmta-mosebok-1-kafli\/\">Fimmta M\u00f3seb\u00f3k<\/a><\/p>\n<p><a href=\"http:\/\/biblian.is\/videy\/josuabok-1-kafli\/\">J\u00f3s\u00faab\u00f3k<\/a><\/p>\n<p><a href=\"http:\/\/biblian.is\/videy\/domarabokin-1-kafli\/\">D\u00f3marab\u00f3kin<\/a><\/p>\n<p><a href=\"http:\/\/biblian.is\/videy\/rutarbok-1-kafli\/\">Rutarb\u00f3k<\/a><\/p>\n<p><a href=\"http:\/\/biblian.is\/videy\/fyrri-samuelsbok-1-kafli\/\">Fyrri Sam\u00faelsb\u00f3k<\/a><\/p>\n<p><a href=\"http:\/\/biblian.is\/videy\/sidari-samuelsbok-1-kafli\/\">S\u00ed\u00f0ari Sam\u00faelsb\u00f3k<\/a><\/p>\n<p><a href=\"http:\/\/biblian.is\/videy\/fyrri-konungabok-1-kafli\/\">Fyrri konungab\u00f3k<\/a><\/p>\n<p><a href=\"http:\/\/biblian.is\/videy\/sidari-konungabok-1-kafli\/\">S\u00ed\u00f0ari konungab\u00f3k<\/a><\/p>\n<p><a href=\"http:\/\/biblian.is\/videy\/fyrri-kronikubok-1-kafli\/\">Fyrri kron\u00edkub\u00f3k<\/a><\/p>\n<p><a href=\"http:\/\/biblian.is\/videy\/sidari-kronikubok-1-kafli\/\">S\u00ed\u00f0ari kron\u00edkub\u00f3k<\/a><\/p>\n<p><a href=\"http:\/\/biblian.is\/videy\/esrabok-1-kafli\/\">Esrab\u00f3k<\/a><\/p>\n<p><a href=\"http:\/\/biblian.is\/videy\/nehemiabok-1-kafli\/\">Nehem\u00edab\u00f3k<\/a><\/p>\n<p><a href=\"http:\/\/biblian.is\/videy\/esterarbok-1-kafli\/\">Esterarb\u00f3k<\/a><\/p>\n<p><a href=\"http:\/\/biblian.is\/videy\/jobsbok-1-kafli\/\">Jobsb\u00f3k<\/a><\/p>\n<p><a href=\"http:\/\/biblian.is\/videy\/salmarnir-1-kafli\/\">S\u00e1lmarnir<\/a><\/p>\n<p><a href=\"http:\/\/biblian.is\/videy\/ordskvidirnir-1-kafli\/\">Or\u00f0skvi\u00f0irnir<\/a><\/p>\n<p><a href=\"http:\/\/biblian.is\/videy\/predikarinn-1-kafli\/\">Pr\u00e9dikarinn<\/a><\/p>\n<p><a href=\"http:\/\/biblian.is\/videy\/ljodaljodin-1-kafli\/\">Lj\u00f3\u00f0alj\u00f3\u00f0in<\/a><\/p>\n<p><a href=\"http:\/\/biblian.is\/videy\/jesaja-1-kafli\/\">Jesaja<\/a><\/p>\n<p><a href=\"http:\/\/biblian.is\/videy\/jeremia-1-kafli\/\">Jerem\u00eda<\/a><\/p>\n<p><a href=\"http:\/\/biblian.is\/videy\/harmljodin-1-kafli\/\">Harmlj\u00f3\u00f0in<\/a><\/p>\n<p><a href=\"http:\/\/biblian.is\/videy\/esekiel-1-kafli\/\">Esek\u00edel<\/a><\/p>\n<p><a href=\"http:\/\/biblian.is\/videy\/daniel-1-kafli\/\">Dan\u00edel<\/a><\/p>\n<p><a href=\"http:\/\/biblian.is\/videy\/hosea-1-kafli\/\">H\u00f3sea<\/a><\/p>\n<p><a href=\"http:\/\/biblian.is\/videy\/joel-1-kafli\/\">J\u00f3el<\/a><\/p>\n<p><a href=\"http:\/\/biblian.is\/videy\/amos-1-kafli\/\">Amos<\/a><\/p>\n<p><a href=\"http:\/\/biblian.is\/videy\/obadia-1-kafli\/\">\u00d3bad\u00eda<\/a><\/p>\n<p><a href=\"http:\/\/biblian.is\/videy\/jonas-1-kafli\/\">J\u00f3nas<\/a><\/p>\n<p><a href=\"http:\/\/biblian.is\/videy\/mika-1-kafli\/\">M\u00edka<\/a><\/p>\n<p><a href=\"http:\/\/biblian.is\/videy\/nahum-1-kafli\/\">Nah\u00fam<\/a><\/p>\n<p><a href=\"http:\/\/biblian.is\/videy\/habakkuk-1-kafli\/\">Habakkuk<\/a><\/p>\n<p><a href=\"http:\/\/biblian.is\/videy\/sefania-1-kafli\/\">Sefan\u00eda<\/a><\/p>\n<p><a href=\"http:\/\/biblian.is\/videy\/haggai-1-kafli\/\">Hagga\u00ed<\/a><\/p>\n<p><a href=\"http:\/\/biblian.is\/videy\/sakaria-1-kafli\/\">Sakar\u00eda<\/a><\/p>\n<p><a href=\"http:\/\/biblian.is\/videy\/malaki-1-kafli\/\">Malak\u00ed<\/a><\/p>\n<\/div>\n<\/div><\/div><\/div><div class=\"fusion-panel panel-default panel-18b54e895e976f653 fusion-toggle-no-divider fusion-toggle-boxed-mode\"><div class=\"panel-heading\"><h4 class=\"panel-title toggle\" id=\"toggle_18b54e895e976f653\"><a aria-expanded=\"false\" aria-controls=\"18b54e895e976f653\" role=\"button\" data-toggle=\"collapse\" data-parent=\"#accordion-3994-1\" data-target=\"#18b54e895e976f653\" href=\"#18b54e895e976f653\"><span class=\"fusion-toggle-icon-wrapper\" aria-hidden=\"true\"><i class=\"fa-fusion-box active-icon awb-icon-minus\" aria-hidden=\"true\"><\/i><i class=\"fa-fusion-box inactive-icon awb-icon-plus\" aria-hidden=\"true\"><\/i><\/span><span class=\"fusion-toggle-heading\">N\u00fdja testamenti\u00f0<\/span><\/a><\/h4><\/div><div id=\"18b54e895e976f653\" class=\"panel-collapse collapse \" aria-labelledby=\"toggle_18b54e895e976f653\"><div class=\"panel-body toggle-content fusion-clearfix\">\n<div class=\"dalkar_rit\">\n<p><a href=\"http:\/\/biblian.is\/videy\/matteusargudspjall-1-kafli\/\">Matteusargu\u00f0spjall<\/a><\/p>\n<p><a href=\"http:\/\/biblian.is\/videy\/markusargudspjall-1-kafli\/\">Mark\u00fasargu\u00f0spjall<\/a><\/p>\n<p><a href=\"http:\/\/biblian.is\/videy\/lukasargudspjall-1-kafli\/\">L\u00fakasargu\u00f0spjall<\/a><\/p>\n<p><a href=\"http:\/\/biblian.is\/videy\/johannesargudspjall-1-kafli\/\">J\u00f3hannesargu\u00f0spjall<\/a><\/p>\n<p><a href=\"http:\/\/biblian.is\/videy\/postulasagan-1-kafli\/\">Postulasagan<\/a><\/p>\n<p><a href=\"http:\/\/biblian.is\/videy\/romverjabrefid-1-kafli\/\">R\u00f3mverjabr\u00e9fi\u00f0<\/a><\/p>\n<p><a href=\"http:\/\/biblian.is\/videy\/fyrra-korintubref-1-kafli\/\">Fyrra Korintubr\u00e9f<\/a><\/p>\n<p><a href=\"http:\/\/biblian.is\/videy\/sidara-korintubref-1-kafli\/\">S\u00ed\u00f0ara Korintubr\u00e9f<\/a><\/p>\n<p><a href=\"http:\/\/biblian.is\/videy\/galatabrefid-1-kafli\/\">Galatabr\u00e9fi\u00f0<\/a><\/p>\n<p><a href=\"http:\/\/biblian.is\/videy\/efesusbrefid-1-kafli\/\">Efesusbr\u00e9fi\u00f0<\/a><\/p>\n<p><a href=\"http:\/\/biblian.is\/videy\/filippibrefid-1-kafli\/\">Filipp\u00edbr\u00e9fi\u00f0<\/a><\/p>\n<p><a href=\"http:\/\/biblian.is\/videy\/kolossubrefid-1-kafli\/\">K\u00f3lossubr\u00e9fi\u00f0<\/a><\/p>\n<p><a href=\"http:\/\/biblian.is\/videy\/fyrra-thessalonikubref-1-kafli\/\">Fyrra \u00deessalon\u00edkubr\u00e9f<\/a><\/p>\n<p><a href=\"http:\/\/biblian.is\/videy\/sidara-thessalonikubref-1-kafli\/\">S\u00ed\u00f0ara \u00deessalon\u00edkubr\u00e9f<\/a><\/p>\n<p><a href=\"http:\/\/biblian.is\/videy\/fyrra-timoteusarbref-1-kafli\/\">Fyrra T\u00edm\u00f3teusarbr\u00e9f<\/a><\/p>\n<p><a href=\"http:\/\/biblian.is\/videy\/sidara-timoteusarbref-1-kafli\/\">S\u00ed\u00f0ara T\u00edm\u00f3teusarbr\u00e9f<\/a><\/p>\n<p><a href=\"http:\/\/biblian.is\/videy\/titusarbrefid-1-kafli\/\">T\u00edtusarbr\u00e9fi\u00f0<\/a><\/p>\n<p><a href=\"http:\/\/biblian.is\/videy\/filemonsbrefid-1-kafli\/\">F\u00edlemonsbr\u00e9fi\u00f0<\/a><\/p>\n<p><a href=\"http:\/\/biblian.is\/videy\/hebreabrefid-1-kafli\/\">Hebreabr\u00e9fi\u00f0<\/a><\/p>\n<p><a href=\"http:\/\/biblian.is\/videy\/jakobsbrefid-1-kafli\/\">Jakobsbr\u00e9fi\u00f0<\/a><\/p>\n<p><a href=\"http:\/\/biblian.is\/videy\/fyrra-petursbref-1-kafli\/\">Fyrra P\u00e9tursbr\u00e9f<\/a><\/p>\n<p><a href=\"http:\/\/biblian.is\/videy\/sidara-petursbref-1-kafli\/\">S\u00ed\u00f0ara P\u00e9tursbr\u00e9f<\/a><\/p>\n<p><a href=\"http:\/\/biblian.is\/videy\/fyrsta-johannesarbref-1-kafli\/\">Fyrsta J\u00f3hannesarbr\u00e9f<\/a><\/p>\n<p><a href=\"http:\/\/biblian.is\/videy\/annad-johannesarbref-1-kafli\/\">Anna\u00f0 J\u00f3hannesarbr\u00e9f<\/a><\/p>\n<p><a href=\"http:\/\/biblian.is\/videy\/thridja-johannesarbref-1-kafli\/\">\u00deri\u00f0ja J\u00f3hannesarbr\u00e9f<\/a><\/p>\n<p><a href=\"http:\/\/biblian.is\/videy\/judasarbrefid-1-kafli\/\">J\u00fadasarbr\u00e9fi\u00f0<\/a><\/p>\n<p><a href=\"http:\/\/biblian.is\/videy\/opinberunarbok-johannesar-1-kafli\/\">Opinberunarb\u00f3k J\u00f3hannesar<\/a><\/p>\n<\/div>\n<\/div><\/div><\/div><div class=\"fusion-panel panel-default panel-8ad26c7477a0838bd fusion-toggle-no-divider fusion-toggle-boxed-mode\"><div class=\"panel-heading\"><h4 class=\"panel-title toggle\" id=\"toggle_8ad26c7477a0838bd\"><a aria-expanded=\"false\" aria-controls=\"8ad26c7477a0838bd\" role=\"button\" data-toggle=\"collapse\" data-parent=\"#accordion-3994-1\" data-target=\"#8ad26c7477a0838bd\" href=\"#8ad26c7477a0838bd\"><span class=\"fusion-toggle-icon-wrapper\" aria-hidden=\"true\"><i class=\"fa-fusion-box active-icon awb-icon-minus\" aria-hidden=\"true\"><\/i><i class=\"fa-fusion-box inactive-icon awb-icon-plus\" aria-hidden=\"true\"><\/i><\/span><span class=\"fusion-toggle-heading\">Ap\u00f3kr\u00fdfar<\/span><\/a><\/h4><\/div><div id=\"8ad26c7477a0838bd\" class=\"panel-collapse collapse \" aria-labelledby=\"toggle_8ad26c7477a0838bd\"><div class=\"panel-body toggle-content fusion-clearfix\">\n<div class=\"dalkar_rit\">\n<p><a href=\"http:\/\/biblian.is\/videy\/tobitsbok-1-kafli\/\">T\u00f3b\u00edtsb\u00f3k<\/a><\/p>\n<p><a href=\"http:\/\/biblian.is\/videy\/juditarbok-1-kafli\/\">J\u00fad\u00edtarb\u00f3k<\/a><\/p>\n<p><a href=\"http:\/\/biblian.is\/videy\/esterarbok-med-vidaukum-1-kafli\/\">Esterarb\u00f3k (me\u00f0 vi\u00f0aukum)<\/a><\/p>\n<p><a href=\"http:\/\/biblian.is\/videy\/speki-salomons-1-kafli\/\">Speki Sal\u00f3mons<\/a><\/p>\n<p><a href=\"http:\/\/biblian.is\/videy\/siraksbok-1-kafli\/\">S\u00edraksb\u00f3k<\/a><\/p>\n<p><a href=\"http:\/\/biblian.is\/videy\/baruksbok-1-kafli\/\">Bar\u00faksb\u00f3k<\/a><\/p>\n<p><a href=\"http:\/\/biblian.is\/videy\/bref-jeremia-1-kafli\/\">Br\u00e9f Jerem\u00eda<\/a><\/p>\n<p><a href=\"http:\/\/biblian.is\/videy\/vidaukar-vid-danielsbok-1-kafli\/\">Vi\u00f0aukar vi\u00f0 Dan\u00edelsb\u00f3k<\/a><\/p>\n<p><a href=\"http:\/\/biblian.is\/videy\/fyrsta-makkabeabok-1-kafli\/\">Fyrsta Makkabeab\u00f3k<\/a><\/p>\n<p><a href=\"http:\/\/biblian.is\/videy\/onnur-makkabeabok-1-kafli\/\">\u00d6nnur Makkabeab\u00f3k<\/a><\/p>\n<p><a href=\"http:\/\/biblian.is\/videy\/baen-manasse-1-kafli\/\">B\u00e6n Manasse<\/a><\/p>\n<\/div>\n<\/div><\/div><\/div><\/div><\/div><div class=\"fusion-clearfix\"><\/div><\/div><\/div><div class=\"fusion-layout-column fusion_builder_column fusion-builder-column-1 fusion_builder_column_1_2 1_2 fusion-one-half fusion-column-last\" style=\"--awb-bg-size:cover;width:50%;width:calc(50% - ( ( 4% ) * 0.5 ) );\"><div class=\"fusion-column-wrapper fusion-flex-column-wrapper-legacy\"><div class=\"fusion-text fusion-text-1\"><div class=\"page\" title=\"Page 14\">\n<div class=\"layoutArea\">\n<div class=\"column\">\n<h1>Vi\u00f0eyjarbibl\u00eda\u00a01841<\/h1>\n<p><em>Biblia \u00fead er: Heil\u00f8g Ritn\u00edng. I 5ta sinni \u00fatg\u00e9fin, \u00e1 n\u00fd yfirskodud og leidr\u00e9tt, ad tilhlutun ens \u00edslendska Bibl\u00eduf\u00e9lags. Selst \u00f3innbundin \u00e1 skrifpappir 7 rd. Silfurmyntar. Videyar Klaustri. Prentud med tilstyrk sama F\u00e9lags, \u00e1 kostnad Sekret\u00e9ra O. M. Stephensen.<\/em><\/p>\n<p>\u00deetta er reyndar ekki fimmta bibl\u00edu\u00fatg\u00e1fa \u00cdslendinga, heldur s\u00fa sj\u00f6tta.\u00a0H\u00fan var prentu\u00f0 \u00ed Vi\u00f0ey og er jafnan kennd vi\u00f0 \u00feann sta\u00f0.<\/p>\n<p>Um n\u00fd\u00fe\u00fd\u00f0ingu var a\u00f0 r\u00e6\u00f0a en ekki a\u00f0 \u00f6llu leyti \u00far frumm\u00e1lunum. Bla\u00f0s\u00ed\u00f0ur eru 1.464. \u00deeir sem a\u00f0 verkinu komu voru \u00c1rni Helgason (1777\u20131869), \u00c1smundur J\u00f3nsson (1808\u20131880), Geir V\u00eddal\u00edn (1761\u20131823), Hallgr\u00edmur Scheving (1781\u20131861), Hannes Stephensen (1799\u20131856), Helgi Thordersen (1794\u20131867), \u00cdsleifur Einarsson (1765\u20131836), J\u00f3n J\u00f3nsson \u00ed M\u00f6\u00f0rufelli (1759\u2013 1846), J\u00f3n J\u00f3nsson \u00ed Steinnesi (1808\u20131862), J\u00f3n J\u00f3nsson lektor (1777\u20131860), Mark\u00fas J\u00f3nsson (1806\u20131853), \u00d3lafur E. Johnsen (1809\u20131885), Steingr\u00edmur J\u00f3nsson (1769\u2013 1845), Sveinbj\u00f6rn Egilsson (1791\u20131852) og \u00deorsteinn Hj\u00e1lmarsen (1794\u20131871).<\/p>\n<p>D\u00f3mur s\u00f6gunnar er, a\u00f0 \u00fearna hafi margt veri\u00f0 afar fagurlega \u00fe\u00fdtt. Al\u00fe\u00fd\u00f0legur bl\u00e6r sveif \u00fe\u00f3 yfir v\u00f6tnunum, b\u00e6\u00f0i \u00ed or\u00f0avali og stafsetningu, \u00ed anda Fj\u00f6lnismanna. Eru fr\u00e6\u00f0imenn yfirleitt samm\u00e1la um, a\u00f0 \u00fer\u00e1tt fyrir \u00fdmsa galla s\u00e9 Vi\u00f0eyjarbibl\u00eda \u201emikil framf\u00f6r fr\u00e1 \u00fatg\u00e1funum \u00ed H\u00f6fn 1747 og 1813\u201c, \u00fe\u00f3tt h\u00fan kunni a\u00f0 standa \u201eg\u00f6mlu \u00edslenzku \u00fatg\u00e1funum eitthva\u00f0 a\u00f0 baki a\u00f0 ytri fr\u00e1gangi\u201c.<\/p>\n<p>Anna\u00f0 nafn hennar er Jedoksbibl\u00eda, eftir rangri \u00fe\u00fd\u00f0ingu \u00e1 einum sta\u00f0 \u00ed Gamla testamentinu (<a href=\"\/videy\/fyrri-konungabok-9-kafli\/#24\">Fyrri Konungab\u00f3k 9.24<\/a>).<\/p>\n<p>Upplag var um 1.400 eint\u00f6k.<\/p>\n<\/div>\n<\/div>\n<\/div>\n<\/div><div class=\"fusion-text fusion-text-2\" style=\"--awb-text-transform:none;\"><hr \/>\n<p><em>L\u00fdsing Vi\u00f0eyjarbibl\u00edu h\u00e9r a\u00f0 ofan var skrifu\u00f0 fyrir s\u00fdningarskr\u00e1 s\u00fdningarinnar \u201e\u00deann arf v\u00e9r bestan fengum\u201c sem opnu\u00f0 var \u00ed \u00dej\u00f3\u00f0arb\u00f3khl\u00f6\u00f0unni 26. september 2015.<\/em><\/p>\n<p><em>Texti Vi\u00f0eyjarbibl\u00edu h\u00e9r \u00e1 vefnum var unninn fyrir vefinn af J\u00f3ni Hj\u00f6rleifi Stef\u00e1nssyni. H\u00e6gt er a\u00f0 n\u00e1lgast lj\u00f3sprent af upphaflegum texta Vi\u00f0eyjarbibl\u00edu \u00e1 vefsv\u00e6\u00f0i Landsb\u00f3kasafns \u2013 H\u00e1sk\u00f3lab\u00f3kasafns, baekur.is. Sl\u00f3\u00f0in \u00e1 Vi\u00f0eyjarbibl\u00edu er <a href=\"http:\/\/baekur.is\/is\/bok\/000036980\/Biblia_thad_er_heilog\">http:\/\/baekur.is\/is\/bok\/000036980\/Biblia_thad_er_heilog<\/a><\/em><\/p>\n<\/div><div class=\"fusion-clearfix\"><\/div><\/div><\/div><\/div><\/div><div class=\"fusion-fullwidth fullwidth-box fusion-builder-row-2 nonhundred-percent-fullwidth non-hundred-percent-height-scrolling\" style=\"--awb-border-radius-top-left:0px;--awb-border-radius-top-right:0px;--awb-border-radius-bottom-right:0px;--awb-border-radius-bottom-left:0px;--awb-flex-wrap:wrap;\" ><div class=\"fusion-builder-row fusion-row\"><\/div><\/div><\/p>\n","protected":false},"excerpt":{"rendered":"","protected":false},"author":1,"featured_media":0,"parent":0,"menu_order":0,"comment_status":"closed","ping_status":"closed","template":"100-width.php","meta":{"footnotes":""},"class_list":["post-3994","page","type-page","status-publish","hentry"],"_links":{"self":[{"href":"https:\/\/biblian.is\/videy\/wp-json\/wp\/v2\/pages\/3994","targetHints":{"allow":["GET"]}}],"collection":[{"href":"https:\/\/biblian.is\/videy\/wp-json\/wp\/v2\/pages"}],"about":[{"href":"https:\/\/biblian.is\/videy\/wp-json\/wp\/v2\/types\/page"}],"author":[{"embeddable":true,"href":"https:\/\/biblian.is\/videy\/wp-json\/wp\/v2\/users\/1"}],"replies":[{"embeddable":true,"href":"https:\/\/biblian.is\/videy\/wp-json\/wp\/v2\/comments?post=3994"}],"version-history":[{"count":0,"href":"https:\/\/biblian.is\/videy\/wp-json\/wp\/v2\/pages\/3994\/revisions"}],"wp:attachment":[{"href":"https:\/\/biblian.is\/videy\/wp-json\/wp\/v2\/media?parent=3994"}],"curies":[{"name":"wp","href":"https:\/\/api.w.org\/{rel}","templated":true}]}}