{"id":22186,"date":"2018-01-02T01:05:57","date_gmt":"2018-01-02T01:05:57","guid":{"rendered":"http:\/\/biblian.is\/videy\/baen-manasse-1-kafli\/"},"modified":"2018-01-02T01:05:57","modified_gmt":"2018-01-02T01:05:57","slug":"baen-manasse-1-kafli","status":"publish","type":"page","link":"https:\/\/biblian.is\/videy\/baen-manasse-1-kafli\/","title":{"rendered":"B\u00e6n Manasse 1. kafli"},"content":{"rendered":"<div class=\"fyrirsognVidey\">(Skal ei finnast \u00e1 gr\u00edsku).<\/div>\n<p><a name=\"1\"><span class=\"versanumer\">1<\/span><\/a>Alm\u00e1ttugi Drottinn, Gu\u00f0 vorra fe\u00f0ra Abrahams, \u00cdsaks og Jakobs og \u00feeirra r\u00e9ttl\u00e1tu ni\u00f0ja.<a name=\"2\"><span class=\"versanumer\">2<\/span><\/a>\u00de\u00fa sem hefir gj\u00f6rt himin og j\u00f6r\u00f0 me\u00f0 allri \u00feeirra pr\u00fd\u00f0i.<a name=\"3\"><span class=\"versanumer\">3<\/span><\/a>\u00de\u00fa sem hefir innsigla\u00f0 hafi\u00f0 me\u00f0 or\u00f0i \u00fe\u00edn bo\u00f0s, og byrgt undirdj\u00fapi\u00f0 og innsigla\u00f0 me\u00f0 \u00fe\u00ednu \u00f3ttalega og d\u00fdr\u00f0lega nafni!<a name=\"4\"><span class=\"versanumer\">4<\/span><\/a>Fyrir hv\u00f6rjum allir hlutir hlj\u00f3ta a\u00f0 skelfast, og n\u00f6tra fyrir \u00fe\u00ednu volduga augliti!<a name=\"5\"><span class=\"versanumer\">5<\/span><\/a>\u00dev\u00ed h\u00e1tign \u00feinnar d\u00fdr\u00f0ar er \u00f3b\u00e6rileg, og s\u00fa rei\u00f0i sem \u00fe\u00fa h\u00f3tar syndurum er \u00f3\u00feolandi.<a name=\"6\"><span class=\"versanumer\">6<\/span><\/a>En s\u00fa miskunn sem \u00fe\u00fa heitir, er n\u00e6sta mikil og \u00f3rannsakanleg; \u00fev\u00ed \u00fe\u00fa ert s\u00e1 \u00e6\u00f0sti Drottinn, innilega miskunnsamur, r\u00edkur af langlundarge\u00f0i og mj\u00f6g n\u00e1\u00f0ugur, sem i\u00f0rast \u00feess illa, er \u00fe\u00fa l\u00e6tur yfir menn koma.<a name=\"7\"><span class=\"versanumer\">7<\/span><\/a>\u00de\u00fa Drottinn, hefir heiti\u00f0, eftir \u00feinni mikilli g\u00e6sku, umvendun og fyrirgefningu \u00feeim sem hafa syndga\u00f0 m\u00f3ti \u00fe\u00e9r, og \u00fe\u00fa hefir af \u00feinni mikilli miskunnsemi tilsett syndurum yfirb\u00f3t til velfer\u00f0ar.<a name=\"8\"><span class=\"versanumer\">8<\/span><\/a>Svo hefir \u00fe\u00fa, Gu\u00f0 enna r\u00e9ttl\u00e1tu, ekki tilsett yfirb\u00f3t \u00feeim r\u00e9ttl\u00e1tu, Abraham, \u00cdsak og Jakob, sem ekki syndgu\u00f0u \u00e1 m\u00f3ti \u00fe\u00e9r, heldur hefir \u00fe\u00fa tilsett m\u00e9r, syndaranum, yfirb\u00f3t.<a name=\"9\"><span class=\"versanumer\">9<\/span><\/a>\u00dev\u00ed eg hefi oftar syndga\u00f0 \u00e1 m\u00f3ti \u00fe\u00e9r, en margur er sandurinn \u00ed hafinu, m\u00ednar misgj\u00f6r\u00f0ir eru or\u00f0nar mj\u00f6g margar, Drottinn! og eg er ei ver\u00f0ugur fyrir a\u00f0 sko\u00f0a og sj\u00e1 himinsins d\u00fdr\u00f0, sakir margfj\u00f6lda minna misgj\u00f6r\u00f0a.<a name=\"10\"><span class=\"versanumer\">10<\/span><\/a>Eg er beyg\u00f0ur \u00ed keng me\u00f0 m\u00f6rgum j\u00e1rnhlekkjum, og get ei upplyft h\u00f6f\u00f0inu, og hefi enga hv\u00edld, af \u00fev\u00ed eg hefi vaki\u00f0 \u00fe\u00edna rei\u00f0i, me\u00f0 \u00fev\u00ed a\u00f0 gj\u00f6ra \u00fea\u00f0 sem illt var fyrir \u00fe\u00ednu augliti, eg gj\u00f6r\u00f0i ei \u00feinn vilja, og h\u00e9lt ekki \u00fe\u00edn bo\u00f0or\u00f0, kom til vegar vi\u00f0urstygg\u00f0, og m\u00f3\u00f0ga\u00f0i \u00feig n\u00e6sta mj\u00f6g.<a name=\"11\"><span class=\"versanumer\">11<\/span><\/a>Og n\u00fa beygi eg kn\u00e9 m\u00edns hjarta og bi\u00f0 \u00feig um n\u00e1\u00f0, Drottinn! eg hefi syndga\u00f0, og j\u00e1ta m\u00ednar misgj\u00f6r\u00f0ir.<a name=\"12\"><span class=\"versanumer\">12<\/span><\/a>En eg bi\u00f0 \u00feig og gr\u00e1tb\u00e6ni, Drottinn! fyrirgef m\u00e9r, fyrirgef m\u00e9r \u00fea\u00f0, og fyrirfar m\u00e9r ekki me\u00f0 m\u00ednum misgj\u00f6r\u00f0um, og vertu ekki rei\u00f0ur, svo a\u00f0 \u00fe\u00fa geymir m\u00e9r \u00fea\u00f0 vonda eil\u00edflega, og ford\u00e6mir mig til jar\u00f0arinnar ne\u00f0stu fylgsna, \u00fev\u00ed \u00fe\u00fa ert Gu\u00f0, \u00feeirra Gu\u00f0, sem gj\u00f6ra yfirb\u00f3t.<a name=\"13\"><span class=\"versanumer\">13<\/span><\/a>S\u00fdn \u00e1 m\u00e9r alla \u00fe\u00edna g\u00e6sku; \u00fev\u00ed \u00fe\u00fa skalt bjarga m\u00e9r \u00f3maklegum eftir \u00feinni mikilli miskunnsemi.<a name=\"14\"><span class=\"versanumer\">14<\/span><\/a>Og eg skal lofa \u00feig alla daga m\u00edns l\u00edfs; \u00fev\u00ed allur himinsins her lofar \u00feig, og \u00fe\u00e9r tilheyrir hei\u00f0urinn a\u00f0 eil\u00edfu.<\/p>\n<div class=\"footnoteVidey\"><\/div>\n","protected":false},"excerpt":{"rendered":"<p>(Skal ei finnast \u00e1 gr\u00edsku). 1Alm\u00e1ttugi Drottinn, Gu\u00f0 vorra fe\u00f0ra Abrahams, \u00cdsaks og Jakobs og \u00feeirra r\u00e9ttl\u00e1tu ni\u00f0ja.2\u00de\u00fa sem hefir gj\u00f6rt himin og j\u00f6r\u00f0 me\u00f0 allri \u00feeirra pr\u00fd\u00f0i.3\u00de\u00fa sem hefir innsigla\u00f0 hafi\u00f0 me\u00f0 or\u00f0i \u00fe\u00edn bo\u00f0s, og byrgt undirdj\u00fapi\u00f0 og innsigla\u00f0 me\u00f0 \u00fe\u00ednu \u00f3ttalega og d\u00fdr\u00f0lega nafni!4Fyrir hv\u00f6rjum allir hlutir hlj\u00f3ta a\u00f0 skelfast, og n\u00f6tra fyrir \u00fe\u00ednu volduga augliti!5\u00dev\u00ed h\u00e1tign \u00feinnar d\u00fdr\u00f0ar er \u00f3b\u00e6rileg, og s\u00fa rei\u00f0i sem \u00fe\u00fa h\u00f3tar syndurum er \u00f3\u00feolandi.6En s\u00fa miskunn sem \u00fe\u00fa heitir, er n\u00e6sta mikil og \u00f3rannsakanleg; \u00fev\u00ed \u00fe\u00fa ert s\u00e1 \u00e6\u00f0sti Drottinn, innilega miskunnsamur, r\u00edkur af langlundarge\u00f0i og mj\u00f6g n\u00e1\u00f0ugur, sem i\u00f0rast \u00feess <a href=\"https:\/\/biblian.is\/videy\/baen-manasse-1-kafli\/\"> [&#8230;]<\/a><\/p>\n","protected":false},"author":1,"featured_media":0,"parent":0,"menu_order":0,"comment_status":"open","ping_status":"open","template":"bibliukaflar.php","meta":{"footnotes":""},"class_list":["post-22186","page","type-page","status-publish","hentry"],"_links":{"self":[{"href":"https:\/\/biblian.is\/videy\/wp-json\/wp\/v2\/pages\/22186","targetHints":{"allow":["GET"]}}],"collection":[{"href":"https:\/\/biblian.is\/videy\/wp-json\/wp\/v2\/pages"}],"about":[{"href":"https:\/\/biblian.is\/videy\/wp-json\/wp\/v2\/types\/page"}],"author":[{"embeddable":true,"href":"https:\/\/biblian.is\/videy\/wp-json\/wp\/v2\/users\/1"}],"replies":[{"embeddable":true,"href":"https:\/\/biblian.is\/videy\/wp-json\/wp\/v2\/comments?post=22186"}],"version-history":[{"count":0,"href":"https:\/\/biblian.is\/videy\/wp-json\/wp\/v2\/pages\/22186\/revisions"}],"wp:attachment":[{"href":"https:\/\/biblian.is\/videy\/wp-json\/wp\/v2\/media?parent=22186"}],"curies":[{"name":"wp","href":"https:\/\/api.w.org\/{rel}","templated":true}]}}