{"id":22183,"date":"2018-01-02T01:05:57","date_gmt":"2018-01-02T01:05:57","guid":{"rendered":"http:\/\/biblian.is\/videy\/onnur-makkabeabok-13-kafli\/"},"modified":"2018-01-02T01:05:57","modified_gmt":"2018-01-02T01:05:57","slug":"onnur-makkabeabok-13-kafli","status":"publish","type":"page","link":"https:\/\/biblian.is\/videy\/onnur-makkabeabok-13-kafli\/","title":{"rendered":"\u00d6nnur Makkabeab\u00f3k 13. kafli"},"content":{"rendered":"<div class=\"fyrirsognVidey\">Sigur unninn \u00e1 Ant\u00edokus Evpator.<\/div>\n<p><a name=\"1\"><span class=\"versanumer\">1<\/span><\/a>\u00c1ri\u00f0 149 fr\u00e9tti J\u00fadas, a\u00f0 Ant\u00edokus Evpator k\u00e6mi m\u00f3ti J\u00fadalandi me\u00f0 mikinn her,<a name=\"2\"><span class=\"versanumer\">2<\/span><\/a>og me\u00f0 honum Lysias f\u00f3stri <span class='VideyAth'>(hans)<\/span> og r\u00edkisstj\u00f3rnari, og a\u00f0 hv\u00f6r \u00feeirra hef\u00f0i gr\u00edskan her, 1 hundra\u00f0 og 10 \u00fe\u00fasundir f\u00f3tg\u00f6nguli\u00f0s, og 5 \u00fe\u00fasundir og 3 hundru\u00f0 riddarali\u00f0s, 22 f\u00edla, og 30 sig\u00f0vagna.<a name=\"3\"><span class=\"versanumer\">3<\/span><\/a>Menelaus f\u00f3r til \u00feeirra og eggja\u00f0i Antiokus me\u00f0 mikilli k\u00e6nsku, ekki s\u00ednu f\u00f6\u00f0urlandi til g\u00f3\u00f0s, heldur af \u00fev\u00ed hann gj\u00f6r\u00f0i s\u00e9r von um a\u00f0 hann mundi ver\u00f0a settur til valda.<a name=\"4\"><span class=\"versanumer\">4<\/span><\/a>En konungur konunganna vakti rei\u00f0i Ant\u00edoks m\u00f3ti sk\u00e1lkinum, og \u00feegar Lys\u00edas tj\u00e1\u00f0i <span class='VideyAth'>(honum)<\/span> a\u00f0 \u00feessi v\u00e6ri ors\u00f6k allrar \u00f3g\u00e6funnar, skipa\u00f0i hann a\u00f0 fara me\u00f0 hann til Beroa, og afl\u00edfa eins og \u00fear var si\u00f0ur.<a name=\"5\"><span class=\"versanumer\">5<\/span><\/a>En \u00fear er turn 50 \u00e1lna h\u00e1r, fullur af \u00f6sku, s\u00e1 hefir <span class='VideyAth'>(organon)<\/span> mask\u00ednu allt um kring sem hangir ni\u00f0ur \u00ed \u00f6skuna.<a name=\"6\"><span class=\"versanumer\">6<\/span><\/a>\u00dea\u00f0an hrinda allir \u00feeim dau\u00f0u ni\u00f0ur \u00ed dau\u00f0ann, sem gj\u00f6ra sig seka \u00ed kirkjur\u00e1ni e\u00f0a \u00ed einhv\u00f6rjum \u00f6\u00f0rum st\u00f3rgl\u00e6p.<a name=\"7\"><span class=\"versanumer\">7<\/span><\/a>\u00c1 \u00feennan h\u00e1tt var\u00f0 s\u00e1 <span class='VideyAth'>a)<\/span> gu\u00f0lausi Menelaus a\u00f0 deyja <span class='VideyAth'>b)<\/span>, og n\u00e1\u00f0i ei hlutdeild \u00ed j\u00f6r\u00f0unni \u00f6ldungis a\u00f0 maklegleikum:<a name=\"8\"><span class=\"versanumer\">8<\/span><\/a>\u00fear e\u00f0 hann haf\u00f0i marga synd dr\u00fdgt m\u00f3ti altarinu, hv\u00f6rs eldur og aska var hv\u00f6rttveggja heilagt, fann hann sinn dau\u00f0a \u00ed \u00f6skunni.<br \/><a name=\"9\"><span class=\"versanumer\">9<\/span><\/a>En konungurinn kom, illur \u00ed skapi, og vildi hafa \u00ed frammi vi\u00f0 Gy\u00f0inga \u00fea\u00f0 versta, sem \u00ed t\u00ed\u00f0 f\u00f6\u00f0ur hans haf\u00f0i gj\u00f6rst \u00feeim til handa.<a name=\"10\"><span class=\"versanumer\">10<\/span><\/a>\u00de\u00e1 J\u00fadas fr\u00e9tti \u00fea\u00f0, bau\u00f0 hann f\u00f3lkinu a\u00f0 \u00e1kalla Drottin dag og n\u00f3tt, a\u00f0 hann, ef nokkurn t\u00edma \u00e1\u00f0ur, \u00fe\u00e1 og n\u00fa, li\u00f0sinnti \u00feeim, sem n\u00fa skyldi sviptast \u00feeirra l\u00f6gm\u00e1li, f\u00f6\u00f0urlandi og heilaga musteri,<a name=\"11\"><span class=\"versanumer\">11<\/span><\/a>og l\u00e9ti ekki \u00fea\u00f0 f\u00f3lk, sem einmitt fyrir sk\u00f6mmu var lifna\u00f0 vi\u00f0, komast \u00e1 vald vi\u00f0bj\u00f3\u00f0slegra hei\u00f0ingja.<a name=\"12\"><span class=\"versanumer\">12<\/span><\/a>\u00deegar allir h\u00f6f\u00f0u me\u00f0 einum huga \u00feetta gj\u00f6rt, og gr\u00e1tb\u00e6nt \u00feann miskunnsama Drottin me\u00f0 t\u00e1rum, f\u00f6stum og kn\u00e9falli \u00ed \u00ferj\u00e1 daga \u00f3afl\u00e1tanlega, kalla\u00f0i J\u00fadas \u00fe\u00e1 og bau\u00f0 \u00feeim til s\u00edn a\u00f0 koma.<a name=\"13\"><span class=\"versanumer\">13<\/span><\/a>Og sem hann var einn \u00e1 fundi hj\u00e1 \u00f6ldungunum, var \u00fea\u00f0 hans r\u00e1\u00f0, a\u00f0 hann skyldi leggja af sta\u00f0, \u00e1\u00f0ur en k\u00f3ngsherinn k\u00e6mi inn \u00ed J\u00fadeu og t\u00e6ki sta\u00f0inn, og me\u00f0 Gu\u00f0s hj\u00e1lp l\u00e1ta sverfa til st\u00e1ls.<a name=\"14\"><span class=\"versanumer\">14<\/span><\/a>Hann f\u00f3l veraldarinnar skapara umhyggjuna, og \u00e1minnti s\u00edna menn a\u00f0 berjast me\u00f0 hugpr\u00fd\u00f0i allt fram \u00ed dau\u00f0ann fyrir l\u00f6gm\u00e1l, musteri, sta\u00f0, f\u00f6\u00f0urland, og r\u00edkisstj\u00f3rn, og setti herb\u00fa\u00f0ir s\u00ednar hj\u00e1 Modein.<a name=\"15\"><span class=\"versanumer\">15<\/span><\/a>Hann gaf s\u00ednum m\u00f6nnum \u00feetta einkennis or\u00f0: Sigur af Gu\u00f0i, og r\u00e9\u00f0ist \u00e1 k\u00f3ngstjaldi\u00f0 um n\u00f3ttina me\u00f0 \u00feeim \u00fatv\u00f6ldu r\u00f6skustu ungu m\u00f6nnum, og felldi \u00ed herb\u00fa\u00f0unum n\u00e6stum 4 \u00fe\u00fasund manns og \u00feeim fremstu af f\u00edlunum, me\u00f0 f\u00f3lkinu sem var \u00ed h\u00fasinu, b\u00e6tti hann vi\u00f0;<a name=\"16\"><span class=\"versanumer\">16<\/span><\/a>og eftir a\u00f0 \u00feeir h\u00f6f\u00f0u komi\u00f0 \u00f3tta og hr\u00e6\u00f0slu um allar herb\u00fa\u00f0irnar, h\u00e9ldu \u00feeir \u00fea\u00f0an me\u00f0 sigri.<a name=\"17\"><span class=\"versanumer\">17<\/span><\/a>En \u00feetta ske\u00f0i h\u00e9r um bil \u00ed d\u00f6gun, fyrir vernd Drottins, sem veitti honum a\u00f0sto\u00f0. <br \/><a name=\"18\"><span class=\"versanumer\">18<\/span><\/a>Eftir a\u00f0 k\u00f3ngur haf\u00f0i fengi\u00f0 a\u00f0 kenna \u00e1 dirfsku Gy\u00f0inganna, reyndi hann til a\u00f0 vinna landspl\u00e1ssin me\u00f0 sni\u00f0ugleika.<a name=\"19\"><span class=\"versanumer\">19<\/span><\/a>Og hann f\u00f3r \u00e1 m\u00f3ti Bets\u00faru sem var sterkt v\u00edgi Gy\u00f0inga, en haf\u00f0i \u00f3sigur, og var l\u00fabarinn og missti miki\u00f0 li\u00f0.<a name=\"20\"><span class=\"versanumer\">20<\/span><\/a>En \u00feeim umsetnu sendi J\u00fadas inn <span class='VideyAth'>(\u00ed sta\u00f0inn)<\/span> \u00fea\u00f0 sem \u00feeim l\u00e1 \u00e1.<a name=\"21\"><span class=\"versanumer\">21<\/span><\/a>\u00deennan leyndard\u00f3m opinbera\u00f0i Rodokus, ma\u00f0ur nokkur \u00ed J\u00fada her, \u00f3vinunum; en hans var leita\u00f0, hann n\u00e1\u00f0ist og var innil\u00e6stur.<a name=\"22\"><span class=\"versanumer\">22<\/span><\/a>K\u00f3ngurinn f\u00f3r n\u00fa \u00ed anna\u00f0 sinn a\u00f0 semja vi\u00f0 \u00fe\u00e1 sem umsetnir voru \u00ed Bets\u00faru, bau\u00f0 fri\u00f0 og f\u00e9kk fri\u00f0, f\u00f3r burt, hitti J\u00fadas og hans menn, var sigra\u00f0ur,<a name=\"23\"><span class=\"versanumer\">23<\/span><\/a>fr\u00e9tti a\u00f0 Filippus, sem hann haf\u00f0i eftirskili\u00f0 \u00ed Ant\u00edok\u00edu, sem r\u00edkisins forst\u00f6\u00f0umann, v\u00e6ri fallinn fr\u00e1 hl\u00fd\u00f0ni vi\u00f0 sig, var\u00f0 \u00f3ttasleginn, ba\u00f0 Gy\u00f0inga um fri\u00f0, v\u00e6g\u00f0i til vi\u00f0 \u00fe\u00e1, vann ei\u00f0 a\u00f0 \u00f6llum sanns\u00fdnilegum skilm\u00e1lum, s\u00e6ttist og frambar f\u00f3rn, hei\u00f0ra\u00f0i musteri\u00f0, og s\u00fdndi sta\u00f0num mannk\u00e6rleika,<a name=\"24\"><span class=\"versanumer\">24<\/span><\/a>t\u00f3k vel vi\u00f0 Makkabeus, og gj\u00f6r\u00f0i hann \u00e6\u00f0sta h\u00f6fu\u00f0smann fr\u00e1 T\u00f3l\u00f3mais til Gerrene.<a name=\"25\"><span class=\"versanumer\">25<\/span><\/a>Hann kom til T\u00f3l\u00f3mais. \u00deeir \u00ed T\u00f3l\u00f3mais undu illa \u00feessum samningi, \u00fev\u00ed \u00feeir v\u00f3ru illir \u00fat af skilm\u00e1lunum, og vildu \u00f3n\u00fdta \u00fe\u00e1, <span class='VideyAth'>(ef kostur hef\u00f0i veri\u00f0)<\/span>.<a name=\"26\"><span class=\"versanumer\">26<\/span><\/a>\u00de\u00e1 gekk Lys\u00edas fram \u00e1 \u00feingv\u00f6llinn, sefa\u00f0i, gaf g\u00f3\u00f0 or\u00f0, f\u00f3r til baka til Ant\u00edok\u00edu. Svona gekk k\u00f3ngsins herf\u00f6r og heimf\u00f6r.<\/p>\n<div class=\"footnoteVidey\"><\/div>\n","protected":false},"excerpt":{"rendered":"<p>Sigur unninn \u00e1 Ant\u00edokus Evpator. 1\u00c1ri\u00f0 149 fr\u00e9tti J\u00fadas, a\u00f0 Ant\u00edokus Evpator k\u00e6mi m\u00f3ti J\u00fadalandi me\u00f0 mikinn her,2og me\u00f0 honum Lysias f\u00f3stri (hans) og r\u00edkisstj\u00f3rnari, og a\u00f0 hv\u00f6r \u00feeirra hef\u00f0i gr\u00edskan her, 1 hundra\u00f0 og 10 \u00fe\u00fasundir f\u00f3tg\u00f6nguli\u00f0s, og 5 \u00fe\u00fasundir og 3 hundru\u00f0 riddarali\u00f0s, 22 f\u00edla, og 30 sig\u00f0vagna.3Menelaus f\u00f3r til \u00feeirra og eggja\u00f0i Antiokus me\u00f0 mikilli k\u00e6nsku, ekki s\u00ednu f\u00f6\u00f0urlandi til g\u00f3\u00f0s, heldur af \u00fev\u00ed hann gj\u00f6r\u00f0i s\u00e9r von um a\u00f0 hann mundi ver\u00f0a settur til valda.4En konungur konunganna vakti rei\u00f0i Ant\u00edoks m\u00f3ti sk\u00e1lkinum, og \u00feegar Lys\u00edas tj\u00e1\u00f0i (honum) a\u00f0 \u00feessi v\u00e6ri ors\u00f6k allrar \u00f3g\u00e6funnar, skipa\u00f0i hann a\u00f0 <a href=\"https:\/\/biblian.is\/videy\/onnur-makkabeabok-13-kafli\/\"> [&#8230;]<\/a><\/p>\n","protected":false},"author":1,"featured_media":0,"parent":0,"menu_order":0,"comment_status":"open","ping_status":"open","template":"bibliukaflar.php","meta":{"footnotes":""},"class_list":["post-22183","page","type-page","status-publish","hentry"],"_links":{"self":[{"href":"https:\/\/biblian.is\/videy\/wp-json\/wp\/v2\/pages\/22183","targetHints":{"allow":["GET"]}}],"collection":[{"href":"https:\/\/biblian.is\/videy\/wp-json\/wp\/v2\/pages"}],"about":[{"href":"https:\/\/biblian.is\/videy\/wp-json\/wp\/v2\/types\/page"}],"author":[{"embeddable":true,"href":"https:\/\/biblian.is\/videy\/wp-json\/wp\/v2\/users\/1"}],"replies":[{"embeddable":true,"href":"https:\/\/biblian.is\/videy\/wp-json\/wp\/v2\/comments?post=22183"}],"version-history":[{"count":0,"href":"https:\/\/biblian.is\/videy\/wp-json\/wp\/v2\/pages\/22183\/revisions"}],"wp:attachment":[{"href":"https:\/\/biblian.is\/videy\/wp-json\/wp\/v2\/media?parent=22183"}],"curies":[{"name":"wp","href":"https:\/\/api.w.org\/{rel}","templated":true}]}}