{"id":22179,"date":"2018-01-02T01:05:57","date_gmt":"2018-01-02T01:05:57","guid":{"rendered":"http:\/\/biblian.is\/videy\/onnur-makkabeabok-9-kafli\/"},"modified":"2018-01-02T01:05:57","modified_gmt":"2018-01-02T01:05:57","slug":"onnur-makkabeabok-9-kafli","status":"publish","type":"page","link":"https:\/\/biblian.is\/videy\/onnur-makkabeabok-9-kafli\/","title":{"rendered":"\u00d6nnur Makkabeab\u00f3k 9. kafli"},"content":{"rendered":"<div class=\"fyrirsognVidey\">Ant\u00edokus deyr.<\/div>\n<p><a name=\"1\"><span class=\"versanumer\">1<\/span><\/a>En \u00e1 \u00feeim sama t\u00edma bar svo til, a\u00f0 Ant\u00edokus kom aftur \u00far Pers\u00eduh\u00e9r\u00f6\u00f0um me\u00f0 \u00f3s\u00e6md.<a name=\"2\"><span class=\"versanumer\">2<\/span><\/a>\u00dev\u00ed hann haf\u00f0i brotist inn \u00ed Persepolis og reynt til a\u00f0 r\u00e6na musteri\u00f0 og kreppa a\u00f0 borginni. \u00dev\u00ed gj\u00f6r\u00f0i f\u00f3lki\u00f0 uppreist og greip til vopna; og \u00fea\u00f0 f\u00f3r svo, a\u00f0 Ant\u00edokus var unnin af innb\u00faunum, og var\u00f0 a\u00f0 fl\u00fdja til baka me\u00f0 h\u00e1\u00f0ung.<a name=\"3\"><span class=\"versanumer\">3<\/span><\/a>En sem hann var \u00ed Ekbatana, f\u00e9kk hann t\u00ed\u00f0indin um \u00fea\u00f0, hv\u00f6rnig komi\u00f0 var fyrir \u00feeim N\u00edkanor og T\u00edm\u00f3teus,<a name=\"4\"><span class=\"versanumer\">4<\/span><\/a>var\u00f0 hann \u00fe\u00e1 \u00e1kaflega rei\u00f0ur og \u00e6tla\u00f0i s\u00e9r a\u00f0 l\u00e1ta bitna \u00e1 Gy\u00f0ingum illvirki \u00feeirra, sem h\u00f6f\u00f0u reki\u00f0 hann \u00e1 fl\u00f3tta. \u00dev\u00ed bau\u00f0 hann \u00feeim sem \u00f3k vagninum, tafarlaust a\u00f0 halda \u00e1fram fer\u00f0inni, og \u00fe\u00f3 var refsingin af himni honum n\u00e1l\u00e6g; \u00fev\u00ed svona drambsamlega tala\u00f0i hann: Jer\u00fasalem skal eg gj\u00f6ra, \u00feegar eg kem \u00feanga\u00f0, a\u00f0 Gy\u00f0inganna legsta\u00f0.<a name=\"5\"><span class=\"versanumer\">5<\/span><\/a>En s\u00e1 alvoldugi Drottinn, \u00cdsraels Gu\u00f0, sl\u00f3 hann me\u00f0 \u00f3l\u00e6knanlegri og \u00f3s\u00fdnilegri pl\u00e1gu og \u00fe\u00e1 hann naumast haf\u00f0i loki\u00f0 s\u00ednu tali, greip \u00f3\u00feolandi kv\u00f6l \u00ed innyflunum hann, og s\u00e1r verkur innvortis:<a name=\"6\"><span class=\"versanumer\">6<\/span><\/a>og n\u00e6sta maklega; \u00fev\u00ed hann haf\u00f0i p\u00ednt innyfli annarra me\u00f0 m\u00f6rgum og \u00f3venjulegum \u00fej\u00e1ningum.<br \/><a name=\"7\"><span class=\"versanumer\">7<\/span><\/a>En ekki l\u00e9t hann enn af s\u00ednum ofmetna\u00f0i, heldur var hann enn n\u00fa fullur af drambsemi, og loga\u00f0i af heift vi\u00f0 Gy\u00f0inga, og bau\u00f0 a\u00f0 fl\u00fdta fer\u00f0inni. En \u00fea\u00f0 vildi til a\u00f0 hann f\u00e9ll \u00far vagninum \u00e1 hr\u00f6\u00f0ustu fer\u00f0, og f\u00e9kk mikla byltu, svo allir limir hans l\u00edkama f\u00f3ru \u00far lagi.<a name=\"8\"><span class=\"versanumer\">8<\/span><\/a>Hann, sem af meir en manns yfirl\u00e6ti haf\u00f0i hugsa\u00f0 hinga\u00f0 til a\u00f0 hann g\u00e6ti r\u00e1\u00f0i\u00f0 vi\u00f0 hafsins bylgjur, og vegi\u00f0 \u00feau h\u00e1u fj\u00f6ll, l\u00e1 n\u00fa \u00e1 j\u00f6r\u00f0u, og var borinn \u00e1 b\u00f6rum, og s\u00fdndi \u00feannig \u00f6llum auglj\u00f3san vott Gu\u00f0s m\u00e1ttar;<a name=\"9\"><span class=\"versanumer\">9<\/span><\/a>svo a\u00f0 \u00ed l\u00edkama hins gu\u00f0lausa lifnu\u00f0u ormar, og holdi\u00f0 datt af hans lifandi l\u00edkama me\u00f0 mikilli p\u00ednu og kv\u00f6l, en \u00f3lyktin af honum var \u00f6llum hernum \u00f3\u00feolandi sakir holdf\u00faans.<a name=\"10\"><span class=\"versanumer\">10<\/span><\/a>Og \u00feann, sem sk\u00f6mmu \u00e1\u00f0ur \u00fe\u00f3ttist geta n\u00e1\u00f0 til stjarna himinsins, gat n\u00fa enginn bori\u00f0 sakir \u00f3\u00feolandi \u00feyngdar f\u00fdlunnar.<br \/><a name=\"11\"><span class=\"versanumer\">11<\/span><\/a>En n\u00fa, svo illa til reika, f\u00f3r hans ofmetna\u00f0ur heldur en ekki a\u00f0 sjatna, og hann kom til vi\u00f0urkenningar, \u00fev\u00ed kv\u00f6lin af \u00feeirri gu\u00f0legu pl\u00e1gu \u00e1gj\u00f6r\u00f0ist \u00e1 hv\u00f6rju augnabliki.<a name=\"12\"><span class=\"versanumer\">12<\/span><\/a>\u00de\u00e1 hann gat n\u00fa ei lengur \u00feola\u00f0 \u00f3\u00feefinn af sj\u00e1lfum s\u00e9r, m\u00e6lti hann: \u00fea\u00f0 er r\u00e9ttv\u00edst a\u00f0 au\u00f0m\u00fdkja sig fyrir Gu\u00f0i, og \u00e6tla ei, \u00ed ofmetna\u00f0i, a\u00f0 s\u00e1 dau\u00f0legi s\u00e9 Gu\u00f0i l\u00edkur.<a name=\"13\"><span class=\"versanumer\">13<\/span><\/a>S\u00e1 vitstola ma\u00f0ur ba\u00f0 og Drottinn sem ekki vildi honum framar miskunna, og sag\u00f0i:<a name=\"14\"><span class=\"versanumer\">14<\/span><\/a>a\u00f0 hann vildi gefa frelsi \u00feeirri heil\u00f6gu borg, sem hann var a\u00f0 hra\u00f0a s\u00e9r a\u00f0 ey\u00f0ileggja \u00ed botn og grunn, og \u00e6tla\u00f0i a\u00f0 gj\u00f6ra a\u00f0 legsta\u00f0 dau\u00f0ra manna.<a name=\"15\"><span class=\"versanumer\">15<\/span><\/a>Og a\u00f0 gj\u00f6ra alla Gy\u00f0inga Atenuborgarm\u00f6nnum l\u00edka, \u00fe\u00e1, sem hann haf\u00f0i \u00e1lykta\u00f0 a\u00f0 vir\u00f0a jafnvel ei svo mikils, a\u00f0 l\u00e1ta \u00fe\u00e1 f\u00e1 greftrun, heldur a\u00f0 snara \u00feeim sem fugla\u00e6ti, me\u00f0 \u00feeirra b\u00f6rnum, fyrir villud\u00fdr;<a name=\"16\"><span class=\"versanumer\">16<\/span><\/a>og a\u00f0 pr\u00fd\u00f0a \u00fea\u00f0 heilaga musteri, sem hann \u00e1\u00f0ur haf\u00f0i r\u00e6nt, me\u00f0 fallegustu d\u00fdrgripum, og margfaldlega a\u00f0 b\u00e6ta <span class='VideyAth'>(\u00fev\u00ed)<\/span> aftur \u00feau helgu \u00e1h\u00f6ld, og gefa af s\u00ednum eigin inntektum \u00feann nau\u00f0synlega kostna\u00f0 til f\u00f3rnanna.<a name=\"17\"><span class=\"versanumer\">17<\/span><\/a>Og \u00fear a\u00f0 auki a\u00f0 hann skyldi gj\u00f6rast Gy\u00f0ingur, og fara um alla bygg\u00f0a sta\u00f0i og kunngj\u00f6ra Gu\u00f0s m\u00e1tt. <br \/><a name=\"18\"><span class=\"versanumer\">18<\/span><\/a>En sem p\u00ednan enganveginn r\u00e9na\u00f0i, \u00fev\u00ed yfir hann var komin Gu\u00f0s r\u00e9ttv\u00eds hegning, var\u00f0 hann vonlaus og skrifa\u00f0i Gy\u00f0ingum eftirfylgjandi br\u00e9f, sem l\u00edkist afbei\u00f0ni og hlj\u00f3\u00f0ar \u00feannig: <br \/><a name=\"19\"><span class=\"versanumer\">19<\/span><\/a>Konungur og hersh\u00f6f\u00f0ingi Ant\u00edokus, <span class='VideyAth'>(\u00f3skar)<\/span> \u00feeim g\u00f3\u00f0u Gy\u00f0ingum, heilla, velgengni og g\u00e6fu!<a name=\"20\"><span class=\"versanumer\">20<\/span><\/a>\u00deegar y\u00f0ur og y\u00f0ar b\u00f6rnum velvegnar og y\u00f0ur gengur allt a\u00f0 \u00f3skum, heiti eg Gu\u00f0i mestu \u00fe\u00f6kk, og set m\u00edna von til himinsins.<a name=\"21\"><span class=\"versanumer\">21<\/span><\/a>En eg ligg n\u00fa sj\u00fakur, og minnist mannk\u00e6rlega y\u00f0ar, vir\u00f0ingar og velvildar. Eg em \u00e1 minni heimfer\u00f0 \u00far Pers\u00eduh\u00e9r\u00f6\u00f0um or\u00f0inn veikur, og hefi \u00fev\u00ed haldi\u00f0 nau\u00f0synlegt a\u00f0 annast sameiginlega nau\u00f0syn allra.<a name=\"22\"><span class=\"versanumer\">22<\/span><\/a>En n\u00fa er eg a\u00f0 s\u00f6nnu ekki vonlaus um a\u00f0 m\u00e9r batni, heldur hefi mikla von um, a\u00f0 komast aftur \u00e1 f\u00e6tur;<a name=\"23\"><span class=\"versanumer\">23<\/span><\/a>en \u00fear eg veit a\u00f0 fa\u00f0ir minn, \u00feegar hann f\u00f3r herf\u00f6r til upplanda, kaus s\u00e9r eftirmann,<a name=\"24\"><span class=\"versanumer\">24<\/span><\/a>til \u00feess ef eitthva\u00f0 upp \u00e1 k\u00e6mi, e\u00f0a einhv\u00f6r \u00f3\u00fe\u00e6gileg t\u00ed\u00f0indi b\u00e6rust, vissu landsins innb\u00faar strax, hv\u00f6r r\u00edkjandi v\u00e6ri or\u00f0in, og yr\u00f0u ei svo sem forvi\u00f0a;<a name=\"25\"><span class=\"versanumer\">25<\/span><\/a>og \u00fear e\u00f0 eg h\u00e9ra\u00f0auki hefi teki\u00f0 eftir \u00fev\u00ed, a\u00f0 n\u00e6stu landsh\u00f6f\u00f0ingjar og n\u00e1b\u00faar r\u00edkisins vaka yfir t\u00e6kif\u00e6rinu, og afdrifunum, hefi eg kosi\u00f0 son minn Ant\u00edokus til k\u00f3ngs, sem eg oft \u00e1\u00f0ur hefi b\u00e6\u00f0i tr\u00faa\u00f0 flestum y\u00f0ur fyrir og fali\u00f0 y\u00f0ur \u00e1 hendur, \u00fe\u00e1 eg f\u00f3r herfarir, \u00ed hin efri l\u00e9nsherrad\u00e6mi. Honum hefi eg skrifa\u00f0 hj\u00e1lagt br\u00e9f.<a name=\"26\"><span class=\"versanumer\">26<\/span><\/a>Eg \u00e1minni y\u00f0ur og bi\u00f0, a\u00f0 hv\u00f6r einn minnist minna velgj\u00f6r\u00f0a yfirh\u00f6fu\u00f0 og s\u00e9rdeilislega, og s\u00e9 hollur og tr\u00far syni m\u00ednum.<a name=\"27\"><span class=\"versanumer\">27<\/span><\/a>\u00dev\u00ed eg er viss um a\u00f0 hann mun au\u00f0s\u00fdna y\u00f0ur g\u00f3\u00f0semi og mannk\u00e6rleika, og l\u00edkjast m\u00e9r \u00ed \u00fev\u00ed. <br \/><a name=\"28\"><span class=\"versanumer\">28<\/span><\/a>\u00deessi mannsdr\u00e1pari og gu\u00f0lastari enda\u00f0i n\u00fa sitt l\u00edf eftir \u00f3ttalegustu \u00fej\u00e1ningar, vi\u00f0l\u00edka og hann haf\u00f0i lagt \u00e1 a\u00f0ra, \u00ed framandi landi, \u00e1 fj\u00f6llum, me\u00f0 h\u00f6rmulegasta dau\u00f0a.<a name=\"29\"><span class=\"versanumer\">29<\/span><\/a>Filippus \u00e6skuvinur hans, gr\u00f3f hans l\u00edkama, sem af \u00f3tta fyrir syninum Ant\u00edokus, f\u00f3r til T\u00f3l\u00f3meus Fil\u00f3metor \u00ed Egyptalandi.<\/p>\n<div class=\"footnoteVidey\"><\/div>\n","protected":false},"excerpt":{"rendered":"<p>Ant\u00edokus deyr. 1En \u00e1 \u00feeim sama t\u00edma bar svo til, a\u00f0 Ant\u00edokus kom aftur \u00far Pers\u00eduh\u00e9r\u00f6\u00f0um me\u00f0 \u00f3s\u00e6md.2\u00dev\u00ed hann haf\u00f0i brotist inn \u00ed Persepolis og reynt til a\u00f0 r\u00e6na musteri\u00f0 og kreppa a\u00f0 borginni. \u00dev\u00ed gj\u00f6r\u00f0i f\u00f3lki\u00f0 uppreist og greip til vopna; og \u00fea\u00f0 f\u00f3r svo, a\u00f0 Ant\u00edokus var unnin af innb\u00faunum, og var\u00f0 a\u00f0 fl\u00fdja til baka me\u00f0 h\u00e1\u00f0ung.3En sem hann var \u00ed Ekbatana, f\u00e9kk hann t\u00ed\u00f0indin um \u00fea\u00f0, hv\u00f6rnig komi\u00f0 var fyrir \u00feeim N\u00edkanor og T\u00edm\u00f3teus,4var\u00f0 hann \u00fe\u00e1 \u00e1kaflega rei\u00f0ur og \u00e6tla\u00f0i s\u00e9r a\u00f0 l\u00e1ta bitna \u00e1 Gy\u00f0ingum illvirki \u00feeirra, sem h\u00f6f\u00f0u reki\u00f0 hann \u00e1 fl\u00f3tta. \u00dev\u00ed bau\u00f0 <a href=\"https:\/\/biblian.is\/videy\/onnur-makkabeabok-9-kafli\/\"> [&#8230;]<\/a><\/p>\n","protected":false},"author":1,"featured_media":0,"parent":0,"menu_order":0,"comment_status":"open","ping_status":"open","template":"bibliukaflar.php","meta":{"footnotes":""},"class_list":["post-22179","page","type-page","status-publish","hentry"],"_links":{"self":[{"href":"https:\/\/biblian.is\/videy\/wp-json\/wp\/v2\/pages\/22179","targetHints":{"allow":["GET"]}}],"collection":[{"href":"https:\/\/biblian.is\/videy\/wp-json\/wp\/v2\/pages"}],"about":[{"href":"https:\/\/biblian.is\/videy\/wp-json\/wp\/v2\/types\/page"}],"author":[{"embeddable":true,"href":"https:\/\/biblian.is\/videy\/wp-json\/wp\/v2\/users\/1"}],"replies":[{"embeddable":true,"href":"https:\/\/biblian.is\/videy\/wp-json\/wp\/v2\/comments?post=22179"}],"version-history":[{"count":0,"href":"https:\/\/biblian.is\/videy\/wp-json\/wp\/v2\/pages\/22179\/revisions"}],"wp:attachment":[{"href":"https:\/\/biblian.is\/videy\/wp-json\/wp\/v2\/media?parent=22179"}],"curies":[{"name":"wp","href":"https:\/\/api.w.org\/{rel}","templated":true}]}}