{"id":22177,"date":"2018-01-02T01:05:57","date_gmt":"2018-01-02T01:05:57","guid":{"rendered":"http:\/\/biblian.is\/videy\/onnur-makkabeabok-7-kafli\/"},"modified":"2018-01-02T01:05:57","modified_gmt":"2018-01-02T01:05:57","slug":"onnur-makkabeabok-7-kafli","status":"publish","type":"page","link":"https:\/\/biblian.is\/videy\/onnur-makkabeabok-7-kafli\/","title":{"rendered":"\u00d6nnur Makkabeab\u00f3k 7. kafli"},"content":{"rendered":"<div class=\"fyrirsognVidey\">Um p\u00edslarv\u00e6tti konu nokkurar og hennar 7 sona.<\/div>\n<p><a name=\"1\"><span class=\"versanumer\">1<\/span><\/a>\u00dea\u00f0 ske\u00f0i og, a\u00f0 sj\u00f6 br\u00e6\u00f0ur teknir me\u00f0 m\u00f3\u00f0ur sinni, voru neyddir til a\u00f0 smakka \u00fea\u00f0 forbo\u00f0na sv\u00ednakj\u00f6t, af konunginum, og lamdir me\u00f0 svipum og \u00f3lum.<a name=\"2\"><span class=\"versanumer\">2<\/span><\/a>En einn af \u00feeim t\u00f3k til or\u00f0a og m\u00e6lti: hv\u00f6rs viltu \u00fe\u00e1 spyrja oss, og hva\u00f0 f\u00e1 af oss a\u00f0 vita? \u00fev\u00ed v\u00e9r erum \u00feess f\u00fasari a\u00f0 eyja en yfirtro\u00f0a l\u00f6g vorra fe\u00f0ra.<a name=\"3\"><span class=\"versanumer\">3<\/span><\/a>\u00de\u00e1 reiddist k\u00f3ngurinn og bau\u00f0 a\u00f0 gj\u00f6ra gl\u00f3andi p\u00f6nnurnar og katlana.<a name=\"4\"><span class=\"versanumer\">4<\/span><\/a>Og sem \u00feeir voru or\u00f0nir gl\u00f3andi, skipa\u00f0i hann, a\u00f0 skera strax tunguna \u00far \u00feeim, sem haf\u00f0i tala\u00f0, og fl\u00e1 af honum h\u00fa\u00f0ina, og h\u00f6ggva af honum h\u00f6fu\u00f0i\u00f0 og limina, svo a\u00f0 hinir br\u00e6\u00f0urnir og m\u00f3\u00f0irin s\u00e6ju.<a name=\"5\"><span class=\"versanumer\">5<\/span><\/a>Sem b\u00fai\u00f0 var n\u00fa a\u00f0 h\u00f6ggva af honum limina, bau\u00f0 <span class='VideyAth'>(k\u00f3ngurinn)<\/span> a\u00f0 bera hann lifandi \u00e1 eldinn og sj\u00f3\u00f0a hann. Og sem gufuna \u00far katlinum lag\u00f0i um kring, eggju\u00f0u \u00feeir <span class='VideyAth'>(br\u00e6\u00f0ur)<\/span> hv\u00f6r annan, me\u00f0 m\u00f3\u00f0irinni, a\u00f0 deyja me\u00f0 hugpr\u00fd\u00f0i, og s\u00f6g\u00f0u:<a name=\"6\"><span class=\"versanumer\">6<\/span><\/a>Gu\u00f0 Drottinn s\u00e9r \u00fea\u00f0 og miskunnar oss vissulega, eins og M\u00f3ses hefir berlega kunngj\u00f6rt \u00ed s\u00ednum lj\u00f3\u00f0um, \u00fear, sem hann segir: Gu\u00f0 mun miskunna s\u00ednum \u00fej\u00f3num.<br \/><a name=\"7\"><span class=\"versanumer\">7<\/span><\/a>\u00deegar s\u00e1 fyrsti var n\u00fa anda\u00f0ur \u00e1 \u00feennan h\u00e1tt, leiddu \u00feeir hin annan til pyntinganna; og sem menn h\u00f6f\u00f0u dregi\u00f0 h\u00fa\u00f0 me\u00f0 h\u00e1ri af l\u00edkamanum, spur\u00f0u \u00feeir hann:<a name=\"8\"><span class=\"versanumer\">8<\/span><\/a>Viltu n\u00fa eta \u00e1\u00f0ur en v\u00e9r pyntum \u00feinn l\u00edkama lim fyrir lim? En hann svara\u00f0i \u00e1 tungu sinna fe\u00f0ra og sag\u00f0i: nei! hv\u00f6rsvegna hann var pynta\u00f0ur sem s\u00e1 fyrsti.<a name=\"9\"><span class=\"versanumer\">9<\/span><\/a>En \u00ed \u00feeim seinustu andaslitrum m\u00e6lti hann: \u00fe\u00fa vitstola ma\u00f0ur! \u00fe\u00fa sviptir oss a\u00f0 s\u00f6nnu \u00feessu l\u00edfi, en konungur heimsins, mun vekja oss sem deyjum fyrir hans l\u00f6gm\u00e1l, til eil\u00edfrar endurl\u00edfgunar. <br \/><a name=\"10\"><span class=\"versanumer\">10<\/span><\/a>Eftir \u00feennan var s\u00e1 \u00feri\u00f0ji h\u00e1\u00f0uglega leikinn, og \u00fe\u00e1 menn heimtu hans tungu, rak hann hana strax \u00fat \u00far s\u00e9r, r\u00e9tti \u00fat h\u00f6ndina einar\u00f0lega,<a name=\"11\"><span class=\"versanumer\">11<\/span><\/a>og m\u00e6lti me\u00f0 hugpr\u00fd\u00f0i: fr\u00e1 himni hefi eg \u00feessa fengi\u00f0, og sakir hans l\u00f6gm\u00e1ls gef eg hana, og vona a\u00f0 f\u00e1 hana aftur hj\u00e1 honum.<a name=\"12\"><span class=\"versanumer\">12<\/span><\/a>Svo a\u00f0 k\u00f3nginn og hans menn fur\u00f0a\u00f0i \u00e1 unglingsins hug, hv\u00f6rsu hann mat kv\u00f6lina einkis. <br \/><a name=\"13\"><span class=\"versanumer\">13<\/span><\/a>Og sem \u00feessi haf\u00f0i upp gefi\u00f0 andann, p\u00edndu og kv\u00f6ldu \u00feeir \u00feann fj\u00f3r\u00f0a, \u00e1 sama h\u00e1tt.<a name=\"14\"><span class=\"versanumer\">14<\/span><\/a>Og sem hann var kominn a\u00f0 dau\u00f0a, m\u00e6lti hann: \u00fea\u00f0 er \u00e6skilegt, \u00fe\u00e1 ma\u00f0ur er deyddur af m\u00f6nnum, a\u00f0 hafa \u00fe\u00e1 von til Gu\u00f0s, a\u00f0 ver\u00f0a af honum uppvakinn til l\u00edfsins. <br \/><a name=\"15\"><span class=\"versanumer\">15<\/span><\/a>Eftir \u00feetta leiddu \u00feeir fram \u00feann fimmta og p\u00edndu hann.<a name=\"16\"><span class=\"versanumer\">16<\/span><\/a>\u00deessi leit upp \u00e1 <span class='VideyAth'>(k\u00f3nginn)<\/span> og m\u00e6lti svo: af \u00fev\u00ed \u00fe\u00fa ert voldugur me\u00f0al mannanna, en \u00fe\u00f3tt \u00fe\u00fa s\u00e9rt dau\u00f0legur, gj\u00f6rir \u00fe\u00fa hva\u00f0 \u00fe\u00fa villt; en hugsa \u00fe\u00fa ekki a\u00f0 vort f\u00f3lk s\u00e9 af Gu\u00f0i yfirgefi\u00f0.<a name=\"17\"><span class=\"versanumer\">17<\/span><\/a>B\u00ed\u00f0 a\u00f0eins, \u00fe\u00e1 muntu f\u00e1 a\u00f0 reyna hans mikla m\u00e1tt, hv\u00f6rsu hann mun refsa \u00fe\u00e9r og \u00feinni \u00e6tt. <br \/><a name=\"18\"><span class=\"versanumer\">18<\/span><\/a>Eftir \u00feennan leiddu \u00feeir fram hinn sj\u00f6tta, og \u00fe\u00e1 hann var a\u00f0 dau\u00f0a kominn, m\u00e6lti hann: drag ei sj\u00e1lfan \u00feig \u00e1 t\u00e1lar til einkis! v\u00e9r \u00feolum \u00feetta fyrir eigin s\u00f6k, \u00fear e\u00f0 v\u00e9r h\u00f6fum syndga\u00f0 m\u00f3ti Gu\u00f0i vorum, og \u00fev\u00ed eru undur <span class='VideyAth'>(\u00feessi)<\/span> sken.<a name=\"19\"><span class=\"versanumer\">19<\/span><\/a>En \u00e6tlast \u00fe\u00fa ekki til a\u00f0 \u00fe\u00fa ver\u00f0ir \u00f3hegndur, \u00fear e\u00f0 \u00fe\u00fa hefir dirfst a\u00f0 str\u00ed\u00f0a gegn Gu\u00f0i. <br \/><a name=\"20\"><span class=\"versanumer\">20<\/span><\/a>En yfirh\u00f6fu\u00f0 var m\u00f3\u00f0irin a\u00f0d\u00e1anlegust, og \u00feess makleg, a\u00f0 hennar s\u00e9 geti\u00f0 me\u00f0 hr\u00f3si, sem s\u00e1 s\u00edna sj\u00f6 syni l\u00edfl\u00e1tna \u00e1 einum degi og \u00feoldi \u00fea\u00f0 me\u00f0 hugpr\u00fd\u00f0i, af voninni til Drottins.<a name=\"21\"><span class=\"versanumer\">21<\/span><\/a>Hv\u00f6rn og einn af \u00feeim \u00e1minnti h\u00fan, full e\u00f0allyndis, \u00ed fe\u00f0ranna tungum\u00e1li, og hressti kvenmannssinni\u00f0 me\u00f0 karlmannshug, og sag\u00f0i vi\u00f0 \u00fe\u00e1:<a name=\"22\"><span class=\"versanumer\">22<\/span><\/a>Ekki veit eg hv\u00f6rnig \u00fe\u00e9r eru\u00f0 til or\u00f0nir \u00ed m\u00ednum kvi\u00f0i, ekki hefi eg heldur gefi\u00f0 y\u00f0ur andardr\u00e1tt og l\u00edf, ekki hefi eg afm\u00e6lt frumefni hv\u00f6rs y\u00f0ar.<a name=\"23\"><span class=\"versanumer\">23<\/span><\/a>\u00dev\u00ed mun heimsins skapari, sem mynda\u00f0 hefir manninn, og upphugsa\u00f0 sk\u00f6pun allra hluta, gefa y\u00f0ur aftur miskunnsamlega andardr\u00e1tt og l\u00edf, \u00feegar \u00fe\u00e9r framselji\u00f0 y\u00f0ur n\u00fa, sakir hans l\u00f6gm\u00e1ls. <br \/><a name=\"24\"><span class=\"versanumer\">24<\/span><\/a>En Antiokus, sem h\u00e9lt veri\u00f0 v\u00e6ri a\u00f0 gj\u00f6ra gys a\u00f0 s\u00e9r, og \u00e6tla\u00f0i a\u00f0 tali\u00f0 <span class='VideyAth'>(konunnar)<\/span> v\u00e6ri spott, taldi um fyrir \u00feeim yngsta, sem enn var eftir, ei a\u00f0eins me\u00f0 or\u00f0um, heldur s\u00f3r honum d\u00fdrann ei\u00f0, a\u00f0 hann skyldi gj\u00f6ra hann r\u00edkan og s\u00e6lan, ef hann seg\u00f0i sig undan l\u00f6gm\u00e1lum fe\u00f0ranna; og skyldi hafa hann fyrir vin, og tr\u00faa honum fyrir emb\u00e6ttum.<a name=\"25\"><span class=\"versanumer\">25<\/span><\/a>En sem unglingurinn gaf \u00feessu engan gaum, kalla\u00f0i konungurinn m\u00f3\u00f0urina, og \u00e1minnti hana a\u00f0 r\u00e1\u00f0a drengnum heilt.<a name=\"26\"><span class=\"versanumer\">26<\/span><\/a>\u00de\u00e1 hann haf\u00f0i n\u00fa lengi tala\u00f0 um fyrir henni, t\u00f3kst h\u00fan \u00e1 hendur a\u00f0 yfirtala soninn.<a name=\"27\"><span class=\"versanumer\">27<\/span><\/a>H\u00fan laut ni\u00f0ur a\u00f0 honum, og m\u00e6lti, \u00ed \u00fev\u00ed h\u00fan gj\u00f6r\u00f0i gys a\u00f0 \u00feeim grimma har\u00f0stj\u00f3ra, \u00e1 tungu fe\u00f0ranna: Sonur! aumkastu yfir mig, sem bar \u00feig n\u00edu m\u00e1nu\u00f0i undir hjartanu, og haf\u00f0i \u00feig \u00ferj\u00fa \u00e1r \u00e1 brj\u00f3sti, og hefi n\u00e6rt \u00feig og uppali\u00f0 til \u00feessa aldurs, og um \u00feig hirt.<a name=\"28\"><span class=\"versanumer\">28<\/span><\/a>Eg bi\u00f0 \u00feig, barn, horf\u00f0u upp \u00ed himininn og \u00e1 j\u00f6r\u00f0ina og \u00e1 allt sem \u00ed \u00feeim er a\u00f0 sj\u00e1 og \u00feekkja, <span class='VideyAth'>(og vit)<\/span> a\u00f0 Gu\u00f0 hefir gj\u00f6rt \u00feetta af engu, og a\u00f0 mannkyni\u00f0 er eins til or\u00f0i\u00f0.<a name=\"29\"><span class=\"versanumer\">29<\/span><\/a>Vertu ekki hr\u00e6ddur vi\u00f0 \u00feennan b\u00f6\u00f0ul, heldur s\u00fdn \u00feig ver\u00f0ugan \u00fe\u00ednum br\u00e6\u00f0rum og \u00feol \u00fe\u00fa dau\u00f0ann, svo eg fyrir Gu\u00f0s n\u00e1\u00f0 finni \u00feig aftur, me\u00f0 \u00fe\u00ednum br\u00e6\u00f0rum. <br \/><a name=\"30\"><span class=\"versanumer\">30<\/span><\/a>Me\u00f0an h\u00fan var enn a\u00f0 tala, sag\u00f0i ungmenni\u00f0: hv\u00f6rs b\u00ed\u00f0i\u00f0 \u00fe\u00e9r? eg hl\u00fd\u00f0i ei k\u00f3ngs bo\u00f0inu, heldur hl\u00fd\u00f0nast eg bo\u00f0i l\u00f6gm\u00e1lsins sem vorum fe\u00f0rum var gefi\u00f0, fyrir M\u00f3ses.<a name=\"31\"><span class=\"versanumer\">31<\/span><\/a>En \u00fe\u00fa sem ert or\u00f0inn frumkv\u00f6\u00f0ull alls ills vi\u00f0 hebreska, \u00fe\u00fa munt ei umfl\u00fdja Gu\u00f0s hendur.<a name=\"32\"><span class=\"versanumer\">32<\/span><\/a>\u00dev\u00ed v\u00e9r \u00feolum illt sakir vorra synda.<a name=\"33\"><span class=\"versanumer\">33<\/span><\/a>En \u00fe\u00f3 a\u00f0 s\u00e1 lifandi Drottinn rei\u00f0ist oss um stuttan t\u00edma, til a\u00f0 refsa oss og aga, svo mun hann l\u00edka s\u00e6ttast aftur vi\u00f0 s\u00edna \u00fej\u00f3na.<a name=\"34\"><span class=\"versanumer\">34<\/span><\/a>En \u00fe\u00fa gu\u00f0lausi ma\u00f0ur, og allra manna afhrak, hroka \u00fe\u00e9r ei til \u00f3n\u00fdtis, \u00e6tlandi upp \u00e1 f\u00e1n\u00fdta von, \u00fe\u00e1 \u00fe\u00fa lyftir upp \u00feinni hendi m\u00f3ti hans \u00fej\u00f3num.<a name=\"35\"><span class=\"versanumer\">35<\/span><\/a>\u00dev\u00ed enn hefir \u00fe\u00fa ei sloppi\u00f0 undan hegning \u00feess alm\u00e1ttuga og alskyggna Gu\u00f0s.<a name=\"36\"><span class=\"versanumer\">36<\/span><\/a>Vorir br\u00e6\u00f0ur hafa n\u00fa \u00feola\u00f0 stutta kv\u00f6l og eru \u00ed s\u00e1ttm\u00e1la Gu\u00f0s komnir til eil\u00edfs l\u00edfs; en \u00fe\u00fa munt fyrir Gu\u00f0s d\u00f3m me\u00f0taka makleg laun fyrir \u00feinn ofmetna\u00f0.<a name=\"37\"><span class=\"versanumer\">37<\/span><\/a>Eg, eins og br\u00e6\u00f0ur m\u00ednir, gef \u00fat l\u00edkama og s\u00e1l fyrir fe\u00f0ranna l\u00f6gm\u00e1l, og bi\u00f0 Gu\u00f0, a\u00f0 hann skj\u00f3tt ver\u00f0i n\u00e1\u00f0ugur s\u00ednu f\u00f3lki, og a\u00f0 \u00fe\u00fa hlj\u00f3tir a\u00f0 vi\u00f0urkenna, undir kv\u00f6lum og pyntingum, a\u00f0 hann s\u00e9 s\u00e1 eini Gu\u00f0,<a name=\"38\"><span class=\"versanumer\">38<\/span><\/a>en a\u00f0 rei\u00f0i hins alm\u00e1ttuga, sem maklega er komin yfir allt vort f\u00f3lk, st\u00f6\u00f0vist hj\u00e1 m\u00e9r og m\u00ednum br\u00e6\u00f0rum.<a name=\"39\"><span class=\"versanumer\">39<\/span><\/a>K\u00f3ngurinn or\u00f0inn \u00f3\u00f0ur, f\u00f3r enn verr me\u00f0 \u00feennan, en hina a\u00f0ra, \u00fev\u00ed af spottinu var\u00f0 hann enn heiftugri.<a name=\"40\"><span class=\"versanumer\">40<\/span><\/a>Og svo uppgaf \u00feessi saklausi <span class='VideyAth'>(unglingur)<\/span> andann \u00ed fullu trausti til Gu\u00f0s.<a name=\"41\"><span class=\"versanumer\">41<\/span><\/a>Seinast eftir sonuna d\u00f3 l\u00edka m\u00f3\u00f0irin.<a name=\"42\"><span class=\"versanumer\">42<\/span><\/a>\u00deetta s\u00e9 n\u00f3g sagt um bl\u00f3tin og \u00fe\u00e6r \u00f3venjulegu pyntingar.<\/p>\n<div class=\"footnoteVidey\"><\/div>\n","protected":false},"excerpt":{"rendered":"<p>Um p\u00edslarv\u00e6tti konu nokkurar og hennar 7 sona. 1\u00dea\u00f0 ske\u00f0i og, a\u00f0 sj\u00f6 br\u00e6\u00f0ur teknir me\u00f0 m\u00f3\u00f0ur sinni, voru neyddir til a\u00f0 smakka \u00fea\u00f0 forbo\u00f0na sv\u00ednakj\u00f6t, af konunginum, og lamdir me\u00f0 svipum og \u00f3lum.2En einn af \u00feeim t\u00f3k til or\u00f0a og m\u00e6lti: hv\u00f6rs viltu \u00fe\u00e1 spyrja oss, og hva\u00f0 f\u00e1 af oss a\u00f0 vita? \u00fev\u00ed v\u00e9r erum \u00feess f\u00fasari a\u00f0 eyja en yfirtro\u00f0a l\u00f6g vorra fe\u00f0ra.3\u00de\u00e1 reiddist k\u00f3ngurinn og bau\u00f0 a\u00f0 gj\u00f6ra gl\u00f3andi p\u00f6nnurnar og katlana.4Og sem \u00feeir voru or\u00f0nir gl\u00f3andi, skipa\u00f0i hann, a\u00f0 skera strax tunguna \u00far \u00feeim, sem haf\u00f0i tala\u00f0, og fl\u00e1 af honum h\u00fa\u00f0ina, og h\u00f6ggva af <a href=\"https:\/\/biblian.is\/videy\/onnur-makkabeabok-7-kafli\/\"> [&#8230;]<\/a><\/p>\n","protected":false},"author":1,"featured_media":0,"parent":0,"menu_order":0,"comment_status":"open","ping_status":"open","template":"bibliukaflar.php","meta":{"footnotes":""},"class_list":["post-22177","page","type-page","status-publish","hentry"],"_links":{"self":[{"href":"https:\/\/biblian.is\/videy\/wp-json\/wp\/v2\/pages\/22177","targetHints":{"allow":["GET"]}}],"collection":[{"href":"https:\/\/biblian.is\/videy\/wp-json\/wp\/v2\/pages"}],"about":[{"href":"https:\/\/biblian.is\/videy\/wp-json\/wp\/v2\/types\/page"}],"author":[{"embeddable":true,"href":"https:\/\/biblian.is\/videy\/wp-json\/wp\/v2\/users\/1"}],"replies":[{"embeddable":true,"href":"https:\/\/biblian.is\/videy\/wp-json\/wp\/v2\/comments?post=22177"}],"version-history":[{"count":0,"href":"https:\/\/biblian.is\/videy\/wp-json\/wp\/v2\/pages\/22177\/revisions"}],"wp:attachment":[{"href":"https:\/\/biblian.is\/videy\/wp-json\/wp\/v2\/media?parent=22177"}],"curies":[{"name":"wp","href":"https:\/\/api.w.org\/{rel}","templated":true}]}}