{"id":22170,"date":"2018-01-02T01:05:57","date_gmt":"2018-01-02T01:05:57","guid":{"rendered":"http:\/\/biblian.is\/videy\/fyrsta-makkabeabok-16-kafli\/"},"modified":"2018-01-02T01:05:57","modified_gmt":"2018-01-02T01:05:57","slug":"fyrsta-makkabeabok-16-kafli","status":"publish","type":"page","link":"https:\/\/biblian.is\/videy\/fyrsta-makkabeabok-16-kafli\/","title":{"rendered":"Fyrsta Makkabeab\u00f3k 16. kafli"},"content":{"rendered":"<div class=\"fyrirsognVidey\">J\u00fadas og J\u00f3hannes S\u00edmonarsynir berjast vi\u00f0 Kendebeus; S\u00edmon og synir hans Mattat\u00edas og J\u00fadas vegnir.<\/div>\n<p><a name=\"1\"><span class=\"versanumer\">1<\/span><\/a>J\u00f3hannes f\u00f3r n\u00fa fr\u00e1 Gasara og kunngj\u00f6r\u00f0i S\u00edmon f\u00f6\u00f0ur s\u00ednum hva\u00f0 Kendebeus haf\u00f0i a\u00f0hafst.<a name=\"2\"><span class=\"versanumer\">2<\/span><\/a>\u00de\u00e1 kalla\u00f0i S\u00edmon \u00e1 tvo elstu sonu s\u00edna, J\u00fadas og J\u00f3hannes, og sag\u00f0i vi\u00f0 \u00fe\u00e1: eg, og br\u00e6\u00f0ur m\u00ednir og \u00e6tt f\u00f6\u00f0ur m\u00edns h\u00f6fum barist vi\u00f0 \u00cdsraels \u00f3vini, fr\u00e1 \u00e6skuskei\u00f0i, og allt til \u00feessa dags, og \u00fea\u00f0 hefir au\u00f0nast fyrir vora h\u00f6nd, a\u00f0 frelsa \u00cdsrael oftar enn einu sinni.<a name=\"3\"><span class=\"versanumer\">3<\/span><\/a>En n\u00fa em eg or\u00f0inn aldra\u00f0ur, en \u00fei\u00f0 eru\u00f0, fyrir Gu\u00f0s n\u00e1\u00f0, or\u00f0nir full\u00feroska a\u00f0 aldri; gangi\u00f0 n\u00fa \u00ed minn sta\u00f0, og br\u00f3\u00f0ur m\u00edns, og taki\u00f0 ykkur til, og berjist fyrir \u00fej\u00f3\u00f0 vora, en hj\u00e1lp af himnum veri me\u00f0 y\u00f0ur!<a name=\"4\"><span class=\"versanumer\">4<\/span><\/a>S\u00ed\u00f0an valdi hann \u00far landinu tuttugu \u00fe\u00fasundir hermanna og riddara, f\u00f3ru \u00feeir m\u00f3ti Kendebeusi, og h\u00f6f\u00f0u n\u00e1ttsta\u00f0 \u00ed M\u00f3din.<a name=\"5\"><span class=\"versanumer\">5<\/span><\/a>En um morguninn t\u00f3ku \u00feeir sig upp og f\u00f3ru \u00e1 sl\u00e9ttlendi\u00f0, og sj\u00e1! \u00fe\u00e1 kom miki\u00f0 f\u00f3tg\u00f6nguli\u00f0 m\u00f3ti \u00feeim, og riddarar, en vatnsfall var mitt \u00e1 milli \u00feeirra. <br \/><a name=\"6\"><span class=\"versanumer\">6<\/span><\/a>\u00dear setti hann <span class='VideyAth'>(J\u00f3hannes)<\/span> og li\u00f0 hans herb\u00fa\u00f0ir gegnt \u00feeim; s\u00e1 hann a\u00f0 f\u00f3lki\u00f0 var ragt a\u00f0 fara yfir um vatnsfalli\u00f0, f\u00f3r hann \u00fev\u00ed fyrstur yfir um, en er str\u00ed\u00f0smennirnir s\u00e1u til hans, f\u00f3ru \u00feeir yfir um \u00e1 eftir honum.<a name=\"7\"><span class=\"versanumer\">7<\/span><\/a>Hann skipti li\u00f0inu, og l\u00e9t riddarana vera milli f\u00f3tg\u00f6nguli\u00f0sins, en riddarali\u00f0 \u00f3vinanna var afar miki\u00f0.<a name=\"8\"><span class=\"versanumer\">8<\/span><\/a>\u00deeir bl\u00e9su \u00fe\u00e1 \u00ed ena helgu l\u00fa\u00f0ra, lag\u00f0i Kendebeus \u00e1 fl\u00f3tta, og li\u00f0 hans, og f\u00e9llu margir af \u00feeim s\u00e6r\u00f0ir, en \u00feeir sem afkomust fl\u00fa\u00f0u inn \u00ed v\u00edgi\u00f0.<a name=\"9\"><span class=\"versanumer\">9<\/span><\/a>\u00de\u00e1 var J\u00fadas, br\u00f3\u00f0ir J\u00f3hannesar, s\u00e6r\u00f0ur, en J\u00f3hannes rak fl\u00f3ttann, \u00feanga\u00f0 til hann kom a\u00f0 Kedron er hann haf\u00f0i byggt.<a name=\"10\"><span class=\"versanumer\">10<\/span><\/a>Og \u00feeir fl\u00fd\u00f0u \u00ed turnana sem v\u00f3ru \u00e1 Asdods \u00f6krum, en hann <span class='VideyAth'>(J\u00f3hannes)<\/span> brenndi borgina \u00ed eldi, og f\u00e9llu af \u00feeim vi\u00f0 tv\u00f6 \u00fe\u00fasund manns, s\u00ed\u00f0an f\u00f3r hann aftur heim \u00ed J\u00fadeuland me\u00f0 fri\u00f0i. <br \/><a name=\"11\"><span class=\"versanumer\">11<\/span><\/a>T\u00f3l\u00f3meus Ab\u00fabsson haf\u00f0i veri\u00f0 settur h\u00f6fu\u00f0sma\u00f0ur yfir Jerik\u00f3sv\u00f6llu, hann var au\u00f0ugur af silfri og gulli,<a name=\"12\"><span class=\"versanumer\">12<\/span><\/a>\u00fev\u00ed hann var tengdasonur \u00e6\u00f0sta prestsins.<a name=\"13\"><span class=\"versanumer\">13<\/span><\/a>Hann ofmetna\u00f0ist \u00ed hjarta, og vildi leggja landi\u00f0 undir sig, og brugga\u00f0i svik gegn S\u00edmoni og sonum hans, til a\u00f0 drepa \u00fe\u00e1.<a name=\"14\"><span class=\"versanumer\">14<\/span><\/a>En S\u00edmon f\u00f3r um borgirnar \u00ed landinu, og \u00f3l jafnan \u00f6nn fyrir \u00feeim; kom hann til Jer\u00edk\u00f3, og Mattat\u00edas og J\u00fadas synir \u00e1ri\u00f0 177 \u00ed ellefta m\u00e1nu\u00f0inum, \u00fea\u00f0 er m\u00e1nu\u00f0urinn sabat.<a name=\"15\"><span class=\"versanumer\">15<\/span><\/a>Ab\u00fabsson t\u00f3k \u00e1 m\u00f3ti \u00feeim \u00ed litla kastalann sem kalla\u00f0ur er D\u00f3k, er hann haf\u00f0i byggt; v\u00f3ru svik \u00ed tafli; hann h\u00e9lt \u00feeim st\u00f3ra drykkjuveislu, en haf\u00f0i fali\u00f0 \u00fear <span class='VideyAth'>(str\u00ed\u00f0s)<\/span>menn.<a name=\"16\"><span class=\"versanumer\">16<\/span><\/a>\u00deegar S\u00edmon og synir hans v\u00f3ru or\u00f0nir drukknir, reis T\u00f3l\u00f3meus upp og menn hans, t\u00f3ku vopn s\u00edn, og \u00f3\u00f0u a\u00f0 S\u00edmoni inn \u00ed drykkju stofuna, dr\u00e1pu hann og b\u00e1\u00f0a syni hans, og nokkra af \u00fej\u00f3num hans.<a name=\"17\"><span class=\"versanumer\">17<\/span><\/a>S\u00fdndi hann mikinn \u00f3drengskap, og endurgalt gott me\u00f0 illu.<a name=\"18\"><span class=\"versanumer\">18<\/span><\/a>T\u00f3l\u00f3meus skrifa\u00f0i \u00feetta, og sendi til k\u00f3ngsins, ba\u00f0 hann um hj\u00e1lpar li\u00f0, og a\u00f0 l\u00e1ta sig f\u00e1 land \u00feeirra og borgir.<a name=\"19\"><span class=\"versanumer\">19<\/span><\/a>A\u00f0ra menn sendi hann til Gasara, til a\u00f0 drepa J\u00f3hannes, og skrifa\u00f0i \u00fe\u00fasundsh\u00f6f\u00f0ingjunum til, a\u00f0 \u00feeir k\u00e6mi til s\u00edn, skyldi hann gefa \u00feeim silfur og gull og gjafir.<a name=\"20\"><span class=\"versanumer\">20<\/span><\/a>Og a\u00f0ra menn sendi hann til a\u00f0 taka Jer\u00fasalem og musterisfjalli\u00f0.<a name=\"21\"><span class=\"versanumer\">21<\/span><\/a>\u00de\u00e1 hlj\u00f3p einhv\u00f6r \u00e1 undan til Gasara, og sag\u00f0i J\u00f3hannesi fr\u00e1 a\u00f0 fa\u00f0ir hans v\u00e6ri veginn og br\u00e6\u00f0ur hans; og hann hefir einnig sent til a\u00f0 drepa \u00feig.<a name=\"22\"><span class=\"versanumer\">22<\/span><\/a>\u00deegar hann heyr\u00f0i \u00fea\u00f0, skelfdist hann mj\u00f6g; og hann l\u00e9t handtaka mennina, sem \u00e6tlu\u00f0u a\u00f0 myr\u00f0a hann, og drepa \u00fe\u00e1, \u00fev\u00ed hann vissi, a\u00f0 \u00feeir s\u00e1tu um l\u00edf hans. <br \/><a name=\"23\"><span class=\"versanumer\">23<\/span><\/a>Hin \u00f6nnur saga um J\u00f3hannes, og orrustur hans, og afreksverk sem hann vann, og v\u00edggir\u00f0ingabyggingar hans, og athafnir,<a name=\"24\"><span class=\"versanumer\">24<\/span><\/a>sj\u00e1, \u00feetta er skr\u00e1\u00f0 \u00ed \u00e1rb\u00f3kinni um hans \u00e6\u00f0staprestsskap, fr\u00e1 \u00fev\u00ed hann var\u00f0 \u00e6\u00f0sti prestur eftir f\u00f6\u00f0ur sinn.<\/p>\n<div class=\"footnoteVidey\"><\/div>\n","protected":false},"excerpt":{"rendered":"<p>J\u00fadas og J\u00f3hannes S\u00edmonarsynir berjast vi\u00f0 Kendebeus; S\u00edmon og synir hans Mattat\u00edas og J\u00fadas vegnir. 1J\u00f3hannes f\u00f3r n\u00fa fr\u00e1 Gasara og kunngj\u00f6r\u00f0i S\u00edmon f\u00f6\u00f0ur s\u00ednum hva\u00f0 Kendebeus haf\u00f0i a\u00f0hafst.2\u00de\u00e1 kalla\u00f0i S\u00edmon \u00e1 tvo elstu sonu s\u00edna, J\u00fadas og J\u00f3hannes, og sag\u00f0i vi\u00f0 \u00fe\u00e1: eg, og br\u00e6\u00f0ur m\u00ednir og \u00e6tt f\u00f6\u00f0ur m\u00edns h\u00f6fum barist vi\u00f0 \u00cdsraels \u00f3vini, fr\u00e1 \u00e6skuskei\u00f0i, og allt til \u00feessa dags, og \u00fea\u00f0 hefir au\u00f0nast fyrir vora h\u00f6nd, a\u00f0 frelsa \u00cdsrael oftar enn einu sinni.3En n\u00fa em eg or\u00f0inn aldra\u00f0ur, en \u00fei\u00f0 eru\u00f0, fyrir Gu\u00f0s n\u00e1\u00f0, or\u00f0nir full\u00feroska a\u00f0 aldri; gangi\u00f0 n\u00fa \u00ed minn sta\u00f0, og br\u00f3\u00f0ur m\u00edns, <a href=\"https:\/\/biblian.is\/videy\/fyrsta-makkabeabok-16-kafli\/\"> [&#8230;]<\/a><\/p>\n","protected":false},"author":1,"featured_media":0,"parent":0,"menu_order":0,"comment_status":"open","ping_status":"open","template":"bibliukaflar.php","meta":{"footnotes":""},"class_list":["post-22170","page","type-page","status-publish","hentry"],"_links":{"self":[{"href":"https:\/\/biblian.is\/videy\/wp-json\/wp\/v2\/pages\/22170","targetHints":{"allow":["GET"]}}],"collection":[{"href":"https:\/\/biblian.is\/videy\/wp-json\/wp\/v2\/pages"}],"about":[{"href":"https:\/\/biblian.is\/videy\/wp-json\/wp\/v2\/types\/page"}],"author":[{"embeddable":true,"href":"https:\/\/biblian.is\/videy\/wp-json\/wp\/v2\/users\/1"}],"replies":[{"embeddable":true,"href":"https:\/\/biblian.is\/videy\/wp-json\/wp\/v2\/comments?post=22170"}],"version-history":[{"count":0,"href":"https:\/\/biblian.is\/videy\/wp-json\/wp\/v2\/pages\/22170\/revisions"}],"wp:attachment":[{"href":"https:\/\/biblian.is\/videy\/wp-json\/wp\/v2\/media?parent=22170"}],"curies":[{"name":"wp","href":"https:\/\/api.w.org\/{rel}","templated":true}]}}