{"id":22169,"date":"2018-01-02T01:05:51","date_gmt":"2018-01-02T01:05:51","guid":{"rendered":"http:\/\/biblian.is\/videy\/fyrsta-makkabeabok-15-kafli\/"},"modified":"2018-01-02T01:05:51","modified_gmt":"2018-01-02T01:05:51","slug":"fyrsta-makkabeabok-15-kafli","status":"publish","type":"page","link":"https:\/\/biblian.is\/videy\/fyrsta-makkabeabok-15-kafli\/","title":{"rendered":"Fyrsta Makkabeab\u00f3k 15. kafli"},"content":{"rendered":"<div class=\"fyrirsognVidey\">Ant\u00edokus Demetr\u00edusarson kemst til r\u00edkis, \u00fer\u00f6ngvar Tryfoni, gj\u00f6rir S\u00edmoni afarkosti.<\/div>\n<p><a name=\"1\"><span class=\"versanumer\">1<\/span><\/a>Ant\u00edokus sonur Demetr\u00edusar konungs skrifa\u00f0i sendibr\u00e9f fr\u00e1 eyjunum \u00ed hafinu til S\u00edmonar prests og \u00fej\u00f3\u00f0h\u00f6f\u00f0ingja Gy\u00f0inga, og til allrar \u00fej\u00f3\u00f0arinnar.<a name=\"2\"><span class=\"versanumer\">2<\/span><\/a>V\u00f3ru br\u00e9fin skr\u00e1\u00f0 \u00e1 \u00feessa lei\u00f0. \u201eAnt\u00edokus konungur heilsar S\u00edmoni \u00e6\u00f0sta presti og \u00fej\u00f3\u00f0h\u00f6f\u00f0ingja, og Gy\u00f0ingal\u00fd\u00f0!<a name=\"3\"><span class=\"versanumer\">3<\/span><\/a>Me\u00f0 \u00fev\u00ed vondir menn hafa teki\u00f0 undir sig r\u00edki fe\u00f0ra vorra, og eg vil n\u00e1 r\u00edkinu aftur, til a\u00f0 koma \u00fev\u00ed \u00ed sama lag og \u00e1\u00f0ur var, og hefi safna\u00f0 fj\u00f6lda li\u00f0s, og \u00fatb\u00fai\u00f0 herskip;<a name=\"4\"><span class=\"versanumer\">4<\/span><\/a>og \u00e6tla a\u00f0 fara yfir landi\u00f0 til a\u00f0 finna \u00fe\u00e1, sem hafa gj\u00f6rt ska\u00f0a \u00ed landi v\u00f3ru, og \u00fe\u00e1, sem ey\u00f0ilagt hafa margar borgir \u00ed r\u00edkinu:<a name=\"5\"><span class=\"versanumer\">5<\/span><\/a>\u00dear fyrir sta\u00f0festi eg n\u00fa \u00fe\u00e9r til handa \u00f6ll \u00feau l\u00e9ni, sem konungarnir \u00e1 undan m\u00e9r hafa veitt \u00fe\u00e9r, og allar \u00fe\u00e6r gjafir <span class='VideyAth'>(kva\u00f0ir)<\/span> sem \u00feeir g\u00e1fu \u00fe\u00e9r eftir.<a name=\"6\"><span class=\"versanumer\">6<\/span><\/a>Og eg gef \u00fe\u00e9r leyfi til a\u00f0 l\u00e1ta b\u00faa til eigin mynt handa \u00fe\u00ednu landi;<a name=\"7\"><span class=\"versanumer\">7<\/span><\/a>en Jer\u00fasalem og helgid\u00f3murinn skal vera fr\u00ed, og \u00fe\u00fa skalt mega halda \u00f6llum herb\u00fana\u00f0i, sem \u00fe\u00fa hefir afla\u00f0, og v\u00edggir\u00f0ingunum, sem \u00fe\u00fa hefir byggt, og r\u00e6\u00f0ur yfir.<a name=\"8\"><span class=\"versanumer\">8<\/span><\/a>Og allar konungsskyldur, og konungstekjur h\u00e9r eftir, s\u00e9u \u00fe\u00e9r eftirgefnar, fr\u00e1 \u00fev\u00ed n\u00fa er, og um alla \u00f3komna t\u00ed\u00f0.<a name=\"9\"><span class=\"versanumer\">9<\/span><\/a>En er v\u00e9r h\u00f6fum n\u00e1\u00f0 r\u00edki voru, skulum v\u00e9r s\u00e6ma \u00feig, og \u00fej\u00f3\u00f0 \u00fe\u00edna og musteri\u00f0 miklum hei\u00f0ri, svo a\u00f0 d\u00fdr\u00f0 y\u00f0ar ver\u00f0i auglj\u00f3s \u00ed \u00f6llum heimi.\u201c<br \/><a name=\"10\"><span class=\"versanumer\">10<\/span><\/a>\u00c1ri\u00f0 174 f\u00f3r Ant\u00edokus inn \u00ed land fe\u00f0ra sinna, og allur herinn gekk honum \u00e1 h\u00f6nd, svo f\u00e1ir ur\u00f0u eftir hj\u00e1 Tryfon.<a name=\"11\"><span class=\"versanumer\">11<\/span><\/a>Og Ant\u00edokus konungur ofs\u00f3tti hann, svo hann fl\u00fa\u00f0i, og komst til D\u00f3ru sem liggur vi\u00f0 hafi\u00f0.<a name=\"12\"><span class=\"versanumer\">12<\/span><\/a>\u00dev\u00ed hann s\u00e1, a\u00f0 \u00f3g\u00e6fan var yfir hann dunin, \u00fear e\u00f0 herinn haf\u00f0i yfirgefi\u00f0 hann.<a name=\"13\"><span class=\"versanumer\">13<\/span><\/a>Og Ant\u00edokus settist um D\u00f3ru, og me\u00f0 honum hundra\u00f0 og tuttugu \u00fe\u00fasundir str\u00ed\u00f0smanna, og \u00e1tta \u00fe\u00fasund riddara.<a name=\"14\"><span class=\"versanumer\">14<\/span><\/a>Hann settist um borgina og skipin styrktu til sj\u00e1varmegin, \u00fer\u00f6ngva\u00f0i hann borginni b\u00e6\u00f0i af sj\u00f3 og landi, og lei\u00f0 engum a\u00f0 fara \u00fat e\u00f0a inn.<a name=\"15\"><span class=\"versanumer\">15<\/span><\/a>N\u00fa kom N\u00famen\u00edus, og \u00feeir sem me\u00f0 honum v\u00f3ru, fr\u00e1 R\u00f3maborg, h\u00f6f\u00f0u \u00feeir br\u00e9f til konunganna, og landstj\u00f3ranna, er skrifu\u00f0 v\u00f3ru \u00e1 \u00feessa lei\u00f0:<a name=\"16\"><span class=\"versanumer\">16<\/span><\/a>\u201eL\u00fas\u00edus r\u00e6\u00f0isma\u00f0ur R\u00f3mverja, heilsar T\u00f3l\u00f3meusi konungi!<a name=\"17\"><span class=\"versanumer\">17<\/span><\/a>Sendiherrar Gy\u00f0inga komu til vor, vinir vorir og bandamenn, til a\u00f0 endurn\u00fdja vin\u00e1ttu hina fornu, og li\u00f0ss\u00e1ttm\u00e1lann, v\u00f3ru \u00feeir sendir af S\u00edmoni, \u00e6\u00f0sta presti, og Gy\u00f0ingal\u00fd\u00f0.<a name=\"18\"><span class=\"versanumer\">18<\/span><\/a>F\u00e6r\u00f0u \u00feeir <span class='VideyAth'>(oss)<\/span> gullskj\u00f6ld, sem vegur \u00fe\u00fasund m\u00ednur.<a name=\"19\"><span class=\"versanumer\">19<\/span><\/a>\u00dear fyrir hefir oss \u00fe\u00f3knast, a\u00f0 skrifa konungunum og landstj\u00f3runum, a\u00f0 \u00feeir s\u00fdni \u00feeim engan \u00f3j\u00f6fnu\u00f0, n\u00e9 herji \u00e1 \u00fe\u00e1 e\u00f0a borgir \u00feeirra, e\u00f0a land \u00feeirra og a\u00f0 \u00feeir hj\u00e1lpi \u00feeim ekki, sem herja \u00e1 \u00fe\u00e1.<a name=\"20\"><span class=\"versanumer\">20<\/span><\/a>\u00dev\u00ed oss hefir \u00fe\u00f3knast a\u00f0 \u00feiggja af \u00feeim skj\u00f6ldinn.<a name=\"21\"><span class=\"versanumer\">21<\/span><\/a>Hafi \u00fev\u00ed einhv\u00f6rjir illr\u00e6\u00f0ismenn fl\u00fai\u00f0 \u00far landi \u00feeirra til y\u00f0ar, \u00fe\u00e1 skili\u00f0 S\u00edmoni \u00e6\u00f0sta presti \u00feeim, a\u00f0 hann straffi \u00fe\u00e1 eftir \u00feeirra l\u00f6gum.\u201c<a name=\"22\"><span class=\"versanumer\">22<\/span><\/a>Hi\u00f0 sama skrifa\u00f0i hann Demetr\u00edusi konungi, og Attalusi, Ar\u00edaratesi og Arsakesi,<a name=\"23\"><span class=\"versanumer\">23<\/span><\/a>og til allra h\u00e9ra\u00f0a, b\u00e6\u00f0i Sampsama og Spartverja, og til Deleyjar og Myndus, og Syk\u00edon og Kar\u00edu og Samus og Pamfyliu og Lyk\u00edu og Halkiarnassus, og R\u00f3dus og Faselis og K\u00f3 og Side og Aradus og Gortynu, og Knidus og Kyprus og Kyrene.<a name=\"24\"><span class=\"versanumer\">24<\/span><\/a>En afskrift af br\u00e9funum sendu \u00feeir S\u00edmoni \u00e6\u00f0sta presti. <br \/><a name=\"25\"><span class=\"versanumer\">25<\/span><\/a>En Ant\u00edokus konungur sat um D\u00f3ru eftir sem \u00e1\u00f0ur, og dr\u00f3 a\u00f0 enn fleiri str\u00ed\u00f0smenn, reisti hervirki, og kr\u00f3a\u00f0i Tryfon, svo hann komst hv\u00f6rki inn n\u00e9 \u00fat.<a name=\"26\"><span class=\"versanumer\">26<\/span><\/a>Og S\u00edmon sendi honum tv\u00f6 \u00fe\u00fasund \u00fatvaldra str\u00ed\u00f0smanna til li\u00f0veislu, og silfur og gull og gn\u00f3gt vopna.<a name=\"27\"><span class=\"versanumer\">27<\/span><\/a>En hann vildi ekki \u00feiggja \u00fea\u00f0, heldur br\u00e1 hann \u00f6llu \u00fev\u00ed, sem hann haf\u00f0i sami\u00f0 vi\u00f0 hann \u00e1\u00f0ur, og gj\u00f6r\u00f0ist honum fr\u00e1hverfur;<a name=\"28\"><span class=\"versanumer\">28<\/span><\/a>og sendi til hans Atenab\u00edus einn af vinum s\u00ednum, til a\u00f0 semja vi\u00f0 hann, og skila \u00feessu: \u00fe\u00e9r hafi\u00f0 lagt undir y\u00f0ur Joppe og Gasara og Jer\u00fasalemsv\u00edgi, <span class='VideyAth'>(sem eru)<\/span> borgir \u00ed r\u00edki m\u00ednu.<a name=\"29\"><span class=\"versanumer\">29<\/span><\/a>\u00de\u00e9r hafi\u00f0 eytt l\u00f6nd \u00feeirra, og unni\u00f0 landinu st\u00f3rtj\u00f3n, og teki\u00f0 y\u00f0ur vald yfir m\u00f6rgum h\u00e9r\u00f6\u00f0um \u00ed m\u00ednu r\u00edki.<a name=\"30\"><span class=\"versanumer\">30<\/span><\/a>L\u00e1ti\u00f0 n\u00fa af hendi borgirnar sem \u00fe\u00e9r hafi\u00f0 teki\u00f0, og skatta af h\u00e9r\u00f6\u00f0unum, sem \u00fe\u00e9r hafi\u00f0 r\u00e1\u00f0i\u00f0 yfir fyrir utan J\u00fadeu takm\u00f6rk.<a name=\"31\"><span class=\"versanumer\">31<\/span><\/a>E\u00f0a grei\u00f0i\u00f0, a\u00f0 \u00f6\u00f0rum kosti, fyrir \u00fe\u00e6r fimm hundru\u00f0 v\u00e6ttir silfurs, og fyrir skemmdirnar, sem \u00fe\u00e9r hafi\u00f0 unni\u00f0, fyrir skattana af borgunum, a\u00f0rar fimm hundru\u00f0 v\u00e6ttir; annarskostar munum v\u00e9r koma og herja \u00e1 y\u00f0ur.<a name=\"32\"><span class=\"versanumer\">32<\/span><\/a>Atenob\u00edus konungs vinur kom n\u00fa til Jer\u00fasalem, og \u00feegar hann s\u00e1 skraut S\u00edmonar, og bor\u00f0i\u00f0 me\u00f0 gullkerunum og silfurkerunum, og n\u00e6gum \u00e1h\u00f6ldum <span class='VideyAth'>a)<\/span>, \u00fe\u00e1 gekk yfir hann; og hann flutti honum or\u00f0sending konungsins.<a name=\"33\"><span class=\"versanumer\">33<\/span><\/a>S\u00edmon svara\u00f0i honum og sag\u00f0i: hv\u00f6rki h\u00f6fum v\u00e9r teki\u00f0 annarra land, n\u00e9 \u00e1s\u00e6lst annarra eign, heldur <span class='VideyAth'>(h\u00f6fum v\u00e9r teki\u00f0)<\/span> arf fe\u00f0ra vorra, sem \u00f3vinir vorir h\u00e9ldu um hr\u00ed\u00f0 me\u00f0 \u00f3r\u00e9tti.<a name=\"34\"><span class=\"versanumer\">34<\/span><\/a>En \u00feegar oss gafst f\u00e6ri \u00e1, t\u00f3kum v\u00e9r aftur f\u00f6\u00f0urleif\u00f0 vora.<a name=\"35\"><span class=\"versanumer\">35<\/span><\/a>En hva\u00f0 kr\u00f6fu \u00feinni um Joppe og Gasara vi\u00f0v\u00edkur, \u00fe\u00e1 hafa \u00fe\u00e6r unni\u00f0 landsl\u00fd\u00f0 vorum st\u00f3rtj\u00f3n, fyrir \u00fe\u00e6r viljum v\u00e9r samt gefa hundra\u00f0 v\u00e6ttir; Atenob\u00edus svara\u00f0i honum engu or\u00f0i;<a name=\"36\"><span class=\"versanumer\">36<\/span><\/a>en f\u00f3r burt rei\u00f0ur \u00e1 konungsfund, og sk\u00fdr\u00f0i honum fr\u00e1 \u00feessum umm\u00e6lum, og fr\u00e1 skrauti S\u00edmonar, og \u00f6llu sem hann haf\u00f0i s\u00e9\u00f0, og var\u00f0 konungur afar rei\u00f0ur.<a name=\"37\"><span class=\"versanumer\">37<\/span><\/a>En Tryfon steig \u00e1 skip og fl\u00fa\u00f0i til Ortas\u00edu.<a name=\"38\"><span class=\"versanumer\">38<\/span><\/a>Og k\u00f3ngurinn gj\u00f6r\u00f0i Kendebeus a\u00f0 hersh\u00f6f\u00f0ingja yfir landinu vi\u00f0 hafi\u00f0, og f\u00e9kk honum f\u00f3tg\u00f6nguli\u00f0 og riddara.<a name=\"39\"><span class=\"versanumer\">39<\/span><\/a>Og bau\u00f0 honum a\u00f0 fara herf\u00f6r m\u00f3ti J\u00fadeu, og skipa\u00f0i honum a\u00f0 byggja Kedron, og v\u00edggir\u00f0a <span class='VideyAth'>(borga)<\/span>hli\u00f0in, og herja \u00e1 l\u00fd\u00f0inn; en k\u00f3ngurinn f\u00f3r eftir Tryfon.<a name=\"40\"><span class=\"versanumer\">40<\/span><\/a>Kendebeus kom til Jamn\u00edu, og f\u00f3r a\u00f0 egna f\u00f3lki\u00f0 upp, og va\u00f0a inn \u00ed J\u00fadeu, og hertaka f\u00f3lki\u00f0 og dey\u00f0a.<a name=\"41\"><span class=\"versanumer\">41<\/span><\/a>Hann bygg\u00f0i Kedron og setti \u00fear riddara og f\u00f3tg\u00f6nguli\u00f0, a\u00f0 \u00feeir skyldu taka sig upp \u00fea\u00f0an og fara \u00fat \u00e1 \u00fej\u00f3\u00f0brautir J\u00fadeu, eins og k\u00f3ngurinn haf\u00f0i skipa\u00f0.<\/p>\n<div class=\"footnoteVidey\">V. 32. a. Og n\u00e6gum \u00e1h\u00f6ldum. A\u00f0r: og hans miklu hir\u00f0.<\/div>\n","protected":false},"excerpt":{"rendered":"<p>Ant\u00edokus Demetr\u00edusarson kemst til r\u00edkis, \u00fer\u00f6ngvar Tryfoni, gj\u00f6rir S\u00edmoni afarkosti. 1Ant\u00edokus sonur Demetr\u00edusar konungs skrifa\u00f0i sendibr\u00e9f fr\u00e1 eyjunum \u00ed hafinu til S\u00edmonar prests og \u00fej\u00f3\u00f0h\u00f6f\u00f0ingja Gy\u00f0inga, og til allrar \u00fej\u00f3\u00f0arinnar.2V\u00f3ru br\u00e9fin skr\u00e1\u00f0 \u00e1 \u00feessa lei\u00f0. \u201eAnt\u00edokus konungur heilsar S\u00edmoni \u00e6\u00f0sta presti og \u00fej\u00f3\u00f0h\u00f6f\u00f0ingja, og Gy\u00f0ingal\u00fd\u00f0!3Me\u00f0 \u00fev\u00ed vondir menn hafa teki\u00f0 undir sig r\u00edki fe\u00f0ra vorra, og eg vil n\u00e1 r\u00edkinu aftur, til a\u00f0 koma \u00fev\u00ed \u00ed sama lag og \u00e1\u00f0ur var, og hefi safna\u00f0 fj\u00f6lda li\u00f0s, og \u00fatb\u00fai\u00f0 herskip;4og \u00e6tla a\u00f0 fara yfir landi\u00f0 til a\u00f0 finna \u00fe\u00e1, sem hafa gj\u00f6rt ska\u00f0a \u00ed landi v\u00f3ru, og \u00fe\u00e1, sem ey\u00f0ilagt hafa <a href=\"https:\/\/biblian.is\/videy\/fyrsta-makkabeabok-15-kafli\/\"> [&#8230;]<\/a><\/p>\n","protected":false},"author":1,"featured_media":0,"parent":0,"menu_order":0,"comment_status":"open","ping_status":"open","template":"bibliukaflar.php","meta":{"footnotes":""},"class_list":["post-22169","page","type-page","status-publish","hentry"],"_links":{"self":[{"href":"https:\/\/biblian.is\/videy\/wp-json\/wp\/v2\/pages\/22169","targetHints":{"allow":["GET"]}}],"collection":[{"href":"https:\/\/biblian.is\/videy\/wp-json\/wp\/v2\/pages"}],"about":[{"href":"https:\/\/biblian.is\/videy\/wp-json\/wp\/v2\/types\/page"}],"author":[{"embeddable":true,"href":"https:\/\/biblian.is\/videy\/wp-json\/wp\/v2\/users\/1"}],"replies":[{"embeddable":true,"href":"https:\/\/biblian.is\/videy\/wp-json\/wp\/v2\/comments?post=22169"}],"version-history":[{"count":0,"href":"https:\/\/biblian.is\/videy\/wp-json\/wp\/v2\/pages\/22169\/revisions"}],"wp:attachment":[{"href":"https:\/\/biblian.is\/videy\/wp-json\/wp\/v2\/media?parent=22169"}],"curies":[{"name":"wp","href":"https:\/\/api.w.org\/{rel}","templated":true}]}}