{"id":22163,"date":"2018-01-02T01:05:51","date_gmt":"2018-01-02T01:05:51","guid":{"rendered":"http:\/\/biblian.is\/videy\/fyrsta-makkabeabok-9-kafli\/"},"modified":"2018-01-02T01:05:51","modified_gmt":"2018-01-02T01:05:51","slug":"fyrsta-makkabeabok-9-kafli","status":"publish","type":"page","link":"https:\/\/biblian.is\/videy\/fyrsta-makkabeabok-9-kafli\/","title":{"rendered":"Fyrsta Makkabeab\u00f3k 9. kafli"},"content":{"rendered":"<div class=\"fyrirsognVidey\">Bakkides fer a\u00f0 n\u00fdju herf\u00f6r m\u00f3t Gy\u00f0ingum, J\u00fadas Makkabeus fellur, og J\u00f3hannes br\u00f3\u00f0ir hans, br\u00e6\u00f0ur hans hefna hans; Alkimus deyr; Bakkides fer enn herf\u00f6r, og semur loks fri\u00f0 vi\u00f0 J\u00f3natan.<\/div>\n<p><a name=\"1\"><span class=\"versanumer\">1<\/span><\/a>\u00deegar Demetr\u00edus fr\u00e9tti, a\u00f0 Nikanor v\u00e6ri fallinn \u00ed str\u00ed\u00f0inu og li\u00f0 hans, \u00fe\u00e1 sendi hann aftur \u00ed anna\u00f0 sinn Bakkides og Alkimus til J\u00fadeulands, og h\u00e6gri fylkingararm sinn me\u00f0 \u00feeim.<a name=\"2\"><span class=\"versanumer\">2<\/span><\/a>\u00deeir f\u00f3ru lei\u00f0ina til Galgala, og settu herb\u00fa\u00f0ir hj\u00e1 Mesalot \u00ed Arbelu, t\u00f3ku hana <span class='VideyAth'>(borgina Mesalot)<\/span> og myrtu marga menn.<a name=\"3\"><span class=\"versanumer\">3<\/span><\/a>\u00c1 fyrsta m\u00e1nu\u00f0inum \u00e1ri\u00f0 152 settust \u00feeir um Jer\u00fasalem.<a name=\"4\"><span class=\"versanumer\">4<\/span><\/a>\u00dea\u00f0an t\u00f3ku \u00feeir sig upp og f\u00f3ru til Bereu me\u00f0 tuttugu \u00fe\u00fasund <span class='VideyAth'>(f\u00f3tg\u00f6ngu)<\/span>li\u00f0s, og tv\u00f6 \u00fe\u00fasund riddara.<a name=\"5\"><span class=\"versanumer\">5<\/span><\/a>En J\u00fadas haf\u00f0i sett herb\u00fa\u00f0ir \u00ed Eleasa, og \u00ferj\u00fa \u00fe\u00fasund einvala li\u00f0s me\u00f0 honum.<a name=\"6\"><span class=\"versanumer\">6<\/span><\/a>\u00deegar \u00feeir s\u00e1u li\u00f0sfj\u00f6ldann, a\u00f0 \u00feeir <span class='VideyAth'>(\u00f3vinirnir)<\/span> v\u00f3ru margir, \u00fe\u00e1 ur\u00f0u \u00feeir lafhr\u00e6ddir, og runnu margir fr\u00e1 herb\u00fa\u00f0unum, svo a\u00f0 ekki ur\u00f0u fleiri eftir af \u00feeim en \u00e1tta hundru\u00f0 manns.<a name=\"7\"><span class=\"versanumer\">7<\/span><\/a>\u00deegar J\u00fadas s\u00e1, a\u00f0 li\u00f0 hans var runni\u00f0 burt, en str\u00ed\u00f0i\u00f0 \u00ferengdi a\u00f0 honum, \u00fe\u00e1 var\u00f0 hann angurv\u00e6r \u00ed hjarta, \u00fev\u00ed hann haf\u00f0i ekki t\u00edma til a\u00f0 safna \u00feeim saman aftur.<a name=\"8\"><span class=\"versanumer\">8<\/span><\/a>Hann f\u00f3r \u00fat, og sag\u00f0i vi\u00f0 \u00fe\u00e1 sem eftir voru: t\u00f6kum oss upp, og f\u00f6rum m\u00f3ti \u00f3vinum vorum, ef v\u00e9r kunnum a\u00f0 geta sigra\u00f0 \u00fe\u00e1.<a name=\"9\"><span class=\"versanumer\">9<\/span><\/a>En \u00feeir \u00f6ftru\u00f0u honum, og s\u00f6g\u00f0u: v\u00e9r getum \u00fea\u00f0 enganveginn; l\u00e1tum oss heldur bjarga l\u00edfi voru \u00ed \u00feetta skipti, og veita eftirf\u00f6r br\u00e6\u00f0rum vorum, munum v\u00e9r s\u00ed\u00f0an f\u00e1 barist vi\u00f0 \u00fe\u00e1, en n\u00fana erum v\u00e9r li\u00f0f\u00e1ir.<a name=\"10\"><span class=\"versanumer\">10<\/span><\/a>J\u00fadas m\u00e6lti: ver\u00f0i m\u00e9r \u00fea\u00f0 ekki, a\u00f0 fara svo a\u00f0 r\u00e1\u00f0i m\u00ednu, a\u00f0 fl\u00fdja fyrir \u00feeim; s\u00e9 vor t\u00edmi <span class='VideyAth'>(dau\u00f0adagur)<\/span> kominn, \u00fe\u00e1 l\u00e1tum oss falla me\u00f0 hreysti fyrir br\u00e6\u00f0ur vora, svo or\u00f0st\u00edr vor ver\u00f0i ekki fyrir \u00e1m\u00e6li.<a name=\"11\"><span class=\"versanumer\">11<\/span><\/a><span class='VideyAth'>(\u00d3vina)<\/span>li\u00f0i\u00f0 t\u00f3k sig n\u00fa upp fr\u00e1 herb\u00fa\u00f0unum, og fylkti s\u00e9r, til atl\u00f6gu vi\u00f0 \u00fe\u00e1, riddarali\u00f0inu var skipt \u00ed tvo flokka, sl\u00f6ngumennirnir og bogmennirnir f\u00f3ru \u00e1 undan hernum, og allir \u00feeir hraustustu v\u00f3ru \u00ed broddi fylkingarinnar.<a name=\"12\"><span class=\"versanumer\">12<\/span><\/a>En Bakkides var \u00ed h\u00e6gri fylkingararminum, fylkingin n\u00e1l\u00e6g\u00f0ist hv\u00f6r a\u00f0ra, og \u00feeir hlj\u00f3\u00f0u\u00f0u <span class='VideyAth'>(bl\u00e9su)<\/span> \u00ed l\u00fa\u00f0rana.<a name=\"13\"><span class=\"versanumer\">13<\/span><\/a>J\u00fadasarmenn bl\u00e9su l\u00edka \u00ed l\u00fa\u00f0ra, svo j\u00f6r\u00f0in skalf af her\u00f3pinu, og str\u00ed\u00f0i\u00f0 vara\u00f0i fr\u00e1 morgni til kv\u00f6lds.<a name=\"14\"><span class=\"versanumer\">14<\/span><\/a>S\u00e1 J\u00fadas, a\u00f0 Bakkides var \u00ed h\u00e6gri fylkingararminum, og hinir v\u00f6skustu af hernum, og allir \u00feeir sem huga\u00f0ir v\u00f3ru s\u00f6fnu\u00f0ust a\u00f0 honum.<a name=\"15\"><span class=\"versanumer\">15<\/span><\/a>Hr\u00f6kk h\u00e6gri fylkingararmurinn fyrir \u00feeim, og r\u00e1ku \u00feeir fl\u00f3ttann allt a\u00f0 Asdodsfjalli.<a name=\"16\"><span class=\"versanumer\">16<\/span><\/a>En \u00feegar \u00feeir, sem v\u00f3ru \u00ed vinstra fylkingararminum s\u00e1u, a\u00f0 h\u00e6gri fylkingararmurinn hr\u00f6kk undan, \u00fe\u00e1 l\u00f6g\u00f0u \u00feeir eftir \u00feeim J\u00fadasi og komu \u00e1 bak vi\u00f0 \u00fe\u00e1;<a name=\"17\"><span class=\"versanumer\">17<\/span><\/a>har\u00f0na\u00f0i n\u00fa bardaginn, og f\u00e9llu margir s\u00e6r\u00f0ir af hvorumtveggi.<a name=\"18\"><span class=\"versanumer\">18<\/span><\/a>\u00dear f\u00e9ll J\u00fadas, en hinir a\u00f0rir fl\u00fd\u00f0u.<a name=\"19\"><span class=\"versanumer\">19<\/span><\/a>En J\u00f3natan og S\u00edmon t\u00f3ku J\u00fadas br\u00f3\u00f0ur sinn og j\u00f6r\u00f0u\u00f0u hann \u00ed gr\u00f6f fe\u00f0ra hans \u00ed M\u00f3din.<a name=\"20\"><span class=\"versanumer\">20<\/span><\/a>Og allir \u00cdsraelsmenn gr\u00e9tu hann og h\u00f6rmu\u00f0u s\u00e1rann, syrg\u00f0u \u00ed marga daga og s\u00f6g\u00f0u:<a name=\"21\"><span class=\"versanumer\">21<\/span><\/a>Hva\u00f0 kom til a\u00f0 kappinn f\u00e9ll, sem frelsa\u00f0i \u00cdsrael?<a name=\"22\"><span class=\"versanumer\">22<\/span><\/a>En um hinn \u00f6nnur st\u00f6rf J\u00fadasar, og bardaga og afreksverk sem hann vann, og \u00e1g\u00e6ti hans, er ekki skrifa\u00f0, \u00fev\u00ed \u00feau v\u00f3ru harla m\u00f6rg. <br \/><a name=\"23\"><span class=\"versanumer\">23<\/span><\/a>En svo f\u00f3r eftir a\u00f0 J\u00fadas var d\u00e1inn, a\u00f0 \u00f3r\u00e1\u00f0vandir menn komu fram \u00ed \u00f6llu \u00cdsraelslandi, og allir \u00f3jafna\u00f0armenn risu upp.<a name=\"24\"><span class=\"versanumer\">24<\/span><\/a>Um s\u00f6mu mundir var miki\u00f0 hall\u00e6ri, svo landi\u00f0 br\u00e1st eins og \u00feeir.<a name=\"25\"><span class=\"versanumer\">25<\/span><\/a>\u00de\u00e1 kj\u00f6ri Bakk\u00eddes gu\u00f0lausa menn, og gj\u00f6r\u00f0i \u00fe\u00e1 a\u00f0 yfirm\u00f6nnum \u00ed landinu.<a name=\"26\"><span class=\"versanumer\">26<\/span><\/a>\u00deeir s\u00f3ttu eftir, og leitu\u00f0u a\u00f0 \u00e1hangendum J\u00fadasar, og f\u00e6r\u00f0u Bakk\u00eddesi \u00fe\u00e1, en hann hefndist \u00e1 \u00feeim og sm\u00e1na\u00f0i \u00fe\u00e1.<a name=\"27\"><span class=\"versanumer\">27<\/span><\/a>\u00de\u00e1 var mikil ney\u00f0 me\u00f0al \u00cdsraelsmanna, og haf\u00f0i ekki \u00fev\u00edl\u00edk veri\u00f0 fr\u00e1 \u00feeim degi a\u00f0 sp\u00e1manna var\u00f0 vant me\u00f0al \u00feeirra. <br \/><a name=\"28\"><span class=\"versanumer\">28<\/span><\/a>N\u00fa s\u00f6fnu\u00f0ust allir vinir J\u00fadasar saman og s\u00f6g\u00f0u vi\u00f0 J\u00f3natan:<a name=\"29\"><span class=\"versanumer\">29<\/span><\/a>S\u00ed\u00f0an J\u00fadas br\u00f3\u00f0ir \u00feinn anda\u00f0ist, er enginn hans l\u00edki til a\u00f0 fara m\u00f3ti \u00f3vinunum, og Bakk\u00eddesi og \u00feeim sem hatast vi\u00f0 \u00fej\u00f3\u00f0 vora;<a name=\"30\"><span class=\"versanumer\">30<\/span><\/a>\u00feess vegna h\u00f6fum v\u00e9r kj\u00f6ri\u00f0 \u00feig \u00ed dag, til a\u00f0 vera h\u00f6f\u00f0ingja vorn og foringja \u00ed hans sta\u00f0, og heyja str\u00ed\u00f0 fyrir oss.<a name=\"31\"><span class=\"versanumer\">31<\/span><\/a>\u00c1 \u00feessum sama t\u00edma t\u00f3k J\u00f3natan vi\u00f0 stj\u00f3rninni, og gekk \u00ed sta\u00f0 J\u00fadasar br\u00f3\u00f0ur s\u00edns.<a name=\"32\"><span class=\"versanumer\">32<\/span><\/a>\u00deessa var\u00f0 Bakk\u00eddes v\u00eds, og leita\u00f0ist vi\u00f0 a\u00f0 drepa hann.<a name=\"33\"><span class=\"versanumer\">33<\/span><\/a>J\u00f3natan komst a\u00f0 \u00fev\u00ed, og S\u00edmon br\u00f3\u00f0ir hans, og allir sem me\u00f0 honum v\u00f3ru; fl\u00fa\u00f0u \u00feeir \u00fe\u00e1 \u00ed ey\u00f0im\u00f6rkina Tek\u00f3u og settu herb\u00fa\u00f0ir vi\u00f0 tj\u00f6rnina Affar.<a name=\"34\"><span class=\"versanumer\">34<\/span><\/a>\u00deetta fr\u00e9tti Bakk\u00eddes \u00e1 hv\u00edldardegi, kom hann \u00fe\u00e1, og li\u00f0 hans allt hinumegin a\u00f0 J\u00f3rdan.<a name=\"35\"><span class=\"versanumer\">35<\/span><\/a>J\u00f3natan haf\u00f0i sent br\u00f3\u00f0ur sin, sem li\u00f0sforingja, og ba\u00f0 Navatea vini s\u00edna, a\u00f0 \u00feeir m\u00e6ttu l\u00e1ta vera hj\u00e1 \u00feeim farangur sinn, sem mikill var.<a name=\"36\"><span class=\"versanumer\">36<\/span><\/a>En Jambri synir f\u00f3ru \u00fat \u00far <span class='VideyAth'>(sta\u00f0num)<\/span> Medaba, handt\u00f3ku J\u00f3hannes, og allt sem hann haf\u00f0i me\u00f0fer\u00f0is, og fluttu \u00e1 burt.<a name=\"37\"><span class=\"versanumer\">37<\/span><\/a>Eftir \u00feessa vi\u00f0bur\u00f0i fr\u00e9ttu J\u00f3natan og S\u00edmon br\u00f3\u00f0ir hans, a\u00f0 Jambri synir h\u00e9ldu miki\u00f0 br\u00fa\u00f0kaup, og f\u00e6ru me\u00f0 br\u00fa\u00f0urina fr\u00e1 Nadabat\u2014en h\u00fan var d\u00f3ttir eins af st\u00f3rh\u00f6f\u00f0ingjunum \u00ed Kanaan\u2014me\u00f0 mikilli vi\u00f0h\u00f6fn.<a name=\"38\"><span class=\"versanumer\">38<\/span><\/a>\u00de\u00e1 minntust \u00feeir J\u00f3hannesar br\u00f3\u00f0ur s\u00edns, f\u00f3ru af sta\u00f0 og f\u00f3lu sig \u00ed hl\u00e9 vi\u00f0 fjalli\u00f0.<a name=\"39\"><span class=\"versanumer\">39<\/span><\/a>\u00deeir litu\u00f0ust um, og s\u00e1u, og sj\u00e1! \u00fear var mikill h\u00e1va\u00f0i og vi\u00f0b\u00fana\u00f0ur, \u00fev\u00ed br\u00fa\u00f0guminn kom m\u00f3ti \u00feeim, og vinir hans og br\u00e6\u00f0ur, me\u00f0 bumbum og hlj\u00f3\u00f0f\u00e6rum og miklum \u00fatb\u00fana\u00f0i.<a name=\"40\"><span class=\"versanumer\">40<\/span><\/a>\u00de\u00e1 risu \u00feeir J\u00f3natan upp \u00far launs\u00e1trinu m\u00f3ti \u00feeim, og dr\u00e1pu \u00fe\u00e1, f\u00e9llu margir af s\u00e1rum, en \u00feeir sem afkomust, fl\u00fa\u00f0u upp \u00e1 fjalli\u00f0; r\u00e6ntu \u00feeir \u00f6llu g\u00f3ssi \u00feeirra.<a name=\"41\"><span class=\"versanumer\">41<\/span><\/a>\u00deannit breyttist br\u00fa\u00f0kaupi\u00f0 \u00ed sorg, og hlj\u00f3\u00f0f\u00e6rar\u00f6ddin \u00ed harmakvein.<a name=\"42\"><span class=\"versanumer\">42<\/span><\/a>Svona hefndu \u00feeir bl\u00f3\u00f0s br\u00f3\u00f0ur s\u00edns, og hvurfu s\u00ed\u00f0an til J\u00f3rdanar m\u00fdra.<a name=\"43\"><span class=\"versanumer\">43<\/span><\/a>Bakk\u00eddes haf\u00f0i n\u00fa fr\u00e9tt \u00fea\u00f0, og f\u00f3r \u00fev\u00ed \u00e1 hv\u00edldardegi a\u00f0 J\u00f3rdanar b\u00f6kkum me\u00f0 miklu li\u00f0i.<a name=\"44\"><span class=\"versanumer\">44<\/span><\/a>\u00de\u00e1 sag\u00f0i J\u00f3natan vi\u00f0 menn s\u00edna: t\u00f6kum oss n\u00fa upp og berjumst fyrir l\u00edf vort, \u00fev\u00ed a\u00f0 n\u00fa er ekki \u00ed dag eins og \u00ed g\u00e6r og fyrra dag.<a name=\"45\"><span class=\"versanumer\">45<\/span><\/a>\u00dev\u00ed sj\u00e1! \u00f3vinirnir eru b\u00e6\u00f0i fyrir framan og a\u00f0 baki oss, \u00e1in J\u00f3rdan \u00e1 b\u00e1\u00f0ar hendur, og m\u00fdrar og sk\u00f3gar, og ekkert undanf\u00e6ri.<a name=\"46\"><span class=\"versanumer\">46<\/span><\/a>Hr\u00f3pi\u00f0 \u00fev\u00ed n\u00fa til himins, a\u00f0 \u00fe\u00e9r m\u00e6ttu\u00f0 frelsa\u00f0ir ver\u00f0a \u00far h\u00f6ndum \u00f3vina y\u00f0varra.<a name=\"47\"><span class=\"versanumer\">47<\/span><\/a>S\u00ed\u00f0an t\u00f3kst orrustan; J\u00f3natan r\u00e9tti \u00fat h\u00f6nd s\u00edna og \u00e6tla\u00f0i a\u00f0 sl\u00e1 Bakkides, en hann h\u00f6rfa\u00f0i undan honum aftur\u00e1bak.<a name=\"48\"><span class=\"versanumer\">48<\/span><\/a>\u00de\u00e1 st\u00f6kk J\u00f3natan og menn hans f\u00f3ru \u00fat \u00ed J\u00f3rdan og syntu yfirum, en hinir f\u00f3ru ekki yfirum J\u00f3rdan \u00e1 m\u00f3ti \u00feeim.<a name=\"49\"><span class=\"versanumer\">49<\/span><\/a>\u00c1 \u00feeim degi f\u00e9llu h\u00e9rum \u00fe\u00fasund menn af Bakk\u00eddesi.<a name=\"50\"><span class=\"versanumer\">50<\/span><\/a>En hann f\u00f3r til Jer\u00fasalem, og bygg\u00f0i v\u00edggirtar borgir \u00ed J\u00fadeu, hann v\u00edggirti Jer\u00edk\u00f3, Emaus, og Bet\u00f3ron, Betel, Tamnat, Faraton og Tes\u00f3n, me\u00f0 h\u00e1vum gir\u00f0ingum, hli\u00f0um \u00e1 og slagbr\u00f6ndum fyrir;<a name=\"51\"><span class=\"versanumer\">51<\/span><\/a>og setti setuli\u00f0 \u00ed \u00fe\u00e6r <span class='VideyAth'>(borgirnar)<\/span> til a\u00f0 \u00fdfast vi\u00f0 \u00cdsraelsmenn.<a name=\"52\"><span class=\"versanumer\">52<\/span><\/a>Hann v\u00edggirti l\u00edka borgina \u00ed Bets\u00faru, og Gasaraborg me\u00f0 slotinu, og setti li\u00f0 \u00ed \u00fe\u00e6r og vistafor\u00f0a.<a name=\"53\"><span class=\"versanumer\">53<\/span><\/a>Hann t\u00f3k syni landsh\u00f6f\u00f0ingjanna \u00ed g\u00edsling, og setti \u00fe\u00e1 \u00ed var\u00f0hald \u00ed v\u00edginu \u00ed Jer\u00fasalem.<br \/><a name=\"54\"><span class=\"versanumer\">54<\/span><\/a>\u00c1ri\u00f0 153, \u00e1 \u00f6\u00f0rum m\u00e1nu\u00f0i skipa\u00f0i Alkimus a\u00f0 r\u00edfa ni\u00f0ur gir\u00f0inguna, <span class='VideyAth'>(sem var)<\/span> kringum innri gangboga helgid\u00f3msins, hann reif ni\u00f0ur verk sp\u00e1mannanna, og byrja\u00f0i <span class='VideyAth'>(sj\u00e1lfur)<\/span> a\u00f0 r\u00edfa.<a name=\"55\"><span class=\"versanumer\">55<\/span><\/a>\u00c1 sama t\u00edma var\u00f0 Alkimus lostinn, svo athafnir hans hindru\u00f0ust; hann var\u00f0 m\u00e1llaus og limafallssj\u00fakur, og gat ekki upp fr\u00e1 \u00fev\u00ed tala\u00f0 or\u00f0 n\u00e9 r\u00e1\u00f0stafa\u00f0 h\u00fasi s\u00ednu.<a name=\"56\"><span class=\"versanumer\">56<\/span><\/a>Og Alkimus d\u00f3 um \u00feessar mundir me\u00f0 mikilli kv\u00f6l.<a name=\"57\"><span class=\"versanumer\">57<\/span><\/a>\u00deegar Bakkides vissi, a\u00f0 Alkimus var dau\u00f0ur, f\u00f3r hann aftur til k\u00f3ngsins, og J\u00fadeuland haf\u00f0i fri\u00f0 \u00ed tv\u00f6 \u00e1r.<a name=\"58\"><span class=\"versanumer\">58<\/span><\/a>\u00de\u00e1 r\u00e1\u00f0gu\u00f0ust allir hinir \u00f3r\u00e1\u00f0v\u00f6ndu hv\u00f6r vi\u00f0 annan og s\u00f6g\u00f0u: sj\u00e1, J\u00f3natan og menn hans eru n\u00fa \u00ed kyrr\u00f0, og grandalausir; n\u00fa skulum v\u00e9r s\u00e6kja Bakkides, svo hann geti n\u00e1\u00f0 \u00feeim \u00f6llum \u00e1 einni n\u00f3ttu.<a name=\"59\"><span class=\"versanumer\">59<\/span><\/a>S\u00ed\u00f0an f\u00f3ru \u00feeir og r\u00e1\u00f0gu\u00f0ust um \u00feetta vi\u00f0 hann.<a name=\"60\"><span class=\"versanumer\">60<\/span><\/a>Hann lag\u00f0i af sta\u00f0 og \u00e6tla\u00f0i a\u00f0 koma me\u00f0 miklu li\u00f0i, sendi hann br\u00e9f \u00e1 laun \u00f6llum s\u00ednum bandam\u00f6nnum \u00ed J\u00fadeu, og ba\u00f0 \u00fe\u00e1 handtaka J\u00f3natan og menn hans; en \u00feeir g\u00e1tu \u00fea\u00f0 ekki, \u00fev\u00ed r\u00e1\u00f0agj\u00f6r\u00f0 \u00feeirra var or\u00f0in hinum kunn.<a name=\"61\"><span class=\"versanumer\">61<\/span><\/a>En <span class='VideyAth'>(\u00feeir J\u00f3natan)<\/span> n\u00e1\u00f0u eitthva\u00f0 fimmt\u00edu m\u00f6nnum \u00far landinu, sem veri\u00f0 h\u00f6f\u00f0u frumkv\u00f6\u00f0lar \u00feessa illr\u00e6\u00f0is, og dr\u00e1pu \u00fe\u00e1.<a name=\"62\"><span class=\"versanumer\">62<\/span><\/a>S\u00ed\u00f0an f\u00f3r J\u00f3natan burt, og S\u00edmon, og \u00feeir sem me\u00f0 honum v\u00f3ru, til Bets\u00f6bu \u00ed ey\u00f0im\u00f6rkinni, og bygg\u00f0i \u00fea\u00f0 af henni sem rifi\u00f0 var, og umgirti hana.<a name=\"63\"><span class=\"versanumer\">63<\/span><\/a>\u00deegar Bakkides fr\u00e9tti \u00fea\u00f0, safna\u00f0i hann \u00f6llu li\u00f0i s\u00ednu, og gj\u00f6r\u00f0i \u00feeim or\u00f0 \u00ed J\u00fadeu;<a name=\"64\"><span class=\"versanumer\">64<\/span><\/a>kom hann og settist um Bets\u00f6bu, herja\u00f0i \u00e1 hana \u00ed marga daga, og bj\u00f3 til hervirki.<a name=\"65\"><span class=\"versanumer\">65<\/span><\/a>J\u00f3natan skildi S\u00edmon br\u00f3\u00f0ur sinn eftir \u00ed borginni, en f\u00f3r sj\u00e1lfur \u00fat \u00ed landi\u00f0 me\u00f0 flokk manna;<a name=\"66\"><span class=\"versanumer\">66<\/span><\/a>og drap Odarres og br\u00e6\u00f0ur hans og Faserons syni \u00ed tjaldi \u00feeirra.<a name=\"67\"><span class=\"versanumer\">67<\/span><\/a>S\u00ed\u00f0an f\u00f3r hann a\u00f0 str\u00ed\u00f0a og fara herf\u00f6rum, en S\u00edmon og menn hans f\u00f3ru \u00fat \u00far borginni og brenndu hervirkin.<a name=\"68\"><span class=\"versanumer\">68<\/span><\/a>\u00deeir b\u00f6r\u00f0ust vi\u00f0 Bakkides, og bei\u00f0 hann tj\u00f3n af \u00feeim, \u00fer\u00f6ngvu\u00f0u \u00feeir honum mj\u00f6g, svo a\u00f0 r\u00e1\u00f0agj\u00f6r\u00f0 hans og f\u00f6r var\u00f0 \u00e1rangurslaus.<a name=\"69\"><span class=\"versanumer\">69<\/span><\/a>Reiddist hann \u00fe\u00e1 \u00f3gurlega hinum \u00f3r\u00e1\u00f0v\u00f6ndu m\u00f6nnum sem h\u00f6f\u00f0u hvatt hann til a\u00f0 fara \u00feanga\u00f0, drap marga af \u00feeim, og r\u00e9\u00f0i a\u00f0 fara aftur heim \u00ed sitt land.<a name=\"70\"><span class=\"versanumer\">70<\/span><\/a>J\u00f3natan var\u00f0 \u00feessa \u00e1skynja, og sendi \u00f6ldunga \u00e1 fund hans til a\u00f0 semja fri\u00f0 vi\u00f0 hann, og skyldi hann skila \u00feeim aftur herfanginu;<a name=\"71\"><span class=\"versanumer\">71<\/span><\/a>Hann t\u00f3k fri\u00f0arkostunum og hl\u00fdddi bo\u00f0i hans <span class='VideyAth'>(J\u00f3natan)<\/span> og s\u00f3r honum, a\u00f0 hann skyldi ekki leitast vi\u00f0 a\u00f0 gj\u00f6ra honum illt alla s\u00edna l\u00edfdaga;<a name=\"72\"><span class=\"versanumer\">72<\/span><\/a>skila\u00f0i honum herfanginu, sem hann haf\u00f0i \u00e1\u00f0ur teki\u00f0 \u00ed Gy\u00f0ingalandi, f\u00f3r s\u00ed\u00f0an burt \u00ed sitt land, og kom ekki oftar \u00ed \u00feeirra land.<a name=\"73\"><span class=\"versanumer\">73<\/span><\/a>\u00de\u00e1 linnti \u00f3fri\u00f0i me\u00f0al \u00cdsraelsmanna, og J\u00f3natan bj\u00f3 \u00ed Makmas, f\u00f3r a\u00f0 d\u00e6ma f\u00f3lki\u00f0 <span class='VideyAth'>(stj\u00f3rna f\u00f3lkinu)<\/span> og afm\u00e1\u00f0i hina gu\u00f0lausu af \u00cdsraels m\u00f6nnum.<\/p>\n<div class=\"footnoteVidey\"><\/div>\n","protected":false},"excerpt":{"rendered":"<p>Bakkides fer a\u00f0 n\u00fdju herf\u00f6r m\u00f3t Gy\u00f0ingum, J\u00fadas Makkabeus fellur, og J\u00f3hannes br\u00f3\u00f0ir hans, br\u00e6\u00f0ur hans hefna hans; Alkimus deyr; Bakkides fer enn herf\u00f6r, og semur loks fri\u00f0 vi\u00f0 J\u00f3natan. 1\u00deegar Demetr\u00edus fr\u00e9tti, a\u00f0 Nikanor v\u00e6ri fallinn \u00ed str\u00ed\u00f0inu og li\u00f0 hans, \u00fe\u00e1 sendi hann aftur \u00ed anna\u00f0 sinn Bakkides og Alkimus til J\u00fadeulands, og h\u00e6gri fylkingararm sinn me\u00f0 \u00feeim.2\u00deeir f\u00f3ru lei\u00f0ina til Galgala, og settu herb\u00fa\u00f0ir hj\u00e1 Mesalot \u00ed Arbelu, t\u00f3ku hana (borgina Mesalot) og myrtu marga menn.3\u00c1 fyrsta m\u00e1nu\u00f0inum \u00e1ri\u00f0 152 settust \u00feeir um Jer\u00fasalem.4\u00dea\u00f0an t\u00f3ku \u00feeir sig upp og f\u00f3ru til Bereu me\u00f0 tuttugu \u00fe\u00fasund (f\u00f3tg\u00f6ngu)li\u00f0s, og <a href=\"https:\/\/biblian.is\/videy\/fyrsta-makkabeabok-9-kafli\/\"> [&#8230;]<\/a><\/p>\n","protected":false},"author":1,"featured_media":0,"parent":0,"menu_order":0,"comment_status":"open","ping_status":"open","template":"bibliukaflar.php","meta":{"footnotes":""},"class_list":["post-22163","page","type-page","status-publish","hentry"],"_links":{"self":[{"href":"https:\/\/biblian.is\/videy\/wp-json\/wp\/v2\/pages\/22163","targetHints":{"allow":["GET"]}}],"collection":[{"href":"https:\/\/biblian.is\/videy\/wp-json\/wp\/v2\/pages"}],"about":[{"href":"https:\/\/biblian.is\/videy\/wp-json\/wp\/v2\/types\/page"}],"author":[{"embeddable":true,"href":"https:\/\/biblian.is\/videy\/wp-json\/wp\/v2\/users\/1"}],"replies":[{"embeddable":true,"href":"https:\/\/biblian.is\/videy\/wp-json\/wp\/v2\/comments?post=22163"}],"version-history":[{"count":0,"href":"https:\/\/biblian.is\/videy\/wp-json\/wp\/v2\/pages\/22163\/revisions"}],"wp:attachment":[{"href":"https:\/\/biblian.is\/videy\/wp-json\/wp\/v2\/media?parent=22163"}],"curies":[{"name":"wp","href":"https:\/\/api.w.org\/{rel}","templated":true}]}}