{"id":22160,"date":"2018-01-02T01:05:51","date_gmt":"2018-01-02T01:05:51","guid":{"rendered":"http:\/\/biblian.is\/videy\/fyrsta-makkabeabok-6-kafli\/"},"modified":"2018-01-02T01:05:51","modified_gmt":"2018-01-02T01:05:51","slug":"fyrsta-makkabeabok-6-kafli","status":"publish","type":"page","link":"https:\/\/biblian.is\/videy\/fyrsta-makkabeabok-6-kafli\/","title":{"rendered":"Fyrsta Makkabeab\u00f3k 6. kafli"},"content":{"rendered":"<div class=\"fyrirsognVidey\">Dau\u00f0i Ant\u00edokuss g\u00f6fga. Bardagi Gy\u00f0inga vi\u00f0 Ant\u00edokus \u00e6ttg\u00f6fga (Evpator).<\/div>\n<p><a name=\"1\"><span class=\"versanumer\">1<\/span><\/a>\u00c1 me\u00f0an Ant\u00edokus konungur var \u00e1 fer\u00f0 um uppl\u00f6ndin, fr\u00e9tti hann a\u00f0 \u00ed Pers\u00edu v\u00e6ri Elymais, or\u00f0l\u00f6g\u00f0 borg fyrir au\u00f0\u00e6fi, silfur og gull,<a name=\"2\"><span class=\"versanumer\">2<\/span><\/a>og a\u00f0 horfi\u00f0 \u00fear v\u00e6ri harla au\u00f0ugt og v\u00e6ru \u00fear gylltar hl\u00edfar, og brynjur og vopn sem Alexander Filippusson Maked\u00f3nakonungur, hef\u00f0i skili\u00f0 \u00fear eftir, hann, sem fyrst var konungur me\u00f0al Grikkja.<a name=\"3\"><span class=\"versanumer\">3<\/span><\/a>Hann <span class='VideyAth'>(Antiokus)<\/span> kom og leita\u00f0ist vi\u00f0 a\u00f0 taka borgina, og r\u00e6na hana, en gat \u00fea\u00f0 ekki, \u00fev\u00ed \u00feessi \u00e1setningur var or\u00f0inn kunnur b\u00e6jarm\u00f6nnum.<a name=\"4\"><span class=\"versanumer\">4<\/span><\/a>Risu \u00feeir m\u00f3ti honum til str\u00ed\u00f0s, en hann fl\u00fa\u00f0i, og f\u00f3r \u00fea\u00f0an me\u00f0 mikilli hrygg\u00f0, og \u00e6tla\u00f0i til Babylonar.<a name=\"5\"><span class=\"versanumer\">5<\/span><\/a>\u00de\u00e1 kom einhv\u00f6r sendima\u00f0ur til hans \u00ed Pers\u00edu, og sag\u00f0i honum fr\u00e1, a\u00f0 herinn, sem fari\u00f0 hef\u00f0i til J\u00fadeulands hef\u00f0i veri\u00f0 rekinn \u00e1 fl\u00f3tta;<a name=\"6\"><span class=\"versanumer\">6<\/span><\/a>og a\u00f0 Lys\u00edas hef\u00f0i \u00ed \u00f6ndver\u00f0u fari\u00f0 me\u00f0 styrkan her, en or\u00f0i\u00f0 a\u00f0 fl\u00fdja fyrir \u00feeim, og a\u00f0 \u00feeir hef\u00f0u eflst a\u00f0 vopnum, li\u00f0i og miklu herfangi, sem \u00feeir hef\u00f0u teki\u00f0 fr\u00e1 hernum, sem \u00feeir h\u00f6f\u00f0u brytja\u00f0 ni\u00f0ur,<a name=\"7\"><span class=\"versanumer\">7<\/span><\/a>og rifi\u00f0 ni\u00f0ur vi\u00f0urstygg\u00f0ina sem hann haf\u00f0i reist \u00e1 altarinu \u00ed Jer\u00fasalem, og hla\u00f0i\u00f0 h\u00e1a m\u00farveggi \u00ed kringum helgid\u00f3minn, eins og \u00e1\u00f0ur fyrri, og <span class='VideyAth'>(kringum)<\/span> Bets\u00faru, borg hans.<a name=\"8\"><span class=\"versanumer\">8<\/span><\/a>Svo br\u00e1 vi\u00f0 \u00feegar konungur heyr\u00f0i \u00feessa s\u00f6gu, a\u00f0 hann var\u00f0 hissa, og t\u00f3k s\u00e9r \u00feetta mj\u00f6g n\u00e6rri; hann lag\u00f0ist \u00ed r\u00fami\u00f0, og var\u00f0 veikur af sorg, af \u00fev\u00ed honum haf\u00f0i ekki gengi\u00f0 eins vel og hann hugsa\u00f0i.<a name=\"9\"><span class=\"versanumer\">9<\/span><\/a>\u00dear var hann \u00ed marga daga, \u00fev\u00ed hin mikla sorg hans f\u00f3r jafnan vaxandi, og hann h\u00e9lt hann mundi deyja.<a name=\"10\"><span class=\"versanumer\">10<\/span><\/a>\u00de\u00e1 kalla\u00f0i hann \u00e1 alla vini s\u00edna og sag\u00f0i vi\u00f0 \u00fe\u00e1: svefninn fl\u00fdr augu m\u00edn, og er hugsj\u00fakur af \u00e1hyggju;<a name=\"11\"><span class=\"versanumer\">11<\/span><\/a>og eg sag\u00f0i vi\u00f0 sj\u00e1lfan mig: \u00ed hv\u00edl\u00edka ney\u00f0 og holskeflu er eg n\u00fa ekki kominn? samt var eg <span class='VideyAth'>(\u00fe\u00f3ttist vera)<\/span> g\u00f3\u00f0ur og elska\u00f0ur me\u00f0an eg r\u00edkti.<a name=\"12\"><span class=\"versanumer\">12<\/span><\/a>Enn n\u00fa minnist eg \u00feeirra illgj\u00f6r\u00f0a sem eg framdi \u00ed Jer\u00fasalem, \u00feegar eg t\u00f3k allan gull og silfurb\u00fana\u00f0inn sem \u00fear var, og sendi til a\u00f0 afm\u00e1 \u00fe\u00e1 sem bjuggu \u00ed J\u00fadeu, a\u00f0 orsakalausu.<a name=\"13\"><span class=\"versanumer\">13<\/span><\/a>Eg kannast n\u00fa vi\u00f0, a\u00f0 s\u00f6kum \u00feessa, dynur \u00feessi \u00f3lukka yfir mig, og sj\u00e1! eg dey n\u00fa \u00ed mikilli sorg \u00ed framandi landi.<a name=\"14\"><span class=\"versanumer\">14<\/span><\/a>S\u00ed\u00f0an kalla\u00f0i hann \u00e1 Filippus, einn af vinum s\u00ednum, og setti hann yfir allt sitt r\u00edki;<a name=\"15\"><span class=\"versanumer\">15<\/span><\/a>og f\u00e9kk honum k\u00f3r\u00f3nuna, og yfirh\u00f6fn s\u00edna og fingurgull, a\u00f0 hann skyldi ala upp son hans Antiokus, og f\u00f3stra hann, \u00feartil hann g\u00e6ti teki\u00f0 konungd\u00f3m.<a name=\"16\"><span class=\"versanumer\">16<\/span><\/a>Og Antiokus konungur d\u00f3 \u00fearna \u00e1 149da \u00e1ri <span class='VideyAth'>(r\u00edkisstj\u00f3rnar Grikkja)<\/span>. <br \/><a name=\"17\"><span class=\"versanumer\">17<\/span><\/a>\u00deegar Lys\u00edas fr\u00e9tti, a\u00f0 k\u00f3ngurinn v\u00e6ri dau\u00f0ur, setti hann Antiokus son hans, sem hann haf\u00f0i \u00e1\u00f0ur f\u00f3stra\u00f0, til konungs \u00ed hans sta\u00f0, og nefndi hann Evpator <span class='VideyAth'>(hinn \u00e6ttg\u00f6fga)<\/span>.<a name=\"18\"><span class=\"versanumer\">18<\/span><\/a>\u00deeir sem \u00ed v\u00edginu v\u00f3ru, v\u00f3ru alltaf a\u00f0 kreppa a\u00f0 \u00cdsraelsm\u00f6nnum hringinn \u00ed kringum helgid\u00f3minn, og leitu\u00f0ust vi\u00f0 me\u00f0 \u00f6llu m\u00f3ti a\u00f0 gj\u00f6ra \u00feeim illt, en veittu hei\u00f0ingjum styrk.<a name=\"19\"><span class=\"versanumer\">19<\/span><\/a>J\u00fadas \u00e1setti s\u00e9r a\u00f0 afm\u00e1 \u00fe\u00e1, og stefndi \u00f6llum l\u00fd\u00f0num saman til a\u00f0 setjast um \u00fe\u00e1.<a name=\"20\"><span class=\"versanumer\">20<\/span><\/a>\u00deeir s\u00f6fnu\u00f0ust \u00e1samt, og settust um \u00fe\u00e1 \u00e1 150ta \u00e1ri, og bjuggu til skotvirki og str\u00ed\u00f0sv\u00e9lar m\u00f3ti \u00feeim.<a name=\"21\"><span class=\"versanumer\">21<\/span><\/a>Nokkrir af \u00feeim komust \u00fat \u00far ums\u00e1trinu, og sumir gu\u00f0lausir \u00cdsraelsmenn gj\u00f6r\u00f0ust \u00feeim \u00e1hangandi,<a name=\"22\"><span class=\"versanumer\">22<\/span><\/a>f\u00f3ru \u00feeir \u00e1 konungsfund, og s\u00f6g\u00f0u: hv\u00f6rsu lengi \u00e6tlar \u00fe\u00fa a\u00f0 fresta \u00farskur\u00f0inum, og n\u00e6r hefna br\u00e6\u00f0ra vorra?<a name=\"23\"><span class=\"versanumer\">23<\/span><\/a>Oss ge\u00f0jast vel a\u00f0 \u00fej\u00f3na f\u00f6\u00f0ur \u00fe\u00ednum, a\u00f0 fara eftir \u00fev\u00ed sem hann sag\u00f0i, og fylgja bo\u00f0um hans.<a name=\"24\"><span class=\"versanumer\">24<\/span><\/a>N\u00fa hafa synir \u00fej\u00f3\u00f0ar vorrar sest a\u00f0 \u00ed v\u00edginu, og \u00feess vegna hatast \u00feeir vi\u00f0 oss; j\u00e1, allir af oss sem fundnir ur\u00f0u eru drepnir, og eignum vorum var r\u00e6nt;<a name=\"25\"><span class=\"versanumer\">25<\/span><\/a>og ekki hafa \u00feeir frami\u00f0 ofbeldi \u00e1 oss einungis, heldur einnig \u00e1 \u00f6llum \u00ed landi \u00feeirra.<a name=\"26\"><span class=\"versanumer\">26<\/span><\/a>Og sj\u00e1! \u00ed dag hafa \u00feeir sest um v\u00edgi\u00f0 \u00ed Jer\u00fasalem til a\u00f0 n\u00e1 \u00fev\u00ed, og \u00feeir hafa v\u00edggirt helgid\u00f3minn, og Bets\u00faru;<a name=\"27\"><span class=\"versanumer\">27<\/span><\/a>og takir \u00fe\u00fa ekki skj\u00f3tt ofan \u00ed baki\u00f0 \u00e1 \u00feeim, munu \u00feeir a\u00f0hafast meira enn \u00feetta, og munt \u00fe\u00fa \u00fe\u00e1 ekki f\u00e1 vi\u00f0 \u00fe\u00e1 r\u00e1\u00f0i\u00f0.<a name=\"28\"><span class=\"versanumer\">28<\/span><\/a>\u00deegar konungur heyr\u00f0i \u00feetta, reiddist hann, og safna\u00f0i \u00f6llum vinum s\u00ednum og hersh\u00f6f\u00f0ingjum, og yfirm\u00f6nnum riddarali\u00f0sins;<a name=\"29\"><span class=\"versanumer\">29<\/span><\/a>og \u00far \u00f6\u00f0rum k\u00f3ngsr\u00edkjum, og fr\u00e1 eyjunum \u00ed hafinu kom leiguher til hans.<a name=\"30\"><span class=\"versanumer\">30<\/span><\/a>Herli\u00f0 hans var a\u00f0 t\u00f6lu: hundra\u00f0 \u00fe\u00fasundir f\u00f3tg\u00f6nguli\u00f0s, og tuttugu \u00fe\u00fasundir riddarali\u00f0s, og \u00ferj\u00e1t\u00edu og tveir hervanir f\u00edlar.<a name=\"31\"><span class=\"versanumer\">31<\/span><\/a>\u00deeir f\u00f3ru gegnum Id\u00fameu, og settu herb\u00fa\u00f0ir vi\u00f0 Bets\u00faru, og herju\u00f0u \u00e1 hana \u00ed marga daga, og bjuggu til str\u00ed\u00f0sv\u00e9lar, en hinir f\u00f3ru \u00fat, og brenndu \u00fe\u00e6r \u00ed eldi, og b\u00f6r\u00f0ust karlmannlega. <br \/><a name=\"32\"><span class=\"versanumer\">32<\/span><\/a>\u00de\u00e1 t\u00f3k J\u00fadas sig upp fr\u00e1 v\u00edginu, og setti herb\u00fa\u00f0ir vi\u00f0 Betsakar\u00eda gegnt herb\u00fa\u00f0um k\u00f3ngsins.<a name=\"33\"><span class=\"versanumer\">33<\/span><\/a>En k\u00f3ngurinn t\u00f3k sig snemma upp um morguninn, og f\u00f3r me\u00f0 herinn \u00ed skyndi \u00e1 lei\u00f0 til Betsakar\u00eda, og li\u00f0i\u00f0 bj\u00f3st til bardaga, og bl\u00e9s \u00ed l\u00fa\u00f0ra.<a name=\"34\"><span class=\"versanumer\">34<\/span><\/a>\u00deeir s\u00fdndu f\u00edlunum v\u00edn\u00fer\u00fagna og m\u00f3rberjal\u00f6g, til a\u00f0 koma \u00feeim fram \u00ed str\u00ed\u00f0i\u00f0.<a name=\"35\"><span class=\"versanumer\">35<\/span><\/a>\u00deeir skiptu d\u00fdrunum <span class='VideyAth'>(f\u00edlunum)<\/span> \u00e1 fylkingarnar, og l\u00e9tu hv\u00f6rjum f\u00edli fylgja \u00fe\u00fasund menn \u00ed hringabrynjum, og me\u00f0 koparhj\u00e1lma \u00e1 h\u00f6f\u00f0um, og fimm hundru\u00f0 \u00fatvaldra riddara v\u00f3ru skipu\u00f0 hv\u00f6rju d\u00fdri.<a name=\"36\"><span class=\"versanumer\">36<\/span><\/a>\u00deeir h\u00f6gu\u00f0u s\u00e9r eftir kringumst\u00e6\u00f0unum, hvar sem d\u00fdri\u00f0 var, \u00fear v\u00f3ru \u00feeir, og hv\u00f6rt sem \u00fea\u00f0 f\u00f3r, \u00fe\u00e1 fylgdust \u00feeir me\u00f0, og yfirg\u00e1fu \u00fea\u00f0 ekki.<a name=\"37\"><span class=\"versanumer\">37<\/span><\/a>Og sterkir tr\u00e9turnar v\u00f3ru \u00e1 \u00feeim tjalda\u00f0ir \u00e1 hv\u00f6rju d\u00fdri, girtir \u00e1 \u00feau me\u00f0 tilb\u00faningi; \u00ed hv\u00f6rjum turni v\u00f3ru \u00ferj\u00e1t\u00edu og tveir hermenn, og bl\u00e1ma\u00f0urinn sem st\u00fdr\u00f0i f\u00edlnum.<a name=\"38\"><span class=\"versanumer\">38<\/span><\/a>\u00dea\u00f0 sem afgangs var af riddarali\u00f0inu settu \u00feeir h\u00e9r og hvar beggjamegin vi\u00f0 herinn, skyldu \u00feeir <span class='VideyAth'>(riddararnir)<\/span> eggja li\u00f0i\u00f0, og hl\u00edfa fylkingunum.<a name=\"39\"><span class=\"versanumer\">39<\/span><\/a>En \u00feegar s\u00f3lin skein \u00e1 hina gullnu og eirslegnu skyldi, \u00fe\u00e1 leiftru\u00f0u fj\u00f6llin af \u00feeim, og skinu eins og logandi blys.<a name=\"40\"><span class=\"versanumer\">40<\/span><\/a>Nokkur hluti af li\u00f0i k\u00f3ngsins breiddi sig upp um h\u00e1 fj\u00f6ll, en nokkur hluti um l\u00e1glendi\u00f0, komust \u00feeir \u00e1fram me\u00f0 g\u00e6tni og \u00ed g\u00f3\u00f0ri skipun.<a name=\"41\"><span class=\"versanumer\">41<\/span><\/a>Og allir skulfu sem heyr\u00f0u hlj\u00f3\u00f0in \u00far \u00fev\u00edl\u00edkum fj\u00f6lda, og af fer\u00f0alagi \u00feessa gr\u00faa, og vopnabrakinu, \u00fev\u00ed herinn var n\u00e6sta mikill og voldugur.<a name=\"42\"><span class=\"versanumer\">42<\/span><\/a>J\u00fadas n\u00e1lga\u00f0ist, og her hans, til atl\u00f6gu, og f\u00e9llu sex hundru\u00f0 menn af li\u00f0i konungs.<a name=\"43\"><span class=\"versanumer\">43<\/span><\/a>En Eleasar Savaran s\u00e1 eitt af d\u00fdrunum, a\u00f0 \u00fea\u00f0 var b\u00fai\u00f0 konunglegri brynju, og bar af \u00f6llum d\u00fdrunum, og s\u00fdndist honum a\u00f0 konungurinn v\u00e6ri \u00e1 \u00fev\u00ed.<a name=\"44\"><span class=\"versanumer\">44<\/span><\/a>Hann gaf sig \u00fe\u00e1 \u00fat, til a\u00f0 frelsa \u00fej\u00f3\u00f0 s\u00edna, og afla s\u00e9r \u00e6varandi fr\u00e6g\u00f0ar.<a name=\"45\"><span class=\"versanumer\">45<\/span><\/a>\u00d3\u00f0 hann a\u00f0 \u00fev\u00ed <span class='VideyAth'>(d\u00fdrinu)<\/span> djarflega \u00fat \u00ed mi\u00f0ja fylkinguna, og drap \u00e1 h\u00e6gri og vinstri hli\u00f0; hrukku \u00feeir fyrir honum til beggja handa.<a name=\"46\"><span class=\"versanumer\">46<\/span><\/a>Hann smaug undir f\u00edlinn, og settist undir hann, lag\u00f0i hann, en hann hn\u00e9 til jar\u00f0ar ofan \u00e1 hann, og d\u00f3 hann \u00fear.<a name=\"47\"><span class=\"versanumer\">47<\/span><\/a>\u00deegar \u00feeir s\u00e1u li\u00f0safla k\u00f3ngsins, og a\u00f0farir hersins, viku \u00feeir fr\u00e1 \u00feeim.<a name=\"48\"><span class=\"versanumer\">48<\/span><\/a>En k\u00f3ngsins hermenn h\u00e9ldu \u00e1fram, og \u00e6tlu\u00f0u a\u00f0 m\u00e6ta \u00feeim \u00ed Jer\u00fasalem, og k\u00f3ngurinn f\u00f3r me\u00f0 herinn til J\u00fadeu og til S\u00edonsfjalls.<a name=\"49\"><span class=\"versanumer\">49<\/span><\/a>Hann samdi fri\u00f0 vi\u00f0 innb\u00faana \u00ed Bets\u00faru, og f\u00f3ru \u00feeir \u00fat \u00far borginni, \u00fev\u00ed \u00feeir h\u00f6f\u00f0u \u00fear ekki vi\u00f0urv\u00e6ri, til a\u00f0 geta veri\u00f0 \u00ed henni, \u00fev\u00ed \u00fe\u00e1 var hv\u00edldar\u00e1r landsins.<a name=\"50\"><span class=\"versanumer\">50<\/span><\/a>En k\u00f3ngurinn t\u00f3k Bets\u00faru, og setti \u00fear setuli\u00f0 til a\u00f0 g\u00e6ta hennar.<a name=\"51\"><span class=\"versanumer\">51<\/span><\/a>Hann herja\u00f0i \u00e1 helgid\u00f3minn \u00ed marga daga, reisti \u00fear skotvirki og str\u00ed\u00f0sv\u00e9lar, eldskeyti, grj\u00f3tsk\u00e1la, og p\u00edluskotvirki til a\u00f0 skj\u00f3ta af, og sl\u00f6ngur.<a name=\"52\"><span class=\"versanumer\">52<\/span><\/a>Hinir gj\u00f6r\u00f0u s\u00e9r l\u00edka hervirki \u00e1 m\u00f3ti \u00feeirra hervirkjum, og b\u00f6r\u00f0ust \u00ed marga daga.<a name=\"53\"><span class=\"versanumer\">53<\/span><\/a>En \u00feeir h\u00f6f\u00f0u ekki matv\u00e6li <span class='VideyAth'>(innanborgar)<\/span> \u00ed \u00edl\u00e1tunum, af \u00fev\u00ed a\u00f0 sj\u00f6unda \u00e1ri\u00f0 var, og \u00feeir, sem sloppi\u00f0 h\u00f6f\u00f0u fr\u00e1 hei\u00f0ingjunum og komist \u00ed J\u00fadeu, h\u00f6f\u00f0u loki\u00f0 \u00fev\u00ed sem eftir var af for\u00f0anum.<a name=\"54\"><span class=\"versanumer\">54<\/span><\/a>Og f\u00e1einir menn ur\u00f0u eftir \u00ed helgid\u00f3minum, \u00fev\u00ed hungri\u00f0 bar \u00fe\u00e1 ofurli\u00f0i, og tv\u00edstru\u00f0ust \u00feeir hv\u00f6r heim til s\u00edn. <br \/><a name=\"55\"><span class=\"versanumer\">55<\/span><\/a>N\u00fa fr\u00e9tti Lys\u00edas, a\u00f0 Filippus, hv\u00f6rn Ant\u00edokus konungur \u00ed lifanda l\u00edfi haf\u00f0i kj\u00f6ri\u00f0 til a\u00f0 f\u00f3stra son sinn Ant\u00edokus, \u00feanga\u00f0 til hann t\u00e6ki vi\u00f0 k\u00f3ngsstj\u00f3rninni,<a name=\"56\"><span class=\"versanumer\">56<\/span><\/a>v\u00e6ri kominn aftur fr\u00e1 Pers\u00edu og Med\u00edu, og li\u00f0 k\u00f3ngsins sem me\u00f0 honum haf\u00f0i fari\u00f0, og a\u00f0 hann <span class='VideyAth'>(Filippus)<\/span> vildi n\u00e1 stj\u00f3rnarr\u00e1\u00f0um.<a name=\"57\"><span class=\"versanumer\">57<\/span><\/a>\u00de\u00e1 fl\u00fdtti hann s\u00e9r burt, og sag\u00f0i vi\u00f0 k\u00f3nginn og li\u00f0sforingjana, og <span class='VideyAth'>(heldri)<\/span> mennina: v\u00e9r vanmegnumst daglega, h\u00f6fum l\u00edti\u00f0 til f\u00e6\u00f0u, og sta\u00f0urinn sem v\u00e9r sitjum um, er v\u00edggirtur, og r\u00edkisins nau\u00f0synjar hv\u00edla \u00e1 oss.<a name=\"58\"><span class=\"versanumer\">58<\/span><\/a>L\u00e1tum oss \u00fev\u00ed bj\u00f3\u00f0a \u00feessum m\u00f6nnum hands\u00f6l, og gj\u00f6rum fri\u00f0 vi\u00f0 \u00fe\u00e1, og alla \u00feeirra \u00fej\u00f3\u00f0;<a name=\"59\"><span class=\"versanumer\">59<\/span><\/a>og gj\u00f6rum \u00feeim kost \u00e1, a\u00f0 fara eftir lagareglum \u00feeirra, eins og \u00e1\u00f0ur, \u00fev\u00ed s\u00f6kum setninga sinna, er v\u00e9r vildum \u00f3n\u00fdta, ur\u00f0u \u00feeir rei\u00f0ir og a\u00f0h\u00f6f\u00f0ust allt \u00feetta.<a name=\"60\"><span class=\"versanumer\">60<\/span><\/a>\u00deessi r\u00e6\u00f0a ge\u00f0ja\u00f0ist konungi vel og h\u00f6f\u00f0ingjunum, sendi hann \u00e1 \u00feeirra fund til a\u00f0 bj\u00f3\u00f0a fri\u00f0, og t\u00f3ku \u00feeir \u00fev\u00ed vel.<a name=\"61\"><span class=\"versanumer\">61<\/span><\/a>K\u00f3ngurinn og h\u00f6f\u00f0ingjarnir unnu \u00feeim ei\u00f0a, s\u00ed\u00f0an f\u00f3ru \u00feeir \u00fat \u00far v\u00edginu.<a name=\"62\"><span class=\"versanumer\">62<\/span><\/a>K\u00f3ngurinn f\u00f3r upp \u00e1 S\u00edonsfjall, og s\u00e1 sta\u00f0arv\u00edgi\u00f0; \u00fe\u00e1 rauf hann ei\u00f0inn sem hann haf\u00f0i unni\u00f0, og skipa\u00f0i a\u00f0 r\u00edfa ni\u00f0ur m\u00farinn hringinn \u00ed kring.<a name=\"63\"><span class=\"versanumer\">63<\/span><\/a>S\u00ed\u00f0an f\u00f3r hann \u00fea\u00f0an \u00ed skyndi, og sneri til Ant\u00edok\u00edu, og hitti svo \u00e1, a\u00f0 Filippus var sestur a\u00f0 v\u00f6ldum \u00ed borginni, bar\u00f0ist hann vi\u00f0 hann, og t\u00f3k borgina me\u00f0 ofbeldi.<\/p>\n<div class=\"footnoteVidey\"><\/div>\n","protected":false},"excerpt":{"rendered":"<p>Dau\u00f0i Ant\u00edokuss g\u00f6fga. Bardagi Gy\u00f0inga vi\u00f0 Ant\u00edokus \u00e6ttg\u00f6fga (Evpator). 1\u00c1 me\u00f0an Ant\u00edokus konungur var \u00e1 fer\u00f0 um uppl\u00f6ndin, fr\u00e9tti hann a\u00f0 \u00ed Pers\u00edu v\u00e6ri Elymais, or\u00f0l\u00f6g\u00f0 borg fyrir au\u00f0\u00e6fi, silfur og gull,2og a\u00f0 horfi\u00f0 \u00fear v\u00e6ri harla au\u00f0ugt og v\u00e6ru \u00fear gylltar hl\u00edfar, og brynjur og vopn sem Alexander Filippusson Maked\u00f3nakonungur, hef\u00f0i skili\u00f0 \u00fear eftir, hann, sem fyrst var konungur me\u00f0al Grikkja.3Hann (Antiokus) kom og leita\u00f0ist vi\u00f0 a\u00f0 taka borgina, og r\u00e6na hana, en gat \u00fea\u00f0 ekki, \u00fev\u00ed \u00feessi \u00e1setningur var or\u00f0inn kunnur b\u00e6jarm\u00f6nnum.4Risu \u00feeir m\u00f3ti honum til str\u00ed\u00f0s, en hann fl\u00fa\u00f0i, og f\u00f3r \u00fea\u00f0an me\u00f0 mikilli hrygg\u00f0, og \u00e6tla\u00f0i <a href=\"https:\/\/biblian.is\/videy\/fyrsta-makkabeabok-6-kafli\/\"> [&#8230;]<\/a><\/p>\n","protected":false},"author":1,"featured_media":0,"parent":0,"menu_order":0,"comment_status":"open","ping_status":"open","template":"bibliukaflar.php","meta":{"footnotes":""},"class_list":["post-22160","page","type-page","status-publish","hentry"],"_links":{"self":[{"href":"https:\/\/biblian.is\/videy\/wp-json\/wp\/v2\/pages\/22160","targetHints":{"allow":["GET"]}}],"collection":[{"href":"https:\/\/biblian.is\/videy\/wp-json\/wp\/v2\/pages"}],"about":[{"href":"https:\/\/biblian.is\/videy\/wp-json\/wp\/v2\/types\/page"}],"author":[{"embeddable":true,"href":"https:\/\/biblian.is\/videy\/wp-json\/wp\/v2\/users\/1"}],"replies":[{"embeddable":true,"href":"https:\/\/biblian.is\/videy\/wp-json\/wp\/v2\/comments?post=22160"}],"version-history":[{"count":0,"href":"https:\/\/biblian.is\/videy\/wp-json\/wp\/v2\/pages\/22160\/revisions"}],"wp:attachment":[{"href":"https:\/\/biblian.is\/videy\/wp-json\/wp\/v2\/media?parent=22160"}],"curies":[{"name":"wp","href":"https:\/\/api.w.org\/{rel}","templated":true}]}}