{"id":22159,"date":"2018-01-02T01:05:51","date_gmt":"2018-01-02T01:05:51","guid":{"rendered":"http:\/\/biblian.is\/videy\/fyrsta-makkabeabok-5-kafli\/"},"modified":"2018-01-02T01:05:51","modified_gmt":"2018-01-02T01:05:51","slug":"fyrsta-makkabeabok-5-kafli","status":"publish","type":"page","link":"https:\/\/biblian.is\/videy\/fyrsta-makkabeabok-5-kafli\/","title":{"rendered":"Fyrsta Makkabeab\u00f3k 5. kafli"},"content":{"rendered":"<div class=\"fyrirsognVidey\">Orrustur br\u00e6\u00f0ranna J\u00fadasar, J\u00f3natans og S\u00edmonar vi\u00f0 \u00fdmsar \u00fej\u00f3\u00f0ir. \u00d3sigur J\u00f3seps og Asariass.<\/div>\n<p><a name=\"1\"><span class=\"versanumer\">1<\/span><\/a>Svo bar til, a\u00f0 \u00feegar hei\u00f0ingjarnir allt \u00ed kring fr\u00e9ttu, a\u00f0 b\u00fai\u00f0 v\u00e6ri a\u00f0 byggja altari\u00f0, og v\u00edgja helgid\u00f3minn eins og \u00e1\u00f0ur, \u00fe\u00e1 ur\u00f0u \u00feeir afar rei\u00f0ir,<a name=\"2\"><span class=\"versanumer\">2<\/span><\/a>og r\u00e1\u00f0gj\u00f6r\u00f0u a\u00f0 afm\u00e1 Jakobs\u00e6tt, \u00fe\u00e1 sem v\u00f3ru mitt \u00e1 me\u00f0al \u00feeirra, og f\u00f3ru a\u00f0 myr\u00f0a og afm\u00e1 <span class='VideyAth'>(\u00fe\u00e1)<\/span> me\u00f0al f\u00f3lksins.<a name=\"3\"><span class=\"versanumer\">3<\/span><\/a>J\u00fadas bar\u00f0ist vi\u00f0 Esa\u00fani\u00f0ja \u00ed Akrabattine \u00ed Id\u00fameu, \u00fev\u00ed \u00feeir h\u00f6f\u00f0u umkringt \u00cdsraelsmenn; vann hann \u00feeim st\u00f3rtj\u00f3n, sigra\u00f0i \u00fe\u00e1, og r\u00e6nti fr\u00e1 \u00feeim herfangi.<a name=\"4\"><span class=\"versanumer\">4<\/span><\/a>Hann minntist illsku Beansni\u00f0ja, sem h\u00f6f\u00f0u veri\u00f0 f\u00f3lkinu til t\u00e1ls og \u00e1steytingar, er \u00feeir s\u00e1tu um \u00fea\u00f0 vi\u00f0 vegina.<a name=\"5\"><span class=\"versanumer\">5<\/span><\/a>Hann hneppti \u00fe\u00e1 inn \u00ed turna, og f\u00f3r me\u00f0 her \u00e1 m\u00f3ti \u00feeim, bannf\u00e6r\u00f0i <span class='VideyAth'>(afm\u00e1\u00f0i)<\/span> \u00fe\u00e1, og brenndi turna \u00feeirra \u00ed bj\u00f6rtu b\u00e1li, me\u00f0 \u00f6llum sem \u00ed \u00feeim v\u00f3ru.<a name=\"6\"><span class=\"versanumer\">6<\/span><\/a>S\u00ed\u00f0an h\u00e9lt hann \u00e1fram til Ammonsni\u00f0ja, fann \u00fear mikinn her og fj\u00f6lda f\u00f3lks, h\u00e9t T\u00edmoteus foringi \u00feeirra;<a name=\"7\"><span class=\"versanumer\">7<\/span><\/a>\u00e1tti hann <span class='VideyAth'>(J\u00fadas)<\/span> vi\u00f0 \u00fe\u00e1 margar orrustur, og bi\u00f0u \u00feeir \u00f3sigur fyrir honum, \u00fev\u00ed hann vann \u00fe\u00e1.<a name=\"8\"><span class=\"versanumer\">8<\/span><\/a>Hann t\u00f3k borgina Jaser, og d\u00e6tur hennar <span class='VideyAth'>(sta\u00f0ina \u00fear \u00ed kring)<\/span>, og f\u00f3r s\u00ed\u00f0an aftur til J\u00fadeu.<a name=\"9\"><span class=\"versanumer\">9<\/span><\/a>Hei\u00f0ingjarnir, sem v\u00f3ru \u00ed Galaad s\u00f6fnu\u00f0ust m\u00f3ti \u00cdsraelsm\u00f6nnum, sem v\u00f3ru \u00ed landi \u00feeirra til a\u00f0 afm\u00e1 \u00feeirra, en \u00feeir fl\u00fa\u00f0u \u00ed v\u00edgi\u00f0 Datema.<a name=\"10\"><span class=\"versanumer\">10<\/span><\/a>\u00de\u00e1 skrifu\u00f0u \u00feeir J\u00fadasi og br\u00e6\u00f0rum hans svohlj\u00f3\u00f0andi br\u00e9f: \u201ehei\u00f0ingjarnir, sem b\u00faa allt \u00ed kringum oss, hafa safnast m\u00f3ti oss, til a\u00f0 afm\u00e1 oss.<a name=\"11\"><span class=\"versanumer\">11<\/span><\/a>Og \u00feeir eru \u00ed tilb\u00faningi a\u00f0 koma og taka v\u00edggir\u00f0inguna, sem v\u00e9r fl\u00fa\u00f0um \u00ed, og T\u00edm\u00f3teus er li\u00f0sforingi \u00feeirra.<a name=\"12\"><span class=\"versanumer\">12<\/span><\/a>Kom \u00fe\u00fa \u00fev\u00ed, og hr\u00edf oss \u00far h\u00f6ndum \u00feeirra, \u00fev\u00ed fj\u00f6ldi er fallinn af oss.<a name=\"13\"><span class=\"versanumer\">13<\/span><\/a>Og allir br\u00e6\u00f0ur vorir, sem voru \u00ed Tob\u00ed, eru myrtir; \u00feeir hafa herteki\u00f0 konur \u00feeirra og b\u00f6rn, og g\u00f3ss, og drepi\u00f0 \u00fear allt a\u00f0 \u00fev\u00ed \u00fe\u00fasund manns\u201c.<a name=\"14\"><span class=\"versanumer\">14<\/span><\/a>\u00c1 me\u00f0an var a\u00f0 lesa br\u00e9fin, komu a\u00f0rir sendimenn fr\u00e1 Gal\u00edleu, \u00ed rifnum kl\u00e6\u00f0um, og b\u00e1ru s\u00f6guna \u00e1 \u00fe\u00e1 lei\u00f0:<a name=\"15\"><span class=\"versanumer\">15<\/span><\/a>s\u00f6g\u00f0u, a\u00f0 <span class='VideyAth'>(hei\u00f0ingjar)<\/span> h\u00f6f\u00f0u safnast m\u00f3ti \u00feeim fr\u00e1 T\u00f3l\u00f3meu, T\u00fdrus og S\u00eddon og \u00f6llum \u00feeim hluta Gal\u00edleu, sem \u00fatlendingar bygg\u00f0u, til a\u00f0 afm\u00e1 \u00fe\u00e1.<a name=\"16\"><span class=\"versanumer\">16<\/span><\/a>En \u00feegar J\u00fadas og f\u00f3lki\u00f0 heyr\u00f0i \u00feessar fr\u00e9ttir, \u00fe\u00e1 var stefnd fj\u00f6lmenn samkoma, til a\u00f0 r\u00e1\u00f0gast um, hva\u00f0 \u00feeir \u00e6ttu a\u00f0 gj\u00f6ra vi\u00f0 br\u00e6\u00f0ur s\u00edna, sem nau\u00f0staddir v\u00f3ru, og \u00e1s\u00f3ttir af \u00feeim <span class='VideyAth'>(hei\u00f0ingjunum)<\/span>.<a name=\"17\"><span class=\"versanumer\">17<\/span><\/a>\u00de\u00e1 sag\u00f0i J\u00fadas vi\u00f0 S\u00edmon br\u00f3\u00f0ur sinn: veldu sj\u00e1lfum \u00fe\u00e9r menn, og far\u00f0u og bjarga\u00f0u br\u00e6\u00f0rum vorum \u00ed Gal\u00edleu, en eg, og J\u00f3natan br\u00f3\u00f0ir minn, munum fara til Galaaditis <span class='VideyAth'>(G\u00edlea\u00f0)<\/span>.<a name=\"18\"><span class=\"versanumer\">18<\/span><\/a>Hann skildi eftir \u00ed J\u00fadeu J\u00f3sep Sakar\u00edasarson, og Asar\u00edas, svo sem fyrirli\u00f0a f\u00f3lksins, \u00e1samt \u00feeim sem hann l\u00e9t vera eftir af li\u00f0inu, til a\u00f0 g\u00e6ta \u00feeirra.<a name=\"19\"><span class=\"versanumer\">19<\/span><\/a>Hann bau\u00f0 \u00feeim, og sag\u00f0i: veri\u00f0 hj\u00e1 f\u00f3lkinu, og leggi\u00f0 ekki til orrustu vi\u00f0 hei\u00f0ingjana fyrri en v\u00e9r komum aftur.<a name=\"20\"><span class=\"versanumer\">20<\/span><\/a>S\u00edmoni \u00fathlutu\u00f0ust \u00ferj\u00fa \u00fe\u00fasund manns til a\u00f0 fara me\u00f0 \u00ed Gal\u00edleu, en J\u00fadasi \u00e1tta \u00fe\u00fasund manns <span class='VideyAth'>(til a\u00f0 fara me\u00f0)<\/span> til Galaaditis.<a name=\"21\"><span class=\"versanumer\">21<\/span><\/a>S\u00edmon f\u00f3r til Gal\u00edleu, \u00e1tti margar orrustur vi\u00f0 hei\u00f0ingjana, og bi\u00f0u hei\u00f0ingjar \u00f3sigur fyrir honum,<a name=\"22\"><span class=\"versanumer\">22<\/span><\/a>elti hann \u00fe\u00e1 allt a\u00f0 T\u00f3l\u00f3meu hli\u00f0um, f\u00e9llu h\u00e9rum \u00ferj\u00fa \u00fe\u00fasund manns af hei\u00f0ingjunum, f\u00e9llu h\u00e9r um \u00ferj\u00fa \u00fe\u00fasund manns af hei\u00f0ingjunum, og t\u00f3k hann herfang af \u00feeim.<a name=\"23\"><span class=\"versanumer\">23<\/span><\/a>Hann t\u00f3k me\u00f0 s\u00e9r \u00fe\u00e1 sem v\u00f3ru \u00ed Gal\u00edleu og \u00ed Arbattis, \u00e1samt konum \u00feeirra og b\u00f6rnum, og \u00f6llu sem \u00feeir \u00e1ttu, og flutti til J\u00fadeu me\u00f0 miklum f\u00f6gnu\u00f0i.<a name=\"24\"><span class=\"versanumer\">24<\/span><\/a>En J\u00fadas Makkabeus og J\u00f3natan br\u00f3\u00f0ir hans f\u00f3ru yfirum J\u00f3rdan, og fer\u00f0u\u00f0ust \u00ferj\u00e1r daglei\u00f0ir \u00ed \u00f3bygg\u00f0um;<a name=\"25\"><span class=\"versanumer\">25<\/span><\/a>m\u00e6ttu \u00feeir Nabateum, er t\u00f3ku \u00feeim vel, og s\u00f6g\u00f0u \u00feeim fr\u00e1 \u00f6llu, sem drifi\u00f0 haf\u00f0i \u00e1 dagana fyrir br\u00e6\u00f0rum \u00feeirra \u00ed Galaaditis,<a name=\"26\"><span class=\"versanumer\">26<\/span><\/a>og a\u00f0 margir af \u00feeim v\u00e6ru herteknir <span class='VideyAth'>(og fluttir)<\/span> til Bossora og Bosra, Alema, Kass\u00f3n, Maked og Karnaim; allar v\u00f3ru \u00feessar borgir st\u00f3rar og v\u00edggirtar,<a name=\"27\"><span class=\"versanumer\">27<\/span><\/a>og a\u00f0 l\u00edka v\u00e6ru herteknir menn \u00ed hinum \u00f6\u00f0rum borgum \u00ed Galaaditis, og a\u00f0 \u00feeir <span class='VideyAth'>(hei\u00f0ingjarnir)<\/span> v\u00e6ru rei\u00f0ub\u00fanir til a\u00f0 r\u00e1\u00f0gast \u00e1 v\u00edggir\u00f0inguna a\u00f0 morgni, og taka v\u00edgi\u00f0, og afm\u00e1 \u00fe\u00e1 alla \u00e1 einum degi.<a name=\"28\"><span class=\"versanumer\">28<\/span><\/a>\u00de\u00e1 br\u00e1 J\u00fadas vi\u00f0 og li\u00f0 hans, og f\u00f3ru til baka \u00f3bygg\u00f0irnar til Bosra, t\u00f3k hann borgina, og drap allt karlkyns me\u00f0 bitru sver\u00f0i, t\u00f3k allt f\u00e9 \u00feeirra a\u00f0 herfangi, og brenndi hana <span class='VideyAth'>(borgina)<\/span> \u00ed eldi.<a name=\"29\"><span class=\"versanumer\">29<\/span><\/a>\u00dea\u00f0an f\u00f3r hann um n\u00f3ttina, og h\u00e9lt \u00e1fram a\u00f0 v\u00edginu.<a name=\"30\"><span class=\"versanumer\">30<\/span><\/a>En \u00feegar morgna\u00f0i litu \u00feeir upp, og sj\u00e1! \u00fear var margt f\u00f3lk, \u00f3teljandi; \u00feeir b\u00e1ru stiga, og str\u00ed\u00f0sv\u00e9lar til a\u00f0 n\u00e1 v\u00edginu, og r\u00e9\u00f0ust \u00e1 \u00fe\u00e1 <span class='VideyAth'>(sem \u00ed \u00fev\u00ed v\u00f3ru)<\/span>.<a name=\"31\"><span class=\"versanumer\">31<\/span><\/a>J\u00fadas s\u00e1, a\u00f0 str\u00ed\u00f0i\u00f0 var byrja\u00f0, og \u00f3pi\u00f0 \u00ed borginni t\u00f3k til himins af l\u00fa\u00f0runum og \u00f3hlj\u00f3\u00f0unum,<a name=\"32\"><span class=\"versanumer\">32<\/span><\/a>\u00fe\u00e1 sag\u00f0i hann vi\u00f0 hermenn s\u00edna: berjist \u00ed dag fyrir br\u00e6\u00f0ur y\u00f0ar.<a name=\"33\"><span class=\"versanumer\">33<\/span><\/a>Hann f\u00f3r me\u00f0 \u00ferj\u00e1 flokka a\u00f0 baki \u00feeim, bl\u00e9su \u00feeir \u00ed l\u00fa\u00f0ra, og hr\u00f3pu\u00f0u bi\u00f0jandi.<a name=\"34\"><span class=\"versanumer\">34<\/span><\/a>T\u00edm\u00f3teusar li\u00f0 var\u00f0 vart vi\u00f0, a\u00f0 Makkabeus var kominn, fl\u00fd\u00f0u \u00feeir \u00fe\u00e1 fyrir honum, en hann l\u00e9k \u00fe\u00e1 hart, og f\u00e9llu af \u00feeim \u00e1 \u00feessum degi vi\u00f0 \u00e1tta \u00fe\u00fasund manns.<a name=\"35\"><span class=\"versanumer\">35<\/span><\/a>\u00dea\u00f0an f\u00f3r hann til Massa, herja\u00f0i \u00e1 hana, n\u00e1\u00f0i henni og drap allt karlkyns \u00ed henni, f\u00e9fletti hana og brenndi \u00ed eldi.<a name=\"36\"><span class=\"versanumer\">36<\/span><\/a>S\u00ed\u00f0an f\u00f3r hann, t\u00f3k Kasf\u00f3n, Maked, Bosor, og hinar borgirnar \u00ed Galaaditis. <br \/><a name=\"37\"><span class=\"versanumer\">37<\/span><\/a>En eftir \u00feessa atbur\u00f0i safna\u00f0i T\u00edm\u00f3teus \u00f6\u00f0rum her, og setti herb\u00fa\u00f0ir gegnt Raf\u00f3n, hinumegin vi\u00f0 \u00e1na.<a name=\"38\"><span class=\"versanumer\">38<\/span><\/a>\u00de\u00e1 sendi J\u00fadas menn, til a\u00f0 skyggnast um herb\u00fa\u00f0irnar; \u00feeir kunngj\u00f6r\u00f0u honum, og s\u00f6g\u00f0u: allir hei\u00f0ingjar umhverfis oss hafa safnast a\u00f0 \u00feeim, er \u00fea\u00f0 \u00f3grynni hers;<a name=\"39\"><span class=\"versanumer\">39<\/span><\/a>og \u00feeir hafa leigt arabiska s\u00e9r til hj\u00e1lpar, og sett herb\u00fa\u00f0ir hinumegin vi\u00f0 \u00e1na, rei\u00f0ub\u00fanir til a\u00f0 fara m\u00f3ti \u00fe\u00e9r til str\u00ed\u00f0s; f\u00f3r J\u00fadas m\u00f3ti \u00feeim.<a name=\"40\"><span class=\"versanumer\">40<\/span><\/a>T\u00edm\u00f3teus sag\u00f0i vi\u00f0 li\u00f0sforingja s\u00edna: \u00feegar J\u00fadas og li\u00f0 hans kemur a\u00f0 \u00e1nni, ver\u00f0ur hann \u00fe\u00e1 fyrri til a\u00f0 fara yfirum til vor, \u00fe\u00e1 munum v\u00e9r ekki f\u00e1 sta\u00f0ist fyrir honum, heldur mun hann bera oss ofurli\u00f0i;<a name=\"41\"><span class=\"versanumer\">41<\/span><\/a>en ver\u00f0i hann ragur og setji herb\u00fa\u00f0ir hinumegin vi\u00f0 flj\u00f3ti\u00f0, \u00fe\u00e1 skulum v\u00e9r fara yfirum til hans, og mun oss \u00fe\u00e1 veita betur.<a name=\"42\"><span class=\"versanumer\">42<\/span><\/a>En \u00feegar J\u00fadas kom a\u00f0 vatnsfallinu, setti hann hina skriftl\u00e6r\u00f0u af f\u00f3lkinu vi\u00f0 \u00e1na, bau\u00f0 \u00feeim, og sag\u00f0i: l\u00ed\u00f0i\u00f0 engum manni a\u00f0 tjalda, \u00fev\u00ed \u00feeir ver\u00f0a allir a\u00f0 koma til str\u00ed\u00f0sins.<a name=\"43\"><span class=\"versanumer\">43<\/span><\/a>F\u00f3r hann svo fyrstur yfirum til \u00feeirra, og allt f\u00f3lki\u00f0 \u00e1 eftir honum, og allir hei\u00f0ingjarnir tv\u00edstru\u00f0ust fyrir honum, fleyg\u00f0u vopnum og fl\u00fd\u00f0u til hofsins \u00ed Karnaim.<a name=\"44\"><span class=\"versanumer\">44<\/span><\/a>Hann <span class='VideyAth'>(J\u00fadas)<\/span> t\u00f3k borgina, og brenndu \u00feeir hofi\u00f0 \u00ed eldi me\u00f0 \u00f6llu \u00fev\u00ed sem \u00ed \u00fev\u00ed var, Karnaim var ey\u00f0il\u00f6g\u00f0, og s\u00ed\u00f0an g\u00e1tu \u00feeir ekki varist fyrir J\u00fadasi.<a name=\"45\"><span class=\"versanumer\">45<\/span><\/a>S\u00ed\u00f0an safna\u00f0i J\u00fadas \u00f6llum \u00cdsraelsm\u00f6nnum, sem v\u00f3ru \u00ed Galaadatis, sm\u00e1um og st\u00f3rum, konum \u00feeirra, b\u00f6rnum og farangri, mesta mannfj\u00f6lda, til a\u00f0 fara til J\u00fadeulands.<a name=\"46\"><span class=\"versanumer\">46<\/span><\/a>\u00deeir komu til Ef\u00f3ron, \u00fea\u00f0 var st\u00f3r borg og vel v\u00edggirt, l\u00e1 h\u00fan r\u00e9tt fyrir veginum inn \u00ed landi\u00f0 og var \u00f3m\u00f6gulegt a\u00f0 v\u00edkja fr\u00e1 henni til h\u00e6gri handar, e\u00f0ur vinstri, heldur var\u00f0 a\u00f0 fara mitt \u00ed gegnum hana.<a name=\"47\"><span class=\"versanumer\">47<\/span><\/a>B\u00e6jarmenn loku\u00f0u \u00fe\u00e1 \u00fati, og hl\u00f3\u00f0u steinum upp \u00ed hli\u00f0in.<a name=\"48\"><span class=\"versanumer\">48<\/span><\/a>\u00de\u00e1 sendi J\u00fadas menn til \u00feeirra me\u00f0 fri\u00f0arbo\u00f0skap, og l\u00e9t skila <span class='VideyAth'>(til \u00feeirra)<\/span>: v\u00e9r viljum fara gegnum land \u00feitt til a\u00f0 komast heim \u00ed vort land, og enginn skal gj\u00f6ra y\u00f0ur illt; v\u00e9r viljum a\u00f0eins fara f\u00f3tgangandi; en hinir vildu ekki l\u00faka upp fyrir honum.<a name=\"49\"><span class=\"versanumer\">49<\/span><\/a>\u00de\u00e1 skipa\u00f0i J\u00fadas a\u00f0 \u00fathr\u00f3pa um herinn a\u00f0 s\u00e9rhv\u00f6r skyldi setja herb\u00fa\u00f0ir \u00fear sem hann st\u00e6\u00f0i.<a name=\"50\"><span class=\"versanumer\">50<\/span><\/a>Hermennirnir settu \u00fe\u00e1 herb\u00fa\u00f0ir, og herju\u00f0u \u00e1 borgina allan \u00feenna dag, og alla n\u00f3ttina, og var h\u00fan unnin.<a name=\"51\"><span class=\"versanumer\">51<\/span><\/a>Og hann <span class='VideyAth'>(J\u00fadas)<\/span> afm\u00e1\u00f0i allt karlkyns me\u00f0 bitru sver\u00f0i, reif borgina ni\u00f0ur \u00ed grunn, t\u00f3k herfangi\u00f0 \u00far henni, og gekk \u00ed gegnum hana ofan \u00e1 \u00feeim myrtu.<a name=\"52\"><span class=\"versanumer\">52<\/span><\/a>S\u00ed\u00f0an f\u00f3ru \u00feeir yfir J\u00f3rdan, og yfir\u00e1 st\u00f3ru sl\u00e9ttuna gegnt Betsan.<a name=\"53\"><span class=\"versanumer\">53<\/span><\/a>Og J\u00fadas var alltaf a\u00f0 sakna \u00feeim sem aftur \u00far dr\u00f3gust, og upphvetja f\u00f3lki\u00f0 \u00e1 allri lei\u00f0inni, \u00feanga\u00f0 til \u00feeir komu \u00ed J\u00fadeuland.<a name=\"54\"><span class=\"versanumer\">54<\/span><\/a>\u00de\u00e1 f\u00f3ru \u00feeir upp \u00e1 S\u00edonsfjall me\u00f0 f\u00f6gnu\u00f0i og gle\u00f0i, og f\u00e6r\u00f0u brennif\u00f3rnir, \u00fev\u00ed enginn af \u00feeim haf\u00f0i falli\u00f0, \u00feanga\u00f0 til \u00feeir komust heim \u00ed fri\u00f0i.<br \/><a name=\"55\"><span class=\"versanumer\">55<\/span><\/a>En um \u00fe\u00e6r mundir sem J\u00fadas og J\u00f3natan v\u00f3ru \u00ed Galaad, og S\u00edmon br\u00f3\u00f0ir hans \u00ed Gal\u00edleu gegnt T\u00f3l\u00f3meu,<a name=\"56\"><span class=\"versanumer\">56<\/span><\/a>\u00fe\u00e1 fr\u00e9tti J\u00f3sep Sakar\u00edasson og Asar\u00edas, li\u00f0sforingjarnir, hreystiverk \u00feeirra, og orrusturnar sem \u00feeir h\u00f6f\u00f0u unni\u00f0.<a name=\"57\"><span class=\"versanumer\">57<\/span><\/a>Hann <span class='VideyAth'>(J\u00f3sep)<\/span> sag\u00f0i \u00fe\u00e1: v\u00e9r skulum l\u00edka afla oss fr\u00e6g\u00f0ar, og fara a\u00f0 berjast vi\u00f0 hei\u00f0ingjana umhverfis oss.<a name=\"58\"><span class=\"versanumer\">58<\/span><\/a>\u00deetta bo\u00f0u\u00f0u \u00feeir herm\u00f6nnunum sem hj\u00e1 \u00feeim v\u00f3ru, og f\u00f3ru s\u00ed\u00f0an m\u00f3ti Jamn\u00edu <span class='VideyAth'>(Jabne)<\/span>.<a name=\"59\"><span class=\"versanumer\">59<\/span><\/a>\u00de\u00e1 f\u00f3r Gorg\u00edas \u00fat \u00far borginni, og menn hans, m\u00f3ti \u00feeim til str\u00ed\u00f0s.<a name=\"60\"><span class=\"versanumer\">60<\/span><\/a>J\u00f3sep og Asar\u00edas ur\u00f0u reknir \u00e1 fl\u00f3tta, og v\u00f3ru eltir allt a\u00f0 J\u00fadeu takm\u00f6rkum, og f\u00e9llu \u00e1 \u00feeim degi af \u00cdsraelsl\u00fd\u00f0s h\u00e9r um tv\u00f6 \u00fe\u00fasund manns;<a name=\"61\"><span class=\"versanumer\">61<\/span><\/a>mikill fl\u00f3tti brast \u00ed li\u00f0 \u00cdsraelsmanna, af \u00fev\u00ed \u00feeir hl\u00fdddu ekki J\u00fadasi og br\u00e6\u00f0rum hans, og \u00fe\u00f3ttust vera menn fyrir s\u00e9r.<a name=\"62\"><span class=\"versanumer\">62<\/span><\/a>En \u00feeir \u00e1ttu ekki \u00e6tt s\u00edna a\u00f0 rekja til \u00feeirra manna hv\u00f6rjum unnt var a\u00f0 frelsa \u00cdsrael me\u00f0 hreysti sinni.<br \/><a name=\"63\"><span class=\"versanumer\">63<\/span><\/a>En hetjan J\u00fadas og br\u00e6\u00f0ur hans, v\u00f3ru \u00ed miklum metum hj\u00e1 \u00f6llum \u00cdsraelsm\u00f6nnum, og \u00f6llum hei\u00f0ingjum, hvar sem \u00feeirra var geti\u00f0;<a name=\"64\"><span class=\"versanumer\">64<\/span><\/a>og menn s\u00f6fnu\u00f0ust a\u00f0 \u00feeim til a\u00f0 \u00f3ska \u00feeim lukku.<a name=\"65\"><span class=\"versanumer\">65<\/span><\/a>J\u00fadas og br\u00e6\u00f0ur hans f\u00f3ru <span class='VideyAth'>(enn)<\/span> \u00ed lei\u00f0angur, og b\u00f6r\u00f0ust vi\u00f0 Esa\u00fa ni\u00f0ja \u00ed landinu gegnt su\u00f0ri; vann hann Hebron og d\u00e6tur hennar <span class='VideyAth'>(sta\u00f0ina kringum hana)<\/span>, reif ni\u00f0ur v\u00edggir\u00f0ing hennar, og brenndi turna hennar hringinn \u00ed kring.<a name=\"66\"><span class=\"versanumer\">66<\/span><\/a>\u00dea\u00f0an t\u00f3k hann sig upp, til a\u00f0 fara \u00ed hei\u00f0ingjal\u00f6nd, og f\u00f3r \u00ed gegnum Samar\u00edu.<a name=\"67\"><span class=\"versanumer\">67<\/span><\/a>\u00c1 \u00feeim degi f\u00e9llu prestarnir \u00ed str\u00ed\u00f0i, er \u00feeir vildu s\u00fdna hreysti s\u00edna, og l\u00f6g\u00f0u \u00fat \u00ed bardaga \u00ed r\u00e1\u00f0leysu.<a name=\"68\"><span class=\"versanumer\">68<\/span><\/a>S\u00ed\u00f0an sneri J\u00fadas fer\u00f0 sinni til Asdod, \u00ed hei\u00f0ingjaland, reif ni\u00f0ur \u00f6lturu \u00feeirra, brenndi \u00ed eldi \u00feeirra \u00fatskornu go\u00f0amyndir, r\u00e6nti herfangi \u00far borgunum, og sneri aftur til J\u00fadeu lands.<\/p>\n<div class=\"footnoteVidey\"><\/div>\n","protected":false},"excerpt":{"rendered":"<p>Orrustur br\u00e6\u00f0ranna J\u00fadasar, J\u00f3natans og S\u00edmonar vi\u00f0 \u00fdmsar \u00fej\u00f3\u00f0ir. \u00d3sigur J\u00f3seps og Asariass. 1Svo bar til, a\u00f0 \u00feegar hei\u00f0ingjarnir allt \u00ed kring fr\u00e9ttu, a\u00f0 b\u00fai\u00f0 v\u00e6ri a\u00f0 byggja altari\u00f0, og v\u00edgja helgid\u00f3minn eins og \u00e1\u00f0ur, \u00fe\u00e1 ur\u00f0u \u00feeir afar rei\u00f0ir,2og r\u00e1\u00f0gj\u00f6r\u00f0u a\u00f0 afm\u00e1 Jakobs\u00e6tt, \u00fe\u00e1 sem v\u00f3ru mitt \u00e1 me\u00f0al \u00feeirra, og f\u00f3ru a\u00f0 myr\u00f0a og afm\u00e1 (\u00fe\u00e1) me\u00f0al f\u00f3lksins.3J\u00fadas bar\u00f0ist vi\u00f0 Esa\u00fani\u00f0ja \u00ed Akrabattine \u00ed Id\u00fameu, \u00fev\u00ed \u00feeir h\u00f6f\u00f0u umkringt \u00cdsraelsmenn; vann hann \u00feeim st\u00f3rtj\u00f3n, sigra\u00f0i \u00fe\u00e1, og r\u00e6nti fr\u00e1 \u00feeim herfangi.4Hann minntist illsku Beansni\u00f0ja, sem h\u00f6f\u00f0u veri\u00f0 f\u00f3lkinu til t\u00e1ls og \u00e1steytingar, er \u00feeir s\u00e1tu um \u00fea\u00f0 vi\u00f0 <a href=\"https:\/\/biblian.is\/videy\/fyrsta-makkabeabok-5-kafli\/\"> [&#8230;]<\/a><\/p>\n","protected":false},"author":1,"featured_media":0,"parent":0,"menu_order":0,"comment_status":"open","ping_status":"open","template":"bibliukaflar.php","meta":{"footnotes":""},"class_list":["post-22159","page","type-page","status-publish","hentry"],"_links":{"self":[{"href":"https:\/\/biblian.is\/videy\/wp-json\/wp\/v2\/pages\/22159","targetHints":{"allow":["GET"]}}],"collection":[{"href":"https:\/\/biblian.is\/videy\/wp-json\/wp\/v2\/pages"}],"about":[{"href":"https:\/\/biblian.is\/videy\/wp-json\/wp\/v2\/types\/page"}],"author":[{"embeddable":true,"href":"https:\/\/biblian.is\/videy\/wp-json\/wp\/v2\/users\/1"}],"replies":[{"embeddable":true,"href":"https:\/\/biblian.is\/videy\/wp-json\/wp\/v2\/comments?post=22159"}],"version-history":[{"count":0,"href":"https:\/\/biblian.is\/videy\/wp-json\/wp\/v2\/pages\/22159\/revisions"}],"wp:attachment":[{"href":"https:\/\/biblian.is\/videy\/wp-json\/wp\/v2\/media?parent=22159"}],"curies":[{"name":"wp","href":"https:\/\/api.w.org\/{rel}","templated":true}]}}