{"id":22151,"date":"2018-01-02T01:05:51","date_gmt":"2018-01-02T01:05:51","guid":{"rendered":"http:\/\/biblian.is\/videy\/baruksbok-6-kafli\/"},"modified":"2018-01-13T21:45:07","modified_gmt":"2018-01-13T21:45:07","slug":"bref-jeremia-1-kafli","status":"publish","type":"page","link":"https:\/\/biblian.is\/videy\/bref-jeremia-1-kafli\/","title":{"rendered":"Br\u00e9f Jerem\u00eda 1. kafli"},"content":{"rendered":"<p><em>\u00cd Vi\u00f0eyjarbibl\u00edu er riti\u00f0 <strong>Br\u00e9f Jerem\u00eda<\/strong> birt sem 6. kafli <strong>Bar\u00faksb\u00f3kar<\/strong>. Til einf\u00f6ldunar \u00e1 framsetningu er textinn h\u00e9r birtur undir yfirskriftinni Br\u00e9f Jerem\u00eda.<\/em><\/p>\n<div class=\"fyrirsognVidey\">Jerem\u00eda br\u00e9f. Vi\u00f0v\u00f6run vi\u00f0 hj\u00e1gu\u00f0ad\u00fdrkun.<\/div>\n<p><a name=\"1\"><span class=\"versanumer\">1<\/span><\/a>\u00datskrift af br\u00e9fi, sem Jerem\u00edas sendi \u00feeim er skyldu ver\u00f0a fluttir sem herteknir til Bab\u00fdlon, af konungi Bab\u00fdlonsmanna, til a\u00f0 kunngj\u00f6ra \u00feeim hva\u00f0 honum var bo\u00f0i\u00f0 af Gu\u00f0i. Sakir \u00feeirra synda, me\u00f0 hv\u00f6rjum \u00fe\u00e9r hafi\u00f0 gj\u00f6rt y\u00f0ur seka fyrir Gu\u00f0i, munu\u00f0 \u00fe\u00e9r, herteknir, ver\u00f0a fluttir til Bab\u00fdlon af Neb\u00fakadnesar konungi Bab\u00fdlonsmanna.<a name=\"2\"><span class=\"versanumer\">2<\/span><\/a>\u00deegar \u00fe\u00e9r n\u00fa komi\u00f0 til Bab\u00fdlon, svo munu\u00f0 \u00fe\u00e9r ver\u00f0a \u00fear m\u00f6rg \u00e1r og langan t\u00edma, allt a\u00f0 sj\u00f6unda \u00e6ttli\u00f0. En eftir \u00fea\u00f0 mun eg flytja y\u00f0ur \u00fea\u00f0an \u00ed fri\u00f0i. <br \/><a name=\"3\"><span class=\"versanumer\">3<\/span><\/a>Enn n\u00fa munu\u00f0 \u00fe\u00e9r sj\u00e1 \u00ed Bab\u00fdlon silfur og gull og tr\u00e9gu\u00f0i, sem bornir ver\u00f0a \u00e1 her\u00f0um og koma inn \u00f3tta hj\u00e1 \u00fej\u00f3\u00f0unum.<a name=\"4\"><span class=\"versanumer\">4<\/span><\/a>G\u00e6ti\u00f0 y\u00f0ar n\u00fa, a\u00f0 \u00fe\u00e9r gj\u00f6ri\u00f0 ei hi\u00f0 sama sem hinir \u00fatlendu, og \u00f3tti fyrir \u00feeim gr\u00edpi y\u00f0ur, \u00feegar \u00fe\u00e9r sj\u00e1i\u00f0 f\u00f3lk, tilbi\u00f0ja frammi fyrir \u00feeim, og \u00e1 baka til vi\u00f0 \u00fe\u00e1.<a name=\"5\"><span class=\"versanumer\">5<\/span><\/a>Segi\u00f0 miklu framar \u00ed y\u00f0ar hj\u00f6rtum: \u00feig skulu menn tilbi\u00f0ja, Drottinn!<a name=\"6\"><span class=\"versanumer\">6<\/span><\/a>\u00dev\u00ed minn engill er hj\u00e1 y\u00f0ur og hann <span class='VideyAth'>a)<\/span> hefnir y\u00f0ar s\u00e1lna. <br \/><a name=\"7\"><span class=\"versanumer\">7<\/span><\/a>\u00deeirra <span class='VideyAth'>(hj\u00e1gu\u00f0anna)<\/span> tunga er skorin af hagleiksm\u00f6nnum, \u00feeir eru b\u00fanir gulli og silfri; en \u00fea\u00f0 er t\u00e1l <span class='VideyAth'>(lygi)<\/span>, og \u00feeir geta ei tala\u00f0.<a name=\"8\"><span class=\"versanumer\">8<\/span><\/a>Eins og handa j\u00f3mfr\u00fa sem elskar skart, taka \u00feeir gull og gj\u00f6ra \u00fear af k\u00f3r\u00f3nu \u00e1 h\u00f6fu\u00f0 sinna gu\u00f0a.<a name=\"9\"><span class=\"versanumer\">9<\/span><\/a>En \u00fea\u00f0 ber l\u00edka vi\u00f0 a\u00f0 prestarnir taka burt gulli\u00f0 og silfri\u00f0 af \u00feeirra gu\u00f0um, og verja \u00fev\u00ed s\u00e9r til nota.<a name=\"10\"><span class=\"versanumer\">10<\/span><\/a>\u00deeir gefa af \u00fev\u00ed h\u00f3rum \u00ed h\u00f3ruh\u00fasum. \u00deeir pr\u00fd\u00f0a \u00fe\u00e1 eins og menn me\u00f0 kl\u00e6\u00f0um, \u00feessa silfur-, gull- og tr\u00e9gu\u00f0i.<a name=\"11\"><span class=\"versanumer\">11<\/span><\/a>En \u00feeir ver\u00f0a ei var\u00f0ir fyrir ry\u00f0i og m\u00f6l, \u00fe\u00f3 yfir \u00fe\u00e1 s\u00e9 lagt purpurakl\u00e6\u00f0i.<a name=\"12\"><span class=\"versanumer\">12<\/span><\/a>Menn strj\u00faka af \u00feeirra andliti h\u00fasaryki\u00f0, sem sest miki\u00f0 \u00e1 \u00fe\u00e1.<a name=\"13\"><span class=\"versanumer\">13<\/span><\/a><span class='VideyAth'>(Go\u00f0i\u00f0)<\/span> heldur \u00e1 veldissp\u00edru eins og ma\u00f0ur sem drottnar yfir landinu, en getur ekki deytt \u00feann, sem m\u00f3ti \u00fev\u00ed syndgar.<a name=\"14\"><span class=\"versanumer\">14<\/span><\/a>\u00dea\u00f0 hefir sver\u00f0 \u00ed h\u00e6gri hendi og \u00f6xi, en getur ekki vari\u00f0 sig fyrir str\u00ed\u00f0i og r\u00e6ningjum, \u00fear af er au\u00f0s\u00e6tt, a\u00f0 \u00feeir eru engir gu\u00f0ir, \u00f3ttist \u00fe\u00e1 \u00fev\u00ed ekki. <br \/><a name=\"15\"><span class=\"versanumer\">15<\/span><\/a>\u00dev\u00ed eins og broti\u00f0 \u00edl\u00e1t er m\u00f6nnum til einkis gagns, svo eru og \u00feeirra gu\u00f0ir.<a name=\"16\"><span class=\"versanumer\">16<\/span><\/a>Reisi menn \u00fe\u00e1 upp \u00ed h\u00fasunum svo ver\u00f0a \u00feeirra augu full af ryki, undan f\u00f3tum \u00feeirra sem innganga.<a name=\"17\"><span class=\"versanumer\">17<\/span><\/a>Og eins og s\u00e1 sem broti\u00f0 hefir m\u00f3ti konunginum er \u00ed fangelsi innl\u00e6stur, \u00fear e\u00f0 hann skal l\u00edfl\u00e1tast, svo geyma prestarnir \u00feeirra mustera, me\u00f0 hur\u00f0um, l\u00e1sum og slagbr\u00f6ndum, svo \u00feeim ver\u00f0i ei stoli\u00f0 af r\u00e6ningjum.<a name=\"18\"><span class=\"versanumer\">18<\/span><\/a>\u00deeir tendra lampa, og meir en handa sj\u00e1lfum s\u00e9r, og \u00feeir geta \u00fe\u00f3 \u00f6ngvan \u00feeirra s\u00e9\u00f0.<a name=\"19\"><span class=\"versanumer\">19<\/span><\/a>\u00deeir eru eins og einhv\u00f6r bj\u00e1lkinn \u00ed h\u00fasinu, og \u00feeirra innyfli sundurnaga, segja menn, ormarnir \u00far j\u00f6r\u00f0unni, og eta \u00ed sundur \u00fe\u00e1 og \u00feeirra b\u00faning, \u00e1n \u00feess \u00feeir finni til \u00feess.<a name=\"20\"><span class=\"versanumer\">20<\/span><\/a>\u00deeirra andlit er svart af h\u00fasreyk.<a name=\"21\"><span class=\"versanumer\">21<\/span><\/a>\u00c1 \u00feeirra l\u00edkama og h\u00f6fu\u00f0 setjast n\u00e1ttuglur, sv\u00f6lur og a\u00f0rir fuglar; s\u00f6mulei\u00f0is og einnig kettirnir.<a name=\"22\"><span class=\"versanumer\">22<\/span><\/a>\u00dev\u00ed geti\u00f0 \u00fe\u00e9r s\u00e9\u00f0, a\u00f0 \u00feeir eru engir gu\u00f0ir, \u00f3ttist \u00fe\u00e1 \u00fev\u00ed ekki! <br \/><a name=\"23\"><span class=\"versanumer\">23<\/span><\/a>\u00dea\u00f0 gull sem \u00e1 \u00fe\u00e1 er hengt til skarts, glansar ekki, nema menn strj\u00faki af ry\u00f0i\u00f0 <span class='VideyAth'>(ryki\u00f0)<\/span>, og ekki fundu \u00feeir til, \u00fe\u00e1 \u00feeir voru steyptir.<a name=\"24\"><span class=\"versanumer\">24<\/span><\/a>\u00deeir eru keyptir d\u00fdrum d\u00f3mum, og \u00fe\u00f3 er enginn andi \u00ed \u00feeim.<a name=\"25\"><span class=\"versanumer\">25<\/span><\/a>F\u00f3talausir eru \u00feeir bornir \u00e1 her\u00f0um og s\u00fdna m\u00f6nnum me\u00f0 \u00fev\u00ed, a\u00f0 \u00feeir s\u00e9u einkisver\u00f0ir.<a name=\"26\"><span class=\"versanumer\">26<\/span><\/a>\u00deeirra \u00fej\u00f3nar mega l\u00edka skammast s\u00edn, \u00fear e\u00f0 \u00feeir, ef \u00e1 j\u00f6r\u00f0 falla, geta ei aftur reist sig, n\u00e9 heldur, \u00fe\u00f3 einhv\u00f6r reisi \u00fe\u00e1 upp aftur, komist \u00far sporunum a\u00f0 eigin ramleik, og ekki heldur, s\u00e9u \u00feeir lag\u00f0ir \u00fataf, aftur reist sig vi\u00f0; heldur leggja menn fyrir \u00fe\u00e1 g\u00e1fur eins og fyrir dau\u00f0a.<a name=\"27\"><span class=\"versanumer\">27<\/span><\/a>\u00deeirra f\u00f3rnir selja prestar \u00feeirra og br\u00faka; og s\u00f6mulei\u00f0is salta prestskonurnar nokku\u00f0 af \u00feeim, og gefa hv\u00f6rki f\u00e1t\u00e6kum n\u00e9 veikum \u00fear nokku\u00f0 af.<a name=\"28\"><span class=\"versanumer\">28<\/span><\/a>\u00d3hreinar konur og s\u00e6ngurkonur snerta \u00feeirra f\u00f3rnir. \u00dear e\u00f0 \u00fe\u00e9r n\u00fa af \u00feessu sj\u00e1i\u00f0, a\u00f0 \u00feeir eru engir gu\u00f0ir, svo \u00f3ttist \u00fe\u00e9r \u00fe\u00e1 ekki!\u2014<a name=\"29\"><span class=\"versanumer\">29<\/span><\/a>\u00dev\u00ed hv\u00f6rs vegna skyldu menn kalla \u00fe\u00e1 gu\u00f0i? Konur setja mat fyrir \u00feessa silfur-, gull- og tr\u00e9gu\u00f0i,<a name=\"30\"><span class=\"versanumer\">30<\/span><\/a>og \u00ed \u00feeirra h\u00fasum sitja prestarnir \u00ed rifnum kl\u00e6\u00f0um, me\u00f0 skornu h\u00e1ri og skeggi og berh\u00f6f\u00f0a\u00f0ir.<a name=\"31\"><span class=\"versanumer\">31<\/span><\/a>\u00deeir \u00fdla og orga frammi fyrir s\u00ednum gu\u00f0um, eins og margir gj\u00f6ra vi\u00f0 \u00fatf\u00f6r framli\u00f0inna.<a name=\"32\"><span class=\"versanumer\">32<\/span><\/a>Af \u00feeirra kl\u00e6\u00f0um taka prestarnir nokku\u00f0 til a\u00f0 kl\u00e6\u00f0a me\u00f0 konur og b\u00f6rn.<a name=\"33\"><span class=\"versanumer\">33<\/span><\/a>Ekki megna \u00feeir heldur, hv\u00f6rt sem \u00feeir reyna gott e\u00f0a illt af nokkrum manni, a\u00f0 endurgjalda, ekki geta \u00feeir heldur innsett k\u00f3ng, n\u00e9 afsett.<a name=\"34\"><span class=\"versanumer\">34<\/span><\/a>S\u00f6mulei\u00f0is geta \u00feeir hv\u00f6rki gefi\u00f0 au\u00f0 n\u00e9 peninga. Heiti ma\u00f0ur \u00feeim einhv\u00f6rju og haldi ekki, geta \u00feeir ekki krafi\u00f0 \u00feess.<a name=\"35\"><span class=\"versanumer\">35<\/span><\/a>Fr\u00e1 dau\u00f0anum geta \u00feeir engan mann frelsa\u00f0, ekki hj\u00e1lpa \u00feeir heldur \u00feeim vanm\u00e1ttuga m\u00f3ti \u00feeim sterka.<a name=\"36\"><span class=\"versanumer\">36<\/span><\/a>Blindum manni geta \u00feeir ekki veitt sj\u00f3nina, og engum manni hj\u00e1lpa\u00f0 \u00ed ney\u00f0inni.<a name=\"37\"><span class=\"versanumer\">37<\/span><\/a>Yfir ekkjur aumkvast \u00feeir ekki, og muna\u00f0arleysingjum gj\u00f6ra \u00feeir ekkert gott.<a name=\"38\"><span class=\"versanumer\">38<\/span><\/a>\u00dev\u00ed steinum \u00far fjalli eru l\u00edk \u00feessi \u00far tr\u00e9 gj\u00f6r\u00f0u skur\u00f0go\u00f0, gullb\u00fain og silfurb\u00fain, og \u00feeirra \u00fej\u00f3nar hlj\u00f3ta a\u00f0 ver\u00f0a til skammar. <br \/><a name=\"39\"><span class=\"versanumer\">39<\/span><\/a>Hv\u00f6rnig skyldu menn n\u00fa hugsa e\u00f0a segja, a\u00f0 \u00feau v\u00e6ru gu\u00f0ir, \u00feegar sj\u00e1lfir Kaldeumenn gj\u00f6ra gys a\u00f0 \u00feeim?<a name=\"40\"><span class=\"versanumer\">40<\/span><\/a>\u00deegar \u00feeir sj\u00e1, a\u00f0 einhv\u00f6r m\u00e1llaus getur ekki tala\u00f0, svo fara \u00feeir me\u00f0 hann til Bel, og bi\u00f0ja a\u00f0 hann megi f\u00e1 m\u00e1li\u00f0, eins og hann g\u00e6ti skili\u00f0 \u00fea\u00f0.<a name=\"41\"><span class=\"versanumer\">41<\/span><\/a>Og ekki geta \u00feeir sagt vi\u00f0 \u00fe\u00e1 <span class='VideyAth'>(hj\u00e1gu\u00f0ina)<\/span> skili\u00f0, \u00fe\u00f3 \u00feeir viti, a\u00f0 \u00feeir hafa ekki skynbrag\u00f0.<a name=\"42\"><span class=\"versanumer\">42<\/span><\/a>En konurnar sitja \u00e1 vegunum, \u00ed b\u00f6ndum, og brenna jurtir.<a name=\"43\"><span class=\"versanumer\">43<\/span><\/a>\u00deegar n\u00fa ein af \u00feeim er tekin afs\u00ed\u00f0is, af einhv\u00f6rjum sem framhj\u00e1 fer, og hj\u00e1 henni er legi\u00f0, svo gj\u00f6rir h\u00fan gys a\u00f0 sinni n\u00e1b\u00faakonu, a\u00f0 h\u00fan hafi ei fengi\u00f0 s\u00f6mu s\u00e6md sem h\u00fan, og hennar b\u00f6nd hafi ei veri\u00f0 slitin. <br \/><a name=\"44\"><span class=\"versanumer\">44<\/span><\/a>Allt \u00fea\u00f0 sem gj\u00f6rist vi\u00f0 \u00fe\u00e1 <span class='VideyAth'>(hj\u00e1gu\u00f0ina)<\/span> er prettur <span class='VideyAth'>(lygi)<\/span>. Hv\u00f6rnig skyldu menn \u00fe\u00e1 segja, a\u00f0 \u00feeir v\u00e6ru gu\u00f0ir?<a name=\"45\"><span class=\"versanumer\">45<\/span><\/a>Af hagleiksm\u00f6nnum og gullsmi\u00f0um eru \u00feeir gj\u00f6r\u00f0ir; \u00feeir ver\u00f0a ekki anna\u00f0, en \u00fea\u00f0, sem hagleiksma\u00f0urinn vill \u00feeir ver\u00f0i,<a name=\"46\"><span class=\"versanumer\">46<\/span><\/a>\u00feeir sem \u00fe\u00e1 tilb\u00faa, lifa ekki lengi; hv\u00f6rnig \u00fe\u00e1 \u00feeir, sem af \u00feeim eru tilb\u00fanir?<a name=\"47\"><span class=\"versanumer\">47<\/span><\/a>\u00deeir eftir skilja a\u00f0eins t\u00e1l og sk\u00f6mm eftirkomendunum.<a name=\"48\"><span class=\"versanumer\">48<\/span><\/a>\u00dev\u00ed \u00feegar str\u00ed\u00f0 e\u00f0a \u00f3g\u00e6fa er yfir \u00fe\u00e1 komin, svo r\u00e1\u00f0gast prestarnir um hv\u00f6r vi\u00f0 annan, hvar \u00feeir skuli fela sig me\u00f0 \u00feeim.<br \/><a name=\"49\"><span class=\"versanumer\">49<\/span><\/a>Hv\u00ed skyldu menn \u00fe\u00e1 ei eftir \u00fev\u00ed taka, a\u00f0 \u00feeir eru engir gu\u00f0ir, \u00feegar \u00feeir geta ei bjarga\u00f0 s\u00e9r undan str\u00ed\u00f0i og tj\u00f3ni?<a name=\"50\"><span class=\"versanumer\">50<\/span><\/a>\u00dev\u00ed fyrst \u00feeir eru \u00far tr\u00e9, gullb\u00fanir og silfurb\u00fanir, svo m\u00e1 \u00fear af sj\u00e1, a\u00f0 \u00feeir eru t\u00e1l <span class='VideyAth'>(lygi)<\/span>. \u00d6llum \u00fej\u00f3\u00f0um og k\u00f3ngum mun \u00fea\u00f0 opinbert ver\u00f0a, a\u00f0 \u00feeir eru engir gu\u00f0ir, heldur verk mannanna handa, og ekkert Gu\u00f0s verk er \u00e1 \u00feeim.<a name=\"51\"><span class=\"versanumer\">51<\/span><\/a>Hv\u00f6rjum skyldi \u00fe\u00e1 ei kunnugt vera, a\u00f0 \u00feeir eru \u00f6ngvir gu\u00f0ir? <br \/><a name=\"52\"><span class=\"versanumer\">52<\/span><\/a>\u00dev\u00ed ekki setja \u00feeir nokkurn konung yfir land, og ekki gefa \u00feeir m\u00f6nnunum regn.<a name=\"53\"><span class=\"versanumer\">53<\/span><\/a>\u00deeir skera \u00far engum m\u00e1lum milli \u00feeirra, og verja ekki fyrir rangindum, \u00fear e\u00f0 \u00feeir eru orkulausir, \u00fev\u00ed eins og kr\u00e1kur fl\u00f6gra \u00feeir milli himins og jar\u00f0ar.<a name=\"54\"><span class=\"versanumer\">54<\/span><\/a>\u00deegar eldur kviknar \u00ed h\u00fasi \u00feessara gu\u00f0a, sem eru \u00far tr\u00e9, gullb\u00fanir og silfurb\u00fanir, svo fl\u00fdja \u00feeirra prestar og bjarga s\u00e9r; en \u00feeir brenna upp \u00fear inni, eins og bj\u00e1lkarnir.<a name=\"55\"><span class=\"versanumer\">55<\/span><\/a>\u00deeir geta engum k\u00f3ngi, n\u00e9 \u00f3vinum m\u00f3tst\u00f6\u00f0u veitt. Hv\u00f6rnig skyldu menn \u00fe\u00e1 \u00e6tla e\u00f0ur hugsa a\u00f0 \u00feeir v\u00e6ru gu\u00f0ir?<a name=\"56\"><span class=\"versanumer\">56<\/span><\/a>Ekki geta heldur \u00feessir gu\u00f0ir \u00far tr\u00e9, silfurb\u00fanir og gullb\u00fanir, vari\u00f0 sig fyrir \u00fej\u00f3fum og r\u00e6ningjum.<a name=\"57\"><span class=\"versanumer\">57<\/span><\/a>\u00deeir, sem \u00fe\u00e1 f\u00e1 \u00e1 sitt vald, taka af \u00feeim gulli\u00f0 og silfri\u00f0 og afkl\u00e6\u00f0a \u00fe\u00e1, og taka \u00feetta me\u00f0 s\u00e9r; og \u00feeir geta ei bjarga\u00f0 sj\u00e1lfum s\u00e9r.<a name=\"58\"><span class=\"versanumer\">58<\/span><\/a>\u00deess vegna er betra a\u00f0 vera k\u00f3ngur, sem getur s\u00fdnt hreysti s\u00edna, e\u00f0a nytsamlegt h\u00fasgagn, sem eigandinn getur br\u00faka\u00f0, heldur en sl\u00edkir lygagu\u00f0ir, e\u00f0a \u00fe\u00e1 h\u00fasshur\u00f0, sem geymir \u00fea\u00f0 sem \u00ed h\u00fasinu er, heldur en sl\u00edkir lygagu\u00f0ir; e\u00f0a \u00fe\u00e1 tr\u00e9st\u00f3lpi \u00ed konungsh\u00f6ll, heldur en sl\u00edkir lygagu\u00f0ir. <br \/><a name=\"59\"><span class=\"versanumer\">59<\/span><\/a>S\u00f3lin, tungli\u00f0 og stj\u00f6rnurnar sk\u00edna, og til nytsemi \u00fatsendar, eru \u00fe\u00e6r hl\u00fd\u00f0nar.<a name=\"60\"><span class=\"versanumer\">60<\/span><\/a>S\u00f6mulei\u00f0is og eldingin, \u00feegar h\u00fan l\u00e6tur sig sj\u00e1, \u00fe\u00e1 er h\u00fan <span class='VideyAth'>a)<\/span> bers\u00fdnileg, s\u00f6mulei\u00f0is vindurinn, hann bl\u00e6s \u00ed s\u00e9rhv\u00f6rju landi.<a name=\"61\"><span class=\"versanumer\">61<\/span><\/a>Og \u00feegar Gu\u00f0 b\u00fd\u00f0ur sk\u00fdjunum, a\u00f0 fara yfir gj\u00f6rvallan \u00feann bygg\u00f0a heim, svo hl\u00fd\u00f0nast \u00feau bo\u00f0inu.<a name=\"62\"><span class=\"versanumer\">62<\/span><\/a>Einninn eldurinn, sem sendur ver\u00f0ur h\u00e9r a\u00f0 ofan, til a\u00f0 ey\u00f0a fj\u00f6ll og sk\u00f3ga, hann gj\u00f6rir \u00fea\u00f0 sem bo\u00f0i\u00f0 er, en \u00feessir <span class='VideyAth'>(hj\u00e1gu\u00f0ir)<\/span> eru hv\u00f6rki a\u00f0 \u00fatliti n\u00e9 m\u00e6tti hinu l\u00edkir.<a name=\"63\"><span class=\"versanumer\">63<\/span><\/a>\u00dev\u00ed skal enginn ma\u00f0ur hugsa n\u00e9 segja, a\u00f0 \u00feeir s\u00e9u gu\u00f0ir, fyrst \u00feeir eru hv\u00f6rki megnugir um a\u00f0 refsa, n\u00e9 a\u00f0 veita m\u00f6nnum velgj\u00f6r\u00f0ir.<a name=\"64\"><span class=\"versanumer\">64<\/span><\/a>\u00dear e\u00f0 \u00fe\u00e9r n\u00fa viti\u00f0, a\u00f0 \u00feeir engir gu\u00f0ir eru, svo \u00f3ttist \u00fe\u00e1 ekki! <br \/><a name=\"65\"><span class=\"versanumer\">65<\/span><\/a>\u00dev\u00ed hv\u00f6rki geta \u00feeir form\u00e6lt konungum n\u00e9 blessa\u00f0 \u00fe\u00e1.<a name=\"66\"><span class=\"versanumer\">66<\/span><\/a>Ekki heldur geta \u00feeir s\u00fdnt \u00fej\u00f3\u00f0unum teikn \u00e1 himninum; ekki, eins og s\u00f3lin, gefi\u00f0 lj\u00f3si\u00f0, n\u00e9, eins og tungli\u00f0, gefi\u00f0 birtu.<a name=\"67\"><span class=\"versanumer\">67<\/span><\/a>D\u00fdrin eru betri en \u00feeir, \u00feau sem geta fl\u00fai\u00f0 \u00ed fylgsni og bjarga\u00f0 s\u00e9r.<a name=\"68\"><span class=\"versanumer\">68<\/span><\/a>\u00c1 engan h\u00e1tt er oss \u00fe\u00e1 auglj\u00f3st, a\u00f0 \u00feeir s\u00e9u gu\u00f0ir, \u00f3ttist \u00fe\u00e1 \u00feess vegna ekki!<br \/><a name=\"69\"><span class=\"versanumer\">69<\/span><\/a>\u00dev\u00ed eins og fuglahr\u00e6\u00f0a \u00ed grasgar\u00f0i getur ekki vakta\u00f0, svolei\u00f0is eru \u00feeirra, \u00far tr\u00e9 gj\u00f6r\u00f0u gu\u00f0ir, \u00feeir silfurb\u00fanu og gullb\u00fanu.<a name=\"70\"><span class=\"versanumer\">70<\/span><\/a>S\u00f6mulei\u00f0is eru \u00feeirra tr\u00e9gu\u00f0ir, \u00feeir gullb\u00fanu og silfurb\u00fanu, l\u00edkir \u00feyrnib\u00faski \u00ed aldingar\u00f0i, hvar \u00e1 alls lags fuglar setjast, e\u00f0a l\u00edki, sem kasta\u00f0 er \u00ed myrkur.<a name=\"71\"><span class=\"versanumer\">71<\/span><\/a>L\u00edka geta menn vita\u00f0 \u00fea\u00f0, a\u00f0 \u00feeir eru engir gu\u00f0ir, af purpuranum og skartinu, sem \u00e1 \u00feeim f\u00fanar. \u00deeir ver\u00f0a og seinast uppetnir, og ver\u00f0a a\u00f0 h\u00e1\u00f0ung \u00ed landinu.<a name=\"72\"><span class=\"versanumer\">72<\/span><\/a>Betri er s\u00e1 ma\u00f0ur \u00fev\u00ed, sem er r\u00e9ttv\u00eds og hefir engin go\u00f0; \u00fev\u00ed hann mun vera langt fr\u00e1 sv\u00edvir\u00f0ingunni.<\/p>\n<div class=\"footnoteVidey\">V. 4. Tilbi\u00f0ja \u00fe\u00e1 \u00ed bak og fyrir.  V. 6. a. A\u00f0r: rannsakar y\u00f0ar s\u00e1lir.  V. 18. \u00deeir geta \u00fe\u00f3 etc. \u00deeir: hj\u00e1gu\u00f0irnir \u00feeirra: prestanna.  V. 60. a. A\u00f0r: falleg a\u00f0 sj\u00e1.<\/div>\n","protected":false},"excerpt":{"rendered":"<p>\u00cd Vi\u00f0eyjarbibl\u00edu er riti\u00f0 Br\u00e9f Jerem\u00eda birt sem 6. kafli Bar\u00faksb\u00f3kar. Til einf\u00f6ldunar \u00e1 framsetningu er textinn h\u00e9r birtur undir yfirskriftinni Br\u00e9f Jerem\u00eda. Jerem\u00eda br\u00e9f. Vi\u00f0v\u00f6run vi\u00f0 hj\u00e1gu\u00f0ad\u00fdrkun. 1\u00datskrift af br\u00e9fi, sem Jerem\u00edas sendi \u00feeim er skyldu ver\u00f0a fluttir sem herteknir til Bab\u00fdlon, af konungi Bab\u00fdlonsmanna, til a\u00f0 kunngj\u00f6ra \u00feeim hva\u00f0 honum var bo\u00f0i\u00f0 af Gu\u00f0i. Sakir \u00feeirra synda, me\u00f0 hv\u00f6rjum \u00fe\u00e9r hafi\u00f0 gj\u00f6rt y\u00f0ur seka fyrir Gu\u00f0i, munu\u00f0 \u00fe\u00e9r, herteknir, ver\u00f0a fluttir til Bab\u00fdlon af Neb\u00fakadnesar konungi Bab\u00fdlonsmanna.2\u00deegar \u00fe\u00e9r n\u00fa komi\u00f0 til Bab\u00fdlon, svo munu\u00f0 \u00fe\u00e9r ver\u00f0a \u00fear m\u00f6rg \u00e1r og langan t\u00edma, allt a\u00f0 sj\u00f6unda \u00e6ttli\u00f0. En eftir <a href=\"https:\/\/biblian.is\/videy\/bref-jeremia-1-kafli\/\"> [&#8230;]<\/a><\/p>\n","protected":false},"author":1,"featured_media":0,"parent":0,"menu_order":0,"comment_status":"open","ping_status":"open","template":"bibliukaflar.php","meta":{"footnotes":""},"class_list":["post-22151","page","type-page","status-publish","hentry"],"_links":{"self":[{"href":"https:\/\/biblian.is\/videy\/wp-json\/wp\/v2\/pages\/22151","targetHints":{"allow":["GET"]}}],"collection":[{"href":"https:\/\/biblian.is\/videy\/wp-json\/wp\/v2\/pages"}],"about":[{"href":"https:\/\/biblian.is\/videy\/wp-json\/wp\/v2\/types\/page"}],"author":[{"embeddable":true,"href":"https:\/\/biblian.is\/videy\/wp-json\/wp\/v2\/users\/1"}],"replies":[{"embeddable":true,"href":"https:\/\/biblian.is\/videy\/wp-json\/wp\/v2\/comments?post=22151"}],"version-history":[{"count":0,"href":"https:\/\/biblian.is\/videy\/wp-json\/wp\/v2\/pages\/22151\/revisions"}],"wp:attachment":[{"href":"https:\/\/biblian.is\/videy\/wp-json\/wp\/v2\/media?parent=22151"}],"curies":[{"name":"wp","href":"https:\/\/api.w.org\/{rel}","templated":true}]}}