{"id":22150,"date":"2018-01-02T01:05:51","date_gmt":"2018-01-02T01:05:51","guid":{"rendered":"http:\/\/biblian.is\/videy\/baruksbok-5-kafli\/"},"modified":"2018-01-13T21:46:55","modified_gmt":"2018-01-13T21:46:55","slug":"baruksbok-5-kafli","status":"publish","type":"page","link":"https:\/\/biblian.is\/videy\/baruksbok-5-kafli\/","title":{"rendered":"Bar\u00faksb\u00f3k 5. kafli"},"content":{"rendered":"<div class=\"fyrirsognVidey\">Sama efni.<\/div>\n<p><a name=\"1\"><span class=\"versanumer\">1<\/span><\/a>Afkl\u00e6\u00f0 \u00feig, Jer\u00fasalem, sorgar- og eymdarb\u00faninginum, og \u00edkl\u00e6\u00f0 \u00feig \u00fev\u00ed skarti d\u00fdr\u00f0arinnar sem \u00fe\u00e9r er eil\u00edflega af Gu\u00f0i l\u00e1na\u00f0!<a name=\"2\"><span class=\"versanumer\">2<\/span><\/a>Far \u00fe\u00fa \u00ed \u00feann f\u00f3\u00f0ra\u00f0a kyrtil r\u00e9ttl\u00e6tisins fr\u00e1 Gu\u00f0i, og set \u00e1 \u00feitt h\u00f6fu\u00f0 d\u00fdr\u00f0ark\u00f3r\u00f3nu \u00feess eil\u00edfa!<a name=\"3\"><span class=\"versanumer\">3<\/span><\/a>\u00dev\u00ed Gu\u00f0 mun s\u00fdna \u00feinn lj\u00f3ma allri j\u00f6r\u00f0u undir himninum.<a name=\"4\"><span class=\"versanumer\">4<\/span><\/a>\u00dev\u00ed \u00feitt nafn mun af Gu\u00f0i a\u00f0 eil\u00edfu nefnt ver\u00f0a: Fri\u00f0ur r\u00e9ttl\u00e6tisins og <span class='VideyAth'>(hr\u00f3s)<\/span> d\u00fdr\u00f0 gu\u00f0r\u00e6kninnar.<a name=\"5\"><span class=\"versanumer\">5<\/span><\/a>Statt upp, Jer\u00fasalem, gakk upp \u00e1 h\u00e6\u00f0ina, og l\u00edt til austurs, og sj\u00e1 \u00fe\u00edn b\u00f6rn samanheimt fr\u00e1 ni\u00f0urg\u00f6ngu s\u00f3larinnar, allt til uppg\u00f6ngu, fyrir or\u00f0 hins heilaga, og \u00feau gle\u00f0ja sig vi\u00f0 Gu\u00f0s tilhugsan!<a name=\"6\"><span class=\"versanumer\">6<\/span><\/a>F\u00f3tgangandi f\u00f3ru \u00feau fr\u00e1 \u00fe\u00e9r, rekin af \u00f3vinunum, en Gu\u00f0 f\u00e6rir \u00fe\u00e9r \u00feau aftur upphafin me\u00f0 d\u00fdr\u00f0, eins og \u00ed k\u00f3ngsh\u00e1s\u00e6ti.<a name=\"7\"><span class=\"versanumer\">7<\/span><\/a>\u00dev\u00ed Gu\u00f0 bau\u00f0 a\u00f0 \u00f6ll h\u00e1 fj\u00f6ll og eil\u00edfir h\u00f3lar skyldu l\u00e6kka og dalirnir fyllast, svo allt yr\u00f0i sl\u00e9tt, svo \u00cdsrael gengi \u00f3hultur fyrir Drottins d\u00fdr\u00f0.<a name=\"8\"><span class=\"versanumer\">8<\/span><\/a>En sk\u00f3garnir gefa, og \u00f6ll ilmandi tr\u00e9, \u00cdsrael skugga, eftir Gu\u00f0s bo\u00f0i.<a name=\"9\"><span class=\"versanumer\">9<\/span><\/a>\u00dev\u00ed Gu\u00f0 mun lei\u00f0a \u00cdsrael me\u00f0 f\u00f6gnu\u00f0i \u00ed lj\u00f3si sinnar d\u00fdr\u00f0ar, me\u00f0 sinni miskunnsemi og r\u00e9ttl\u00e6ti.<\/p>\n<p><em>\u00cd Vi\u00f0eyjarbibl\u00edu er riti\u00f0 <strong>Br\u00e9f Jerem\u00eda<\/strong> birt sem 6. kafli <strong>Bar\u00faksb\u00f3kar<\/strong>. Til einf\u00f6ldunar \u00e1 framsetningu er n\u00e6sti kafli birtur undir yfirskriftinni Br\u00e9f Jerem\u00eda.<\/em><\/p>\n<div class=\"footnoteVidey\"><\/div>\n","protected":false},"excerpt":{"rendered":"<p>Sama efni. 1Afkl\u00e6\u00f0 \u00feig, Jer\u00fasalem, sorgar- og eymdarb\u00faninginum, og \u00edkl\u00e6\u00f0 \u00feig \u00fev\u00ed skarti d\u00fdr\u00f0arinnar sem \u00fe\u00e9r er eil\u00edflega af Gu\u00f0i l\u00e1na\u00f0!2Far \u00fe\u00fa \u00ed \u00feann f\u00f3\u00f0ra\u00f0a kyrtil r\u00e9ttl\u00e6tisins fr\u00e1 Gu\u00f0i, og set \u00e1 \u00feitt h\u00f6fu\u00f0 d\u00fdr\u00f0ark\u00f3r\u00f3nu \u00feess eil\u00edfa!3\u00dev\u00ed Gu\u00f0 mun s\u00fdna \u00feinn lj\u00f3ma allri j\u00f6r\u00f0u undir himninum.4\u00dev\u00ed \u00feitt nafn mun af Gu\u00f0i a\u00f0 eil\u00edfu nefnt ver\u00f0a: Fri\u00f0ur r\u00e9ttl\u00e6tisins og (hr\u00f3s) d\u00fdr\u00f0 gu\u00f0r\u00e6kninnar.5Statt upp, Jer\u00fasalem, gakk upp \u00e1 h\u00e6\u00f0ina, og l\u00edt til austurs, og sj\u00e1 \u00fe\u00edn b\u00f6rn samanheimt fr\u00e1 ni\u00f0urg\u00f6ngu s\u00f3larinnar, allt til uppg\u00f6ngu, fyrir or\u00f0 hins heilaga, og \u00feau gle\u00f0ja sig vi\u00f0 Gu\u00f0s tilhugsan!6F\u00f3tgangandi f\u00f3ru \u00feau fr\u00e1 \u00fe\u00e9r, rekin af \u00f3vinunum, <a href=\"https:\/\/biblian.is\/videy\/baruksbok-5-kafli\/\"> [&#8230;]<\/a><\/p>\n","protected":false},"author":1,"featured_media":0,"parent":0,"menu_order":0,"comment_status":"open","ping_status":"open","template":"bibliukaflar.php","meta":{"footnotes":""},"class_list":["post-22150","page","type-page","status-publish","hentry"],"_links":{"self":[{"href":"https:\/\/biblian.is\/videy\/wp-json\/wp\/v2\/pages\/22150","targetHints":{"allow":["GET"]}}],"collection":[{"href":"https:\/\/biblian.is\/videy\/wp-json\/wp\/v2\/pages"}],"about":[{"href":"https:\/\/biblian.is\/videy\/wp-json\/wp\/v2\/types\/page"}],"author":[{"embeddable":true,"href":"https:\/\/biblian.is\/videy\/wp-json\/wp\/v2\/users\/1"}],"replies":[{"embeddable":true,"href":"https:\/\/biblian.is\/videy\/wp-json\/wp\/v2\/comments?post=22150"}],"version-history":[{"count":0,"href":"https:\/\/biblian.is\/videy\/wp-json\/wp\/v2\/pages\/22150\/revisions"}],"wp:attachment":[{"href":"https:\/\/biblian.is\/videy\/wp-json\/wp\/v2\/media?parent=22150"}],"curies":[{"name":"wp","href":"https:\/\/api.w.org\/{rel}","templated":true}]}}