{"id":22149,"date":"2018-01-02T01:05:46","date_gmt":"2018-01-02T01:05:46","guid":{"rendered":"http:\/\/biblian.is\/videy\/baruksbok-4-kafli\/"},"modified":"2018-01-02T01:05:46","modified_gmt":"2018-01-02T01:05:46","slug":"baruksbok-4-kafli","status":"publish","type":"page","link":"https:\/\/biblian.is\/videy\/baruksbok-4-kafli\/","title":{"rendered":"Bar\u00faksb\u00f3k 4. kafli"},"content":{"rendered":"<div class=\"fyrirsognVidey\">\u00cdsraels huggun.<\/div>\n<p><a name=\"1\"><span class=\"versanumer\">1<\/span><\/a>\u00feetta er b\u00f3k Gu\u00f0s bo\u00f0or\u00f0a, og \u00fea\u00f0 l\u00f6gm\u00e1l sem varir a\u00f0 eil\u00edfu. Allir \u00feeir lifa sem \u00fea\u00f0 halda; en \u00feeir deyja sem \u00fea\u00f0 yfirtro\u00f0a.<a name=\"2\"><span class=\"versanumer\">2<\/span><\/a>Sn\u00fa \u00fe\u00e9r, Jakob, og me\u00f0tak \u00fea\u00f0; gakk vi\u00f0 birtuna \u00ed \u00feess lj\u00f3si!<a name=\"3\"><span class=\"versanumer\">3<\/span><\/a>Gef engum \u00f6\u00f0rum \u00feinn hei\u00f0ur, og engum framandi \u00fej\u00f3\u00f0um \u00fe\u00edn g\u00e6\u00f0i!<a name=\"4\"><span class=\"versanumer\">4<\/span><\/a>S\u00e6lir erum v\u00e9r \u00cdsraelsmenn, a\u00f0 oss er auglj\u00f3st, hva\u00f0 Gu\u00f0i vel \u00fe\u00f3knast.<a name=\"5\"><span class=\"versanumer\">5<\/span><\/a>Vertu hughraust, mitt f\u00f3lk, leifar \u00cdsraels!<a name=\"6\"><span class=\"versanumer\">6<\/span><\/a>\u00de\u00e9r eru\u00f0 seldir \u00fej\u00f3\u00f0unum, en ei til tort\u00edningar; af \u00fev\u00ed Gu\u00f0 hefir rei\u00f0st y\u00f0ur, eru\u00f0 \u00fe\u00e9r framseldir y\u00f0ar m\u00f3tst\u00f6\u00f0u m\u00f6nnum,<a name=\"7\"><span class=\"versanumer\">7<\/span><\/a>\u00fev\u00ed \u00fe\u00e9r hafi\u00f0 reitt y\u00f0ar skapara til rei\u00f0i, me\u00f0 \u00fev\u00ed a\u00f0 f\u00e6ra f\u00f3rnir vondum \u00f6ndum, og ekki Gu\u00f0i.<a name=\"8\"><span class=\"versanumer\">8<\/span><\/a>\u00de\u00e9r hafi\u00f0 gleymt \u00feeim eil\u00edfa Gu\u00f0i, sem \u00f3l \u00f6nn fyrir y\u00f0ur.<a name=\"9\"><span class=\"versanumer\">9<\/span><\/a>\u00dev\u00ed h\u00fan s\u00e1 \u00fe\u00e1 rei\u00f0i Gu\u00f0s, sem yfir y\u00f0ur mundi koma, og m\u00e6lti: \u201eHeyri\u00f0 \u00fe\u00e9r, sem b\u00fai\u00f0 \u00ed n\u00e1nd vi\u00f0 S\u00edon, Gu\u00f0 hefir sent m\u00e9r mikla hrygg\u00f0,<a name=\"10\"><span class=\"versanumer\">10<\/span><\/a>\u00fev\u00ed eg s\u00e1 hertekningu minna sona og d\u00e6tra, sem s\u00e1 eil\u00edfi yfir \u00fe\u00e1 leiddi;<a name=\"11\"><span class=\"versanumer\">11<\/span><\/a>Eg hefi uppali\u00f0 \u00fe\u00e1 me\u00f0 gle\u00f0i, en eg l\u00e9t \u00fe\u00e1 fr\u00e1 m\u00e9r me\u00f0 gr\u00e1ti og sorg.<a name=\"12\"><span class=\"versanumer\">12<\/span><\/a>Enginn hlakki yfir m\u00e9r, ekkjunni, sem af flest\u00f6llum er yfirgefin, sem er sett \u00ed au\u00f0n, s\u00f6kum synda minna barna.<a name=\"13\"><span class=\"versanumer\">13<\/span><\/a>Af \u00fev\u00ed \u00feau viku fr\u00e1 l\u00f6gm\u00e1li Gu\u00f0s, og \u00feekktu ekki hans setninga, og gengu ekki \u00e1 vegum hans bo\u00f0or\u00f0a, og f\u00f3ru ekki g\u00f6tu menntunarinnar \u00ed hans r\u00e9ttl\u00e6ti.<a name=\"14\"><span class=\"versanumer\">14<\/span><\/a>Komi\u00f0 h\u00e9r, \u00fe\u00e9r sem b\u00fai\u00f0 \u00ed n\u00e1nd vi\u00f0 S\u00edon, og hugsi\u00f0 til minna sona og d\u00e6tra hertekningar, er s\u00e1 eil\u00edfi yfir \u00fe\u00e1 leiddi!<a name=\"15\"><span class=\"versanumer\">15<\/span><\/a>\u00dev\u00ed hann hefir yfir \u00fe\u00e1 leitt f\u00f3lk \u00far fjarl\u00e6g\u00f0, \u00f3sv\u00edfi\u00f0, sem talar \u00f3kunna tungu, sem hv\u00f6rki s\u00fdnir vir\u00f0ingu gamalmenninu, n\u00e9 miskunn barninu!<a name=\"16\"><span class=\"versanumer\">16<\/span><\/a>\u00dea\u00f0 flutti burt upp\u00e1hald ekkjunnar, og svipti \u00fe\u00e1, sem var einmana, hennar d\u00e6trum.<a name=\"17\"><span class=\"versanumer\">17<\/span><\/a>En eg, hv\u00f6rnig skyldi eg megna, a\u00f0 hj\u00e1lpa y\u00f0ur?<a name=\"18\"><span class=\"versanumer\">18<\/span><\/a>S\u00e1 sem leiddi yfir y\u00f0ur \u00feessa \u00f3hamingju, mun og frelsa y\u00f0ur af hendi y\u00f0ar \u00f3vina. <br \/><a name=\"19\"><span class=\"versanumer\">19<\/span><\/a>Fari\u00f0 b\u00f6rn, fari\u00f0, \u00fev\u00ed eg ver\u00f0 yfirgefin h\u00e9r eftir.<a name=\"20\"><span class=\"versanumer\">20<\/span><\/a>Eg hefi afkl\u00e6\u00f0st gle\u00f0i kl\u00e6\u00f0unum, og \u00edkl\u00e6\u00f0st sorgarb\u00faningi gr\u00e1tbei\u00f0ninnar. Eg mun kalla til ens \u00e6\u00f0sta me\u00f0an m\u00ednir dagar endast.<a name=\"21\"><span class=\"versanumer\">21<\/span><\/a>Veri\u00f0 \u00f6rugg, b\u00f6rn! kalli\u00f0 til Gu\u00f0s, hann mun frelsa y\u00f0ur \u00far valdi, \u00far hendi \u00f3vinarins,<a name=\"22\"><span class=\"versanumer\">22<\/span><\/a>\u00fev\u00ed eg v\u00e6nti y\u00f0ar frelsunar fr\u00e1 \u00feeim eil\u00edfa, og m\u00e9r hefir veist f\u00f6gnu\u00f0ur af \u00feeim heilaga, sakir \u00feeirrar miskunnar, sem y\u00f0ur n\u00fa \u00feegar mun veitast af \u00feeim eil\u00edfa, y\u00f0ar frelsara.<a name=\"23\"><span class=\"versanumer\">23<\/span><\/a>Me\u00f0 gr\u00e1ti og sorg l\u00e9t eg y\u00f0ur fr\u00e1 m\u00e9r; en Gu\u00f0 mun gefa m\u00e9r y\u00f0ur aftur me\u00f0 eil\u00edfum f\u00f6gnu\u00f0i og una\u00f0semd.<a name=\"24\"><span class=\"versanumer\">24<\/span><\/a>\u00dev\u00ed eins og S\u00edons n\u00e1b\u00faar hafa n\u00fa s\u00e9\u00f0 y\u00f0ar hertekningu, svo munu \u00feeir innan skamms horfa \u00e1 hj\u00e1lpina, fr\u00e1 y\u00f0ar Gu\u00f0i, sem til y\u00f0ar mun koma me\u00f0 mikilli d\u00fdr\u00f0 og eil\u00edfum lj\u00f3ma.<a name=\"25\"><span class=\"versanumer\">25<\/span><\/a>B\u00f6rn, beri\u00f0 me\u00f0 \u00feolinm\u00e6\u00f0i rei\u00f0ina, sem komin er fr\u00e1 Gu\u00f0i yfir y\u00f0ur! \u00f3vinurinn hefir ofs\u00f3tt \u00feig, en \u00fe\u00fa munt sj\u00e1 hann fyrirfarast innan skamms, og st\u00edga \u00e1 hans h\u00e1ls.<a name=\"26\"><span class=\"versanumer\">26<\/span><\/a>M\u00edn <span class='VideyAth'>a)<\/span> s\u00e6llegu <span class='VideyAth'>(b\u00f6rn)<\/span> ur\u00f0u a\u00f0 fara \u00f3grei\u00f0a vegu, voru burtrekin sem hj\u00f6r\u00f0, r\u00e6nd af \u00f3vinum.<a name=\"27\"><span class=\"versanumer\">27<\/span><\/a>Veri\u00f0 samt hughraust b\u00f6rn og kalli\u00f0 til Gu\u00f0s! \u00fev\u00ed y\u00f0ar mun minnst ver\u00f0a af honum, sem leiddi \u00feetta yfir y\u00f0ur.<a name=\"28\"><span class=\"versanumer\">28<\/span><\/a>\u00dev\u00ed eins og y\u00f0ar sinni stefndi til \u00f3hollustu vi\u00f0 Gu\u00f0, svo sn\u00fai\u00f0 y\u00f0ur n\u00fa t\u00edfaldlega og leiti\u00f0 hans.<a name=\"29\"><span class=\"versanumer\">29<\/span><\/a>\u00dev\u00ed s\u00e1 sem leiddi yfir y\u00f0ur \u00f3g\u00e6funa, mun lei\u00f0a yfir y\u00f0ur eil\u00edfan f\u00f6gnu\u00f0 me\u00f0 y\u00f0ar frelsun\u201c. <br \/><a name=\"30\"><span class=\"versanumer\">30<\/span><\/a>Vertu hughraust, Jer\u00fasalem! \u00feig mun s\u00e1 hugga, sem \u00fe\u00e9r gaf nafn.<a name=\"31\"><span class=\"versanumer\">31<\/span><\/a>Aumir munu \u00feeir ver\u00f0a, sem gj\u00f6r\u00f0u \u00fe\u00e9r illt og gl\u00f6ddust af \u00fe\u00ednu falli.<a name=\"32\"><span class=\"versanumer\">32<\/span><\/a>Aumar \u00fe\u00e6r borgir, sem \u00fe\u00edn b\u00f6rn ur\u00f0u a\u00f0 \u00fej\u00f3na, aum s\u00fa, sem h\u00e9lt \u00fe\u00ednum sonum herteknum.<a name=\"33\"><span class=\"versanumer\">33<\/span><\/a>\u00dev\u00ed eins og h\u00fan gladdist af \u00fe\u00ednu falli, fagna\u00f0i yfir \u00fev\u00ed a\u00f0 \u00fe\u00fa steyptist, svo mun h\u00fan hryggjast af sinni eigin ey\u00f0ileggingu.<a name=\"34\"><span class=\"versanumer\">34<\/span><\/a>Og eg mun svipta hana gle\u00f0inni yfir \u00feeim mikla mannfj\u00f6lda og sn\u00faa hennar yfirl\u00e6ti \u00ed harmakl\u00f6gun.<a name=\"35\"><span class=\"versanumer\">35<\/span><\/a>\u00dev\u00ed eldur mun yfir hana koma fr\u00e1 \u00feeim eil\u00edfa, marga daga \u00ed senn; og \u00ed langan t\u00edma munu vondir andar \u00ed henni b\u00faa.<a name=\"36\"><span class=\"versanumer\">36<\/span><\/a>L\u00edt til austurs, Jer\u00fasalem, og sj\u00e1 \u00feann f\u00f6gnu\u00f0, sem til \u00fe\u00edn kemur fr\u00e1 Drottni!<a name=\"37\"><span class=\"versanumer\">37<\/span><\/a>Sj\u00e1! \u00fe\u00ednir synir koma sem \u00fe\u00fa fr\u00e1 \u00fe\u00e9r l\u00e9st; \u00feeir koma samansafna\u00f0ir fr\u00e1 austri til vesturs, fyrir or\u00f0 \u00feess heilaga, gla\u00f0ir af Gu\u00f0s d\u00fdr\u00f0.<\/p>\n<div class=\"footnoteVidey\">V. 26. a. Af s\u00e6ll\u00edfi og eftirl\u00e6ti, h\u00f6rku- og t\u00e1plaus.<\/div>\n","protected":false},"excerpt":{"rendered":"<p>\u00cdsraels huggun. 1\u00feetta er b\u00f3k Gu\u00f0s bo\u00f0or\u00f0a, og \u00fea\u00f0 l\u00f6gm\u00e1l sem varir a\u00f0 eil\u00edfu. Allir \u00feeir lifa sem \u00fea\u00f0 halda; en \u00feeir deyja sem \u00fea\u00f0 yfirtro\u00f0a.2Sn\u00fa \u00fe\u00e9r, Jakob, og me\u00f0tak \u00fea\u00f0; gakk vi\u00f0 birtuna \u00ed \u00feess lj\u00f3si!3Gef engum \u00f6\u00f0rum \u00feinn hei\u00f0ur, og engum framandi \u00fej\u00f3\u00f0um \u00fe\u00edn g\u00e6\u00f0i!4S\u00e6lir erum v\u00e9r \u00cdsraelsmenn, a\u00f0 oss er auglj\u00f3st, hva\u00f0 Gu\u00f0i vel \u00fe\u00f3knast.5Vertu hughraust, mitt f\u00f3lk, leifar \u00cdsraels!6\u00de\u00e9r eru\u00f0 seldir \u00fej\u00f3\u00f0unum, en ei til tort\u00edningar; af \u00fev\u00ed Gu\u00f0 hefir rei\u00f0st y\u00f0ur, eru\u00f0 \u00fe\u00e9r framseldir y\u00f0ar m\u00f3tst\u00f6\u00f0u m\u00f6nnum,7\u00fev\u00ed \u00fe\u00e9r hafi\u00f0 reitt y\u00f0ar skapara til rei\u00f0i, me\u00f0 \u00fev\u00ed a\u00f0 f\u00e6ra f\u00f3rnir vondum \u00f6ndum, og ekki Gu\u00f0i.8\u00de\u00e9r hafi\u00f0 <a href=\"https:\/\/biblian.is\/videy\/baruksbok-4-kafli\/\"> [&#8230;]<\/a><\/p>\n","protected":false},"author":1,"featured_media":0,"parent":0,"menu_order":0,"comment_status":"open","ping_status":"open","template":"bibliukaflar.php","meta":{"footnotes":""},"class_list":["post-22149","page","type-page","status-publish","hentry"],"_links":{"self":[{"href":"https:\/\/biblian.is\/videy\/wp-json\/wp\/v2\/pages\/22149","targetHints":{"allow":["GET"]}}],"collection":[{"href":"https:\/\/biblian.is\/videy\/wp-json\/wp\/v2\/pages"}],"about":[{"href":"https:\/\/biblian.is\/videy\/wp-json\/wp\/v2\/types\/page"}],"author":[{"embeddable":true,"href":"https:\/\/biblian.is\/videy\/wp-json\/wp\/v2\/users\/1"}],"replies":[{"embeddable":true,"href":"https:\/\/biblian.is\/videy\/wp-json\/wp\/v2\/comments?post=22149"}],"version-history":[{"count":0,"href":"https:\/\/biblian.is\/videy\/wp-json\/wp\/v2\/pages\/22149\/revisions"}],"wp:attachment":[{"href":"https:\/\/biblian.is\/videy\/wp-json\/wp\/v2\/media?parent=22149"}],"curies":[{"name":"wp","href":"https:\/\/api.w.org\/{rel}","templated":true}]}}