{"id":22148,"date":"2018-01-02T01:05:46","date_gmt":"2018-01-02T01:05:46","guid":{"rendered":"http:\/\/biblian.is\/videy\/baruksbok-3-kafli\/"},"modified":"2018-01-02T01:05:46","modified_gmt":"2018-01-02T01:05:46","slug":"baruksbok-3-kafli","status":"publish","type":"page","link":"https:\/\/biblian.is\/videy\/baruksbok-3-kafli\/","title":{"rendered":"Bar\u00faksb\u00f3k 3. kafli"},"content":{"rendered":"<div class=\"fyrirsognVidey\">Fyrst sama efni, og svo lofgj\u00f6r\u00f0 Drottins fyrir hans v\u00edsd\u00f3msfulla l\u00f6gm\u00e1l.<\/div>\n<p><a name=\"1\"><span class=\"versanumer\">1<\/span><\/a>Alm\u00e1ttugi Drottinn, \u00cdsraels Gu\u00f0! angurv\u00e6rt sinni og \u00e1hyggjufullur andi kallar til \u00fe\u00edn.<a name=\"2\"><span class=\"versanumer\">2<\/span><\/a>Heyr Drottinn, og miskunna; \u00fev\u00ed v\u00e9r h\u00f6fum syndga\u00f0 m\u00f3ti \u00fe\u00e9r.<a name=\"3\"><span class=\"versanumer\">3<\/span><\/a>\u00de\u00fa r\u00edkir a\u00f0 eil\u00edfu; en v\u00e9r fyrirf\u00f6rumst a\u00f0 eil\u00edfu.<a name=\"4\"><span class=\"versanumer\">4<\/span><\/a>Alm\u00e1ttugi Drottinn, \u00cdsraels Gu\u00f0! heyr \u00fe\u00f3 b\u00e6n \u00feess deyjandi \u00cdsraels og hans sona, sem m\u00f3ti \u00fe\u00e9r hafa syndga\u00f0, sem ekki hl\u00fdddu raust \u00feeirra Gu\u00f0s, hv\u00f6rs vegna \u00f3g\u00e6fan hitti oss!<a name=\"5\"><span class=\"versanumer\">5<\/span><\/a>minnstu ekki misgj\u00f6r\u00f0a vorra fe\u00f0ra, heldur minnstu, \u00e1 \u00feessum t\u00edma, \u00feinnar handar og \u00fe\u00edns nafns.<a name=\"6\"><span class=\"versanumer\">6<\/span><\/a>\u00dev\u00ed \u00fe\u00fa ert Drottinn vor Gu\u00f0, og v\u00e9r viljum, Drottinn, lofa \u00feig!<a name=\"7\"><span class=\"versanumer\">7<\/span><\/a>\u00dev\u00ed \u00feess vegna hefir \u00fe\u00fa lagt \u00feinn \u00f3tta \u00ed vor hj\u00f6rtu, a\u00f0 v\u00e9r \u00e1k\u00f6llum \u00feitt nafn, og v\u00e9r viljum \u00feig vegsama \u00ed vorri hertekningu. \u00dev\u00ed v\u00e9r h\u00f6fum \u00fatr\u00fdmt \u00far vorum hj\u00f6rtum misgj\u00f6r\u00f0um vorra fe\u00f0ra, sem m\u00f3ti \u00fe\u00e9r syndgu\u00f0u.<a name=\"8\"><span class=\"versanumer\">8<\/span><\/a>Sj\u00e1, v\u00e9r erum \u00ed dag \u00ed vorri \u00fatleg\u00f0, hv\u00f6rt \u00fe\u00fa hefir hraki\u00f0 oss til sm\u00e1nar, til b\u00f6lvunar og til sektar fyrir allar misgj\u00f6r\u00f0ir vorra fe\u00f0ra, sem brug\u00f0u hollustu vi\u00f0 Drottin, \u00feeirra Gu\u00f0. <br \/><a name=\"9\"><span class=\"versanumer\">9<\/span><\/a>Heyr, \u00cdsrael, l\u00edfsins bo\u00f0or\u00f0, taki\u00f0 eftir svo \u00fe\u00e9r l\u00e6ri\u00f0 hyggindi!<a name=\"10\"><span class=\"versanumer\">10<\/span><\/a>Hv\u00f6rnig stendur \u00e1 \u00fev\u00ed, \u00cdsrael, a\u00f0 \u00fe\u00fa ert \u00ed \u00f3vina landi,<a name=\"11\"><span class=\"versanumer\">11<\/span><\/a>a\u00f0 \u00fe\u00fa eldist \u00ed framandi landi, ert saurga\u00f0ur af dau\u00f0um, ert talinn me\u00f0 \u00feeim \u00ed undirheimum?<a name=\"12\"><span class=\"versanumer\">12<\/span><\/a>\u00de\u00fa yfirgafst spekinnar uppsprettu.<a name=\"13\"><span class=\"versanumer\">13<\/span><\/a>Hef\u00f0ir \u00fe\u00fa gengi\u00f0 \u00e1 Gu\u00f0s vegum, svo byggir \u00fe\u00fa til eil\u00edf\u00f0ar \u00ed fri\u00f0i.<a name=\"14\"><span class=\"versanumer\">14<\/span><\/a>L\u00e6r \u00fe\u00fa <span class='VideyAth'>(a\u00f0 \u00feekkja)<\/span> hvar hyggindi eru, hvar kraftur er, hvar speki er, svo \u00fe\u00fa l\u00edka \u00feekkir, hvar langl\u00edfi, hvar g\u00e6fa, hvar lj\u00f3s fyrir augum og fri\u00f0ur er. <br \/><a name=\"15\"><span class=\"versanumer\">15<\/span><\/a>Hv\u00f6r hefir fundi\u00f0 hennar <span class='VideyAth'>(spekinnar)<\/span> b\u00fasta\u00f0, og hv\u00f6r hefir komist a\u00f0 hennar fj\u00e1rsj\u00f3\u00f0um?<a name=\"16\"><span class=\"versanumer\">16<\/span><\/a>Hvar eru h\u00f6f\u00f0ingjar \u00fej\u00f3\u00f0anna og drottnendur yfir d\u00fdrum jar\u00f0arinnar,<a name=\"17\"><span class=\"versanumer\">17<\/span><\/a>sem l\u00e9ku vi\u00f0 fugla himinsins og s\u00f6fnu\u00f0u silfri og gulli, sem menn treysta, og enginn endi var \u00feeirra a\u00f0dr\u00e1tta,<a name=\"18\"><span class=\"versanumer\">18<\/span><\/a>sem sm\u00ed\u00f0u\u00f0u silfur og h\u00f6f\u00f0u \u00e1hyggjur, og hv\u00f6rra verk voru \u00f3m\u00e6lanleg?<a name=\"19\"><span class=\"versanumer\">19<\/span><\/a>\u00feeir eru horfnir og sokknir ni\u00f0ur til undirheima, og a\u00f0rir eru komnir \u00ed \u00feeirra sta\u00f0.<a name=\"20\"><span class=\"versanumer\">20<\/span><\/a>\u00deeir yngri s\u00e1u lj\u00f3si\u00f0 og bjuggu \u00e1 j\u00f6r\u00f0unni; en veginn til spekinnar vissu \u00feeir ekki,<a name=\"21\"><span class=\"versanumer\">21<\/span><\/a>og g\u00f6tu hennar \u00feekktu \u00feeir ekki. \u00deeirra synir hafa enn hraparlegar villst.<a name=\"22\"><span class=\"versanumer\">22<\/span><\/a>Menn heyra ekkert um hana \u00ed Kanaan; menn sj\u00e1 hana ekki \u00ed Teman.<a name=\"23\"><span class=\"versanumer\">23<\/span><\/a>Hagarssynir grennslu\u00f0ust eftir jar\u00f0neskum hyggindum og kaupmennirnir fr\u00e1 Meran og Teman og d\u00e6mis\u00f6gu sk\u00e1ldin og skilningseftirleitendur; en spekinnar veg \u00feekktu \u00feeir ekki og eftir hennar g\u00f6tu t\u00f3ku \u00feeir ekki.<br \/><a name=\"24\"><span class=\"versanumer\">24<\/span><\/a>\u00d3 \u00cdsrael, hv\u00f6rsu miki\u00f0 er Gu\u00f0s h\u00fas, og hv\u00f6rsu r\u00famlegir sta\u00f0ir hans eignar!<a name=\"25\"><span class=\"versanumer\">25<\/span><\/a>j\u00e1 miki\u00f0, og hefir engan enda, h\u00e1tt og \u00f3m\u00e6lanlegt! <br \/><a name=\"26\"><span class=\"versanumer\">26<\/span><\/a>\u00dear <span class='VideyAth'>a)<\/span> voru risar, \u00feeir nafnfr\u00e6gu, fr\u00e1 upphafi miklir or\u00f0nir, og \u00feeir kunnu til str\u00ed\u00f0s.<a name=\"27\"><span class=\"versanumer\">27<\/span><\/a>Ekki valdi Gu\u00f0 \u00feessa, n\u00e9 opinbera\u00f0i \u00feeim spekinnar veg.<a name=\"28\"><span class=\"versanumer\">28<\/span><\/a>\u00deeir f\u00f3rust, af \u00fev\u00ed \u00feeir h\u00f6f\u00f0u engin hyggindi, f\u00f3rust af sinni heimsku.<br \/><a name=\"29\"><span class=\"versanumer\">29<\/span><\/a>Hv\u00f6r hefir til himna uppst\u00edgi\u00f0 og s\u00f3tt hana <span class='VideyAth'>(spekina)<\/span> og flutt ni\u00f0ur \u00far sk\u00fdjunum?<a name=\"30\"><span class=\"versanumer\">30<\/span><\/a>Hv\u00f6r hefir fari\u00f0 yfir hafi\u00f0 og fundi\u00f0 hana, svo hann g\u00e6ti komi\u00f0 me\u00f0 hana, fyrir einvala gull?<a name=\"31\"><span class=\"versanumer\">31<\/span><\/a>Enginn \u00feekkir hennar veg, enginn tekur eftir hennar g\u00f6tu.<a name=\"32\"><span class=\"versanumer\">32<\/span><\/a>En s\u00e1 sem allt veit, \u00feekkir hana, hefir fundi\u00f0 hana me\u00f0 s\u00ednu viti. S\u00e1, sem j\u00f6r\u00f0ina sk\u00f3p til eil\u00edf\u00f0ar og fyllti hana ferf\u00e6ttum d\u00fdrum;<a name=\"33\"><span class=\"versanumer\">33<\/span><\/a>s\u00e1 sem sendir lj\u00f3si\u00f0, a\u00f0 \u00fea\u00f0 fari; sem kallar \u00fea\u00f0, og \u00fea\u00f0 hl\u00fd\u00f0ir honum skj\u00e1lfandi.<a name=\"34\"><span class=\"versanumer\">34<\/span><\/a>Stj\u00f6rnurnar l\u00fdsa \u00fear, sem \u00fe\u00e6r halda v\u00f6r\u00f0, og eru gla\u00f0ar; hann kallar \u00fe\u00e6r, og \u00fe\u00e6r segja:<a name=\"35\"><span class=\"versanumer\">35<\/span><\/a>\u201eH\u00e9r erum v\u00e9r.\u201c \u00de\u00e6r l\u00fdsa gla\u00f0lega s\u00ednum skapara.<a name=\"36\"><span class=\"versanumer\">36<\/span><\/a>\u00deessi er vor Gu\u00f0, og engum \u00f6\u00f0rum er vi\u00f0 hann a\u00f0 l\u00edkja.<a name=\"37\"><span class=\"versanumer\">37<\/span><\/a>Hann hefir fundi\u00f0 allan veg viskunnar, og gefi\u00f0 hana Jakob, s\u00ednum \u00fe\u00e9nara, og \u00cdsrael, s\u00ednum elskulega.<a name=\"38\"><span class=\"versanumer\">38<\/span><\/a>S\u00ed\u00f0an hefir h\u00fan byrst \u00e1 j\u00f6r\u00f0u, og veri\u00f0 \u00e1 fer\u00f0 me\u00f0al mannanna:<\/p>\n<div class=\"footnoteVidey\">V. 26. a. \u00dear, \u00fe. e. \u00ed Kanaanslandi.<\/div>\n","protected":false},"excerpt":{"rendered":"<p>Fyrst sama efni, og svo lofgj\u00f6r\u00f0 Drottins fyrir hans v\u00edsd\u00f3msfulla l\u00f6gm\u00e1l. 1Alm\u00e1ttugi Drottinn, \u00cdsraels Gu\u00f0! angurv\u00e6rt sinni og \u00e1hyggjufullur andi kallar til \u00fe\u00edn.2Heyr Drottinn, og miskunna; \u00fev\u00ed v\u00e9r h\u00f6fum syndga\u00f0 m\u00f3ti \u00fe\u00e9r.3\u00de\u00fa r\u00edkir a\u00f0 eil\u00edfu; en v\u00e9r fyrirf\u00f6rumst a\u00f0 eil\u00edfu.4Alm\u00e1ttugi Drottinn, \u00cdsraels Gu\u00f0! heyr \u00fe\u00f3 b\u00e6n \u00feess deyjandi \u00cdsraels og hans sona, sem m\u00f3ti \u00fe\u00e9r hafa syndga\u00f0, sem ekki hl\u00fdddu raust \u00feeirra Gu\u00f0s, hv\u00f6rs vegna \u00f3g\u00e6fan hitti oss!5minnstu ekki misgj\u00f6r\u00f0a vorra fe\u00f0ra, heldur minnstu, \u00e1 \u00feessum t\u00edma, \u00feinnar handar og \u00fe\u00edns nafns.6\u00dev\u00ed \u00fe\u00fa ert Drottinn vor Gu\u00f0, og v\u00e9r viljum, Drottinn, lofa \u00feig!7\u00dev\u00ed \u00feess vegna hefir \u00fe\u00fa lagt \u00feinn \u00f3tta <a href=\"https:\/\/biblian.is\/videy\/baruksbok-3-kafli\/\"> [&#8230;]<\/a><\/p>\n","protected":false},"author":1,"featured_media":0,"parent":0,"menu_order":0,"comment_status":"open","ping_status":"open","template":"bibliukaflar.php","meta":{"footnotes":""},"class_list":["post-22148","page","type-page","status-publish","hentry"],"_links":{"self":[{"href":"https:\/\/biblian.is\/videy\/wp-json\/wp\/v2\/pages\/22148","targetHints":{"allow":["GET"]}}],"collection":[{"href":"https:\/\/biblian.is\/videy\/wp-json\/wp\/v2\/pages"}],"about":[{"href":"https:\/\/biblian.is\/videy\/wp-json\/wp\/v2\/types\/page"}],"author":[{"embeddable":true,"href":"https:\/\/biblian.is\/videy\/wp-json\/wp\/v2\/users\/1"}],"replies":[{"embeddable":true,"href":"https:\/\/biblian.is\/videy\/wp-json\/wp\/v2\/comments?post=22148"}],"version-history":[{"count":0,"href":"https:\/\/biblian.is\/videy\/wp-json\/wp\/v2\/pages\/22148\/revisions"}],"wp:attachment":[{"href":"https:\/\/biblian.is\/videy\/wp-json\/wp\/v2\/media?parent=22148"}],"curies":[{"name":"wp","href":"https:\/\/api.w.org\/{rel}","templated":true}]}}