{"id":22147,"date":"2018-01-02T01:05:46","date_gmt":"2018-01-02T01:05:46","guid":{"rendered":"http:\/\/biblian.is\/videy\/baruksbok-2-kafli\/"},"modified":"2018-01-02T01:05:46","modified_gmt":"2018-01-02T01:05:46","slug":"baruksbok-2-kafli","status":"publish","type":"page","link":"https:\/\/biblian.is\/videy\/baruksbok-2-kafli\/","title":{"rendered":"Bar\u00faksb\u00f3k 2. kafli"},"content":{"rendered":"<div class=\"fyrirsognVidey\">Sama br\u00e9fi\u00f0.<\/div>\n<p><a name=\"1\"><span class=\"versanumer\">1<\/span><\/a>Og Drottinn hefir efnt \u00fea\u00f0 or\u00f0 sitt sem hann tala\u00f0i \u00e1 m\u00f3ti oss, og \u00e1 m\u00f3ti vorum d\u00f3murum sem d\u00e6mdu \u00cdsrael, og m\u00f3ti vorum k\u00f3ngum, og m\u00f3ti vorum h\u00f6f\u00f0ingjum og m\u00f3ti oss, og \u00e1 m\u00f3ti vorum d\u00f3murum sem d\u00e6mdu \u00cdsrael, og m\u00f3ti vorum k\u00f3ngum, og m\u00f3ti vorum h\u00f6f\u00f0ingjum og m\u00f3ti \u00cdsraels og J\u00fadam\u00f6nnum,<a name=\"2\"><span class=\"versanumer\">2<\/span><\/a>a\u00f0 hann vildi yfir oss lei\u00f0a mikla \u00f3hamingju, sem ei hefur gj\u00f6rst undir \u00f6llum himninum, l\u00edk \u00feeirri, sem hann gj\u00f6r\u00f0i \u00ed Jer\u00fasalem, eftir \u00fev\u00ed sem skrifa\u00f0 stendur \u00ed M\u00f3sisl\u00f6gm\u00e1li:<a name=\"3\"><span class=\"versanumer\">3<\/span><\/a>a\u00f0 v\u00e9r skyldum eta hv\u00f6r einn hold s\u00edns sonar, og hv\u00f6r einn hold sinnar d\u00f3ttur.<a name=\"4\"><span class=\"versanumer\">4<\/span><\/a>Og hann gj\u00f6r\u00f0i \u00fe\u00e1 a\u00f0 undirl\u00e6gjum allra r\u00edkjanna \u00ed kringum oss, til brigslis og b\u00f6lvunar me\u00f0al allra l\u00fd\u00f0a allt um kring, hvar Drottinn haf\u00f0i \u00feeim tv\u00edstra\u00f0.<a name=\"5\"><span class=\"versanumer\">5<\/span><\/a>Og \u00feeir voru undir en ei yfir, af \u00fev\u00ed v\u00e9r syndgu\u00f0um m\u00f3ti Drottni vorum Gu\u00f0i, og v\u00e9r ekki gegndum hans raust.<a name=\"6\"><span class=\"versanumer\">6<\/span><\/a>Drottinn vor Gu\u00f0 er r\u00e9ttl\u00e1tur, en oss og vorum fe\u00f0rum tilheyrir blyg\u00f0un vors andlitis, eins og n\u00fa \u00ed dag <span class='VideyAth'>(er)<\/span>.<a name=\"7\"><span class=\"versanumer\">7<\/span><\/a>Drottinn hefir h\u00f3ta\u00f0 oss allri \u00feeirri \u00f3hamingju, sem yfir oss er komin,<a name=\"8\"><span class=\"versanumer\">8<\/span><\/a>og v\u00e9r gr\u00e1tb\u00e6ndum ekki Drottin, a\u00f0 hann l\u00e9ti hv\u00f6rn og einn sn\u00faa s\u00e9r fr\u00e1 hugsunum s\u00edns vonda hjarta,<a name=\"9\"><span class=\"versanumer\">9<\/span><\/a>og Drottinn vakti yfir \u00f3g\u00e6funni og Drottinn leiddi <span class='VideyAth'>(hana)<\/span> yfir oss, \u00fev\u00ed r\u00e9ttl\u00e1tur er Drottinn \u00ed \u00f6llum s\u00ednum gj\u00f6r\u00f0um, sem hann hefir oss bo\u00f0i\u00f0,<a name=\"10\"><span class=\"versanumer\">10<\/span><\/a>og v\u00e9r hl\u00fdddum ekki hans raust, a\u00f0 ganga eftir Drottins bo\u00f0or\u00f0um, sem hann berlega haf\u00f0i gefi\u00f0 oss. <br \/><a name=\"11\"><span class=\"versanumer\">11<\/span><\/a>Og n\u00fa Drottinn, \u00cdsraels Gu\u00f0, sem \u00fatleiddir \u00feinn l\u00fd\u00f0 \u00far Egyptalandi, me\u00f0 \u00f6flugri hendi, og me\u00f0 t\u00e1knum og fur\u00f0uverkum, og me\u00f0 miklum m\u00e6tti, og me\u00f0 upplyftum armi og gj\u00f6r\u00f0ir \u00fe\u00e9r nafn, eins og n\u00fa <span class='VideyAth'>(er)<\/span>.<a name=\"12\"><span class=\"versanumer\">12<\/span><\/a>V\u00e9r h\u00f6fum syndga\u00f0, veri\u00f0 gu\u00f0lausir, og yfirtro\u00f0i\u00f0, Drottinn vor Gu\u00f0, alla \u00fe\u00edna setninga.<a name=\"13\"><span class=\"versanumer\">13<\/span><\/a>L\u00e1t \u00fe\u00edna rei\u00f0i fr\u00e1 oss sn\u00faast! \u00fev\u00ed f\u00e1ir af oss eru eftir or\u00f0nir me\u00f0al \u00fej\u00f3\u00f0anna, hvar \u00fe\u00fa hefir oss tv\u00edstra\u00f0.<a name=\"14\"><span class=\"versanumer\">14<\/span><\/a>Heyr, Drottinn, vora b\u00e6n og gr\u00e1tbei\u00f0ni, og frelsa oss s\u00f6kum \u00fe\u00edn og l\u00e1t oss finna n\u00e1\u00f0 hj\u00e1 \u00feeim sem hafa oss \u00ed burtu flutt,<a name=\"15\"><span class=\"versanumer\">15<\/span><\/a>svo \u00f6ll ver\u00f6ldin \u00feekki, a\u00f0 \u00fe\u00fa, Drottinn, ert vor Gu\u00f0, a\u00f0 \u00cdsrael og hans kyn, er nefnt eftir \u00fe\u00ednu nafni. <br \/><a name=\"16\"><span class=\"versanumer\">16<\/span><\/a>Drottinn, l\u00edt ni\u00f0ur fr\u00e1 \u00fe\u00ednu heilaga h\u00fasi, og hugsa til vor, og hneig, Drottinn, \u00feitt eyra og heyr!<a name=\"17\"><span class=\"versanumer\">17<\/span><\/a>Upplj\u00fak \u00fe\u00ednum augum og sj\u00e1, \u00fev\u00ed \u00feeir framli\u00f0nu \u00ed undirheimum, hv\u00f6rra andi tekinn er \u00far \u00feeirra innyflum, grei\u00f0a ei Drottni hei\u00f0ur og hollustu;<a name=\"18\"><span class=\"versanumer\">18<\/span><\/a>heldur s\u00fa mikillega hrygga s\u00e1l, hv\u00f6r, s\u00e1 sem gengur bj\u00fagur og ves\u00e6llegur, \u00feau vanmegna augu og hungru\u00f0u s\u00e1lir, gefa \u00fe\u00e9r, Drottinn, hei\u00f0ur og hollustu.<a name=\"19\"><span class=\"versanumer\">19<\/span><\/a>Ekki \u00ed trausti til r\u00e9ttl\u00e6tis vorra fe\u00f0ra og vorra konunga <span class='VideyAth'>(r\u00e9ttl\u00e6tis)<\/span> berum v\u00e9r, Drottinn vor Gu\u00f0, fram fyrir \u00feig, vora gr\u00e1tbei\u00f0ni!<a name=\"20\"><span class=\"versanumer\">20<\/span><\/a>\u00fev\u00ed \u00fe\u00fa hefir leitt yfir oss \u00fe\u00edna rei\u00f0i og grimmd, eftir \u00fev\u00ed sem \u00fe\u00fa tala\u00f0ir, fyrir \u00fe\u00edna \u00fej\u00f3na sp\u00e1mennina:<a name=\"21\"><span class=\"versanumer\">21<\/span><\/a>\u201eSvo segir Drottinn: beygi\u00f0 y\u00f0ar her\u00f0ar og \u00fej\u00f3ni\u00f0 k\u00f3nginum \u00ed Babel, \u00fe\u00e1 munu\u00f0 \u00fe\u00e9r vera kyrrir \u00ed landinu, sem eg gaf y\u00f0ar fe\u00f0rum;<a name=\"22\"><span class=\"versanumer\">22<\/span><\/a>en ef \u00fe\u00e9r hl\u00fd\u00f0i\u00f0 ekki Drottins raust, a\u00f0 \u00fej\u00f3na k\u00f3nginum \u00ed Babel;<a name=\"23\"><span class=\"versanumer\">23<\/span><\/a>\u00fe\u00e1 skal eg l\u00e1ta \u00feagna \u00ed J\u00fadast\u00f6\u00f0um og \u00ed Jer\u00fasalem, fagna\u00f0arins raust og gla\u00f0v\u00e6r\u00f0arinnar raust, br\u00fa\u00f0gumans raust og br\u00fa\u00f0urinnar raust, og allt landi\u00f0 skal ver\u00f0a a\u00f0 au\u00f0n hvar enginn b\u00fdr.\u201c <span class='VideyAth'>(Jerem. 25,10. 27,8)<\/span>.<a name=\"24\"><span class=\"versanumer\">24<\/span><\/a>En v\u00e9r hl\u00fdddum ekki \u00feinni raust, a\u00f0 \u00fej\u00f3na k\u00f3nginum \u00ed Babel. Og svo efndir \u00fe\u00fa \u00feitt or\u00f0, sem \u00fe\u00fa tala\u00f0ir fyrir \u00fe\u00edna \u00fej\u00f3na sp\u00e1mennina, a\u00f0 beinum vorra k\u00f3nga og beinum vorra fe\u00f0ra skyldi burtsnara\u00f0 ver\u00f0a \u00far \u00feeirra <span class='VideyAth'>a)<\/span> st\u00f6\u00f0um.<a name=\"25\"><span class=\"versanumer\">25<\/span><\/a>Og sj\u00e1, \u00feau liggja \u00fatsn\u00f6ru\u00f0 fyrir hita dagsins og kulda n\u00e6turinnar, og \u00feeir hafa h\u00f6rmulega farist fyrir hungri og sver\u00f0i og dreps\u00f3tt.<a name=\"26\"><span class=\"versanumer\">26<\/span><\/a>Og \u00fe\u00fa hefir gj\u00f6rt \u00fea\u00f0 h\u00fas, sem nefnt var eftir \u00fe\u00ednu nafni, eins og \u00fea\u00f0 er \u00feennan dag, s\u00f6kum vonsku \u00cdsraels h\u00fass og J\u00fada h\u00fass.<br \/><a name=\"27\"><span class=\"versanumer\">27<\/span><\/a>En vi\u00f0 oss, Drottinn vor Gu\u00f0, hefir \u00fe\u00fa breytt eftir allri \u00feinni g\u00e6sku, og eftir allri \u00feinni miklu miskunnsemi,<a name=\"28\"><span class=\"versanumer\">28<\/span><\/a>eins og \u00fe\u00fa hefir tala\u00f0 fyrir \u00feinn \u00fej\u00f3n M\u00f3ses, \u00e1 \u00feeim degi \u00fe\u00e1 \u00fe\u00fa bau\u00f0st honum a\u00f0 skrifa \u00feitt l\u00f6gm\u00e1l, frammi fyrir \u00cdsraelssonum og sag\u00f0ir:<a name=\"29\"><span class=\"versanumer\">29<\/span><\/a>\u201eef \u00fe\u00e9r hl\u00fd\u00f0i\u00f0 ekki minni raust, \u00fe\u00e1 skal \u00feessi mikli og margmenni f\u00f3lksh\u00f3pur ver\u00f0a l\u00edtill me\u00f0al \u00fej\u00f3\u00f0anna, innan um hv\u00f6rjar eg vil tv\u00edstra \u00feeim.<a name=\"30\"><span class=\"versanumer\">30<\/span><\/a>\u00dev\u00ed eg veit vel, a\u00f0 \u00feeir munu ekki hl\u00fd\u00f0a m\u00e9r; \u00fev\u00ed \u00feeir eru har\u00f0sv\u00edra\u00f0 f\u00f3lk. En \u00feeir munu umvenda s\u00e9r \u00ed \u00feeirra hertekningarlandi,<a name=\"31\"><span class=\"versanumer\">31<\/span><\/a>og vi\u00f0urkenna, a\u00f0 eg Drottinn, er \u00feeirra Gu\u00f0. Og eg mun gefa \u00feeim hjarta, og heyrandi eyru.<a name=\"32\"><span class=\"versanumer\">32<\/span><\/a>\u00de\u00e1 munu \u00feeir lofa mig \u00ed \u00feeirra hertekningarlandi, og minnast m\u00edns nafns,<a name=\"33\"><span class=\"versanumer\">33<\/span><\/a>og sn\u00faa s\u00e9r fr\u00e1 sinni \u00ferj\u00f3sku og fr\u00e1 s\u00ednum vondu si\u00f0um: \u00fev\u00ed \u00feeir munu hugsa til \u00feess hv\u00f6rnig f\u00f3r fyrir \u00feeirra fe\u00f0rum, sem syndgu\u00f0u fyrir Drottins augs\u00fdn.<a name=\"34\"><span class=\"versanumer\">34<\/span><\/a>\u00de\u00e1 skal eg flytja \u00fe\u00e1 aftur \u00ed \u00fea\u00f0 land sem eg s\u00f3r \u00feeirra fe\u00f0rum, Abraham, \u00cdsak og Jakob; og \u00fear skulu \u00feeir drottna, og eg mun fj\u00f6lga \u00feeim, og \u00feeir skulu ekki f\u00e6kka.<a name=\"35\"><span class=\"versanumer\">35<\/span><\/a>Og eg mun gj\u00f6ra vi\u00f0 \u00fe\u00e1 eil\u00edfan s\u00e1ttm\u00e1la a\u00f0 eg s\u00e9 \u00feeirra Gu\u00f0, og \u00feeir mitt f\u00f3lk. Og eg mun ei framar reka mitt f\u00f3lk, \u00cdsrael, \u00far \u00fev\u00ed landi, sem eg gaf \u00feeim.\u201c<\/p>\n<div class=\"footnoteVidey\">V. 24. \u00de. e. gr\u00f6funum.<\/div>\n","protected":false},"excerpt":{"rendered":"<p>Sama br\u00e9fi\u00f0. 1Og Drottinn hefir efnt \u00fea\u00f0 or\u00f0 sitt sem hann tala\u00f0i \u00e1 m\u00f3ti oss, og \u00e1 m\u00f3ti vorum d\u00f3murum sem d\u00e6mdu \u00cdsrael, og m\u00f3ti vorum k\u00f3ngum, og m\u00f3ti vorum h\u00f6f\u00f0ingjum og m\u00f3ti oss, og \u00e1 m\u00f3ti vorum d\u00f3murum sem d\u00e6mdu \u00cdsrael, og m\u00f3ti vorum k\u00f3ngum, og m\u00f3ti vorum h\u00f6f\u00f0ingjum og m\u00f3ti \u00cdsraels og J\u00fadam\u00f6nnum,2a\u00f0 hann vildi yfir oss lei\u00f0a mikla \u00f3hamingju, sem ei hefur gj\u00f6rst undir \u00f6llum himninum, l\u00edk \u00feeirri, sem hann gj\u00f6r\u00f0i \u00ed Jer\u00fasalem, eftir \u00fev\u00ed sem skrifa\u00f0 stendur \u00ed M\u00f3sisl\u00f6gm\u00e1li:3a\u00f0 v\u00e9r skyldum eta hv\u00f6r einn hold s\u00edns sonar, og hv\u00f6r einn hold sinnar d\u00f3ttur.4Og hann gj\u00f6r\u00f0i \u00fe\u00e1 <a href=\"https:\/\/biblian.is\/videy\/baruksbok-2-kafli\/\"> [&#8230;]<\/a><\/p>\n","protected":false},"author":1,"featured_media":0,"parent":0,"menu_order":0,"comment_status":"open","ping_status":"open","template":"bibliukaflar.php","meta":{"footnotes":""},"class_list":["post-22147","page","type-page","status-publish","hentry"],"_links":{"self":[{"href":"https:\/\/biblian.is\/videy\/wp-json\/wp\/v2\/pages\/22147","targetHints":{"allow":["GET"]}}],"collection":[{"href":"https:\/\/biblian.is\/videy\/wp-json\/wp\/v2\/pages"}],"about":[{"href":"https:\/\/biblian.is\/videy\/wp-json\/wp\/v2\/types\/page"}],"author":[{"embeddable":true,"href":"https:\/\/biblian.is\/videy\/wp-json\/wp\/v2\/users\/1"}],"replies":[{"embeddable":true,"href":"https:\/\/biblian.is\/videy\/wp-json\/wp\/v2\/comments?post=22147"}],"version-history":[{"count":0,"href":"https:\/\/biblian.is\/videy\/wp-json\/wp\/v2\/pages\/22147\/revisions"}],"wp:attachment":[{"href":"https:\/\/biblian.is\/videy\/wp-json\/wp\/v2\/media?parent=22147"}],"curies":[{"name":"wp","href":"https:\/\/api.w.org\/{rel}","templated":true}]}}