{"id":22146,"date":"2018-01-02T01:05:46","date_gmt":"2018-01-02T01:05:46","guid":{"rendered":"http:\/\/biblian.is\/videy\/baruksbok-1-kafli\/"},"modified":"2018-01-02T01:05:46","modified_gmt":"2018-01-02T01:05:46","slug":"baruksbok-1-kafli","status":"publish","type":"page","link":"https:\/\/biblian.is\/videy\/baruksbok-1-kafli\/","title":{"rendered":"Bar\u00faksb\u00f3k 1. kafli"},"content":{"rendered":"<div class=\"fyrirsognVidey\">Sendibr\u00e9f fr\u00e1 \u00feeim herteknu \u00ed Babel til \u00feeirra br\u00e6\u00f0ra \u00ed Jer\u00fasalem.<\/div>\n<p><a name=\"1\"><span class=\"versanumer\">1<\/span><\/a>\u00deetta eru or\u00f0 br\u00e9fsins sem Bar\u00fak skrifa\u00f0i \u00ed Bab\u00fdlon, sonur Mer\u00eda, sonar Mahas\u00eda, sonar Sedek\u00eda, sonar Asad\u00eda, sonar Helk\u00eda,<a name=\"2\"><span class=\"versanumer\">2<\/span><\/a>\u00e1 fimmta \u00e1ri \u00ed sj\u00f6unda m\u00e1nu\u00f0i \u00e1 \u00feeim t\u00edma er Kaldeumenn unnu Jer\u00fasalem og brenndu me\u00f0 eldi.<br \/><a name=\"3\"><span class=\"versanumer\">3<\/span><\/a>Og Bar\u00fak las or\u00f0 \u00feessa br\u00e9fs fyrir eyrum Jekon\u00eda J\u00f3jakimssonar, J\u00fadak\u00f3ngs, og fyrir eyrum alls f\u00f3lksins sem saman var safna\u00f0 sakir br\u00e9fsins.<a name=\"4\"><span class=\"versanumer\">4<\/span><\/a>Og fyrir eyrum str\u00ed\u00f0smannanna, og k\u00f3ngssonanna, og fyrir eyrum \u00feeirra elstu, og fyrir eyrum alls f\u00f3lksins, sm\u00e1rra og st\u00f3rra, allra sem bjuggu \u00ed Bab\u00fdlon vi\u00f0 \u00e1na Sud.<a name=\"5\"><span class=\"versanumer\">5<\/span><\/a>Og \u00feeir gr\u00e9tu og f\u00f6stu\u00f0u, og b\u00e1\u00f0ust fyrir frammi fyrir Drottni.<a name=\"6\"><span class=\"versanumer\">6<\/span><\/a>Og \u00feeir skutu peningum saman, eftir sem s\u00e9rhv\u00f6rs h\u00f6nd orka\u00f0i,<a name=\"7\"><span class=\"versanumer\">7<\/span><\/a>og sendu til J\u00f3jakim \u00ed Jer\u00fasalem, sonar Helkia, sonar Saloms, h\u00f6fu\u00f0prests, og til hinna annarra presta, og til alls f\u00f3lksins, sem var me\u00f0 honum, \u00ed Jer\u00fasalem,<a name=\"8\"><span class=\"versanumer\">8<\/span><\/a>\u00fe\u00e1 hann haf\u00f0i teki\u00f0 vi\u00f0 kerum Drottins h\u00fass, sem burt h\u00f6f\u00f0u veri\u00f0 flutt \u00far musterinu, til \u00feess a\u00f0 fara me\u00f0 \u00feau aftur \u00ed J\u00fada land, \u00feann t\u00edunda <span class='VideyAth'>(dag)<\/span> \u00ed <span class='VideyAth'>(m\u00e1nu\u00f0inum)<\/span> Sivan, silfur\u00e1h\u00f6ldunum, sem Sedek\u00eda J\u00f3siason, J\u00fadakonungur haf\u00f0i gj\u00f6rt,<a name=\"9\"><span class=\"versanumer\">9<\/span><\/a>eftir a\u00f0 Neb\u00fakadnesar Bab\u00fdlonsk\u00f3ngur haf\u00f0i flutt burt til Bab\u00fdlon fr\u00e1 Jer\u00fasalem, Jekon\u00eda og h\u00f6f\u00f0ingjana og fanganna og str\u00ed\u00f0smennina og landsf\u00f3lki\u00f0.<br \/><a name=\"10\"><span class=\"versanumer\">10<\/span><\/a>Og \u00feeir s\u00f6g\u00f0u <span class='VideyAth'>(\u00ed br\u00e9finu)<\/span>: sj\u00e1, v\u00e9r sendum y\u00f0ur peninga, kaupi\u00f0 fyrir peningana brennif\u00f3rn og syndaf\u00f3rn, og reykelsi, og framberi\u00f0 matoffur, og f\u00f3rnf\u00e6ri\u00f0 \u00e1 altari Drottins vors Gu\u00f0s,<a name=\"11\"><span class=\"versanumer\">11<\/span><\/a>og bi\u00f0ji\u00f0 fyrir l\u00edfi Neb\u00fakadnesars k\u00f3ngs \u00ed Bab\u00fdlon, og fyrir l\u00edfi sonar hans Baltasar, a\u00f0 \u00feeirra dagar megi ver\u00f0a sem dagar himinsins yfir j\u00f6r\u00f0unni.<a name=\"12\"><span class=\"versanumer\">12<\/span><\/a>Svo mun Drottinn veita oss kraft og uppl\u00fdsa vor augu, og v\u00e9r munum lifa undir skugga Neb\u00fakadnesars, k\u00f3ngs \u00ed Bab\u00fdlon, og undir skugga sonar hans, Baltasars, og v\u00e9r munum \u00fej\u00f3na \u00feeim marga daga, og finna n\u00e1\u00f0 frammi fyrir \u00feeim.<a name=\"13\"><span class=\"versanumer\">13<\/span><\/a>Og bi\u00f0ji\u00f0 Drottin, vorn Gu\u00f0, fyrir oss; \u00fev\u00ed v\u00e9r h\u00f6fum syndgast m\u00f3ti Drottni, vorum Gu\u00f0i, og ge\u00f0 Drottins og rei\u00f0i hefir ei fr\u00e1 oss horfi\u00f0 allt til \u00feessa dags.<a name=\"14\"><span class=\"versanumer\">14<\/span><\/a>Og lesi\u00f0 \u00feetta br\u00e9f sem v\u00e9r sendum y\u00f0ur svo a\u00f0 \u00fe\u00e9r kunngj\u00f6ri\u00f0 \u00fea\u00f0 \u00ed Drottins h\u00fasi, \u00e1 h\u00e1t\u00ed\u00f0ardeginum og \u00e1 hentugum d\u00f6gum,<a name=\"15\"><span class=\"versanumer\">15<\/span><\/a>og segi\u00f0: Drottinn vor Gu\u00f0 er r\u00e9ttl\u00e1tur, en v\u00e9r megum skammast vor <span class='VideyAth'>a)<\/span>, eins og n\u00fa er dagurinn J\u00fadamanni og Jer\u00fasalemsinnb\u00faum,<a name=\"16\"><span class=\"versanumer\">16<\/span><\/a>og konungum vorum og h\u00f6f\u00f0ingjum vorum og prestum vorum og sp\u00e1m\u00f6nnum vorum og fe\u00f0rum vorum,<a name=\"17\"><span class=\"versanumer\">17<\/span><\/a>fyrir \u00fea\u00f0 sem v\u00e9r h\u00f6fum syndga\u00f0 \u00ed augs\u00fdn Drottins,<a name=\"18\"><span class=\"versanumer\">18<\/span><\/a>og v\u00e9r hl\u00fdddum honum ekki, og gegndum ekki raustinni Drottins vors Gu\u00f0s, a\u00f0 ganga eftir Drottins bo\u00f0or\u00f0um, sem hann haf\u00f0i oss gefi\u00f0 bers\u00fdnilega,<a name=\"19\"><span class=\"versanumer\">19<\/span><\/a>fr\u00e1 \u00feeim degi a\u00f0 Drottinn flutti fe\u00f0ur vora burt \u00far Egyptalandi; og allt til \u00feessa dags, vorum v\u00e9r \u00f3hl\u00fd\u00f0nir Drottni, Gu\u00f0i vorum, og vorum svo athugalausir, a\u00f0 v\u00e9r hl\u00fdddum ekki hans raust;<a name=\"20\"><span class=\"versanumer\">20<\/span><\/a>\u00fev\u00ed n\u00e1\u00f0i oss \u00f3g\u00e6fan og s\u00fa b\u00f6lvan sem Drottinn bau\u00f0 s\u00ednum \u00fe\u00e9nara M\u00f3ses <span class='VideyAth'>(a\u00f0 bo\u00f0a)<\/span>, \u00e1 \u00feeim degi, er hann flutti fe\u00f0ur vora burt \u00far Egyptalandi, til a\u00f0 gefa oss \u00fea\u00f0 land sem fl\u00fdtur \u00ed mj\u00f3lk! og hunangi, eins og \u00feennan dag <span class='VideyAth'>(er)<\/span>.<a name=\"21\"><span class=\"versanumer\">21<\/span><\/a>Og v\u00e9r hl\u00fdddum ekki raustinni Drottins vors Gu\u00f0s eftir \u00f6llum or\u00f0um sp\u00e1mannanna, sem hann sendi til vor,<a name=\"22\"><span class=\"versanumer\">22<\/span><\/a>svo v\u00e9r gengum, hv\u00f6r einn eftir hugsan s\u00edns vonda hjarta, a\u00f0 \u00fej\u00f3na hj\u00e1gu\u00f0um; og a\u00f0hafast illt, fyrir augum Drottins vors Gu\u00f0s.<\/p>\n<div class=\"footnoteVidey\">V. 15. a. \u00de. e. eins og n\u00fa stendur \u00e1 fyrir oss etc.<\/div>\n","protected":false},"excerpt":{"rendered":"<p>Sendibr\u00e9f fr\u00e1 \u00feeim herteknu \u00ed Babel til \u00feeirra br\u00e6\u00f0ra \u00ed Jer\u00fasalem. 1\u00deetta eru or\u00f0 br\u00e9fsins sem Bar\u00fak skrifa\u00f0i \u00ed Bab\u00fdlon, sonur Mer\u00eda, sonar Mahas\u00eda, sonar Sedek\u00eda, sonar Asad\u00eda, sonar Helk\u00eda,2\u00e1 fimmta \u00e1ri \u00ed sj\u00f6unda m\u00e1nu\u00f0i \u00e1 \u00feeim t\u00edma er Kaldeumenn unnu Jer\u00fasalem og brenndu me\u00f0 eldi.3Og Bar\u00fak las or\u00f0 \u00feessa br\u00e9fs fyrir eyrum Jekon\u00eda J\u00f3jakimssonar, J\u00fadak\u00f3ngs, og fyrir eyrum alls f\u00f3lksins sem saman var safna\u00f0 sakir br\u00e9fsins.4Og fyrir eyrum str\u00ed\u00f0smannanna, og k\u00f3ngssonanna, og fyrir eyrum \u00feeirra elstu, og fyrir eyrum alls f\u00f3lksins, sm\u00e1rra og st\u00f3rra, allra sem bjuggu \u00ed Bab\u00fdlon vi\u00f0 \u00e1na Sud.5Og \u00feeir gr\u00e9tu og f\u00f6stu\u00f0u, og b\u00e1\u00f0ust fyrir <a href=\"https:\/\/biblian.is\/videy\/baruksbok-1-kafli\/\"> [&#8230;]<\/a><\/p>\n","protected":false},"author":1,"featured_media":0,"parent":0,"menu_order":0,"comment_status":"open","ping_status":"open","template":"bibliukaflar.php","meta":{"footnotes":""},"class_list":["post-22146","page","type-page","status-publish","hentry"],"_links":{"self":[{"href":"https:\/\/biblian.is\/videy\/wp-json\/wp\/v2\/pages\/22146","targetHints":{"allow":["GET"]}}],"collection":[{"href":"https:\/\/biblian.is\/videy\/wp-json\/wp\/v2\/pages"}],"about":[{"href":"https:\/\/biblian.is\/videy\/wp-json\/wp\/v2\/types\/page"}],"author":[{"embeddable":true,"href":"https:\/\/biblian.is\/videy\/wp-json\/wp\/v2\/users\/1"}],"replies":[{"embeddable":true,"href":"https:\/\/biblian.is\/videy\/wp-json\/wp\/v2\/comments?post=22146"}],"version-history":[{"count":0,"href":"https:\/\/biblian.is\/videy\/wp-json\/wp\/v2\/pages\/22146\/revisions"}],"wp:attachment":[{"href":"https:\/\/biblian.is\/videy\/wp-json\/wp\/v2\/media?parent=22146"}],"curies":[{"name":"wp","href":"https:\/\/api.w.org\/{rel}","templated":true}]}}