{"id":22145,"date":"2018-01-02T01:05:46","date_gmt":"2018-01-02T01:05:46","guid":{"rendered":"http:\/\/biblian.is\/videy\/siraksbok-51-kafli\/"},"modified":"2018-01-02T01:05:46","modified_gmt":"2018-01-02T01:05:46","slug":"siraksbok-51-kafli","status":"publish","type":"page","link":"https:\/\/biblian.is\/videy\/siraksbok-51-kafli\/","title":{"rendered":"S\u00edraksb\u00f3k 51. kafli"},"content":{"rendered":"<div class=\"fyrirsognVidey\">\u00deakkl\u00e6tisb\u00e6n, upphvatning til v\u00edsd\u00f3ms \u00e1stundunar.<\/div>\n<p><a name=\"1\"><span class=\"versanumer\">1<\/span><\/a>Eg vil vegsama \u00feig Drottinn, <span class='VideyAth'>(\u00feig)<\/span> konungur, og lofa \u00feig, Gu\u00f0, minn frelsari!<a name=\"2\"><span class=\"versanumer\">2<\/span><\/a>Eg vegsama \u00feitt nafn, \u00fev\u00ed \u00fe\u00fa varst m\u00edn vernd og hj\u00e1lp.<a name=\"3\"><span class=\"versanumer\">3<\/span><\/a>\u00de\u00fa frelsa\u00f0ir minn l\u00edkama fr\u00e1 \u00f3f\u00f6rum, \u00far sn\u00f6rum r\u00e6gjandi tungu, fr\u00e1 lygara v\u00f6rum, og gegn m\u00ednum m\u00f3tst\u00f6\u00f0um\u00f6nnum varstu m\u00e9r hj\u00e1lp.<a name=\"4\"><span class=\"versanumer\">4<\/span><\/a>\u00de\u00fa hefir frelsa\u00f0 mig eftir \u00feinni mikilli miskunnsemi, og eftir \u00fe\u00ednu nafni, fr\u00e1 grenji \u00feeirra, sem voru rei\u00f0ub\u00fanir a\u00f0 r\u00edfa mig \u00ed sig;<a name=\"5\"><span class=\"versanumer\">5<\/span><\/a>\u00far \u00feeirra hendi, sem s\u00e1tu um mitt l\u00edf; \u00far \u00feeim m\u00f6rgu \u00ferengingum sem eg hefi \u00feola\u00f0;<a name=\"6\"><span class=\"versanumer\">6<\/span><\/a>\u00far \u00feeim k\u00e6fandi eldsbruna allt um kring, mitt \u00far eldinum, a\u00f0 eg ekki brynni \u00ed honum, \u00far \u00feeim v\u00ed\u00f0a svelgi undirheima;<a name=\"7\"><span class=\"versanumer\">7<\/span><\/a>fr\u00e1 hro\u00f0atungu og lygatali, fr\u00e1 r\u00f3gbur\u00f0i vi\u00f0 konung af tungu hins vonda.<a name=\"8\"><span class=\"versanumer\">8<\/span><\/a>M\u00edn s\u00e1l n\u00e1lga\u00f0ist dau\u00f0ann, og mitt l\u00edf var \u00ed n\u00e1nd vi\u00f0 undirheima.<a name=\"9\"><span class=\"versanumer\">9<\/span><\/a>\u00deeir umkringdu mig \u00e1 allar hli\u00f0ar og enginn ma\u00f0ur hj\u00e1lpa\u00f0i m\u00e9r;<a name=\"10\"><span class=\"versanumer\">10<\/span><\/a>eg lita\u00f0ist um eftir hj\u00e1lp hj\u00e1 m\u00f6nnum, og fann enga.<a name=\"11\"><span class=\"versanumer\">11<\/span><\/a>\u00de\u00e1 hugsa\u00f0i eg, Drottinn! til \u00feinnar miskunnar, og framkv\u00e6mdarsemi fr\u00e1 eil\u00edf\u00f0,<a name=\"12\"><span class=\"versanumer\">12<\/span><\/a>hv\u00f6rsu \u00fe\u00fa frelsar \u00fe\u00e1 sem \u00fe\u00edn b\u00ed\u00f0a, og bjargar \u00feeim \u00far hendi \u00fej\u00f3\u00f0anna.<a name=\"13\"><span class=\"versanumer\">13<\/span><\/a>Og eg h\u00f3f upp fr\u00e1 j\u00f6r\u00f0u m\u00edna gr\u00e1tbei\u00f0ni, og ba\u00f0 um lausn fr\u00e1 dau\u00f0anum.<a name=\"14\"><span class=\"versanumer\">14<\/span><\/a>Eg kalla\u00f0i til Drottins <span class='VideyAth'>a)<\/span>, F\u00f6\u00f0urs, m\u00edns Herra, a\u00f0 hann yfirg\u00e6fi mig ekki \u00e1 ney\u00f0arinnar d\u00f6gum, \u00e1 \u00feeim hentuga t\u00edma, fyrir ofl\u00e6tismennina, \u00fe\u00e1 engin hj\u00e1lp f\u00e6st.<a name=\"15\"><span class=\"versanumer\">15<\/span><\/a>Eg vil lofa \u00feitt nafn \u00e1n afl\u00e1ts, og syngja \u00fe\u00e9r \u00feakkarlj\u00f3\u00f0, \u00fev\u00ed m\u00edn b\u00e6n var heyr\u00f0.<a name=\"16\"><span class=\"versanumer\">16<\/span><\/a>\u00dev\u00ed \u00fe\u00fa hefir bjarga\u00f0 m\u00e9r fr\u00e1 gl\u00f6tuninni, og hrifi\u00f0 mig fr\u00e1 \u00feeirri vondu t\u00ed\u00f0.<a name=\"17\"><span class=\"versanumer\">17<\/span><\/a>\u00dev\u00ed \u00feakka eg og syng \u00fe\u00e9r lof, og vegsama Drottins nafn. <br \/><a name=\"18\"><span class=\"versanumer\">18<\/span><\/a>\u00de\u00e1 eg var n\u00fa enn n\u00fa ungur, fyrr en eg var\u00f0 afvegaleiddur, leita\u00f0i eg spekinnar auglj\u00f3slega \u00ed minni b\u00e6n.<a name=\"19\"><span class=\"versanumer\">19<\/span><\/a>Frammi fyrir musterinu ba\u00f0 eg um hana, og allt til m\u00edns endad\u00e6gurs vil eg hennar leita. <span class='VideyAth'>b)<\/span><a name=\"20\"><span class=\"versanumer\">20<\/span><\/a><span class='VideyAth'>(Eins og af bl\u00f3mstri \u00feess \u00feroska\u00f0a v\u00ednbers)<\/span>, gladdist mitt hjarta af henni.<a name=\"21\"><span class=\"versanumer\">21<\/span><\/a>Minn f\u00f3tur f\u00f3r beina lei\u00f0, fr\u00e1 \u00e6sku elti eg hennar spor.<a name=\"22\"><span class=\"versanumer\">22<\/span><\/a>Eg hneig\u00f0i d\u00e1l\u00edti\u00f0 a\u00f0 henni mitt eyra, og me\u00f0t\u00f3k <span class='VideyAth'>(hana)<\/span>. Og fann mikla uppfr\u00e6\u00f0ingu fyrir mig.<a name=\"23\"><span class=\"versanumer\">23<\/span><\/a>Eg t\u00f3k framf\u00f6rum \u00ed henni. \u00deeim, sem gaf m\u00e9r speki, vil eg gefa d\u00fdr\u00f0! <br \/><a name=\"24\"><span class=\"versanumer\">24<\/span><\/a>Eg hugsa\u00f0i m\u00e9r a\u00f0 i\u00f0ka hana, og \u00e1stunda\u00f0i hi\u00f0 g\u00f3\u00f0a, og eg mun ekki til skammar ver\u00f0a.<a name=\"25\"><span class=\"versanumer\">25<\/span><\/a>M\u00edn s\u00e1la neytti orku s\u00f6kum hennar, og \u00ed \u00fev\u00ed h\u00fan \u00e6r\u00f0i upp \u00ed m\u00e9r sult, rannsaka\u00f0i eg grandg\u00e6filega!<a name=\"26\"><span class=\"versanumer\">26<\/span><\/a>Eg \u00fatbreiddi m\u00ednar hendur \u00ed h\u00e6\u00f0ina,<a name=\"27\"><span class=\"versanumer\">27<\/span><\/a>og syrg\u00f0i \u00fea\u00f0, a\u00f0 eg \u00feekkti hana ekki.<a name=\"28\"><span class=\"versanumer\">28<\/span><\/a>Eg stefndi minni s\u00e1l til hennar, og f\u00e9kk <span class='VideyAth'>a)<\/span> elsku til hennar fr\u00e1 upphafi, og fann hana af <span class='VideyAth'>(minni)<\/span> einl\u00e6gni, og \u00fev\u00ed mun eg ei yfirgefinn ver\u00f0a.<a name=\"29\"><span class=\"versanumer\">29<\/span><\/a>Eg haf\u00f0i innilega l\u00f6ngun a\u00f0 leita hennar, \u00fev\u00ed f\u00e9kk eg d\u00fdran f\u00e9sj\u00f3\u00f0.<a name=\"30\"><span class=\"versanumer\">30<\/span><\/a>Drottinn gaf m\u00e9r \u00ed umbun tungu <span class='VideyAth'>(m\u00e1lsnilld)<\/span>, me\u00f0 henni vil eg hann lofa. <br \/><a name=\"31\"><span class=\"versanumer\">31<\/span><\/a>Komi\u00f0 til m\u00edn, \u00fe\u00e9r sem hafi\u00f0 veri\u00f0 mennta\u00f0ir, sta\u00f0n\u00e6mist \u00ed menntunarinnar h\u00fasi.<a name=\"32\"><span class=\"versanumer\">32<\/span><\/a>\u00dev\u00ed vilji\u00f0 \u00fe\u00e9r \u00e1n \u00feessa vera, \u00feegar y\u00f0ar s\u00e1lir \u00feyrstir svo \u00e1kaflega?<a name=\"33\"><span class=\"versanumer\">33<\/span><\/a>Eg hefi upploki\u00f0 m\u00ednum munni og tala\u00f0: kaupi\u00f0 handa y\u00f0ur \u00e1n peninga!<a name=\"34\"><span class=\"versanumer\">34<\/span><\/a>Leggi\u00f0 y\u00f0ar h\u00e1ls undir oki\u00f0, og y\u00f0ar s\u00e1lir \u00feiggi uppfr\u00e6\u00f0ingu: hana er a\u00f0 f\u00e1 \u00ed n\u00e1nd.<a name=\"35\"><span class=\"versanumer\">35<\/span><\/a>Sj\u00e1i\u00f0 me\u00f0 y\u00f0ar augum, a\u00f0 eg hefi l\u00edti\u00f0 erfi\u00f0i haft, og fundi\u00f0 mikla hv\u00edld.<a name=\"36\"><span class=\"versanumer\">36<\/span><\/a>Afli\u00f0 menntunar sem mikils silfurs, og \u00fatvegi\u00f0 y\u00f0ur yfirgn\u00e6fanlegt gull me\u00f0 henni!<a name=\"37\"><span class=\"versanumer\">37<\/span><\/a>Y\u00f0ar s\u00e1lir gle\u00f0ji sig af Gu\u00f0s miskunnsemi, og skammist y\u00f0ar ei fyrir hans lof.<a name=\"38\"><span class=\"versanumer\">38<\/span><\/a>Minni\u00f0 y\u00f0ar verk fyrir <span class='VideyAth'>(umbunar)<\/span>t\u00edmann, svo mun hann gefa y\u00f0ur laun \u00e1 s\u00ednum t\u00edma.<\/p>\n<div class=\"footnoteVidey\">V. 14. a. A\u00f0r: m\u00edns f\u00f6\u00f0urs og herra.  V. 20. b. A\u00f0r: fr\u00e1 bl\u00f3mstrinu til \u00feess \u00feroska\u00f0a v\u00ednbers, etc.  V. 28. a. Eiginl. hjarta.<\/div>\n","protected":false},"excerpt":{"rendered":"<p>\u00deakkl\u00e6tisb\u00e6n, upphvatning til v\u00edsd\u00f3ms \u00e1stundunar. 1Eg vil vegsama \u00feig Drottinn, (\u00feig) konungur, og lofa \u00feig, Gu\u00f0, minn frelsari!2Eg vegsama \u00feitt nafn, \u00fev\u00ed \u00fe\u00fa varst m\u00edn vernd og hj\u00e1lp.3\u00de\u00fa frelsa\u00f0ir minn l\u00edkama fr\u00e1 \u00f3f\u00f6rum, \u00far sn\u00f6rum r\u00e6gjandi tungu, fr\u00e1 lygara v\u00f6rum, og gegn m\u00ednum m\u00f3tst\u00f6\u00f0um\u00f6nnum varstu m\u00e9r hj\u00e1lp.4\u00de\u00fa hefir frelsa\u00f0 mig eftir \u00feinni mikilli miskunnsemi, og eftir \u00fe\u00ednu nafni, fr\u00e1 grenji \u00feeirra, sem voru rei\u00f0ub\u00fanir a\u00f0 r\u00edfa mig \u00ed sig;5\u00far \u00feeirra hendi, sem s\u00e1tu um mitt l\u00edf; \u00far \u00feeim m\u00f6rgu \u00ferengingum sem eg hefi \u00feola\u00f0;6\u00far \u00feeim k\u00e6fandi eldsbruna allt um kring, mitt \u00far eldinum, a\u00f0 eg ekki brynni \u00ed honum, \u00far <a href=\"https:\/\/biblian.is\/videy\/siraksbok-51-kafli\/\"> [&#8230;]<\/a><\/p>\n","protected":false},"author":1,"featured_media":0,"parent":0,"menu_order":0,"comment_status":"open","ping_status":"open","template":"bibliukaflar.php","meta":{"footnotes":""},"class_list":["post-22145","page","type-page","status-publish","hentry"],"_links":{"self":[{"href":"https:\/\/biblian.is\/videy\/wp-json\/wp\/v2\/pages\/22145","targetHints":{"allow":["GET"]}}],"collection":[{"href":"https:\/\/biblian.is\/videy\/wp-json\/wp\/v2\/pages"}],"about":[{"href":"https:\/\/biblian.is\/videy\/wp-json\/wp\/v2\/types\/page"}],"author":[{"embeddable":true,"href":"https:\/\/biblian.is\/videy\/wp-json\/wp\/v2\/users\/1"}],"replies":[{"embeddable":true,"href":"https:\/\/biblian.is\/videy\/wp-json\/wp\/v2\/comments?post=22145"}],"version-history":[{"count":0,"href":"https:\/\/biblian.is\/videy\/wp-json\/wp\/v2\/pages\/22145\/revisions"}],"wp:attachment":[{"href":"https:\/\/biblian.is\/videy\/wp-json\/wp\/v2\/media?parent=22145"}],"curies":[{"name":"wp","href":"https:\/\/api.w.org\/{rel}","templated":true}]}}