{"id":22144,"date":"2018-01-02T01:05:46","date_gmt":"2018-01-02T01:05:46","guid":{"rendered":"http:\/\/biblian.is\/videy\/siraksbok-50-kafli\/"},"modified":"2018-01-02T01:05:46","modified_gmt":"2018-01-02T01:05:46","slug":"siraksbok-50-kafli","status":"publish","type":"page","link":"https:\/\/biblian.is\/videy\/siraksbok-50-kafli\/","title":{"rendered":"S\u00edraksb\u00f3k 50. kafli"},"content":{"rendered":"<div class=\"fyrirsognVidey\">Sama efni.<\/div>\n<p><a name=\"1\"><span class=\"versanumer\">1<\/span><\/a>S\u00edmon On\u00edason, h\u00f6fu\u00f0prestur, endurb\u00e6tti, me\u00f0an hann lif\u00f0i, h\u00fasi\u00f0, og gj\u00f6r\u00f0i musteri\u00f0 rambyggilegt \u00e1 s\u00ednum d\u00f6gum.<a name=\"2\"><span class=\"versanumer\">2<\/span><\/a>Og af honum var uppbygg\u00f0 tv\u00f6falt h\u00e6rri musterisins gir\u00f0ing allt um kring.<a name=\"3\"><span class=\"versanumer\">3<\/span><\/a>\u00c1 hans d\u00f6gum var minnka\u00f0 vatns\u00edl\u00e1ti\u00f0 \u00far eirinu, a\u00f0 v\u00eddd l\u00edkt hafi.<a name=\"4\"><span class=\"versanumer\">4<\/span><\/a>Hann bar umhyggju fyrir a\u00f0 l\u00fd\u00f0ur hans yr\u00f0i ei fyrir slysum, og gj\u00f6r\u00f0i borgina rambyggilega gegn ums\u00e1trum. <br \/><a name=\"5\"><span class=\"versanumer\">5<\/span><\/a>Hv\u00f6rsu d\u00fdr\u00f0legur var hann \u00ed umgengni sinni vi\u00f0 l\u00fd\u00f0inn, \u00fe\u00e1 hann gekk fram \u00far h\u00fasi fortjaldsins!<a name=\"6\"><span class=\"versanumer\">6<\/span><\/a>Eins og morgunstjarnan mitt \u00ed sk\u00fdi, eins og fullt tungl;<a name=\"7\"><span class=\"versanumer\">7<\/span><\/a>eins og s\u00f3lin, \u00fe\u00e1 h\u00fan sk\u00edn \u00e1 musteri hins \u00e6\u00f0sta, og eins og regnboginn, \u00fe\u00e1 hann l\u00fdsir \u00ed d\u00fdr\u00f0arinnar sk\u00fdjum;<a name=\"8\"><span class=\"versanumer\">8<\/span><\/a>eins og bl\u00f3mleg r\u00f3s \u00e1 vor t\u00edma, eins og lilja vi\u00f0 vatnslind, eins og greinir \u00e1 L\u00edbanon \u00e1 sumardegi;<a name=\"9\"><span class=\"versanumer\">9<\/span><\/a>eins og eldur og reykelsi \u00ed gl\u00f3\u00f0arkeri;<a name=\"10\"><span class=\"versanumer\">10<\/span><\/a>eins og ker af sk\u00edru gulli pr\u00fdtt allsh\u00e1ttar gimsteinum;<a name=\"11\"><span class=\"versanumer\">11<\/span><\/a>eins og frj\u00f3vsamur vi\u00f0smj\u00f6rsvi\u00f0ur, eins og furutr\u00e9 sem n\u00e6r til sk\u00fdjanna.<a name=\"12\"><span class=\"versanumer\">12<\/span><\/a>\u00deegar hann kl\u00e6ddist \u00feeim d\u00fdr\u00f0lega kyrtli, og setti \u00e1 sig \u00fea\u00f0 algj\u00f6r\u00f0asta skart, uppl\u00fdsti hann allan helgid\u00f3minn, \u00ed \u00fev\u00ed hann gekk upp a\u00f0 \u00fev\u00ed helga altari.<a name=\"13\"><span class=\"versanumer\">13<\/span><\/a>En er hann t\u00f3k vi\u00f0 f\u00f3rnarstykkjunum \u00far h\u00f6ndum prestanna, og \u00fe\u00e1 hann st\u00f3\u00f0 sj\u00e1lfur vi\u00f0 altarisins eldst\u00f3,<a name=\"14\"><span class=\"versanumer\">14<\/span><\/a>en br\u00e6\u00f0ur hans allt \u00ed kringum hann, svo var hann sem sedrusvi\u00f0argrein \u00e1 L\u00edbanon; og \u00feeir umkringdu hann sem p\u00e1lmavi\u00f0argreinir.<a name=\"15\"><span class=\"versanumer\">15<\/span><\/a>Og allir Aronssynir voru \u00ed s\u00ednu skarti, og h\u00f6f\u00f0u Drottins f\u00f3rn \u00ed s\u00ednum h\u00f6ndum frammi fyrir \u00f6llum \u00cdsraelss\u00f6fnu\u00f0i;<a name=\"16\"><span class=\"versanumer\">16<\/span><\/a>og til a\u00f0 fullkomna \u00fej\u00f3nustugj\u00f6r\u00f0ina \u00e1 altarinu, og til a\u00f0 kr\u00fdna f\u00f3rn hins \u00e6\u00f0sta alvalda stj\u00f3rnara,<a name=\"17\"><span class=\"versanumer\">17<\/span><\/a>\u00fatr\u00e9tti s\u00edna h\u00f6nd til f\u00f3rnabollans og dreypti v\u00edni, og hellti \u00e1 altarisf\u00f3tinn s\u00e6tleiks ilm, handa \u00feeim \u00e6\u00f0sta konungi alls <span class='VideyAth'>(heimsins)<\/span>.<a name=\"18\"><span class=\"versanumer\">18<\/span><\/a>\u00de\u00e1 k\u00f6llu\u00f0u Aronssynir me\u00f0 h\u00e1rri raust, bl\u00e9su \u00ed b\u00e1s\u00fanurnar, og l\u00e9tu s\u00edna raust h\u00e1tt vi\u00f0 kve\u00f0a, til endurminningar fyrir \u00feeim \u00e6\u00f0sta.<a name=\"19\"><span class=\"versanumer\">19<\/span><\/a>\u00de\u00e1 f\u00e9ll allt f\u00f3lki\u00f0 \u00e1 sitt andlit til jar\u00f0ar, til a\u00f0 tilbi\u00f0ja frammi fyrir s\u00ednum Drottni, heimsins stj\u00f3rnara, Gu\u00f0i \u00feeim \u00e6\u00f0sta.<a name=\"20\"><span class=\"versanumer\">20<\/span><\/a>Og s\u00e1lmas\u00f6ngvarar lofu\u00f0u hann me\u00f0 sinni raust, og \u00ed \u00f6llu musterinu kva\u00f0 vi\u00f0 s\u00e1 s\u00e6ti s\u00f6ngur.<a name=\"21\"><span class=\"versanumer\">21<\/span><\/a>Og f\u00f3lki\u00f0 ba\u00f0 til Drottins, \u00feess \u00e6\u00f0sta, me\u00f0 b\u00e6num, frammi fyrir \u00feeim miskunnsama, \u00feanga\u00f0 til \u00feeirri f\u00f6gru <span class='VideyAth'>(\u00fej\u00f3nustugj\u00f6r\u00f0)<\/span> Drottins var loki\u00f0, og \u00feeir h\u00f6f\u00f0u fullnustu gj\u00f6rt s\u00ednum emb\u00e6tti.<a name=\"22\"><span class=\"versanumer\">22<\/span><\/a>\u00de\u00e1 st\u00e9 hann ni\u00f0ur og h\u00f3f s\u00ednar hendur yfir allan s\u00f6fnu\u00f0 \u00cdsraelssona til a\u00f0 vegsama Drottin me\u00f0 s\u00ednum v\u00f6rum, og v\u00ed\u00f0fr\u00e6gja hans nafn.<a name=\"23\"><span class=\"versanumer\">23<\/span><\/a>Og hann \u00edtreka\u00f0i b\u00e6nina til a\u00f0 me\u00f0deila \u00feeim Drottins blessan.<br \/><a name=\"24\"><span class=\"versanumer\">24<\/span><\/a>Og vegsami\u00f0 n\u00fa Gu\u00f0 allir, hann, sem a\u00f0 allsta\u00f0ar gj\u00f6rir mikla hluti, sem fr\u00e1 m\u00f3\u00f0url\u00edfi fars\u00e6lir vora daga, og breytir vi\u00f0 oss eftir sinni miskunnsemi.<a name=\"25\"><span class=\"versanumer\">25<\/span><\/a>Hann gefi oss gla\u00f0v\u00e6rt hjarta og a\u00f0 fri\u00f0ur s\u00e9 \u00e1 vorum d\u00f6gum \u00ed \u00cdsrael, eins og \u00e1 fyrri d\u00f6gum;<a name=\"26\"><span class=\"versanumer\">26<\/span><\/a>a\u00f0 hann veiti oss s\u00edna miskunn og frelsi oss \u00e1 s\u00ednum t\u00edma!<br \/><a name=\"27\"><span class=\"versanumer\">27<\/span><\/a>Tv\u00e6r \u00fej\u00f3\u00f0ir hatar m\u00edn s\u00e1l, og s\u00fa \u00feri\u00f0ja er ekki \u00fej\u00f3\u00f0.<a name=\"28\"><span class=\"versanumer\">28<\/span><\/a>\u00de\u00e1 sem b\u00faa \u00e1 fjallinu Seir, Filisteana, og \u00fea\u00f0 f\u00e1v\u00edsa f\u00f3lk sem b\u00fdr \u00ed Sikem. <br \/><a name=\"29\"><span class=\"versanumer\">29<\/span><\/a>\u00deekkingar- og hyggindal\u00e6rd\u00f3m hefi eg skrifa\u00f0 \u00ed \u00feessa b\u00f3k, eg Jes\u00fas S\u00edraksson fr\u00e1 Jer\u00fasalem, hv\u00f6r e\u00f0 hellti spekinni \u00far s\u00ednu hjarta.<a name=\"30\"><span class=\"versanumer\">30<\/span><\/a>S\u00e6ll er s\u00e1, sem i\u00f0kar \u00feetta; og hv\u00f6r sem \u00fea\u00f0 var\u00f0veitir \u00ed s\u00ednu hjarta mun ver\u00f0a vitur.<a name=\"31\"><span class=\"versanumer\">31<\/span><\/a>\u00dev\u00ed \u00feegar hann breytir eftir \u00fev\u00ed, svo mun hann megna allt, \u00fev\u00ed lj\u00f3s Drottins uppl\u00fdsir hans veg.<\/p>\n<div class=\"footnoteVidey\"><\/div>\n","protected":false},"excerpt":{"rendered":"<p>Sama efni. 1S\u00edmon On\u00edason, h\u00f6fu\u00f0prestur, endurb\u00e6tti, me\u00f0an hann lif\u00f0i, h\u00fasi\u00f0, og gj\u00f6r\u00f0i musteri\u00f0 rambyggilegt \u00e1 s\u00ednum d\u00f6gum.2Og af honum var uppbygg\u00f0 tv\u00f6falt h\u00e6rri musterisins gir\u00f0ing allt um kring.3\u00c1 hans d\u00f6gum var minnka\u00f0 vatns\u00edl\u00e1ti\u00f0 \u00far eirinu, a\u00f0 v\u00eddd l\u00edkt hafi.4Hann bar umhyggju fyrir a\u00f0 l\u00fd\u00f0ur hans yr\u00f0i ei fyrir slysum, og gj\u00f6r\u00f0i borgina rambyggilega gegn ums\u00e1trum. 5Hv\u00f6rsu d\u00fdr\u00f0legur var hann \u00ed umgengni sinni vi\u00f0 l\u00fd\u00f0inn, \u00fe\u00e1 hann gekk fram \u00far h\u00fasi fortjaldsins!6Eins og morgunstjarnan mitt \u00ed sk\u00fdi, eins og fullt tungl;7eins og s\u00f3lin, \u00fe\u00e1 h\u00fan sk\u00edn \u00e1 musteri hins \u00e6\u00f0sta, og eins og regnboginn, \u00fe\u00e1 hann l\u00fdsir \u00ed d\u00fdr\u00f0arinnar sk\u00fdjum;8eins og <a href=\"https:\/\/biblian.is\/videy\/siraksbok-50-kafli\/\"> [&#8230;]<\/a><\/p>\n","protected":false},"author":1,"featured_media":0,"parent":0,"menu_order":0,"comment_status":"open","ping_status":"open","template":"bibliukaflar.php","meta":{"footnotes":""},"class_list":["post-22144","page","type-page","status-publish","hentry"],"_links":{"self":[{"href":"https:\/\/biblian.is\/videy\/wp-json\/wp\/v2\/pages\/22144","targetHints":{"allow":["GET"]}}],"collection":[{"href":"https:\/\/biblian.is\/videy\/wp-json\/wp\/v2\/pages"}],"about":[{"href":"https:\/\/biblian.is\/videy\/wp-json\/wp\/v2\/types\/page"}],"author":[{"embeddable":true,"href":"https:\/\/biblian.is\/videy\/wp-json\/wp\/v2\/users\/1"}],"replies":[{"embeddable":true,"href":"https:\/\/biblian.is\/videy\/wp-json\/wp\/v2\/comments?post=22144"}],"version-history":[{"count":0,"href":"https:\/\/biblian.is\/videy\/wp-json\/wp\/v2\/pages\/22144\/revisions"}],"wp:attachment":[{"href":"https:\/\/biblian.is\/videy\/wp-json\/wp\/v2\/media?parent=22144"}],"curies":[{"name":"wp","href":"https:\/\/api.w.org\/{rel}","templated":true}]}}