{"id":22143,"date":"2018-01-02T01:05:46","date_gmt":"2018-01-02T01:05:46","guid":{"rendered":"http:\/\/biblian.is\/videy\/siraksbok-49-kafli\/"},"modified":"2018-01-02T01:05:46","modified_gmt":"2018-01-02T01:05:46","slug":"siraksbok-49-kafli","status":"publish","type":"page","link":"https:\/\/biblian.is\/videy\/siraksbok-49-kafli\/","title":{"rendered":"S\u00edraksb\u00f3k 49. kafli"},"content":{"rendered":"<div class=\"fyrirsognVidey\">Sama efni.<\/div>\n<p><a name=\"1\"><span class=\"versanumer\">1<\/span><\/a>Endurminning J\u00f3sia er reykelsissambl\u00f6ndun tilreidd fyrir smyrslabikara verkna\u00f0.<a name=\"2\"><span class=\"versanumer\">2<\/span><\/a>\u00cd s\u00e9rhv\u00f6rjum manni er h\u00fan s\u00e6t sem hunang, og sem hlj\u00f3\u00f0f\u00e6rasl\u00e1ttur \u00ed samdrykkju.<a name=\"3\"><span class=\"versanumer\">3<\/span><\/a>Honum t\u00f3kst umvendun f\u00f3lksins, og hann uppr\u00e6tti vi\u00f0bj\u00f3\u00f0 gu\u00f0leysisins.<a name=\"4\"><span class=\"versanumer\">4<\/span><\/a>Hann stefndi s\u00ednu hjarta til Drottins; \u00e1 d\u00f6gum \u00feeirra gu\u00f0lausu var hann \u00e1vallt sta\u00f0fastur \u00ed gu\u00f0r\u00e6kninni. <br \/><a name=\"5\"><span class=\"versanumer\">5<\/span><\/a>\u00d6llum var\u00f0 \u00e1 nema Dav\u00ed\u00f0, Esek\u00edas og J\u00f3s\u00eda;<a name=\"6\"><span class=\"versanumer\">6<\/span><\/a>\u00fev\u00ed \u00feeir <span class='VideyAth'>(hinir)<\/span> yfirg\u00e1fu l\u00f6gm\u00e1l ens \u00e6\u00f0sta; J\u00fadak\u00f3ngar yfirg\u00e1fu \u00fea\u00f0.<a name=\"7\"><span class=\"versanumer\">7<\/span><\/a>\u00dev\u00ed \u00feeir ofurg\u00e1fu sitt vald \u00f6\u00f0rum, og sinn ver\u00f0ugleika \u00fatlendri \u00fej\u00f3\u00f0.<a name=\"8\"><span class=\"versanumer\">8<\/span><\/a>\u00deeir kveiktu \u00ed \u00feeim \u00fatvalda helgid\u00f3mssta\u00f0, og ey\u00f0il\u00f6g\u00f0u hans str\u00e6ti <span class='VideyAth'>a)<\/span> fyrir h\u00f6nd Jerem\u00eda.<a name=\"9\"><span class=\"versanumer\">9<\/span><\/a>\u00dev\u00ed \u00feeir h\u00f6f\u00f0u mis\u00feyrmt honum, en \u00fe\u00f3 hann \u00ed m\u00f3\u00f0url\u00edfi v\u00e6ri v\u00edg\u00f0ur til a\u00f0 vera sp\u00e1ma\u00f0ur, til a\u00f0 uppr\u00e6ta, tort\u00edna og ni\u00f0urbrj\u00f3ta og l\u00edka til \u00feess a\u00f0 byggja og gr\u00f3\u00f0ursetja. <br \/><a name=\"10\"><span class=\"versanumer\">10<\/span><\/a>Esek\u00edel s\u00e1 d\u00fdr\u00f0arinnar sj\u00f3n, hv\u00f6rja hann <span class='VideyAth'>(Gu\u00f0)<\/span> s\u00fdndi honum \u00e1 vagni ker\u00fabanna.<a name=\"11\"><span class=\"versanumer\">11<\/span><\/a>Hann minntist \u00f3vinanna <span class='VideyAth'>(me\u00f0)<\/span> \u00ed hretvi\u00f0ri og bo\u00f0a\u00f0i \u00feeim hi\u00f0 g\u00f3\u00f0a, sem gengju beinan veg.<a name=\"12\"><span class=\"versanumer\">12<\/span><\/a>Bl\u00f3mgist og bein \u00feeirra 12 sp\u00e1manna \u00e1 s\u00ednum sta\u00f0; \u00fev\u00ed \u00feeir huggu\u00f0u Jakob og s\u00fdndu \u00feeim frelsun fyrir vissa von. <br \/><a name=\"13\"><span class=\"versanumer\">13<\/span><\/a>Hv\u00f6rsu skulum v\u00e9r S\u00f3r\u00f3babel vegsama? Hann er sem signetshringur \u00e1 h\u00e6gri hendi.<a name=\"14\"><span class=\"versanumer\">14<\/span><\/a>S\u00f6mulei\u00f0is og J\u00f3s\u00faa sonur J\u00f3sadaks: sem b\u00e1\u00f0ir \u00e1 s\u00ednum d\u00f6gum bygg\u00f0u Drottins h\u00fas, og reistu Drottni heilagt musteri, gj\u00f6rt til eil\u00edfrar d\u00fdr\u00f0ar. <br \/><a name=\"15\"><span class=\"versanumer\">15<\/span><\/a>L\u00edka er nafn Nehem\u00eda miki\u00f0, hans sem bygg\u00f0i upp handa oss \u00fe\u00e1 ni\u00f0urrifnu m\u00fara, og setti aftur \u00ed lag borgarhli\u00f0in og slagbrandana, og bygg\u00f0i upp aftur vor h\u00fas.<br \/><a name=\"16\"><span class=\"versanumer\">16<\/span><\/a>Ekki einn einasti var \u00e1 j\u00f6r\u00f0u skapa\u00f0ur jafn Enok; \u00fev\u00ed hann var numinn fr\u00e1 j\u00f6r\u00f0u.<a name=\"17\"><span class=\"versanumer\">17<\/span><\/a>Ekki var heldur nokkur ma\u00f0ur f\u00e6ddur sem J\u00f3sep, herra sinna br\u00e6\u00f0ra, bjargv\u00e6ttur l\u00fd\u00f0sins.<a name=\"18\"><span class=\"versanumer\">18<\/span><\/a>Og hans beina var vitja\u00f0.<a name=\"19\"><span class=\"versanumer\">19<\/span><\/a>Sem og Set ur\u00f0u vegsamlegir me\u00f0al manna, og ofar \u00f6llu lifandi \u00ed sk\u00f6puninni er Adam.<\/p>\n<div class=\"footnoteVidey\">V. 8. a. Eins og Jerem: haf\u00f0i h\u00f3ta\u00f0.<\/div>\n","protected":false},"excerpt":{"rendered":"<p>Sama efni. 1Endurminning J\u00f3sia er reykelsissambl\u00f6ndun tilreidd fyrir smyrslabikara verkna\u00f0.2\u00cd s\u00e9rhv\u00f6rjum manni er h\u00fan s\u00e6t sem hunang, og sem hlj\u00f3\u00f0f\u00e6rasl\u00e1ttur \u00ed samdrykkju.3Honum t\u00f3kst umvendun f\u00f3lksins, og hann uppr\u00e6tti vi\u00f0bj\u00f3\u00f0 gu\u00f0leysisins.4Hann stefndi s\u00ednu hjarta til Drottins; \u00e1 d\u00f6gum \u00feeirra gu\u00f0lausu var hann \u00e1vallt sta\u00f0fastur \u00ed gu\u00f0r\u00e6kninni. 5\u00d6llum var\u00f0 \u00e1 nema Dav\u00ed\u00f0, Esek\u00edas og J\u00f3s\u00eda;6\u00fev\u00ed \u00feeir (hinir) yfirg\u00e1fu l\u00f6gm\u00e1l ens \u00e6\u00f0sta; J\u00fadak\u00f3ngar yfirg\u00e1fu \u00fea\u00f0.7\u00dev\u00ed \u00feeir ofurg\u00e1fu sitt vald \u00f6\u00f0rum, og sinn ver\u00f0ugleika \u00fatlendri \u00fej\u00f3\u00f0.8\u00deeir kveiktu \u00ed \u00feeim \u00fatvalda helgid\u00f3mssta\u00f0, og ey\u00f0il\u00f6g\u00f0u hans str\u00e6ti a) fyrir h\u00f6nd Jerem\u00eda.9\u00dev\u00ed \u00feeir h\u00f6f\u00f0u mis\u00feyrmt honum, en \u00fe\u00f3 hann \u00ed m\u00f3\u00f0url\u00edfi v\u00e6ri v\u00edg\u00f0ur til a\u00f0 vera sp\u00e1ma\u00f0ur, <a href=\"https:\/\/biblian.is\/videy\/siraksbok-49-kafli\/\"> [&#8230;]<\/a><\/p>\n","protected":false},"author":1,"featured_media":0,"parent":0,"menu_order":0,"comment_status":"open","ping_status":"open","template":"bibliukaflar.php","meta":{"footnotes":""},"class_list":["post-22143","page","type-page","status-publish","hentry"],"_links":{"self":[{"href":"https:\/\/biblian.is\/videy\/wp-json\/wp\/v2\/pages\/22143","targetHints":{"allow":["GET"]}}],"collection":[{"href":"https:\/\/biblian.is\/videy\/wp-json\/wp\/v2\/pages"}],"about":[{"href":"https:\/\/biblian.is\/videy\/wp-json\/wp\/v2\/types\/page"}],"author":[{"embeddable":true,"href":"https:\/\/biblian.is\/videy\/wp-json\/wp\/v2\/users\/1"}],"replies":[{"embeddable":true,"href":"https:\/\/biblian.is\/videy\/wp-json\/wp\/v2\/comments?post=22143"}],"version-history":[{"count":0,"href":"https:\/\/biblian.is\/videy\/wp-json\/wp\/v2\/pages\/22143\/revisions"}],"wp:attachment":[{"href":"https:\/\/biblian.is\/videy\/wp-json\/wp\/v2\/media?parent=22143"}],"curies":[{"name":"wp","href":"https:\/\/api.w.org\/{rel}","templated":true}]}}