{"id":22142,"date":"2018-01-02T01:05:46","date_gmt":"2018-01-02T01:05:46","guid":{"rendered":"http:\/\/biblian.is\/videy\/siraksbok-48-kafli\/"},"modified":"2018-01-02T01:05:46","modified_gmt":"2018-01-02T01:05:46","slug":"siraksbok-48-kafli","status":"publish","type":"page","link":"https:\/\/biblian.is\/videy\/siraksbok-48-kafli\/","title":{"rendered":"S\u00edraksb\u00f3k 48. kafli"},"content":{"rendered":"<div class=\"fyrirsognVidey\">Enn n\u00fa sama efni.<\/div>\n<p><a name=\"1\"><span class=\"versanumer\">1<\/span><\/a>Og Elia gekk fram, sp\u00e1ma\u00f0ur, sem eldur, og hans or\u00f0 logu\u00f0u sem blys.<a name=\"2\"><span class=\"versanumer\">2<\/span><\/a>Hann leiddi hungursney\u00f0 yfir \u00fe\u00e1, og me\u00f0 sinni vandl\u00e6tingarsemi f\u00e6kka\u00f0i hann \u00feeim.<a name=\"3\"><span class=\"versanumer\">3<\/span><\/a>Fyrir or\u00f0 Drottins l\u00e6sti hann himninum, og leiddi s\u00f6mulei\u00f0is eld \u00ferisvar af himni ni\u00f0ur.<a name=\"4\"><span class=\"versanumer\">4<\/span><\/a>\u00d3 hv\u00f6rsu d\u00fdr\u00f0legur varst \u00fe\u00fa, El\u00eda, fyrir \u00fe\u00edn undur? og hv\u00f6r getur hr\u00f3sa\u00f0 s\u00e9r af \u00fev\u00ed, a\u00f0 hann s\u00e9 l\u00edkur \u00fe\u00e9r?<a name=\"5\"><span class=\"versanumer\">5<\/span><\/a>sem uppvaktir framli\u00f0inn af dau\u00f0a og <span class='VideyAth'>(kalla\u00f0ir)<\/span> fr\u00e1 undirheimum, fyrir or\u00f0 hins \u00e6\u00f0sta,<a name=\"6\"><span class=\"versanumer\">6<\/span><\/a>steyptir k\u00f3ngum \u00ed \u00f3g\u00e6fu, og g\u00f6fugum \u00far \u00feeirra s\u00e6tum.<a name=\"7\"><span class=\"versanumer\">7<\/span><\/a>\u00de\u00fa, sem \u00e1 S\u00edna\u00ed heyr\u00f0ir refsinguna, og \u00e1 H\u00f3reb hefndarinnar d\u00f3m; <span class='VideyAth'>(1 Kgb. 19)<\/span>,<a name=\"8\"><span class=\"versanumer\">8<\/span><\/a>sem smur\u00f0ir k\u00f3nga til endurgjalds og sp\u00e1menn er eftir \u00feig skyldu koma,<a name=\"9\"><span class=\"versanumer\">9<\/span><\/a>varst uppnuminn \u00ed blossanda byl \u00e1 vagni me\u00f0 eldlegum hestum.<a name=\"10\"><span class=\"versanumer\">10<\/span><\/a>\u00de\u00fa sem varst tiltekinn til a\u00f0 refsa t\u00edmunum, a\u00f0 stilla rei\u00f0ina \u00e1 undan refsid\u00f3minum, a\u00f0 sn\u00faa hjarta f\u00f6\u00f0ursins til sonarins, og vi\u00f0r\u00e9tta aftur Jakobs kynkv\u00edslir.<a name=\"11\"><span class=\"versanumer\">11<\/span><\/a>S\u00e6lir eru \u00feeir sem sj\u00e1 \u00feig, og eru elskunni pr\u00fdddir!<a name=\"12\"><span class=\"versanumer\">12<\/span><\/a>\u00fev\u00ed, einnig munum v\u00e9r lifa. <br \/><a name=\"13\"><span class=\"versanumer\">13<\/span><\/a>\u00deegar El\u00eda huldist bylnum, svo var\u00f0 El\u00edsa uppfylltur af hans anda, og svo lengi hann lif\u00f0i, \u00f3tta\u00f0ist hann engan fursta, og enginn gat <span class='VideyAth'>(vi\u00f0 hann r\u00e1\u00f0i\u00f0)<\/span> fengi\u00f0 vald yfir honum.<a name=\"14\"><span class=\"versanumer\">14<\/span><\/a>Enginn hlutur var honum of erfi\u00f0ur, og \u00ed gr\u00f6finni <span class='VideyAth'>a)<\/span> sp\u00e1\u00f0i hans l\u00edkami.<a name=\"15\"><span class=\"versanumer\">15<\/span><\/a>Me\u00f0an hann lif\u00f0i gj\u00f6r\u00f0i hann t\u00e1kn og \u00fe\u00e1 hann var d\u00e1inn fur\u00f0uverk.<a name=\"16\"><span class=\"versanumer\">16<\/span><\/a>Ei a\u00f0 heldur gj\u00f6r\u00f0i f\u00f3lki\u00f0 b\u00f3t, og \u00feeir l\u00e9tu ei af s\u00ednum syndum, \u00fear til \u00feeir voru fluttir burt, \u00far s\u00ednu landi, og \u00feeim var tv\u00edstra\u00f0 \u00fat um \u00f6ll l\u00f6nd.<a name=\"17\"><span class=\"versanumer\">17<\/span><\/a>Og svo var\u00f0 \u00fe\u00e1 eftir l\u00edtil \u00fej\u00f3\u00f0 og fursti af Dav\u00ed\u00f0s h\u00fasi.<a name=\"18\"><span class=\"versanumer\">18<\/span><\/a>Nokkrir af \u00feeim gj\u00f6r\u00f0u a\u00f0 s\u00f6nnu hva\u00f0 <span class='VideyAth'>(Gu\u00f0i)<\/span> var ge\u00f0\u00feekkt; en a\u00f0rir hr\u00fagu\u00f0u saman syndum. <br \/><a name=\"19\"><span class=\"versanumer\">19<\/span><\/a>Esek\u00edas gj\u00f6r\u00f0i s\u00edna borg rambyggilega og leiddi <span class='VideyAth'>b)<\/span> vatn mitt inn \u00ed hana, gr\u00f3f \u00ed gegnum klettinn me\u00f0 j\u00e1rni og bj\u00f3 til d\u00edki fyrir vatni\u00f0;<a name=\"20\"><span class=\"versanumer\">20<\/span><\/a>\u00c1 hans d\u00f6gum f\u00f3r Senakerib herf\u00f6r, og sendi Rabsake, og hann lag\u00f0i af sta\u00f0, og h\u00f3f s\u00edna h\u00f6nd m\u00f3ti S\u00edon, og monta\u00f0i \u00ed s\u00ednu yfirl\u00e6ti.<a name=\"21\"><span class=\"versanumer\">21<\/span><\/a>\u00de\u00e1 n\u00f6tru\u00f0u \u00feeirra hj\u00f6rtu og hendur, og a\u00f0 \u00feeim kom angist, sem a\u00f0 j\u00f3\u00f0sj\u00fakum konum.<a name=\"22\"><span class=\"versanumer\">22<\/span><\/a>Og \u00feeir k\u00f6llu\u00f0u til Drottins \u00feess miskunnsama, og breiddu \u00fat til hans, s\u00ednar hendur.<a name=\"23\"><span class=\"versanumer\">23<\/span><\/a>Og s\u00e1 heilagi \u00ed himninum heyr\u00f0i \u00fe\u00e1 skj\u00f3tt og frelsa\u00f0i fyrir h\u00f6nd Esa\u00eda.<a name=\"24\"><span class=\"versanumer\">24<\/span><\/a>Hann laust herb\u00fa\u00f0ir Ass\u00fdr\u00edumanna, og hans engill afm\u00e1\u00f0i \u00fe\u00e1.<a name=\"25\"><span class=\"versanumer\">25<\/span><\/a>\u00dev\u00ed Esek\u00edas gj\u00f6r\u00f0i \u00fea\u00f0 sem Drottni vel l\u00edka\u00f0i, og gekk st\u00f6\u00f0uglega \u00e1 vegum Dav\u00ed\u00f0s, f\u00f6\u00f0ur s\u00edns, eins og Esa\u00edas kenndi honum, s\u00e1 mikli sp\u00e1ma\u00f0ur og tr\u00faver\u00f0ugi Sj\u00e1andi.<a name=\"26\"><span class=\"versanumer\">26<\/span><\/a>\u00c1 hans d\u00f6gum gekk S\u00f3lin til baka; og hann lengdi k\u00f3ngsins l\u00edf.<a name=\"27\"><span class=\"versanumer\">27<\/span><\/a>\u00cd miklum anda s\u00e1 hann hi\u00f0 s\u00ed\u00f0asta og hugga\u00f0i \u00fe\u00e1 sorgfullu \u00ed S\u00edon.<a name=\"28\"><span class=\"versanumer\">28<\/span><\/a>Allt til eil\u00edf\u00f0ar kunngj\u00f6r\u00f0i hann \u00fea\u00f0 \u00f3komna og leynda hluti, \u00e1\u00f0ur en \u00feeir ske\u00f0u.<\/p>\n<div class=\"footnoteVidey\">V. 14. a. Gj\u00f6r\u00f0i sp\u00e1mannsverk, \u00fe. e. kraftaverk, 2 Kgb 13,21.  V. 19. b. \u00cd textanum stendur: G\u00f3g.  V. 26. 2 Kgb. 20,9. fl.<\/div>\n","protected":false},"excerpt":{"rendered":"<p>Enn n\u00fa sama efni. 1Og Elia gekk fram, sp\u00e1ma\u00f0ur, sem eldur, og hans or\u00f0 logu\u00f0u sem blys.2Hann leiddi hungursney\u00f0 yfir \u00fe\u00e1, og me\u00f0 sinni vandl\u00e6tingarsemi f\u00e6kka\u00f0i hann \u00feeim.3Fyrir or\u00f0 Drottins l\u00e6sti hann himninum, og leiddi s\u00f6mulei\u00f0is eld \u00ferisvar af himni ni\u00f0ur.4\u00d3 hv\u00f6rsu d\u00fdr\u00f0legur varst \u00fe\u00fa, El\u00eda, fyrir \u00fe\u00edn undur? og hv\u00f6r getur hr\u00f3sa\u00f0 s\u00e9r af \u00fev\u00ed, a\u00f0 hann s\u00e9 l\u00edkur \u00fe\u00e9r?5sem uppvaktir framli\u00f0inn af dau\u00f0a og (kalla\u00f0ir) fr\u00e1 undirheimum, fyrir or\u00f0 hins \u00e6\u00f0sta,6steyptir k\u00f3ngum \u00ed \u00f3g\u00e6fu, og g\u00f6fugum \u00far \u00feeirra s\u00e6tum.7\u00de\u00fa, sem \u00e1 S\u00edna\u00ed heyr\u00f0ir refsinguna, og \u00e1 H\u00f3reb hefndarinnar d\u00f3m; (1 Kgb. 19),8sem smur\u00f0ir k\u00f3nga til endurgjalds og sp\u00e1menn <a href=\"https:\/\/biblian.is\/videy\/siraksbok-48-kafli\/\"> [&#8230;]<\/a><\/p>\n","protected":false},"author":1,"featured_media":0,"parent":0,"menu_order":0,"comment_status":"open","ping_status":"open","template":"bibliukaflar.php","meta":{"footnotes":""},"class_list":["post-22142","page","type-page","status-publish","hentry"],"_links":{"self":[{"href":"https:\/\/biblian.is\/videy\/wp-json\/wp\/v2\/pages\/22142","targetHints":{"allow":["GET"]}}],"collection":[{"href":"https:\/\/biblian.is\/videy\/wp-json\/wp\/v2\/pages"}],"about":[{"href":"https:\/\/biblian.is\/videy\/wp-json\/wp\/v2\/types\/page"}],"author":[{"embeddable":true,"href":"https:\/\/biblian.is\/videy\/wp-json\/wp\/v2\/users\/1"}],"replies":[{"embeddable":true,"href":"https:\/\/biblian.is\/videy\/wp-json\/wp\/v2\/comments?post=22142"}],"version-history":[{"count":0,"href":"https:\/\/biblian.is\/videy\/wp-json\/wp\/v2\/pages\/22142\/revisions"}],"wp:attachment":[{"href":"https:\/\/biblian.is\/videy\/wp-json\/wp\/v2\/media?parent=22142"}],"curies":[{"name":"wp","href":"https:\/\/api.w.org\/{rel}","templated":true}]}}