{"id":22141,"date":"2018-01-02T01:05:46","date_gmt":"2018-01-02T01:05:46","guid":{"rendered":"http:\/\/biblian.is\/videy\/siraksbok-47-kafli\/"},"modified":"2018-01-02T01:05:46","modified_gmt":"2018-01-02T01:05:46","slug":"siraksbok-47-kafli","status":"publish","type":"page","link":"https:\/\/biblian.is\/videy\/siraksbok-47-kafli\/","title":{"rendered":"S\u00edraksb\u00f3k 47. kafli"},"content":{"rendered":"<div class=\"fyrirsognVidey\">Sama efni.<\/div>\n<p><a name=\"1\"><span class=\"versanumer\">1<\/span><\/a>Og eftir \u00feennan kom Natan <span class='VideyAth'>(upp)<\/span> \u00e1 d\u00f6gum Dav\u00ed\u00f0s.<a name=\"2\"><span class=\"versanumer\">2<\/span><\/a>Eins og fitan er a\u00f0skilin fr\u00e1 \u00feakkarf\u00f3rninni, svolei\u00f0is Dav\u00ed\u00f0 fr\u00e1 \u00cdsraelssonum.<a name=\"3\"><span class=\"versanumer\">3<\/span><\/a>Hann l\u00e9k vi\u00f0 lj\u00f3n eins og vi\u00f0 ki\u00f0linga, og vi\u00f0 birni eins og l\u00f6mb.<a name=\"4\"><span class=\"versanumer\">4<\/span><\/a>Vann hann ekki \u00e1 risanum, \u00ed sinni \u00e6sku, og rak af f\u00f3lkinu sk\u00f6mmina,<a name=\"5\"><span class=\"versanumer\">5<\/span><\/a>\u00fe\u00e1 hann h\u00f3f s\u00edna h\u00f6nd me\u00f0 sl\u00f6ngu steini og l\u00e6g\u00f0i Gol\u00edats dramb?<a name=\"6\"><span class=\"versanumer\">6<\/span><\/a>\u00fev\u00ed hann \u00e1kalla\u00f0i Drottin, \u00feann \u00e6\u00f0sta, og hann gaf hans h\u00e6gri hendi styrk, til a\u00f0 drepa \u00feann sterka str\u00ed\u00f0smann, og til a\u00f0 hefja horn s\u00edns f\u00f3lks.<a name=\"7\"><span class=\"versanumer\">7<\/span><\/a>\u00deannig vegsama\u00f0ist hann fyrir 10 \u00fe\u00fasundir og var s\u00e6mdur me\u00f0 Drottins blessan, \u00ed \u00fev\u00ed honum var f\u00e6r\u00f0 d\u00fdr\u00f0arinnar k\u00f3r\u00f3na.<a name=\"8\"><span class=\"versanumer\">8<\/span><\/a>\u00dev\u00ed hann sundurmola\u00f0i \u00f3vinina allt um kring, og afm\u00e1\u00f0i Filisteana, s\u00edna m\u00f3tst\u00f6\u00f0umenn: allt til \u00feessa dags hefir hann broti\u00f0 \u00feeirra horn.<a name=\"9\"><span class=\"versanumer\">9<\/span><\/a>Hann galt \u00feakkargj\u00f6r\u00f0 fyrir hv\u00f6rt sitt verk.<a name=\"10\"><span class=\"versanumer\">10<\/span><\/a>\u00deeim heilaga og \u00feeim \u00e6\u00f0sta s\u00f6ng hann lof me\u00f0 d\u00fdr\u00f0legum or\u00f0um, af \u00f6llu hjarta, og elska\u00f0i sinn skapara.<a name=\"11\"><span class=\"versanumer\">11<\/span><\/a>Hann setti s\u00f6ngmenn vi\u00f0 altari\u00f0, og af r\u00f6dd \u00feeirra s\u00e6tna s\u00e1lmarnir <span class='VideyAth'>a)<\/span>.<a name=\"12\"><span class=\"versanumer\">12<\/span><\/a>Hann gj\u00f6r\u00f0i h\u00e1t\u00ed\u00f0irnar s\u00f3masamlegar og pr\u00fdddi t\u00ed\u00f0irnar sem \u00e1g\u00e6tlegast, \u00fev\u00ed \u00feeir lofu\u00f0u hans <span class='VideyAth'>(Gu\u00f0s)<\/span> heilaga nafn, og fr\u00e1 \u00fev\u00ed snemma dags heyr\u00f0ist hlj\u00f3mur \u00far helgid\u00f3minum.<a name=\"13\"><span class=\"versanumer\">13<\/span><\/a>Drottinn fyrirgaf honum hans syndir, og h\u00f3f upp hans horn a\u00f0 eil\u00edfu, og gaf honum k\u00f3ngas\u00e1ttm\u00e1la <span class='VideyAth'>(fyrirheit)<\/span> og d\u00fdr\u00f0arh\u00e1s\u00e6ti \u00ed \u00cdsrael. <br \/><a name=\"14\"><span class=\"versanumer\">14<\/span><\/a>Eftir hann kom hans vitri sonur, og sakir <span class='VideyAth'>(f\u00f6\u00f0ursins) b)<\/span> \u00e1tti hann n\u00e1\u00f0uga daga.<a name=\"15\"><span class=\"versanumer\">15<\/span><\/a>Sal\u00f3mon r\u00edkti \u00e1 fri\u00f0ard\u00f6gum, \u00fev\u00ed Gu\u00f0 gaf honum r\u00f3 allt um kring, svo a\u00f0 hann g\u00e6ti byggt h\u00fas hans nafni, og tilb\u00fai\u00f0 helgid\u00f3m a\u00f0 eil\u00edfu.<a name=\"16\"><span class=\"versanumer\">16<\/span><\/a>Hv\u00f6rsu vitur varst \u00fe\u00fa \u00ed \u00feinni \u00e6sku og fullur hygginda eins og vatnsfall!<a name=\"17\"><span class=\"versanumer\">17<\/span><\/a>\u00feinn andi \u00feakti j\u00f6r\u00f0ina og fyllti hana me\u00f0 g\u00e1tnal\u00edkingum. Allt til fj\u00e6rl\u00e6gra eyja komst \u00feitt nafn, og \u00fe\u00fa varst elska\u00f0ur s\u00f6kum \u00fe\u00edns fri\u00f0ar.<a name=\"18\"><span class=\"versanumer\">18<\/span><\/a>H\u00e9r\u00f6\u00f0in d\u00e1\u00f0ust a\u00f0 \u00fe\u00e9r, fyrir \u00fe\u00edn lj\u00f3\u00f0, snillyr\u00f0i, l\u00edkingar og \u00fatleggingar.<a name=\"19\"><span class=\"versanumer\">19<\/span><\/a>\u00cd nafni Drottins Gu\u00f0s, sem heitir \u00cdsraels Gu\u00f0,<a name=\"20\"><span class=\"versanumer\">20<\/span><\/a>safna\u00f0ir \u00fe\u00fa gulli sem tini, og upphr\u00faga\u00f0ir silfri sem bl\u00fdi.<a name=\"21\"><span class=\"versanumer\">21<\/span><\/a>\u00de\u00fa fa\u00f0ma\u00f0ir konur og misstir vald yfir \u00fe\u00ednum l\u00edkama.<a name=\"22\"><span class=\"versanumer\">22<\/span><\/a>\u00de\u00fa settir skemmdarflekk \u00e1 \u00fe\u00edna fr\u00e6g\u00f0, og vanhelga\u00f0ir \u00feitt s\u00e6\u00f0i, svo a\u00f0 \u00fe\u00fa leiddir rei\u00f0i yfir \u00fe\u00edn b\u00f6rn\u2014s\u00e1rt sker mig \u00fe\u00edn f\u00e1sinna\u2014<a name=\"23\"><span class=\"versanumer\">23<\/span><\/a>svo a\u00f0 herrad\u00e6mi\u00f0 skiptist, og \u00f3hl\u00fd\u00f0ugt r\u00edki h\u00f3fst af Efraim <span class='VideyAth'>(1 Kgb. 12,16)<\/span>.<a name=\"24\"><span class=\"versanumer\">24<\/span><\/a><span class='VideyAth'>f)<\/span> En Drottinn l\u00e6tur ei af sinni miskunnsemi, og fyrirfer engu s\u00ednu verki; ekki heldur afm\u00e1ir hann afkomendur sinna \u00fatv\u00f6ldu, og uppr\u00e6tir ekki s\u00e1\u00f0 \u00feess, sem hann elskar.<a name=\"25\"><span class=\"versanumer\">25<\/span><\/a>Og hann gaf Jakob leifar og Dav\u00ed\u00f0 r\u00f3t af honum sj\u00e1lfum.<a name=\"26\"><span class=\"versanumer\">26<\/span><\/a>Og Sal\u00f3mon lag\u00f0ist fyrir til hv\u00edldar me\u00f0 s\u00ednum fe\u00f0rum,<a name=\"27\"><span class=\"versanumer\">27<\/span><\/a>og eftirl\u00e9t einn af s\u00ednu kyni, f\u00f3lksins afglapa<a name=\"28\"><span class=\"versanumer\">28<\/span><\/a>skilningslausan, R\u00f3b\u00f3am, sem me\u00f0 s\u00ednu r\u00e1\u00f0i, kom f\u00f3lkinu til a\u00f0 ganga undan s\u00e9r;<a name=\"29\"><span class=\"versanumer\">29<\/span><\/a>og Jer\u00f3b\u00f3am Nebatsson, sem leiddi \u00cdsrael til syndar, og v\u00edsa\u00f0i Efraim \u00e1 syndarinnar veg.<a name=\"30\"><span class=\"versanumer\">30<\/span><\/a>Og \u00feeirra Efraim\u00edtanna syndir margf\u00f6ldu\u00f0ust mj\u00f6g, svo \u00feeir voru reknir \u00far s\u00ednu landi;<a name=\"31\"><span class=\"versanumer\">31<\/span><\/a>\u00feeir s\u00f3ttust eftir allri vonsku, \u00feanga\u00f0 til hefndin kom yfir \u00fe\u00e1.<\/p>\n<div class=\"footnoteVidey\">V. 11. a. S\u00fa danska \u00fatlegging b\u00e6tir vi\u00f0: Og \u00feeir skyldu  daglega lofa (Gu\u00f0) me\u00f0 hans s\u00e1lmum.  V. 14. b. Eiginl: tjalda\u00f0i \u00e1 v\u00ed\u00f0lendi.<\/div>\n","protected":false},"excerpt":{"rendered":"<p>Sama efni. 1Og eftir \u00feennan kom Natan (upp) \u00e1 d\u00f6gum Dav\u00ed\u00f0s.2Eins og fitan er a\u00f0skilin fr\u00e1 \u00feakkarf\u00f3rninni, svolei\u00f0is Dav\u00ed\u00f0 fr\u00e1 \u00cdsraelssonum.3Hann l\u00e9k vi\u00f0 lj\u00f3n eins og vi\u00f0 ki\u00f0linga, og vi\u00f0 birni eins og l\u00f6mb.4Vann hann ekki \u00e1 risanum, \u00ed sinni \u00e6sku, og rak af f\u00f3lkinu sk\u00f6mmina,5\u00fe\u00e1 hann h\u00f3f s\u00edna h\u00f6nd me\u00f0 sl\u00f6ngu steini og l\u00e6g\u00f0i Gol\u00edats dramb?6\u00fev\u00ed hann \u00e1kalla\u00f0i Drottin, \u00feann \u00e6\u00f0sta, og hann gaf hans h\u00e6gri hendi styrk, til a\u00f0 drepa \u00feann sterka str\u00ed\u00f0smann, og til a\u00f0 hefja horn s\u00edns f\u00f3lks.7\u00deannig vegsama\u00f0ist hann fyrir 10 \u00fe\u00fasundir og var s\u00e6mdur me\u00f0 Drottins blessan, \u00ed \u00fev\u00ed honum var f\u00e6r\u00f0 d\u00fdr\u00f0arinnar k\u00f3r\u00f3na.8\u00dev\u00ed <a href=\"https:\/\/biblian.is\/videy\/siraksbok-47-kafli\/\"> [&#8230;]<\/a><\/p>\n","protected":false},"author":1,"featured_media":0,"parent":0,"menu_order":0,"comment_status":"open","ping_status":"open","template":"bibliukaflar.php","meta":{"footnotes":""},"class_list":["post-22141","page","type-page","status-publish","hentry"],"_links":{"self":[{"href":"https:\/\/biblian.is\/videy\/wp-json\/wp\/v2\/pages\/22141","targetHints":{"allow":["GET"]}}],"collection":[{"href":"https:\/\/biblian.is\/videy\/wp-json\/wp\/v2\/pages"}],"about":[{"href":"https:\/\/biblian.is\/videy\/wp-json\/wp\/v2\/types\/page"}],"author":[{"embeddable":true,"href":"https:\/\/biblian.is\/videy\/wp-json\/wp\/v2\/users\/1"}],"replies":[{"embeddable":true,"href":"https:\/\/biblian.is\/videy\/wp-json\/wp\/v2\/comments?post=22141"}],"version-history":[{"count":0,"href":"https:\/\/biblian.is\/videy\/wp-json\/wp\/v2\/pages\/22141\/revisions"}],"wp:attachment":[{"href":"https:\/\/biblian.is\/videy\/wp-json\/wp\/v2\/media?parent=22141"}],"curies":[{"name":"wp","href":"https:\/\/api.w.org\/{rel}","templated":true}]}}