{"id":22140,"date":"2018-01-02T01:05:46","date_gmt":"2018-01-02T01:05:46","guid":{"rendered":"http:\/\/biblian.is\/videy\/siraksbok-46-kafli\/"},"modified":"2018-01-02T01:05:46","modified_gmt":"2018-01-02T01:05:46","slug":"siraksbok-46-kafli","status":"publish","type":"page","link":"https:\/\/biblian.is\/videy\/siraksbok-46-kafli\/","title":{"rendered":"S\u00edraksb\u00f3k 46. kafli"},"content":{"rendered":"<div class=\"fyrirsognVidey\"><\/div>\n<p><a name=\"1\"><span class=\"versanumer\">1<\/span><\/a>Jesus Nave<span class='VideyAth'>(son)<\/span> <span class='VideyAth'>(J\u00f3s\u00faa N\u00fansson)<\/span> var \u00f6flugur \u00ed str\u00ed\u00f0um og sp\u00e1ma\u00f0ur n\u00e6st eftir M\u00f3ses.<a name=\"2\"><span class=\"versanumer\">2<\/span><\/a>Hann var, samkv\u00e6mt s\u00ednu nafni, mikill hj\u00e1lpari hans \u00fatv\u00f6ldu, \u00ed \u00fev\u00ed a\u00f0 hefnast \u00e1 \u00f3vinunum er m\u00f3tst\u00f6\u00f0u gj\u00f6r\u00f0u, svo a\u00f0 hann \u00fatvega\u00f0i \u00cdsrael fasteign <span class='VideyAth'>(erf\u00f0)<\/span>.<a name=\"3\"><span class=\"versanumer\">3<\/span><\/a>Hv\u00f6rsu vegsamlegur var\u00f0 hann, \u00fe\u00e1 hann h\u00f3f upp s\u00ednar hendur og rykkti sver\u00f0i m\u00f3t borgunum?<a name=\"4\"><span class=\"versanumer\">4<\/span><\/a>Hv\u00f6r hefir honum fremur \u00feannig sta\u00f0i\u00f0? \u00fev\u00ed Drottinn sj\u00e1lfur leiddi til hans <span class='VideyAth'>a)<\/span> \u00f3vinina.<a name=\"5\"><span class=\"versanumer\">5<\/span><\/a>F\u00e9kk s\u00f3lin ekki hindrun fyrir hans tilverkna\u00f0 <span class='VideyAth'>(h\u00f6nd)<\/span> og var\u00f0 ei einn dagur a\u00f0 tveimur?<a name=\"6\"><span class=\"versanumer\">6<\/span><\/a>Hann kalla\u00f0i til ens \u00e6\u00f0sta Herra, \u00feegar \u00f3vinirnir \u00ferengdu a\u00f0 honum \u00e1 allar hli\u00f0ar, og s\u00e1 mikli Drottinn b\u00e6nheyr\u00f0i hann.<a name=\"7\"><span class=\"versanumer\">7<\/span><\/a>Hann sveifla\u00f0i \u00e1 \u00f3vina \u00fej\u00f3\u00f0ina haglsteinum \u00e1kaflega \u00feungum og tort\u00edndi m\u00f3tst\u00f6\u00f0um\u00f6nnunum \u00ed ni\u00f0urg\u00f6ngunni, svo a\u00f0 \u00fej\u00f3\u00f0irnar fengju a\u00f0 kenna \u00e1 \u00feeirra <span class='VideyAth'>(\u00cdsraelsmanna)<\/span> vopnum,<a name=\"8\"><span class=\"versanumer\">8<\/span><\/a>og <span class='VideyAth'>(vissu)<\/span> a\u00f0 hann <span class='VideyAth'>(J\u00f3s\u00faa)<\/span> h\u00e1\u00f0i str\u00ed\u00f0 \u00ed augs\u00fdn Drottins; \u00fev\u00ed hann eftirfylgdi \u00feeim alm\u00e1ttka.<a name=\"9\"><span class=\"versanumer\">9<\/span><\/a>L\u00edka gj\u00f6r\u00f0i hann g\u00f3\u00f0verk \u00e1 M\u00f3sis d\u00f6gum, hann og Kaleb, sonur Jef\u00fanne, \u00fe\u00e1 \u00feeir st\u00f3\u00f0u \u00e1 m\u00f3ti <span class='VideyAth'>b)<\/span> \u00f3vinunum, \u00f6ftru\u00f0u f\u00f3lkinu fr\u00e1 a\u00f0 syndga, og st\u00f6\u00f0vu\u00f0u \u00fea\u00f0 vonskufulla m\u00f6gl.<a name=\"10\"><span class=\"versanumer\">10<\/span><\/a>Af 6 hundru\u00f0 \u00fe\u00fasundum manns h\u00e9ldu \u00feeir og b\u00e1\u00f0ir l\u00edfi, til \u00feess a\u00f0 lei\u00f0a f\u00f3lki\u00f0 inn \u00e1 \u00feess eign, inn \u00ed \u00fea\u00f0 land sem fl\u00fdtur \u00ed mj\u00f3lk og hunangi.<br \/><a name=\"11\"><span class=\"versanumer\">11<\/span><\/a>Drottinn veitti og Kaleb styrkleika, og hann h\u00e9lt honum til elli\u00e1ra, svo hann gat fari\u00f0 <span class='VideyAth'>(herf\u00f6r)<\/span> m\u00f3ti fjalllendinu, og \u00e6tt hans h\u00e9lt eigninni;<a name=\"12\"><span class=\"versanumer\">12<\/span><\/a>upp \u00e1 \u00fea\u00f0 a\u00f0 allir \u00cdsraelssynir s\u00e6ju hv\u00f6rsu gott \u00fea\u00f0 s\u00e9, a\u00f0 a\u00f0hyllast Drottin. <br \/><a name=\"13\"><span class=\"versanumer\">13<\/span><\/a>Minning d\u00f3maranna, hv\u00f6rs eins eftir hans nafni, s\u00e9 og \u00ed blessan, \u00feeirra sem ekki l\u00e9tu hjarta sitt sveigjast til hj\u00e1gu\u00f0ad\u00fdrkunar, og ekki f\u00e9llu fr\u00e1 Drottni!<a name=\"14\"><span class=\"versanumer\">14<\/span><\/a>bl\u00f3mgist \u00feeirra bein \u00e1 s\u00ednum sta\u00f0,<a name=\"15\"><span class=\"versanumer\">15<\/span><\/a>og \u00feeirra nafn yngist upp, me\u00f0 \u00fev\u00ed a\u00f0 ver\u00f0a vegsamlegt \u00e1 \u00feeirra sonum. <br \/><a name=\"16\"><span class=\"versanumer\">16<\/span><\/a>Elska\u00f0ur af s\u00ednum Drottni h\u00f3f Sam\u00fael, Drottins sp\u00e1ma\u00f0ur, k\u00f3ngsr\u00edki, og smur\u00f0i h\u00f6f\u00f0ingja yfir hans l\u00fd\u00f0.<a name=\"17\"><span class=\"versanumer\">17<\/span><\/a>Eftir l\u00f6gm\u00e1li Drottins d\u00e6mdi hann s\u00f6fnu\u00f0inn, og Drottinn leit til Jakobs me\u00f0 vel\u00fe\u00f3knan.<a name=\"18\"><span class=\"versanumer\">18<\/span><\/a>Fyrir hans tr\u00famennsku k\u00f6nnu\u00f0ust allir vi\u00f0, a\u00f0 hann v\u00e6ri sp\u00e1ma\u00f0ur, og vi\u00f0urkenndu, s\u00f6kum hans tr\u00famennsku, a\u00f0 hans vitrununum m\u00e6tti tr\u00faa.<a name=\"19\"><span class=\"versanumer\">19<\/span><\/a>Hann \u00e1kalla\u00f0i \u00feann alm\u00e1ttka Drottin, \u00fe\u00e1 \u00f3vinirnir \u00ferengdu a\u00f0 honum \u00e1 allar hli\u00f0ar og f\u00f3rnf\u00e6r\u00f0i dilk.<a name=\"20\"><span class=\"versanumer\">20<\/span><\/a>Og Drottinn \u00feruma\u00f0i fr\u00e1 himni, og l\u00e9t s\u00edna raust heyra \u00ed miklum dun.<a name=\"21\"><span class=\"versanumer\">21<\/span><\/a>Og hann sundurmola\u00f0i herforingja T\u00fdrusmanna og alla fyrirli\u00f0a Filisteanna.<a name=\"22\"><span class=\"versanumer\">22<\/span><\/a>Og fyrir t\u00edma \u00feess eil\u00edfa svefns <span class='VideyAth'>c)<\/span>, vitna\u00f0i hann frammi fyrir Drottni og \u00feeim smur\u00f0a: Engar eigur, ekki svo miki\u00f0 sem sk\u00f3, hefi eg teki\u00f0 af nokkrum manni; og enginn gat \u00e1k\u00e6rt hann.<a name=\"23\"><span class=\"versanumer\">23<\/span><\/a>Og eftir a\u00f0 hann var sofna\u00f0ur, sp\u00e1\u00f0i hann enn n\u00fa og kunngj\u00f6r\u00f0i k\u00f3nginum hans afdrif; hann h\u00f3f \u00far j\u00f6r\u00f0u s\u00edna raust, til \u00feess me\u00f0 sp\u00e1d\u00f3mi a\u00f0 afm\u00e1 f\u00f3lksins syndir <span class='VideyAth'>(1 Sam. b. 28,15 sq)<\/span>.<\/p>\n<div class=\"footnoteVidey\">V. 4. a. A\u00f0r: leiddi str\u00ed\u00f0i\u00f0.  V. 9. b. A\u00f0r: S\u00f6fnu\u00f0inum.  V. 22. c. \u00c1\u00f0ur en hann d\u00f3.<\/div>\n","protected":false},"excerpt":{"rendered":"<p>1Jesus Nave(son) (J\u00f3s\u00faa N\u00fansson) var \u00f6flugur \u00ed str\u00ed\u00f0um og sp\u00e1ma\u00f0ur n\u00e6st eftir M\u00f3ses.2Hann var, samkv\u00e6mt s\u00ednu nafni, mikill hj\u00e1lpari hans \u00fatv\u00f6ldu, \u00ed \u00fev\u00ed a\u00f0 hefnast \u00e1 \u00f3vinunum er m\u00f3tst\u00f6\u00f0u gj\u00f6r\u00f0u, svo a\u00f0 hann \u00fatvega\u00f0i \u00cdsrael fasteign (erf\u00f0).3Hv\u00f6rsu vegsamlegur var\u00f0 hann, \u00fe\u00e1 hann h\u00f3f upp s\u00ednar hendur og rykkti sver\u00f0i m\u00f3t borgunum?4Hv\u00f6r hefir honum fremur \u00feannig sta\u00f0i\u00f0? \u00fev\u00ed Drottinn sj\u00e1lfur leiddi til hans a) \u00f3vinina.5F\u00e9kk s\u00f3lin ekki hindrun fyrir hans tilverkna\u00f0 (h\u00f6nd) og var\u00f0 ei einn dagur a\u00f0 tveimur?6Hann kalla\u00f0i til ens \u00e6\u00f0sta Herra, \u00feegar \u00f3vinirnir \u00ferengdu a\u00f0 honum \u00e1 allar hli\u00f0ar, og s\u00e1 mikli Drottinn b\u00e6nheyr\u00f0i hann.7Hann sveifla\u00f0i \u00e1 \u00f3vina <a href=\"https:\/\/biblian.is\/videy\/siraksbok-46-kafli\/\"> [&#8230;]<\/a><\/p>\n","protected":false},"author":1,"featured_media":0,"parent":0,"menu_order":0,"comment_status":"open","ping_status":"open","template":"bibliukaflar.php","meta":{"footnotes":""},"class_list":["post-22140","page","type-page","status-publish","hentry"],"_links":{"self":[{"href":"https:\/\/biblian.is\/videy\/wp-json\/wp\/v2\/pages\/22140","targetHints":{"allow":["GET"]}}],"collection":[{"href":"https:\/\/biblian.is\/videy\/wp-json\/wp\/v2\/pages"}],"about":[{"href":"https:\/\/biblian.is\/videy\/wp-json\/wp\/v2\/types\/page"}],"author":[{"embeddable":true,"href":"https:\/\/biblian.is\/videy\/wp-json\/wp\/v2\/users\/1"}],"replies":[{"embeddable":true,"href":"https:\/\/biblian.is\/videy\/wp-json\/wp\/v2\/comments?post=22140"}],"version-history":[{"count":0,"href":"https:\/\/biblian.is\/videy\/wp-json\/wp\/v2\/pages\/22140\/revisions"}],"wp:attachment":[{"href":"https:\/\/biblian.is\/videy\/wp-json\/wp\/v2\/media?parent=22140"}],"curies":[{"name":"wp","href":"https:\/\/api.w.org\/{rel}","templated":true}]}}