{"id":22138,"date":"2018-01-02T01:05:46","date_gmt":"2018-01-02T01:05:46","guid":{"rendered":"http:\/\/biblian.is\/videy\/siraksbok-44-kafli\/"},"modified":"2018-01-02T01:05:46","modified_gmt":"2018-01-02T01:05:46","slug":"siraksbok-44-kafli","status":"publish","type":"page","link":"https:\/\/biblian.is\/videy\/siraksbok-44-kafli\/","title":{"rendered":"S\u00edraksb\u00f3k 44. kafli"},"content":{"rendered":"<div class=\"fyrirsognVidey\">Hr\u00f3s forfe\u00f0ranna.<\/div>\n<p><a name=\"1\"><span class=\"versanumer\">1<\/span><\/a>L\u00e1tum oss n\u00fa vegsama fr\u00e6ga menn og forfe\u00f0ur vors kyns.<a name=\"2\"><span class=\"versanumer\">2<\/span><\/a>Margt d\u00fdr\u00f0legt hefir Drottinn skapa\u00f0, <span class='VideyAth'>(s\u00fdnt)<\/span> mikilleik sinn fr\u00e1 eil\u00edf\u00f0.<a name=\"3\"><span class=\"versanumer\">3<\/span><\/a>\u00deeir drottnu\u00f0u \u00ed s\u00ednum k\u00f3ngsr\u00edkjum, voru nafnkenndir menn, fyrir veldi; \u00feeir r\u00e1\u00f0sl\u00f6gu\u00f0u me\u00f0 hyggindum og kunngj\u00f6r\u00f0u me\u00f0 sp\u00e1d\u00f3mum <span class='VideyAth'>(\u00fea\u00f0 sem huli\u00f0 var)<\/span>.<a name=\"4\"><span class=\"versanumer\">4<\/span><\/a>Lei\u00f0togar f\u00f3lksins fyrir r\u00e1\u00f0leggingar og me\u00f0 \u00fev\u00ed a\u00f0 \u00fatleggja f\u00f3lksins ritningar; \u00feeirra uppfr\u00e6\u00f0ing innih\u00e9lt hyggilega l\u00e6rd\u00f3ma.<a name=\"5\"><span class=\"versanumer\">5<\/span><\/a>\u00deeir upphugsu\u00f0u s\u00f6ng l\u00f6g og ortu lj\u00f3\u00f0 skriflega.<a name=\"6\"><span class=\"versanumer\">6<\/span><\/a>Voru au\u00f0menn g\u00e6ddir miklu veldi, lif\u00f0u fri\u00f0samlega, \u00ed s\u00ednum b\u00fast\u00f6\u00f0um.<a name=\"7\"><span class=\"versanumer\">7<\/span><\/a>Allir voru \u00feeir vegsama\u00f0ir me\u00f0al sinna \u00e6ttmanna, og nafnfr\u00e6gir ur\u00f0u \u00feeir me\u00f0an \u00feeir lif\u00f0u.<a name=\"8\"><span class=\"versanumer\">8<\/span><\/a>Nokkrir af \u00feeim eftirl\u00e9tu s\u00e9r nafn, svo menn kunngj\u00f6ri \u00feeirra lof.<a name=\"9\"><span class=\"versanumer\">9<\/span><\/a>A\u00f0rir eru \u00feeir, hv\u00f6rra endurminning ekki framar er til, sem li\u00f0nir eru undir lok, eins og \u00feeir hef\u00f0u ei til veri\u00f0, sem lif\u00f0u, eins og \u00feeir hef\u00f0u ekki f\u00e6\u00f0st, og \u00feeirra b\u00f6rn eftir \u00fe\u00e1.<a name=\"10\"><span class=\"versanumer\">10<\/span><\/a>En hinir voru n\u00e1\u00f0arinnar menn, hv\u00f6rra dygg\u00f0ir ei munu gleymast.<a name=\"11\"><span class=\"versanumer\">11<\/span><\/a>Hj\u00e1 \u00feeirra ni\u00f0jum var\u00f0veitist g\u00f3\u00f0 erf\u00f0, \u00feeirra eftirkomendur eru \u00ed s\u00e1ttm\u00e1lanum. \u00deeirra \u00e6tt st\u00f3\u00f0 og \u00feeirra afkv\u00e6mi, fyrir \u00fe\u00e1. Mun \u00feeirra \u00e6tt a\u00f0 eil\u00edfu vi\u00f0vara,<a name=\"12\"><span class=\"versanumer\">12<\/span><\/a>og \u00feeirra or\u00f0r\u00f3mur ei dv\u00edna.<a name=\"13\"><span class=\"versanumer\">13<\/span><\/a>\u00deeirra l\u00edkami var jar\u00f0a\u00f0ur \u00ed fri\u00f0i, og \u00feeirra nafn lifir allt til <span class='VideyAth'>(hinna \u00f3komnu)<\/span> \u00e6ttli\u00f0a.<a name=\"14\"><span class=\"versanumer\">14<\/span><\/a>L\u00fd\u00f0irnir hr\u00f3sa \u00feeirra v\u00edsd\u00f3mi,<a name=\"15\"><span class=\"versanumer\">15<\/span><\/a>og s\u00f6fnu\u00f0urinn kunngj\u00f6rir \u00feeirra lof.<br \/><a name=\"16\"><span class=\"versanumer\">16<\/span><\/a>Enok ge\u00f0ja\u00f0ist Drottni vel og var burt numinn, i\u00f0runarfyrirmynd fyrir \u00f6ldina.<br \/><a name=\"17\"><span class=\"versanumer\">17<\/span><\/a>N\u00f3i var r\u00e9ttl\u00e1tur og gu\u00f0r\u00e6kinn fundinn, \u00e1 rei\u00f0innar t\u00edma var\u00f0 hann forl\u00edkunarme\u00f0al.<a name=\"18\"><span class=\"versanumer\">18<\/span><\/a>\u00dev\u00ed var\u00f0 hann j\u00f6r\u00f0unni leifar, \u00fe\u00e1 vatnsfl\u00f3\u00f0i\u00f0 kom.<a name=\"19\"><span class=\"versanumer\">19<\/span><\/a>Eil\u00edfur s\u00e1ttm\u00e1li var vi\u00f0 hann gj\u00f6r\u00f0ur, a\u00f0 ei framar skyldi allt hold afm\u00e1\u00f0 ver\u00f0a af vatnsfl\u00f3\u00f0i.<br \/><a name=\"20\"><span class=\"versanumer\">20<\/span><\/a>Abraham er s\u00e1 mikli fa\u00f0ir margra \u00fej\u00f3\u00f0a, og hans l\u00edki a\u00f0 vegsemd er ei fundinn.<a name=\"21\"><span class=\"versanumer\">21<\/span><\/a>Hann h\u00e9lt l\u00f6gm\u00e1l ens \u00e6\u00f0sta og st\u00f3\u00f0 \u00ed s\u00e1ttm\u00e1la vi\u00f0 hann. Hann sta\u00f0festi s\u00e1ttm\u00e1lann \u00e1 s\u00ednu holdi, og var \u00ed pr\u00f3finu tr\u00far fundinn.<a name=\"22\"><span class=\"versanumer\">22<\/span><\/a>\u00dev\u00ed h\u00e9t <span class='VideyAth'>(Gu\u00f0)<\/span> honum me\u00f0 ei\u00f0i a\u00f0 \u00fej\u00f3\u00f0irnar skyldu fyrir hans s\u00e6\u00f0i blessun hlj\u00f3ta, a\u00f0 margfalda hann sem duft jar\u00f0ar,<a name=\"23\"><span class=\"versanumer\">23<\/span><\/a>og a\u00f0 hefja hans \u00e6tt sem stj\u00f6rnur himins, og a\u00f0 gefa henni landi\u00f0 til eignar fr\u00e1 hafi til hafs, og fr\u00e1 \u00e1nni <span class='VideyAth'>(Frat)<\/span> allt til \u00feess ysta enda.<a name=\"24\"><span class=\"versanumer\">24<\/span><\/a>Og \u00ed <span class='VideyAth'>(vi\u00f0)<\/span> \u00cdsak sta\u00f0festi hann s\u00f6mulei\u00f0is sakir f\u00f6\u00f0ur hans Abrahams, blessun allra manna og s\u00e1ttm\u00e1lann.<a name=\"25\"><span class=\"versanumer\">25<\/span><\/a>Og hann hv\u00edldi yfir Jakobs h\u00f6f\u00f0i.<a name=\"26\"><span class=\"versanumer\">26<\/span><\/a>Hann kanna\u00f0ist vi\u00f0 hann \u00ed sinni blessan og gaf honum erf\u00f0, og a\u00f0greindi hans parta, og skipti milli t\u00f3lf \u00e6ttkv\u00edsla.<a name=\"27\"><span class=\"versanumer\">27<\/span><\/a>Og hann l\u00e9t af honum koma miskunnarmann nokkurn, sem fann n\u00e1\u00f0 \u00ed alls holds augum,<\/p>\n<div class=\"footnoteVidey\"><\/div>\n","protected":false},"excerpt":{"rendered":"<p>Hr\u00f3s forfe\u00f0ranna. 1L\u00e1tum oss n\u00fa vegsama fr\u00e6ga menn og forfe\u00f0ur vors kyns.2Margt d\u00fdr\u00f0legt hefir Drottinn skapa\u00f0, (s\u00fdnt) mikilleik sinn fr\u00e1 eil\u00edf\u00f0.3\u00deeir drottnu\u00f0u \u00ed s\u00ednum k\u00f3ngsr\u00edkjum, voru nafnkenndir menn, fyrir veldi; \u00feeir r\u00e1\u00f0sl\u00f6gu\u00f0u me\u00f0 hyggindum og kunngj\u00f6r\u00f0u me\u00f0 sp\u00e1d\u00f3mum (\u00fea\u00f0 sem huli\u00f0 var).4Lei\u00f0togar f\u00f3lksins fyrir r\u00e1\u00f0leggingar og me\u00f0 \u00fev\u00ed a\u00f0 \u00fatleggja f\u00f3lksins ritningar; \u00feeirra uppfr\u00e6\u00f0ing innih\u00e9lt hyggilega l\u00e6rd\u00f3ma.5\u00deeir upphugsu\u00f0u s\u00f6ng l\u00f6g og ortu lj\u00f3\u00f0 skriflega.6Voru au\u00f0menn g\u00e6ddir miklu veldi, lif\u00f0u fri\u00f0samlega, \u00ed s\u00ednum b\u00fast\u00f6\u00f0um.7Allir voru \u00feeir vegsama\u00f0ir me\u00f0al sinna \u00e6ttmanna, og nafnfr\u00e6gir ur\u00f0u \u00feeir me\u00f0an \u00feeir lif\u00f0u.8Nokkrir af \u00feeim eftirl\u00e9tu s\u00e9r nafn, svo menn kunngj\u00f6ri \u00feeirra lof.9A\u00f0rir eru \u00feeir, hv\u00f6rra endurminning <a href=\"https:\/\/biblian.is\/videy\/siraksbok-44-kafli\/\"> [&#8230;]<\/a><\/p>\n","protected":false},"author":1,"featured_media":0,"parent":0,"menu_order":0,"comment_status":"open","ping_status":"open","template":"bibliukaflar.php","meta":{"footnotes":""},"class_list":["post-22138","page","type-page","status-publish","hentry"],"_links":{"self":[{"href":"https:\/\/biblian.is\/videy\/wp-json\/wp\/v2\/pages\/22138","targetHints":{"allow":["GET"]}}],"collection":[{"href":"https:\/\/biblian.is\/videy\/wp-json\/wp\/v2\/pages"}],"about":[{"href":"https:\/\/biblian.is\/videy\/wp-json\/wp\/v2\/types\/page"}],"author":[{"embeddable":true,"href":"https:\/\/biblian.is\/videy\/wp-json\/wp\/v2\/users\/1"}],"replies":[{"embeddable":true,"href":"https:\/\/biblian.is\/videy\/wp-json\/wp\/v2\/comments?post=22138"}],"version-history":[{"count":0,"href":"https:\/\/biblian.is\/videy\/wp-json\/wp\/v2\/pages\/22138\/revisions"}],"wp:attachment":[{"href":"https:\/\/biblian.is\/videy\/wp-json\/wp\/v2\/media?parent=22138"}],"curies":[{"name":"wp","href":"https:\/\/api.w.org\/{rel}","templated":true}]}}