{"id":22137,"date":"2018-01-02T01:05:46","date_gmt":"2018-01-02T01:05:46","guid":{"rendered":"http:\/\/biblian.is\/videy\/siraksbok-43-kafli\/"},"modified":"2018-01-02T01:05:46","modified_gmt":"2018-01-02T01:05:46","slug":"siraksbok-43-kafli","status":"publish","type":"page","link":"https:\/\/biblian.is\/videy\/siraksbok-43-kafli\/","title":{"rendered":"S\u00edraksb\u00f3k 43. kafli"},"content":{"rendered":"<div class=\"fyrirsognVidey\"><\/div>\n<p><a name=\"1\"><span class=\"versanumer\">1<\/span><\/a>Og hv\u00f6r mun mettast af \u00fev\u00ed a\u00f0 sko\u00f0a hans d\u00fdr\u00f0, vi\u00f0h\u00f6fn h\u00e6\u00f0arinnar, \u00fe\u00e1 kl\u00e1ru festingu, \u00fatlit himinsins \u00ed d\u00fdr\u00f0arinnar \u00fatliti.<a name=\"2\"><span class=\"versanumer\">2<\/span><\/a>S\u00f3lin, \u00fe\u00e1 h\u00fan s\u00fdnir sig, kunngj\u00f6rir \u00ed <span class='VideyAth'>(sinni)<\/span> uppg\u00f6ngu, fur\u00f0anlegt verkf\u00e6ri, verk hins \u00e6\u00f0sta.<a name=\"3\"><span class=\"versanumer\">3<\/span><\/a>\u00c1 mi\u00f0degi s\u00ednu skr\u00e6lir h\u00fan landi\u00f0; og hv\u00f6r getur sta\u00f0ist hennar hita?<a name=\"4\"><span class=\"versanumer\">4<\/span><\/a>\u00cd ofninn bl\u00e1sa menn, vi\u00f0 <span class='VideyAth'>a)<\/span> hita verkin; \u00ferefalt sterkar brennir s\u00f3lin fj\u00f6llin; h\u00fan andar \u00e1 <span class='VideyAth'>(allt)<\/span> eldlegum dampa, og sendandi fr\u00e1 s\u00e9r sk\u00ednandi geisla, blundar h\u00fan augun.<a name=\"5\"><span class=\"versanumer\">5<\/span><\/a>Mikill er s\u00e1 Drottinn er hana sk\u00f3p, og a\u00f0 hv\u00f6rs bo\u00f0i h\u00fan skundar <span class='VideyAth'>(s\u00edna)<\/span> lei\u00f0! <br \/><a name=\"6\"><span class=\"versanumer\">6<\/span><\/a>Tungli\u00f0 s\u00f6mulei\u00f0is <span class='VideyAth'>(passar)<\/span> \u00ed \u00f6llu s\u00edna t\u00ed\u00f0, augl\u00fdsir t\u00edma, og aldarinnar teikn.<a name=\"7\"><span class=\"versanumer\">7<\/span><\/a>Fr\u00e1 tunglinu eru h\u00e1t\u00ed\u00f0amerkin, \u00feess lj\u00f3s r\u00e9nar \u00feanga\u00f0 til \u00fea\u00f0 \u00fer\u00fdtur algj\u00f6rlega.<a name=\"8\"><span class=\"versanumer\">8<\/span><\/a>Af \u00fev\u00ed hefir m\u00e1nu\u00f0urinn sitt nafn, \u00fea\u00f0 vex fur\u00f0anlega til skiptis.<a name=\"9\"><span class=\"versanumer\">9<\/span><\/a>Verkf\u00e6ri herskaranna \u00ed h\u00e6\u00f0inni l\u00fdsir \u00fea\u00f0 \u00e1 festingu himinsins, sk\u00edn \u00fea\u00f0 \u00ed festingu himinsins.<a name=\"10\"><span class=\"versanumer\">10<\/span><\/a>Himinsins fegur\u00f0 er lj\u00f3mi stjarnanna, sk\u00ednandi heimur \u00e1 h\u00e6\u00f0 Drottins.<a name=\"11\"><span class=\"versanumer\">11<\/span><\/a>Eftir bo\u00f0i ens heilaga standa \u00fe\u00e6r <span class='VideyAth'>(stj\u00f6rnurnar)<\/span> \u00ed r\u00f6\u00f0, og ver\u00f0a ei \u00fereyttar a\u00f0 halda v\u00f6r\u00f0.<a name=\"12\"><span class=\"versanumer\">12<\/span><\/a>Sj\u00e1 <span class='VideyAth'>(regn)<\/span>bogann, og lofa hans Skapara, mj\u00f6g fagur er hann \u00ed s\u00ednum lj\u00f3mandi litum!<a name=\"13\"><span class=\"versanumer\">13<\/span><\/a>Hann umkringir himininn me\u00f0 s\u00ednum d\u00fdr\u00f0lega hring; hendur ens \u00e6\u00f0sta hafa hann spennt <span class='VideyAth'>(\u00feani\u00f0)<\/span>. <br \/><a name=\"14\"><span class=\"versanumer\">14<\/span><\/a>Eftir sinni tilskipan l\u00e6tur hann snj\u00f3inn hra\u00f0a s\u00e9r ni\u00f0ur \u00e1 vi\u00f0, og sendir skyndilega s\u00ednar hegnandi eldingar.<a name=\"15\"><span class=\"versanumer\">15<\/span><\/a>\u00dear af opnast fj\u00e1rsj\u00f3\u00f0ir <span class='VideyAth'>(himinsins)<\/span>, og sk\u00fdin flj\u00faga burt, sem fuglar.<a name=\"16\"><span class=\"versanumer\">16<\/span><\/a>Me\u00f0 s\u00ednum krafti \u00fe\u00e9ttir hann sk\u00fdin, og sundurmuldir haglsteinar falla ni\u00f0ur.<a name=\"17\"><span class=\"versanumer\">17<\/span><\/a>Fyrir hans sj\u00f3n bifast fj\u00f6llin.<a name=\"18\"><span class=\"versanumer\">18<\/span><\/a>A\u00f0 hans vilja bl\u00e6s sunnanvindurinn.<a name=\"19\"><span class=\"versanumer\">19<\/span><\/a>Raust hans rei\u00f0arslags hr\u00e6\u00f0ir j\u00f6r\u00f0ina, og nor\u00f0anstormurinn og hvirfilbylurinn. Hann str\u00e1ir snj\u00f3 sem ni\u00f0urflj\u00fagandi fuglum; og hann <span class='VideyAth'>(snj\u00f3rinn)<\/span> fellur eins og \u00fe\u00e1 engisprettur setjast ni\u00f0ur.<a name=\"20\"><span class=\"versanumer\">20<\/span><\/a>Auga\u00f0 d\u00e1ist a\u00f0 fegur\u00f0 hans hv\u00edtleika, og hjarta\u00f0 fur\u00f0ar sig \u00e1 hans regni.<a name=\"21\"><span class=\"versanumer\">21<\/span><\/a>H\u00e9lu, sem salti, str\u00e1ir hann \u00e1 j\u00f6r\u00f0ina, og \u00feegar fr\u00fds, svo myndast oddhvassir frostdinglar.<a name=\"22\"><span class=\"versanumer\">22<\/span><\/a>\u00deegar s\u00e1 kaldi nor\u00f0anvindur bl\u00e6s, leggur \u00eds \u00e1 vatn: \u00e1 s\u00e9rhv\u00f6rt vatnasamsafn leggur hann sig, og f\u00e6rir vatni\u00f0 sem \u00ed brynju.<a name=\"23\"><span class=\"versanumer\">23<\/span><\/a>Hann ey\u00f0ir fj\u00f6llum, brennir \u00f6r\u00e6fin og afm\u00e1ir gr\u00e6ngresi sem eldur.<a name=\"24\"><span class=\"versanumer\">24<\/span><\/a>Til l\u00e6kningar \u00f6llu kemur \u00feokan skj\u00f3tt, d\u00f6gg s\u00fa sem kemur ofan \u00e1 hita, h\u00fan endurn\u00e6rir.<a name=\"25\"><span class=\"versanumer\">25<\/span><\/a>Me\u00f0 s\u00ednu bo\u00f0i kom hann hafinu \u00ed r\u00f3, og gr\u00f3\u00f0ursetti \u00fear <span class='VideyAth'>a)<\/span> eyjar.<a name=\"26\"><span class=\"versanumer\">26<\/span><\/a>\u00deeir sem fara \u00e1 skipum yfir hafi\u00f0, segja fr\u00e1 \u00feess h\u00e6ttum, og \u00e1 \u00feess v\u00ed\u00f0indi heyrum v\u00e9r me\u00f0 undran.<a name=\"27\"><span class=\"versanumer\">27<\/span><\/a>\u00dear eru \u00feau \u00f3venjulegu og fur\u00f0anlegu verk, margbreytni af alls lags d\u00fdrum, hvalfiskakyni\u00f0.<a name=\"28\"><span class=\"versanumer\">28<\/span><\/a>Honum er a\u00f0 \u00feakka a\u00f0 fer\u00f0in heppnast loksins vel. Fyrir hans or\u00f0 standast allir hlutir.<a name=\"29\"><span class=\"versanumer\">29<\/span><\/a>Svo miki\u00f0 v\u00e9r t\u00f6lum, komunst v\u00e9r ei a\u00f0 \u00fev\u00ed <span class='VideyAth'>(me\u00f0 or\u00f0um)<\/span>. \u00deetta er \u00e1grip or\u00f0anna: Hann er allt.<a name=\"30\"><span class=\"versanumer\">30<\/span><\/a>Hv\u00f6rnig getum v\u00e9r hann vegsama\u00f0? \u00fev\u00ed hann er meiri enn \u00f6ll hans verk.<a name=\"31\"><span class=\"versanumer\">31<\/span><\/a>\u00d3ttalegur er Drottinn og harla mikill og fur\u00f0anlegt hans veldi. <br \/><a name=\"32\"><span class=\"versanumer\">32<\/span><\/a>Vegsami\u00f0 Drottin og hefji\u00f0 hann, svo h\u00e1tt sem \u00fe\u00e9r geti\u00f0; hann er samt enn h\u00e6rri.<a name=\"33\"><span class=\"versanumer\">33<\/span><\/a>Hefji\u00f0 hann af \u00f6llum m\u00e6tti, \u00fereytist ekki!<a name=\"34\"><span class=\"versanumer\">34<\/span><\/a>\u00de\u00e9r munu\u00f0 samt ekki n\u00e1 til hans.<a name=\"35\"><span class=\"versanumer\">35<\/span><\/a>Hv\u00f6r s\u00e1 hann, a\u00f0 hann geti honum l\u00fdst? og hv\u00f6r vegsamar hann eins og hann er?<a name=\"36\"><span class=\"versanumer\">36<\/span><\/a>Margt huli\u00f0 er meir enn \u00feetta; \u00fev\u00ed v\u00e9r sj\u00e1um \u00fea\u00f0 minnsta af hans verkum.<a name=\"37\"><span class=\"versanumer\">37<\/span><\/a>\u00dev\u00ed Drottinn hefir skapa\u00f0 allt og \u00feeim gu\u00f0r\u00e6knu hefir hann l\u00e1na\u00f0 v\u00edsd\u00f3m.<\/p>\n<div class=\"footnoteVidey\">V. 4. a. \u00deegar eitthva\u00f0 skal gj\u00f6ra, hvar til mikill hiti \u00fatheimtist.  V. 25. a. (Nokkrir lesa fyrir Nesus, Jesus). V. 18. Eiginl. fyllti hans h\u00f6ndur, gaf \u00ed h\u00f6nd emb\u00e6tti\u00f0.<\/div>\n","protected":false},"excerpt":{"rendered":"<p>1Og hv\u00f6r mun mettast af \u00fev\u00ed a\u00f0 sko\u00f0a hans d\u00fdr\u00f0, vi\u00f0h\u00f6fn h\u00e6\u00f0arinnar, \u00fe\u00e1 kl\u00e1ru festingu, \u00fatlit himinsins \u00ed d\u00fdr\u00f0arinnar \u00fatliti.2S\u00f3lin, \u00fe\u00e1 h\u00fan s\u00fdnir sig, kunngj\u00f6rir \u00ed (sinni) uppg\u00f6ngu, fur\u00f0anlegt verkf\u00e6ri, verk hins \u00e6\u00f0sta.3\u00c1 mi\u00f0degi s\u00ednu skr\u00e6lir h\u00fan landi\u00f0; og hv\u00f6r getur sta\u00f0ist hennar hita?4\u00cd ofninn bl\u00e1sa menn, vi\u00f0 a) hita verkin; \u00ferefalt sterkar brennir s\u00f3lin fj\u00f6llin; h\u00fan andar \u00e1 (allt) eldlegum dampa, og sendandi fr\u00e1 s\u00e9r sk\u00ednandi geisla, blundar h\u00fan augun.5Mikill er s\u00e1 Drottinn er hana sk\u00f3p, og a\u00f0 hv\u00f6rs bo\u00f0i h\u00fan skundar (s\u00edna) lei\u00f0! 6Tungli\u00f0 s\u00f6mulei\u00f0is (passar) \u00ed \u00f6llu s\u00edna t\u00ed\u00f0, augl\u00fdsir t\u00edma, og aldarinnar teikn.7Fr\u00e1 tunglinu eru h\u00e1t\u00ed\u00f0amerkin, <a href=\"https:\/\/biblian.is\/videy\/siraksbok-43-kafli\/\"> [&#8230;]<\/a><\/p>\n","protected":false},"author":1,"featured_media":0,"parent":0,"menu_order":0,"comment_status":"open","ping_status":"open","template":"bibliukaflar.php","meta":{"footnotes":""},"class_list":["post-22137","page","type-page","status-publish","hentry"],"_links":{"self":[{"href":"https:\/\/biblian.is\/videy\/wp-json\/wp\/v2\/pages\/22137","targetHints":{"allow":["GET"]}}],"collection":[{"href":"https:\/\/biblian.is\/videy\/wp-json\/wp\/v2\/pages"}],"about":[{"href":"https:\/\/biblian.is\/videy\/wp-json\/wp\/v2\/types\/page"}],"author":[{"embeddable":true,"href":"https:\/\/biblian.is\/videy\/wp-json\/wp\/v2\/users\/1"}],"replies":[{"embeddable":true,"href":"https:\/\/biblian.is\/videy\/wp-json\/wp\/v2\/comments?post=22137"}],"version-history":[{"count":0,"href":"https:\/\/biblian.is\/videy\/wp-json\/wp\/v2\/pages\/22137\/revisions"}],"wp:attachment":[{"href":"https:\/\/biblian.is\/videy\/wp-json\/wp\/v2\/media?parent=22137"}],"curies":[{"name":"wp","href":"https:\/\/api.w.org\/{rel}","templated":true}]}}