{"id":22136,"date":"2018-01-02T01:05:46","date_gmt":"2018-01-02T01:05:46","guid":{"rendered":"http:\/\/biblian.is\/videy\/siraksbok-42-kafli\/"},"modified":"2018-01-02T01:05:46","modified_gmt":"2018-01-02T01:05:46","slug":"siraksbok-42-kafli","status":"publish","type":"page","link":"https:\/\/biblian.is\/videy\/siraksbok-42-kafli\/","title":{"rendered":"S\u00edraksb\u00f3k 42. kafli"},"content":{"rendered":"<div class=\"fyrirsognVidey\"><\/div>\n<p><a name=\"1\"><span class=\"versanumer\">1<\/span><\/a>Fyrir \u00feessa hluti skaltu ekki skammast \u00fe\u00edn og syndga ekki sakir manngreinar\u00e1lits:<a name=\"2\"><span class=\"versanumer\">2<\/span><\/a>fyrir l\u00f6gm\u00e1li\u00f0 og s\u00e1ttm\u00e1la hins \u00e6\u00f0sta <span class='VideyAth'>(skaltu ei skammast \u00fe\u00edn)<\/span> n\u00e9 fyrir \u00fea\u00f0 r\u00e9tt, svo a\u00f0 \u00fe\u00fa fr\u00edkennir \u00feann gu\u00f0lausa;<a name=\"3\"><span class=\"versanumer\">3<\/span><\/a>fyrir m\u00e1lefni f\u00e9laga og fer\u00f0amanna, fyrir afhendingu arfs til vina;<a name=\"4\"><span class=\"versanumer\">4<\/span><\/a>fyrir n\u00e1kv\u00e6mni \u00ed m\u00e6lir og vigt; fyrir mikinn e\u00f0a l\u00edtinn feng,<a name=\"5\"><span class=\"versanumer\">5<\/span><\/a>fyrir \u00e1bata \u00ed kaupum og s\u00f6lum, fyrir strangan barn aga, fyrir \u00fea\u00f0 a\u00f0 sl\u00e1 bl\u00f3\u00f0ugt baki\u00f0 \u00e1 vondum \u00fer\u00e6l;<a name=\"6\"><span class=\"versanumer\">6<\/span><\/a>r\u00e1\u00f0legt er a\u00f0 innsigla fyrir vondri konu; og \u00fear sem eru margar h\u00f6ndur skaltu l\u00e6sa;<a name=\"7\"><span class=\"versanumer\">7<\/span><\/a>hva\u00f0 sem \u00fe\u00fa l\u00e6tur af hendi, <span class='VideyAth'>(\u00fea\u00f0 s\u00e9)<\/span> eftir t\u00f6lu og vigt, og \u00fatl\u00e1t og inntekt allt skriflegt!<a name=\"8\"><span class=\"versanumer\">8<\/span><\/a><span class='VideyAth'>(Skammast \u00fe\u00edn ekki)<\/span> fyrir \u00fea\u00f0, a\u00f0 umvanda vi\u00f0 f\u00e1v\u00edsa og heimska, og vi\u00f0 gamlan mann, sem gefur sig \u00ed str\u00ed\u00f0 vi\u00f0 \u00fe\u00e1 ungu\u2014\u00fe\u00e1 munt \u00fe\u00fa vissulega vera vel si\u00f0a\u00f0ur og bera \u00far b\u00fdtum lof allra sem lifa.<br \/><a name=\"9\"><span class=\"versanumer\">9<\/span><\/a>D\u00f3ttirin ollir f\u00f6\u00f0ur s\u00ednum heimuglegrar n\u00e6turv\u00f6ku, og umhyggja fyrir henni rekur \u00ed burt svefninn: me\u00f0an h\u00fan er \u00ed \u00e6sku <span class='VideyAth'>(\u00f3ttast hann)<\/span> a\u00f0 h\u00fan giftist of seint, og s\u00e9 h\u00fan gift, a\u00f0 h\u00fan ver\u00f0i h\u00f6tu\u00f0;<a name=\"10\"><span class=\"versanumer\">10<\/span><\/a>me\u00f0an h\u00fan er mey, a\u00f0 h\u00fan ver\u00f0i sv\u00edvirt og gj\u00f6r\u00f0 \u00feungu\u00f0 \u00ed f\u00f6\u00f0urgar\u00f0i; \u00feegar h\u00fan lifir me\u00f0 manni, a\u00f0 h\u00fan brj\u00f3ti, og \u00fe\u00f3 h\u00fan b\u00fai saman vi\u00f0 hann, ali ekki b\u00f6rn.<a name=\"11\"><span class=\"versanumer\">11<\/span><\/a>Vakta\u00f0u vandlega \u00f3skammfeilna d\u00f3ttur, svo h\u00fan gj\u00f6ri \u00feig ekki a\u00f0 athl\u00e6gi \u00feinna d\u00f3ttur, svo h\u00fan gj\u00f6ri \u00feig ekki a\u00f0 athl\u00e6gi \u00feinna \u00f3vina, a\u00f0 umtalsefni sta\u00f0arins, og einkenndan me\u00f0al l\u00fd\u00f0sins, og sneyptan \u00ed mannfj\u00f6ldanum.<br \/><a name=\"12\"><span class=\"versanumer\">12<\/span><\/a>L\u00edt \u00e1 einkis manns fr\u00ed\u00f0leika og sit ekki hj\u00e1 konum.<a name=\"13\"><span class=\"versanumer\">13<\/span><\/a>\u00dev\u00ed \u00far kl\u00e6\u00f0um kemur m\u00f6lur, og fr\u00e1 konum, konu vonska.<a name=\"14\"><span class=\"versanumer\">14<\/span><\/a>Betri er vonska mannsins, en kona sem l\u00e6st vera g\u00f3\u00f0 kona, sem lei\u00f0ir \u00ed sk\u00f6mm til vansa. <br \/><a name=\"15\"><span class=\"versanumer\">15<\/span><\/a>Eg vil minnast Drottins verka og kunngj\u00f6ra \u00fea\u00f0 sem eg hefi s\u00e9\u00f0! Fyrir or\u00f0 Drottins eru hans verk <span class='VideyAth'>(til or\u00f0in)<\/span>.<a name=\"16\"><span class=\"versanumer\">16<\/span><\/a>S\u00fa lj\u00f3mandi s\u00f3l sk\u00edn yfir allt, og hans sk\u00f6pun er full af hans d\u00fdr\u00f0.<a name=\"17\"><span class=\"versanumer\">17<\/span><\/a><span class='VideyAth'>(Jafnvel)<\/span> \u00feeim heil\u00f6gu veitti Drottinn ei \u00fea\u00f0, a\u00f0 \u00feeir g\u00e6tu sagt fr\u00e1 \u00f6llum hans d\u00e1semdum, sem hann, s\u00e1 alvoldugi Drottinn, hefir gj\u00f6rt fast, svo \u00fea\u00f0 gj\u00f6rvalla fyrir hans d\u00fdr\u00f0 sta\u00f0festist.<a name=\"18\"><span class=\"versanumer\">18<\/span><\/a>Undirdj\u00fapi\u00f0 og hjarta\u00f0 rannsakar hann, og \u00feeirra <span class='VideyAth'>(mannanna)<\/span> ath\u00e6fi s\u00e9r hann grannt.<a name=\"19\"><span class=\"versanumer\">19<\/span><\/a>\u00dev\u00ed Drottinn veit hva\u00f0 allir vita, og sko\u00f0ar aldarinnar teikn.<a name=\"20\"><span class=\"versanumer\">20<\/span><\/a>Hann kunngj\u00f6rir \u00fea\u00f0 umli\u00f0na og \u00f3komna, og opinberar spor \u00feeirra huldu hluta. Engin hugsan fer framhj\u00e1 honum, og ekkert or\u00f0 felst fyrir honum.<a name=\"21\"><span class=\"versanumer\">21<\/span><\/a>\u00deeim miklu verkum sinnar speki hefir hann vel ni\u00f0urskipa\u00f0, og er \u00e1vallt <span class='VideyAth'>(hinn sami)<\/span> fr\u00e1 eil\u00edf\u00f0 til eil\u00edf\u00f0ar.<a name=\"22\"><span class=\"versanumer\">22<\/span><\/a>Hann er ekki or\u00f0inn meiri og ekki minni, og hefir aldrei \u00feurft r\u00e1\u00f0gjafa.<a name=\"23\"><span class=\"versanumer\">23<\/span><\/a>Hv\u00f6rsu elskuleg eru \u00f6ll hans verk! og \u00fe\u00f3 er a\u00f0 sj\u00e1, sem eitthva\u00f0 af neista.<a name=\"24\"><span class=\"versanumer\">24<\/span><\/a>Allt \u00feetta lifir og varir eil\u00edflega, til hv\u00f6rrar br\u00fakunar sem vera skal, og allt er hl\u00fd\u00f0i\u00f0.<a name=\"25\"><span class=\"versanumer\">25<\/span><\/a>Allt er tvennt, eitt \u00f6\u00f0ru gagnvart, og ekkert l\u00ed\u00f0ur undir lok, sem hann sk\u00f3p.<a name=\"26\"><span class=\"versanumer\">26<\/span><\/a>Eitt sta\u00f0festir gagn hins annars.<\/p>\n<div class=\"footnoteVidey\"><\/div>\n","protected":false},"excerpt":{"rendered":"<p>1Fyrir \u00feessa hluti skaltu ekki skammast \u00fe\u00edn og syndga ekki sakir manngreinar\u00e1lits:2fyrir l\u00f6gm\u00e1li\u00f0 og s\u00e1ttm\u00e1la hins \u00e6\u00f0sta (skaltu ei skammast \u00fe\u00edn) n\u00e9 fyrir \u00fea\u00f0 r\u00e9tt, svo a\u00f0 \u00fe\u00fa fr\u00edkennir \u00feann gu\u00f0lausa;3fyrir m\u00e1lefni f\u00e9laga og fer\u00f0amanna, fyrir afhendingu arfs til vina;4fyrir n\u00e1kv\u00e6mni \u00ed m\u00e6lir og vigt; fyrir mikinn e\u00f0a l\u00edtinn feng,5fyrir \u00e1bata \u00ed kaupum og s\u00f6lum, fyrir strangan barn aga, fyrir \u00fea\u00f0 a\u00f0 sl\u00e1 bl\u00f3\u00f0ugt baki\u00f0 \u00e1 vondum \u00fer\u00e6l;6r\u00e1\u00f0legt er a\u00f0 innsigla fyrir vondri konu; og \u00fear sem eru margar h\u00f6ndur skaltu l\u00e6sa;7hva\u00f0 sem \u00fe\u00fa l\u00e6tur af hendi, (\u00fea\u00f0 s\u00e9) eftir t\u00f6lu og vigt, og \u00fatl\u00e1t og inntekt allt skriflegt!8(Skammast \u00fe\u00edn <a href=\"https:\/\/biblian.is\/videy\/siraksbok-42-kafli\/\"> [&#8230;]<\/a><\/p>\n","protected":false},"author":1,"featured_media":0,"parent":0,"menu_order":0,"comment_status":"open","ping_status":"open","template":"bibliukaflar.php","meta":{"footnotes":""},"class_list":["post-22136","page","type-page","status-publish","hentry"],"_links":{"self":[{"href":"https:\/\/biblian.is\/videy\/wp-json\/wp\/v2\/pages\/22136","targetHints":{"allow":["GET"]}}],"collection":[{"href":"https:\/\/biblian.is\/videy\/wp-json\/wp\/v2\/pages"}],"about":[{"href":"https:\/\/biblian.is\/videy\/wp-json\/wp\/v2\/types\/page"}],"author":[{"embeddable":true,"href":"https:\/\/biblian.is\/videy\/wp-json\/wp\/v2\/users\/1"}],"replies":[{"embeddable":true,"href":"https:\/\/biblian.is\/videy\/wp-json\/wp\/v2\/comments?post=22136"}],"version-history":[{"count":0,"href":"https:\/\/biblian.is\/videy\/wp-json\/wp\/v2\/pages\/22136\/revisions"}],"wp:attachment":[{"href":"https:\/\/biblian.is\/videy\/wp-json\/wp\/v2\/media?parent=22136"}],"curies":[{"name":"wp","href":"https:\/\/api.w.org\/{rel}","templated":true}]}}