{"id":22135,"date":"2018-01-02T01:05:46","date_gmt":"2018-01-02T01:05:46","guid":{"rendered":"http:\/\/biblian.is\/videy\/siraksbok-41-kafli\/"},"modified":"2018-01-02T01:05:46","modified_gmt":"2018-01-02T01:05:46","slug":"siraksbok-41-kafli","status":"publish","type":"page","link":"https:\/\/biblian.is\/videy\/siraksbok-41-kafli\/","title":{"rendered":"S\u00edraksb\u00f3k 41. kafli"},"content":{"rendered":"<div class=\"fyrirsognVidey\">Sundurlaus sannm\u00e6li.<\/div>\n<p><a name=\"1\"><span class=\"versanumer\">1<\/span><\/a>\u00d3 dau\u00f0i! hv\u00f6rsu beisk er \u00fe\u00edn tilhugsan \u00feeim manni, sem n\u00fdtur \u00ed r\u00f3 sinna eigna, \u00feeim manni sem lifir \u00e1hyggjulaus,<a name=\"2\"><span class=\"versanumer\">2<\/span><\/a>\u00feeim sem vel vegnar \u00ed \u00f6llum hlutum, og sem enn n\u00fa er f\u00e6r um n\u00e6ringu til s\u00edn a\u00f0 taka!<a name=\"3\"><span class=\"versanumer\">3<\/span><\/a>\u00d3 dau\u00f0i! \u00e6skilegur er \u00feinn d\u00f3mur \u00feeim \u00feurftuga,<a name=\"4\"><span class=\"versanumer\">4<\/span><\/a>\u00feeim hruma og aldra\u00f0a, \u00feeim sem er \u00ed m\u00f6rgum raunum, \u00feeim vonlausa, sem hefir misst \u00feolg\u00e6\u00f0i\u00f0!<a name=\"5\"><span class=\"versanumer\">5<\/span><\/a>Hr\u00e6\u00f0stu ekki dau\u00f0ans d\u00f3m! Hugsa\u00f0u til \u00feeirra sem \u00e1 undan voru og eftir koma: \u00feessi d\u00f3mur er af Drottni lag\u00f0ur \u00e1 allt hold.<a name=\"6\"><span class=\"versanumer\">6<\/span><\/a>Og hva\u00f0 m\u00e6list \u00fe\u00fa undan vilja hins \u00e6\u00f0sta? Veri \u00fea\u00f0 t\u00edu, veri \u00fea\u00f0 hundra\u00f0, veri \u00fea\u00f0 \u00fe\u00fasund \u00e1r.<a name=\"7\"><span class=\"versanumer\">7<\/span><\/a>\u00cd undirheimum er engin kl\u00f6gun yfir l\u00edfinu.<br \/><a name=\"8\"><span class=\"versanumer\">8<\/span><\/a>Vi\u00f0bj\u00f3\u00f0sleg b\u00f6rn ver\u00f0a syndaranna b\u00f6rn, og \u00feau sem ganga \u00ed gu\u00f0lausra b\u00fast\u00f6\u00f0um.<a name=\"9\"><span class=\"versanumer\">9<\/span><\/a>Arfur syndaranna barna hverfur og hj\u00e1 \u00feeirra kyni vi\u00f0varir sk\u00f6mmin.<a name=\"10\"><span class=\"versanumer\">10<\/span><\/a>B\u00f6rnin gefa br\u00edgslyr\u00f0i gu\u00f0lausum f\u00f6\u00f0ur, \u00fev\u00ed s\u00f6kum hans eru \u00feau forsm\u00e1\u00f0.<a name=\"11\"><span class=\"versanumer\">11<\/span><\/a>Vei y\u00f0ur gu\u00f0lausu menn, sem horfi\u00f0 hafi\u00f0 fr\u00e1 l\u00f6gm\u00e1li ens \u00e6\u00f0sta.<a name=\"12\"><span class=\"versanumer\">12<\/span><\/a>\u00deegar \u00fe\u00e9r f\u00e6\u00f0ist, svo f\u00e6\u00f0ist \u00fe\u00e9r til b\u00f6lvunar; og \u00feegar \u00fe\u00e9r deyi\u00f0, svo ver\u00f0i\u00f0 \u00fe\u00e9r b\u00f6lvunarinnar hlutskipti.<a name=\"13\"><span class=\"versanumer\">13<\/span><\/a>Allt af j\u00f6r\u00f0u, hverfur aftur til jar\u00f0arinnar; eins fara \u00feeir gu\u00f0lausu fr\u00e1 b\u00f6lvun til tort\u00edningar.<a name=\"14\"><span class=\"versanumer\">14<\/span><\/a>Mannanna \u00fej\u00e1ning vi\u00f0v\u00edkur \u00feeirra l\u00edk\u00f6mum, en nafn syndaranna sem ekki er gott mun ver\u00f0a afm\u00e1\u00f0.<a name=\"15\"><span class=\"versanumer\">15<\/span><\/a>Haf \u00fe\u00fa \u00e1hyggju um nafn \u00feitt, \u00fev\u00ed \u00fea\u00f0 geymist \u00fe\u00e9r betur enn \u00fe\u00fasund st\u00f3rir fj\u00e1rsj\u00f3\u00f0ir af gulli.<a name=\"16\"><span class=\"versanumer\">16<\/span><\/a>H\u00e6gt er a\u00f0 telja daga hins g\u00f3\u00f0a <span class='VideyAth'>(s\u00e6la)<\/span> l\u00edfs, en gott nafn varir eil\u00edflega. <br \/><a name=\"17\"><span class=\"versanumer\">17<\/span><\/a>B\u00f6rn, fylgi\u00f0 menntuninni \u00ed fri\u00f0i <span class='VideyAth'>(velgengni)<\/span>! En falinn v\u00edsd\u00f3mur og \u00f3s\u00fdnilegur sj\u00f3\u00f0ur, hva\u00f0 notar \u00feetta hv\u00f6rttveggja? Betri er s\u00e1 ma\u00f0ur sem felur s\u00edna heimsku, en s\u00e1 ma\u00f0ur sem felur s\u00edna visku.<a name=\"18\"><span class=\"versanumer\">18<\/span><\/a>Feili\u00f0 y\u00f0ar \u00fev\u00ed eftir m\u00ednu or\u00f0i!<a name=\"19\"><span class=\"versanumer\">19<\/span><\/a>\u00dev\u00ed a\u00f0 for\u00f0ast s\u00e9rhv\u00f6rja feilni er ekki gott, og ekki er henni \u00e6t\u00ed\u00f0 me\u00f0 sanni hr\u00f3sa\u00f0.<a name=\"20\"><span class=\"versanumer\">20<\/span><\/a>Skammist y\u00f0ar fyrir lausl\u00e6ti hj\u00e1 f\u00f6\u00f0ur og m\u00f3\u00f0ur, og fyrir lygi hj\u00e1 furstum og h\u00f6f\u00f0ingjum;<a name=\"21\"><span class=\"versanumer\">21<\/span><\/a>hj\u00e1 d\u00f3mara og yfirbo\u00f0ara fyrir misgj\u00f6r\u00f0; hj\u00e1 s\u00f6fnu\u00f0inum og f\u00f3lkinu fyrir lagabrot;<a name=\"22\"><span class=\"versanumer\">22<\/span><\/a>hj\u00e1 kunningjum og vinum fyrir rangl\u00e6ti; og fyrir \u00fej\u00f3fna\u00f0 \u00e1 \u00feeim sta\u00f0, hvar \u00fe\u00fa \u00e1tt heima; og frammi fyrir sannleika Gu\u00f0s og s\u00e1ttm\u00e1lans;<a name=\"23\"><span class=\"versanumer\">23<\/span><\/a>og fyrir \u00fea\u00f0 a\u00f0 sty\u00f0ja alboganum \u00e1 brau\u00f0in;<a name=\"24\"><span class=\"versanumer\">24<\/span><\/a>fyrir s\u00e9rdr\u00e6gni <span class='VideyAth'>(hnupl)<\/span> \u00ed \u00fatl\u00e1tum og tekjum; fyrir \u00fea\u00f0 a\u00f0 taka ei undir, \u00fe\u00e1 y\u00f0ur er heilsa\u00f0;<a name=\"25\"><span class=\"versanumer\">25<\/span><\/a>fyrir \u00fea\u00f0 a\u00f0 stara \u00e1 sk\u00e6kju; og sn\u00faa andlitinu fr\u00e1 \u00e6ttingja;<a name=\"26\"><span class=\"versanumer\">26<\/span><\/a>fyrir \u00fea\u00f0, a\u00f0 draga \u00ed hl\u00e9 part og gj\u00f6f og a\u00f0 vir\u00f0a fyrir \u00fe\u00e9r gifta konu;<a name=\"27\"><span class=\"versanumer\">27<\/span><\/a>fyrir \u00fea\u00f0, a\u00f0 h\u00e6nast a\u00f0 amb\u00e1tt annars manns, og kom \u00fe\u00fa ei n\u00e6rri hennar s\u00e6ng,<a name=\"28\"><span class=\"versanumer\">28<\/span><\/a>fyrir mei\u00f0andi tal hj\u00e1 vinum, og hafir \u00fe\u00fa eitthva\u00f0 gefi\u00f0, \u00fe\u00e1 brigsla ekki um \u00fea\u00f0,<a name=\"29\"><span class=\"versanumer\">29<\/span><\/a>fyrir \u00fea\u00f0 a\u00f0 hafa eftir, \u00fea\u00f0 sem \u00fe\u00fa hefir heyrt og a\u00f0 upplj\u00f3sta leyndarm\u00e1lum: \u00fe\u00e1 ert \u00fe\u00fa r\u00e9ttilega feilinn og finnur hylli hj\u00e1 \u00f6llum m\u00f6nnum.<\/p>\n<div class=\"footnoteVidey\"><\/div>\n","protected":false},"excerpt":{"rendered":"<p>Sundurlaus sannm\u00e6li. 1\u00d3 dau\u00f0i! hv\u00f6rsu beisk er \u00fe\u00edn tilhugsan \u00feeim manni, sem n\u00fdtur \u00ed r\u00f3 sinna eigna, \u00feeim manni sem lifir \u00e1hyggjulaus,2\u00feeim sem vel vegnar \u00ed \u00f6llum hlutum, og sem enn n\u00fa er f\u00e6r um n\u00e6ringu til s\u00edn a\u00f0 taka!3\u00d3 dau\u00f0i! \u00e6skilegur er \u00feinn d\u00f3mur \u00feeim \u00feurftuga,4\u00feeim hruma og aldra\u00f0a, \u00feeim sem er \u00ed m\u00f6rgum raunum, \u00feeim vonlausa, sem hefir misst \u00feolg\u00e6\u00f0i\u00f0!5Hr\u00e6\u00f0stu ekki dau\u00f0ans d\u00f3m! Hugsa\u00f0u til \u00feeirra sem \u00e1 undan voru og eftir koma: \u00feessi d\u00f3mur er af Drottni lag\u00f0ur \u00e1 allt hold.6Og hva\u00f0 m\u00e6list \u00fe\u00fa undan vilja hins \u00e6\u00f0sta? Veri \u00fea\u00f0 t\u00edu, veri \u00fea\u00f0 hundra\u00f0, veri \u00fea\u00f0 \u00fe\u00fasund <a href=\"https:\/\/biblian.is\/videy\/siraksbok-41-kafli\/\"> [&#8230;]<\/a><\/p>\n","protected":false},"author":1,"featured_media":0,"parent":0,"menu_order":0,"comment_status":"open","ping_status":"open","template":"bibliukaflar.php","meta":{"footnotes":""},"class_list":["post-22135","page","type-page","status-publish","hentry"],"_links":{"self":[{"href":"https:\/\/biblian.is\/videy\/wp-json\/wp\/v2\/pages\/22135","targetHints":{"allow":["GET"]}}],"collection":[{"href":"https:\/\/biblian.is\/videy\/wp-json\/wp\/v2\/pages"}],"about":[{"href":"https:\/\/biblian.is\/videy\/wp-json\/wp\/v2\/types\/page"}],"author":[{"embeddable":true,"href":"https:\/\/biblian.is\/videy\/wp-json\/wp\/v2\/users\/1"}],"replies":[{"embeddable":true,"href":"https:\/\/biblian.is\/videy\/wp-json\/wp\/v2\/comments?post=22135"}],"version-history":[{"count":0,"href":"https:\/\/biblian.is\/videy\/wp-json\/wp\/v2\/pages\/22135\/revisions"}],"wp:attachment":[{"href":"https:\/\/biblian.is\/videy\/wp-json\/wp\/v2\/media?parent=22135"}],"curies":[{"name":"wp","href":"https:\/\/api.w.org\/{rel}","templated":true}]}}