{"id":22134,"date":"2018-01-02T01:05:46","date_gmt":"2018-01-02T01:05:46","guid":{"rendered":"http:\/\/biblian.is\/videy\/siraksbok-40-kafli\/"},"modified":"2018-01-02T01:05:46","modified_gmt":"2018-01-02T01:05:46","slug":"siraksbok-40-kafli","status":"publish","type":"page","link":"https:\/\/biblian.is\/videy\/siraksbok-40-kafli\/","title":{"rendered":"S\u00edraksb\u00f3k 40. kafli"},"content":{"rendered":"<div class=\"fyrirsognVidey\">\u00ddmislegar huglei\u00f0ingar.<\/div>\n<p><a name=\"1\"><span class=\"versanumer\">1<\/span><\/a>Mikil arm\u00e6\u00f0a hv\u00edlir \u00e1 hv\u00f6rjum manni, og \u00feungt ok liggur \u00e1 Adamssonum, fr\u00e1 \u00feeim degi er \u00feeir f\u00e6ddust af m\u00f3\u00f0url\u00edfi, allt til \u00feess dags, \u00fe\u00e1 \u00feeir hverfa aftur til m\u00f3\u00f0ur allra.<span class='VideyAth'>a)<\/span><a name=\"2\"><span class=\"versanumer\">2<\/span><\/a>\u00deeirra hugsanir og hjartans \u00f3tta\u2014eftirbi\u00f0arinnar \u00e1hyggja og dau\u00f0adagurinn.<a name=\"3\"><span class=\"versanumer\">3<\/span><\/a>Allt fr\u00e1 \u00feeim sem \u00e1 h\u00e1s\u00e6ti situr \u00ed d\u00fdr\u00f0, til hins er ni\u00f0urbeyg\u00f0ur er \u00ed duft og \u00f6sku;<a name=\"4\"><span class=\"versanumer\">4<\/span><\/a>fr\u00e1 \u00feeim sem ber purpura og k\u00f3r\u00f3nu, allt til \u00feess sem sk\u00fdlir s\u00e9r me\u00f0 striga,<a name=\"5\"><span class=\"versanumer\">5<\/span><\/a>er <span class='VideyAth'>(hj\u00e1 \u00f6llum)<\/span> rei\u00f0i og \u00f6fund, \u00f3r\u00f3i og hr\u00e6\u00f0sla og \u00f3tti fyrir dau\u00f0anum, grimmd og \u00fer\u00e6tur; og \u00e1 hv\u00edldart\u00edmanum \u00ed r\u00faminu truflar draumur hans <span class='VideyAth'>(mannsins)<\/span> \u00feekkingu.<a name=\"6\"><span class=\"versanumer\">6<\/span><\/a>L\u00edti\u00f0, jafnvel ekkert <span class='VideyAth'>(er)<\/span> \u00ed r\u00f3, og fr\u00e1 \u00fev\u00ed \u00ed draumi, eins og \u00e1 degi \u00fe\u00e1 v\u00f6r\u00f0 skal halda, \u00f3spekist hann af sj\u00f3n s\u00edns hjarta, eins og s\u00e1 sem fl\u00fai\u00f0 hefir \u00far str\u00ed\u00f0i.<a name=\"7\"><span class=\"versanumer\">7<\/span><\/a>\u00c1 s\u00ednum endurlausnardegi vaknar hann og ver\u00f0ur hissa \u00e1 sinni einkisver\u00f0u hr\u00e6\u00f0slu.<a name=\"8\"><span class=\"versanumer\">8<\/span><\/a>Hj\u00e1 \u00f6llu holdi, fr\u00e1 manninum til f\u00e9na\u00f0arins <span class='VideyAth'>(er \u00feetta svo)<\/span> en hj\u00e1 syndaranum sj\u00f6falt.<a name=\"9\"><span class=\"versanumer\">9<\/span><\/a>\u00dev\u00ed dau\u00f0i og bl\u00f3\u00f0s\u00fathelling og \u00fer\u00e1ttan og sver\u00f0, \u00f3h\u00f6pp, hungur og tj\u00f3n og pl\u00e1ga,<a name=\"10\"><span class=\"versanumer\">10<\/span><\/a>allt \u00feetta er gj\u00f6rt fyrir \u00fe\u00e1 gu\u00f0lausu, og sakir \u00feeirra kom vatnsfl\u00f3\u00f0i\u00f0.<a name=\"11\"><span class=\"versanumer\">11<\/span><\/a>Allt sem af j\u00f6r\u00f0u er, hverfur aftur til jar\u00f0ar, og hva\u00f0 af vatni er, rennur aftur \u00ed sj\u00f3inn. <br \/><a name=\"12\"><span class=\"versanumer\">12<\/span><\/a>Allar g\u00e1fur og rangfengi\u00f0 f\u00e9 hverfur, en d\u00e1numennska varir eil\u00edflega.<a name=\"13\"><span class=\"versanumer\">13<\/span><\/a>Au\u00f0\u00e6fi gu\u00f0lausra \u00fearna upp sem l\u00e6kur, og eins og mikil \u00feruma kve\u00f0ur vi\u00f0 \u00ed regninu.<a name=\"14\"><span class=\"versanumer\">14<\/span><\/a>\u00de\u00e1 hann uppl\u00fdkur s\u00ednum h\u00f6ndum, mun hann gle\u00f0jast; svo munu yfirtro\u00f0slumenn hverfa til tj\u00f3ns.<a name=\"15\"><span class=\"versanumer\">15<\/span><\/a>Afkomendur enna gu\u00f0lausu \u00fatbrei\u00f0a ei margar greinir, og \u00f3hreinar r\u00e6tur standa \u00e1 klettasn\u00f6s.<a name=\"16\"><span class=\"versanumer\">16<\/span><\/a>\u00deeir eru m\u00fdrgresi vi\u00f0 \u00f6ll v\u00f6tn og \u00e1rbakka, sem slegi\u00f0 ver\u00f0ur \u00e1 undan \u00f6llu <span class='VideyAth'>(\u00f6\u00f0ru)<\/span> grasi.<a name=\"17\"><span class=\"versanumer\">17<\/span><\/a>G\u00f3\u00f0gj\u00f6r\u00f0asemi er sem blessa\u00f0ur grasgar\u00f0ur og miskunnsemin varir eil\u00edflega. <br \/><a name=\"18\"><span class=\"versanumer\">18<\/span><\/a>L\u00edf hins n\u00e6gjusama <span class='VideyAth'>(og)<\/span> erfi\u00f0ismannsins er ind\u00e6lt, en fremri hv\u00f6rutveggjum er s\u00e1 sem f\u00e9sj\u00f3\u00f0 finnur.<a name=\"19\"><span class=\"versanumer\">19<\/span><\/a>B\u00f6rn og borgarbygging aflar varanlegs nafns; en \u00f3a\u00f0finnanlega konu er meir a\u00f0 meta.<a name=\"20\"><span class=\"versanumer\">20<\/span><\/a>V\u00edn og s\u00f6nglist gle\u00f0ur hjarta\u00f0; en elska til v\u00edsd\u00f3ms er betri en hv\u00f6rttveggja.<a name=\"21\"><span class=\"versanumer\">21<\/span><\/a>Hlj\u00f3\u00f0p\u00edpur og h\u00f6rpur hlj\u00f3ma elskulega; en vinsamlegt tal er betra en hv\u00f6rttveggja.<a name=\"22\"><span class=\"versanumer\">22<\/span><\/a>Fegur\u00f0 og fr\u00ed\u00f0leiki veitir una\u00f0semd \u00fe\u00ednu auga, en hi\u00f0 gr\u00e6na s\u00e1\u00f0 en meiri en hv\u00f6rttveggja.<a name=\"23\"><span class=\"versanumer\">23<\/span><\/a>Vinir og f\u00e9lagar a\u00f0sto\u00f0a hv\u00f6r annan, \u00fe\u00e1 t\u00edmi er til, en ma\u00f0ur og kona ennframar en hv\u00f6rutveggja.<a name=\"24\"><span class=\"versanumer\">24<\/span><\/a>Br\u00e6\u00f0ur og hj\u00e1lp \u00e1 ney\u00f0arinnar t\u00ed\u00f0; en betur en hv\u00f6rttveggja, bjargar miskunnsemin.<a name=\"25\"><span class=\"versanumer\">25<\/span><\/a>Gull og silfur halda manni \u00e1 f\u00f6stum f\u00e6ti; en gott r\u00e1\u00f0 er meir meti\u00f0 en hv\u00f6rttveggja.<a name=\"26\"><span class=\"versanumer\">26<\/span><\/a>Au\u00f0ur og styrkleiki hefja hugann; en \u00f3tti Drottins meir en hv\u00f6rttveggja.<a name=\"27\"><span class=\"versanumer\">27<\/span><\/a>Ekki er minnkun a\u00f0 \u00f3tta Drottins, s\u00e1 sem hefir hann, \u00fearf ekki li\u00f0s a\u00f0 leita.<a name=\"28\"><span class=\"versanumer\">28<\/span><\/a>\u00d3tti Drottins er sem blessa\u00f0ur lystigar\u00f0ur, og \u00e6\u00f0stu pr\u00fd\u00f0i er hann \u00feakin.<a name=\"29\"><span class=\"versanumer\">29<\/span><\/a>Barn, lif \u00fe\u00fa ekki stafkarlsl\u00edfi; betra er a\u00f0 deyja en sn\u00edkja.<a name=\"30\"><span class=\"versanumer\">30<\/span><\/a>\u00deess manns l\u00edf er ekkert l\u00edf, sem litast um eftir annarra matbor\u00f0i; hann \u00f3vir\u00f0ir sig fyrir annarra mat.<a name=\"31\"><span class=\"versanumer\">31<\/span><\/a>En s\u00e1 hyggni og velsi\u00f0a\u00f0i ma\u00f0ur varar sig \u00e1 \u00fev\u00ed.<a name=\"32\"><span class=\"versanumer\">32<\/span><\/a>\u00cd munni \u00feess \u00f3skammfeilna er sn\u00edkjubrau\u00f0i\u00f0 s\u00e6tt; en \u00ed hans b\u00fak brennur \u00fea\u00f0 sem eldur.<\/p>\n<div class=\"footnoteVidey\">V. 2. a. Vantar l\u00edklega \u00ed: Ekki um a\u00f0 tala; a\u00f0r: hva\u00f0 \u00e1hr\u00e6rir \u00feeirra o.s.fr.<\/div>\n","protected":false},"excerpt":{"rendered":"<p>\u00ddmislegar huglei\u00f0ingar. 1Mikil arm\u00e6\u00f0a hv\u00edlir \u00e1 hv\u00f6rjum manni, og \u00feungt ok liggur \u00e1 Adamssonum, fr\u00e1 \u00feeim degi er \u00feeir f\u00e6ddust af m\u00f3\u00f0url\u00edfi, allt til \u00feess dags, \u00fe\u00e1 \u00feeir hverfa aftur til m\u00f3\u00f0ur allra.a)2\u00deeirra hugsanir og hjartans \u00f3tta\u2014eftirbi\u00f0arinnar \u00e1hyggja og dau\u00f0adagurinn.3Allt fr\u00e1 \u00feeim sem \u00e1 h\u00e1s\u00e6ti situr \u00ed d\u00fdr\u00f0, til hins er ni\u00f0urbeyg\u00f0ur er \u00ed duft og \u00f6sku;4fr\u00e1 \u00feeim sem ber purpura og k\u00f3r\u00f3nu, allt til \u00feess sem sk\u00fdlir s\u00e9r me\u00f0 striga,5er (hj\u00e1 \u00f6llum) rei\u00f0i og \u00f6fund, \u00f3r\u00f3i og hr\u00e6\u00f0sla og \u00f3tti fyrir dau\u00f0anum, grimmd og \u00fer\u00e6tur; og \u00e1 hv\u00edldart\u00edmanum \u00ed r\u00faminu truflar draumur hans (mannsins) \u00feekkingu.6L\u00edti\u00f0, jafnvel ekkert (er) \u00ed <a href=\"https:\/\/biblian.is\/videy\/siraksbok-40-kafli\/\"> [&#8230;]<\/a><\/p>\n","protected":false},"author":1,"featured_media":0,"parent":0,"menu_order":0,"comment_status":"open","ping_status":"open","template":"bibliukaflar.php","meta":{"footnotes":""},"class_list":["post-22134","page","type-page","status-publish","hentry"],"_links":{"self":[{"href":"https:\/\/biblian.is\/videy\/wp-json\/wp\/v2\/pages\/22134","targetHints":{"allow":["GET"]}}],"collection":[{"href":"https:\/\/biblian.is\/videy\/wp-json\/wp\/v2\/pages"}],"about":[{"href":"https:\/\/biblian.is\/videy\/wp-json\/wp\/v2\/types\/page"}],"author":[{"embeddable":true,"href":"https:\/\/biblian.is\/videy\/wp-json\/wp\/v2\/users\/1"}],"replies":[{"embeddable":true,"href":"https:\/\/biblian.is\/videy\/wp-json\/wp\/v2\/comments?post=22134"}],"version-history":[{"count":0,"href":"https:\/\/biblian.is\/videy\/wp-json\/wp\/v2\/pages\/22134\/revisions"}],"wp:attachment":[{"href":"https:\/\/biblian.is\/videy\/wp-json\/wp\/v2\/media?parent=22134"}],"curies":[{"name":"wp","href":"https:\/\/api.w.org\/{rel}","templated":true}]}}