{"id":22133,"date":"2018-01-02T01:05:46","date_gmt":"2018-01-02T01:05:46","guid":{"rendered":"http:\/\/biblian.is\/videy\/siraksbok-39-kafli\/"},"modified":"2018-01-02T01:05:46","modified_gmt":"2018-01-02T01:05:46","slug":"siraksbok-39-kafli","status":"publish","type":"page","link":"https:\/\/biblian.is\/videy\/siraksbok-39-kafli\/","title":{"rendered":"S\u00edraksb\u00f3k 39. kafli"},"content":{"rendered":"<div class=\"fyrirsognVidey\"><\/div>\n<p><a name=\"1\"><span class=\"versanumer\">1<\/span><\/a>\u00d6\u00f0ruv\u00edsi <span class='VideyAth'>(stendur \u00e1 fyrir hv\u00f6rjum \u00feeim)<\/span>, sem \u00fear a\u00f0 sn\u00fdr s\u00ednu sinni, a\u00f0 yfirvega l\u00f6gm\u00e1l ens \u00e6\u00f0sta. Hann grennslast eftir visku allra \u00feeirra g\u00f6mlu, og \u00edgrundar r\u00e6kilega sp\u00e1d\u00f3mana.<a name=\"2\"><span class=\"versanumer\">2<\/span><\/a>Hann tekur eftir tali nafnfr\u00e6gra manna, og \u00ferengir s\u00e9r inn \u00ed fylgsni spakm\u00e6lanna.<a name=\"3\"><span class=\"versanumer\">3<\/span><\/a>Hann leitar skilnings \u00e1 \u00f3lj\u00f3sum l\u00edkingum, og hugsar um g\u00e1tur eftirl\u00edkinganna.<a name=\"4\"><span class=\"versanumer\">4<\/span><\/a>Hj\u00e1 h\u00f6f\u00f0ingjum \u00fej\u00f3nar hann, og fyrir landstj\u00f3rnendur kemur hann.<a name=\"5\"><span class=\"versanumer\">5<\/span><\/a>Hann fer um l\u00f6nd framandi \u00fej\u00f3\u00f0a; \u00fev\u00ed gott og illt hefir hann reynt.<a name=\"6\"><span class=\"versanumer\">6<\/span><\/a>Hann l\u00e6tur hjarta sitt snemma vera hj\u00e1 Drottni s\u00ednum skapara, og bi\u00f0ur \u00feann \u00e6\u00f0sta.<a name=\"7\"><span class=\"versanumer\">7<\/span><\/a>Hann l\u00fdkur upp s\u00ednum munni \u00ed b\u00e6ninni, og bi\u00f0ur <span class='VideyAth'>(gott)<\/span> fyrir s\u00ednar syndir. <br \/><a name=\"8\"><span class=\"versanumer\">8<\/span><\/a>Ef a\u00f0 Drottinn s\u00e1 mikli vill, ver\u00f0ur hann fylltur skilningsins anda.<a name=\"9\"><span class=\"versanumer\">9<\/span><\/a>Hann l\u00e6tur \u00fat streyma viskunnar tal, og \u00ed b\u00e6ninni pr\u00edsar hann Drottin.<a name=\"10\"><span class=\"versanumer\">10<\/span><\/a>Hann gefur g\u00f3\u00f0a stefnu s\u00ednu r\u00e1\u00f0i og viti, og hugsar um hans leyndard\u00f3ma.<a name=\"11\"><span class=\"versanumer\">11<\/span><\/a>Hann me\u00f0deilir uppfr\u00e6\u00f0ingu s\u00edns l\u00e6rd\u00f3ms, og hr\u00f3sar s\u00e9r af s\u00e1ttm\u00e1lsl\u00f6gum Drottins.<a name=\"12\"><span class=\"versanumer\">12<\/span><\/a>Margir lofa hans \u00feekkingu og h\u00fan mun aldrei undir lok l\u00ed\u00f0a;<a name=\"13\"><span class=\"versanumer\">13<\/span><\/a>Hans endurminning deyr ekki, og hans nafn lifir fr\u00e1 kyni til kyns.<a name=\"14\"><span class=\"versanumer\">14<\/span><\/a>\u00dej\u00f3\u00f0irnar tala um hans speki, og s\u00f6fnu\u00f0urinn kunngj\u00f6rir hans lof.<a name=\"15\"><span class=\"versanumer\">15<\/span><\/a>N\u00e1i hann nokkrum aldri, eftirskilur hann meira nafn en \u00fe\u00fasund <span class='VideyAth'>(a\u00f0rir)<\/span> og \u00fe\u00f3 hann gangi til hv\u00edldar, eykur hann \u00fea\u00f0. <br \/><a name=\"16\"><span class=\"versanumer\">16<\/span><\/a>Enn n\u00fa vil eg m\u00ednar hugsanir framm\u00e6la, \u00fev\u00ed eg er fullur, sem fullt tungl.<a name=\"17\"><span class=\"versanumer\">17<\/span><\/a>Heyri\u00f0 mig, \u00fe\u00e9r gu\u00f0r\u00e6knu b\u00f6rn, og vaxi\u00f0 sem r\u00f3s, gr\u00f3\u00f0ursett vi\u00f0 l\u00e6k!<a name=\"18\"><span class=\"versanumer\">18<\/span><\/a>Gefi\u00f0 ilm af y\u00f0ur sem reykelsi og bl\u00f3mgist sem lilja: \u00fatbrei\u00f0i\u00f0 ilm,<a name=\"19\"><span class=\"versanumer\">19<\/span><\/a>og syngi\u00f0 lof, vegsami\u00f0 Drottin fyrir \u00f6ll hans verk! v\u00ed\u00f0fr\u00e6gi\u00f0 hans nafn,<a name=\"20\"><span class=\"versanumer\">20<\/span><\/a>og \u00feakki\u00f0 honum me\u00f0 lofgj\u00f6r\u00f0, me\u00f0 s\u00f6ng y\u00f0ar vara og h\u00f6rpum, og segi\u00f0 \u00ed y\u00f0ar lofgj\u00f6r\u00f0 svo: <br \/><a name=\"21\"><span class=\"versanumer\">21<\/span><\/a>\u00d6ll Drottins verk eru miki\u00f0 g\u00f3\u00f0, og allt hva\u00f0 hann b\u00fd\u00f0ur, \u00fea\u00f0 ske\u00f0ur \u00e1 s\u00ednum t\u00edma.<a name=\"22\"><span class=\"versanumer\">22<\/span><\/a><span class='VideyAth'>(Menn geta ei sagt: hvar til er \u00feetta? hvar til skal \u00fea\u00f0?)<\/span> \u00fev\u00ed hva\u00f0 eina heimtast \u00e1 s\u00ednum t\u00edma. Fyrir hans or\u00f0 st\u00f3\u00f0 vatni\u00f0 sem veggur, og fyrir bo\u00f0 hans munns st\u00f6\u00f0va\u00f0ist vatni\u00f0.<a name=\"23\"><span class=\"versanumer\">23<\/span><\/a>A\u00f0 hans bo\u00f0i ske\u00f0ur allt sem honum \u00fe\u00f3knast, og enginn er s\u00e1 sem r\u00fdrt geti hans hj\u00e1lp.<a name=\"24\"><span class=\"versanumer\">24<\/span><\/a>\u00d6ll manna verk eru honum opinber, og ekkert getur falist fyrir hans augum.<a name=\"25\"><span class=\"versanumer\">25<\/span><\/a>Hann s\u00e9r fr\u00e1 eil\u00edf\u00f0 til eil\u00edf\u00f0ar, og honum \u00feykir ekkert fur\u00f0anlegt.<a name=\"26\"><span class=\"versanumer\">26<\/span><\/a>Menn geta ekki sagt: \u201ehva\u00f0 er \u00feetta? hvar til skal \u00feetta? \u00fev\u00ed allt er skapa\u00f0 til hans \u00fearfar. <br \/><a name=\"27\"><span class=\"versanumer\">27<\/span><\/a>Hans blessan hylur \u00feurrlendi\u00f0 sem vatnsfall og v\u00f6kvar <span class='VideyAth'>(\u00fea\u00f0)<\/span> eins og fl\u00f3\u00f0.<a name=\"28\"><span class=\"versanumer\">28<\/span><\/a>Aftur \u00e1 m\u00f3t erfa \u00fej\u00f3\u00f0irnar hans rei\u00f0i, eins og hann umbreytir vatni \u00ed saltau\u00f0n.<a name=\"29\"><span class=\"versanumer\">29<\/span><\/a>Hans vegir eru \u00feeim gu\u00f0r\u00e6knu sl\u00e9ttir, en syndurum \u00f3grei\u00f0ir.<a name=\"30\"><span class=\"versanumer\">30<\/span><\/a>Gott er \u00feeim g\u00f3\u00f0a skapa\u00f0 fr\u00e1 upphafi, \u00fear \u00e1 m\u00f3t illt \u00feeim illu.<a name=\"31\"><span class=\"versanumer\">31<\/span><\/a>H\u00f6fu\u00f0nau\u00f0syn fyrir manna l\u00edf er: vatn, eldur og j\u00e1rn og salt og hveitimj\u00f6l og hunang og mj\u00f3lk, v\u00edn og vi\u00f0smj\u00f6r og kl\u00e6\u00f0na\u00f0ur.<a name=\"32\"><span class=\"versanumer\">32<\/span><\/a>Allir \u00feessir hlutir eru \u00feeim gu\u00f0r\u00e6knu til gagns, en umbreytast \u00fear \u00e1 m\u00f3t syndurum til ska\u00f0a.<a name=\"33\"><span class=\"versanumer\">33<\/span><\/a>Til eru andar sem skapa\u00f0ir eru til hefndar og me\u00f0 s\u00ednu ge\u00f0i hertu \u00fe\u00e9r refsinguna.<a name=\"34\"><span class=\"versanumer\">34<\/span><\/a>\u00c1 gl\u00f6tunarinnar t\u00edma beita \u00feeir s\u00ednum krafti og sefa rei\u00f0i \u00feess sem \u00fe\u00e1 skapa\u00f0i.<a name=\"35\"><span class=\"versanumer\">35<\/span><\/a>Eldur og hagl og hungur og dreps\u00f3tt er allt skapa\u00f0 til refsingar.<a name=\"36\"><span class=\"versanumer\">36<\/span><\/a>T\u00f6nnur r\u00e1nd\u00fdrsins og skorp\u00ed\u00f3nar og h\u00f6ggormar og sver\u00f0i\u00f0, sem tekur hefnd \u00fat \u00e1 \u00feeim gu\u00f0lausu til tj\u00f3ns;<a name=\"37\"><span class=\"versanumer\">37<\/span><\/a>allt \u00feetta fagnar af hans bo\u00f0i, og er \u00e1 j\u00f6r\u00f0unni rei\u00f0ub\u00fai\u00f0 \u00feegar hann \u00fearf \u00feess vi\u00f0, og yfirtre\u00f0ur ekki, \u00e1 s\u00ednum t\u00edma, hans bo\u00f0. <br \/><a name=\"38\"><span class=\"versanumer\">38<\/span><\/a>\u00dev\u00ed hefi eg fr\u00e1 upphafi sta\u00f0fastur veri\u00f0, og hefi um \u00fea\u00f0 hugsa\u00f0 og rita\u00f0 eftir mig l\u00e1ti\u00f0.<a name=\"39\"><span class=\"versanumer\">39<\/span><\/a>\u00d6ll Drottins verk eru g\u00f3\u00f0, gj\u00f6ra allt gagn \u00e1 s\u00ednum t\u00edma.<a name=\"40\"><span class=\"versanumer\">40<\/span><\/a>Og menn skulu ekki segja: \u00feetta er lakara en hitt; \u00fev\u00ed allt reynist gott \u00e1 s\u00ednum t\u00edma.<a name=\"41\"><span class=\"versanumer\">41<\/span><\/a>Og syngi\u00f0 n\u00fa me\u00f0 \u00f6llu hjarta og munni lofs\u00e1lm og vegsami\u00f0 Drottins nafn.<\/p>\n<div class=\"footnoteVidey\"><\/div>\n","protected":false},"excerpt":{"rendered":"<p>1\u00d6\u00f0ruv\u00edsi (stendur \u00e1 fyrir hv\u00f6rjum \u00feeim), sem \u00fear a\u00f0 sn\u00fdr s\u00ednu sinni, a\u00f0 yfirvega l\u00f6gm\u00e1l ens \u00e6\u00f0sta. Hann grennslast eftir visku allra \u00feeirra g\u00f6mlu, og \u00edgrundar r\u00e6kilega sp\u00e1d\u00f3mana.2Hann tekur eftir tali nafnfr\u00e6gra manna, og \u00ferengir s\u00e9r inn \u00ed fylgsni spakm\u00e6lanna.3Hann leitar skilnings \u00e1 \u00f3lj\u00f3sum l\u00edkingum, og hugsar um g\u00e1tur eftirl\u00edkinganna.4Hj\u00e1 h\u00f6f\u00f0ingjum \u00fej\u00f3nar hann, og fyrir landstj\u00f3rnendur kemur hann.5Hann fer um l\u00f6nd framandi \u00fej\u00f3\u00f0a; \u00fev\u00ed gott og illt hefir hann reynt.6Hann l\u00e6tur hjarta sitt snemma vera hj\u00e1 Drottni s\u00ednum skapara, og bi\u00f0ur \u00feann \u00e6\u00f0sta.7Hann l\u00fdkur upp s\u00ednum munni \u00ed b\u00e6ninni, og bi\u00f0ur (gott) fyrir s\u00ednar syndir. 8Ef a\u00f0 Drottinn s\u00e1 mikli <a href=\"https:\/\/biblian.is\/videy\/siraksbok-39-kafli\/\"> [&#8230;]<\/a><\/p>\n","protected":false},"author":1,"featured_media":0,"parent":0,"menu_order":0,"comment_status":"open","ping_status":"open","template":"bibliukaflar.php","meta":{"footnotes":""},"class_list":["post-22133","page","type-page","status-publish","hentry"],"_links":{"self":[{"href":"https:\/\/biblian.is\/videy\/wp-json\/wp\/v2\/pages\/22133","targetHints":{"allow":["GET"]}}],"collection":[{"href":"https:\/\/biblian.is\/videy\/wp-json\/wp\/v2\/pages"}],"about":[{"href":"https:\/\/biblian.is\/videy\/wp-json\/wp\/v2\/types\/page"}],"author":[{"embeddable":true,"href":"https:\/\/biblian.is\/videy\/wp-json\/wp\/v2\/users\/1"}],"replies":[{"embeddable":true,"href":"https:\/\/biblian.is\/videy\/wp-json\/wp\/v2\/comments?post=22133"}],"version-history":[{"count":0,"href":"https:\/\/biblian.is\/videy\/wp-json\/wp\/v2\/pages\/22133\/revisions"}],"wp:attachment":[{"href":"https:\/\/biblian.is\/videy\/wp-json\/wp\/v2\/media?parent=22133"}],"curies":[{"name":"wp","href":"https:\/\/api.w.org\/{rel}","templated":true}]}}