{"id":22132,"date":"2018-01-02T01:05:46","date_gmt":"2018-01-02T01:05:46","guid":{"rendered":"http:\/\/biblian.is\/videy\/siraksbok-38-kafli\/"},"modified":"2018-01-02T01:05:46","modified_gmt":"2018-01-02T01:05:46","slug":"siraksbok-38-kafli","status":"publish","type":"page","link":"https:\/\/biblian.is\/videy\/siraksbok-38-kafli\/","title":{"rendered":"S\u00edraksb\u00f3k 38. kafli"},"content":{"rendered":"<div class=\"fyrirsognVidey\">Enn n\u00fa sundurlaus sannm\u00e6li.<\/div>\n<p><a name=\"1\"><span class=\"versanumer\">1<\/span><\/a>Hei\u00f0ra l\u00e6knirinn sakir \u00fearfarinnar me\u00f0 tilhl\u00fd\u00f0ilegum hei\u00f0ri; \u00fev\u00ed Drottinn hefir l\u00edka skapa\u00f0 hann.<a name=\"2\"><span class=\"versanumer\">2<\/span><\/a>\u00dev\u00ed fr\u00e1 \u00feeim \u00e6\u00f0sta kemur l\u00e6kning, og k\u00f3ngarnir senda honum g\u00e1fur <span class='VideyAth'>(l\u00e6knirnum)<\/span>.<a name=\"3\"><span class=\"versanumer\">3<\/span><\/a>List l\u00e6knisins upphefur hans h\u00f6fu\u00f0, og gj\u00f6rir hann a\u00f0d\u00e1anlegan fram fyrir h\u00f6f\u00f0ingjum.<a name=\"4\"><span class=\"versanumer\">4<\/span><\/a>Drottinn l\u00e6tur l\u00e6knisme\u00f0\u00f6l spretta \u00e1 j\u00f6r\u00f0inni, og s\u00e1 skynsami forsm\u00e1ir \u00feau ekki.<a name=\"5\"><span class=\"versanumer\">5<\/span><\/a>S\u00e6tna\u00f0i ekki vatni\u00f0 af tr\u00e9nu, til \u00feess a\u00f0 hans m\u00e1ttur \u00feekkist? <span class='VideyAth'>(2 Msb. 15,25)<\/span>.<a name=\"6\"><span class=\"versanumer\">6<\/span><\/a>Og hann gaf m\u00f6nnum \u00feekkinguna, til \u00feess a\u00f0 v\u00ed\u00f0fr\u00e6gja sig \u00ed s\u00ednum d\u00e1semdarverkum.<a name=\"7\"><span class=\"versanumer\">7<\/span><\/a>Me\u00f0 \u00feeim l\u00e6knar hann, og burt tekur hans <span class='VideyAth'>(mannsins)<\/span> erfi\u00f0leika.<a name=\"8\"><span class=\"versanumer\">8<\/span><\/a>Apotekarinn gj\u00f6rir af \u00feessu bl\u00f6ndu, og aldrei fulll\u00e6rir hann sitt verk, og velvegnan \u00fatbrei\u00f0ist fr\u00e1 honum um alla j\u00f6r\u00f0ina.<br \/><a name=\"9\"><span class=\"versanumer\">9<\/span><\/a>Afr\u00e6k ei \u00feetta barn, \u00ed \u00fe\u00ednum sj\u00fakleika, heldur bi\u00f0 Drottin, og hann mun l\u00e6kna \u00feig.<a name=\"10\"><span class=\"versanumer\">10<\/span><\/a>L\u00e1t af misgj\u00f6r\u00f0um og b\u00e6t \u00fe\u00edna breytni, og hreinsa \u00feitt hjarta af allri synd.<a name=\"11\"><span class=\"versanumer\">11<\/span><\/a>Framber s\u00e6tan ilm og matoffur og hveitimj\u00f6l, og feita f\u00f3rn, eins og \u00fe\u00fa v\u00e6rir s\u00e1la\u00f0ur.<a name=\"12\"><span class=\"versanumer\">12<\/span><\/a>Og l\u00e1t l\u00e6knirinn koma, \u00fev\u00ed Drottinn hefir hann l\u00edka skapa\u00f0 og l\u00e1t hann ekki fr\u00e1 \u00fe\u00e9r, \u00fev\u00ed \u00fe\u00fa \u00fearft hans vi\u00f0.<a name=\"13\"><span class=\"versanumer\">13<\/span><\/a>\u00dear gefast t\u00edmar \u00e1 hv\u00f6rjum \u00fea\u00f0 heppnast \u00feeirra h\u00f6ndum.<a name=\"14\"><span class=\"versanumer\">14<\/span><\/a>\u00dev\u00ed l\u00edka bi\u00f0ja \u00feeir Drottin a\u00f0 hann l\u00e1ti \u00feeim <span class='VideyAth'>(s\u00e9r)<\/span> takast a\u00f0 \u00fatvega sv\u00edun og l\u00e6kna til lengingar l\u00edfsins.<a name=\"15\"><span class=\"versanumer\">15<\/span><\/a>S\u00e1 sem syndgar fyrir s\u00ednum skapara, s\u00e1 falli \u00ed l\u00e6knisins hendur! <br \/><a name=\"16\"><span class=\"versanumer\">16<\/span><\/a>Barn, \u00fathell t\u00e1rum yfir \u00feann anda\u00f0 og byrja harmakl\u00f6gun eins og \u00fat af miklum missir! b\u00fa um hans l\u00edk eins og vera ber, og vertu ei hir\u00f0ulaus um hans greftrun.<a name=\"17\"><span class=\"versanumer\">17<\/span><\/a>Gr\u00e1t beisklega, kveina kappsamlega, og harma samkv\u00e6mt hans ver\u00f0ugleika,<a name=\"18\"><span class=\"versanumer\">18<\/span><\/a>einn e\u00f0a tvo daga, sakir ills umtals: Hresstu s\u00ed\u00f0an af \u00fe\u00e9r harminn.<a name=\"19\"><span class=\"versanumer\">19<\/span><\/a>\u00dev\u00ed af harmi kemur dau\u00f0inn, og hjartasorg beygir kraftinn.<a name=\"20\"><span class=\"versanumer\">20<\/span><\/a>Me\u00f0 l\u00edkf\u00f6rinni fer og sorgin framhj\u00e1 og hjartans angurv\u00e6r\u00f0 <span class='VideyAth'>a)<\/span>.<a name=\"21\"><span class=\"versanumer\">21<\/span><\/a>Ofursel ei hjarta \u00feitt hrygg\u00f0inni, hrind henni fr\u00e1 \u00fe\u00e9r, me\u00f0 \u00fev\u00ed a\u00f0 hugsa til \u00feess seinasta.<a name=\"22\"><span class=\"versanumer\">22<\/span><\/a>Gleym \u00feessu ei, \u00fev\u00ed ekki er afturkoma. Honum <span class='VideyAth'>(sem d\u00e1inn er)<\/span> getur \u00fe\u00fa ekki hj\u00e1lpa\u00f0, en gj\u00f6rt ska\u00f0a sj\u00e1lfum \u00fe\u00e9r.<a name=\"23\"><span class=\"versanumer\">23<\/span><\/a>Hugsa\u00f0u til hans afdrifa; \u00fev\u00ed \u00feau eru sem \u00fe\u00edn: \u00ed dag m\u00e9r, \u00e1 morgun \u00fe\u00e9r.<a name=\"24\"><span class=\"versanumer\">24<\/span><\/a>Vi\u00f0 hv\u00edld hins dau\u00f0a l\u00e1t og \u00fe\u00edna endurminning hv\u00edla og hugga \u00feig eftir hann, \u00fe\u00e1 hans andi er skilinn vi\u00f0. <br \/><a name=\"25\"><span class=\"versanumer\">25<\/span><\/a>Viska hinna skriftl\u00e6r\u00f0u <span class='VideyAth'>(dafnar)<\/span> \u00ed s\u00e6lu n\u00e6\u00f0i, og s\u00e1 ver\u00f0ur vitur \u00e1 hv\u00f6rjum l\u00e9tt er st\u00f6rfum.<a name=\"26\"><span class=\"versanumer\">26<\/span><\/a>Hv\u00f6rnig getur s\u00e1 vitur or\u00f0i\u00f0 sem st\u00fdrir pl\u00f3gnum, og st\u00e6rir sig af broddstafnum, rekur nautin og f\u00e6st vi\u00f0 \u00feeirra verk, og hv\u00f6rs tal er a\u00f0eins um ungneyti?<a name=\"27\"><span class=\"versanumer\">27<\/span><\/a>S\u00ednu sinni stefnir hann einasta til \u00feess a\u00f0 pl\u00e6gja, og sinni \u00e1hyggju til f\u00f3\u00f0urs handa nautunum.<a name=\"28\"><span class=\"versanumer\">28<\/span><\/a>Svo er og hv\u00f6r h\u00fasasmi\u00f0ur og verkmeistari, sem lifir eins n\u00f3tt sem dag; s\u00e1 sem stingur signetshringi; \u00feessh\u00e1ttar manns st\u00f6\u00f0ug vi\u00f0leitni er a\u00f0 b\u00faa til margslags myndir; s\u00ednu sinni sn\u00fdr hann til \u00feess a\u00f0 gj\u00f6ra eftirmyndina l\u00edka, og vinnur seint og snemma a\u00f0 \u00fev\u00ed, a\u00f0 lj\u00faka vi\u00f0 verki\u00f0.<a name=\"29\"><span class=\"versanumer\">29<\/span><\/a>S\u00f6mulei\u00f0is smi\u00f0urinn sem situr vi\u00f0 ste\u00f0jann og gefur gaum j\u00e1rnsm\u00ed\u00f0inu. Eldgufan ey\u00f0ir hans l\u00edkama, og hann str\u00ed\u00f0ir vi\u00f0 smi\u00f0juhitann.<a name=\"30\"><span class=\"versanumer\">30<\/span><\/a>Hamarsh\u00f6ggi\u00f0 deyfir hans eyra, og hans augu stara \u00e1 mynd \u00feess, er hann sm\u00ed\u00f0ar eftir.<a name=\"31\"><span class=\"versanumer\">31<\/span><\/a>Allan hug hefir hann \u00e1 \u00fev\u00ed, a\u00f0 lj\u00faka vi\u00f0 verki\u00f0; og seint og snemma situr hann vi\u00f0 \u00fea\u00f0 a\u00f0 kl\u00e1ra verki\u00f0 me\u00f0 nettleika.<a name=\"32\"><span class=\"versanumer\">32<\/span><\/a>Eins leirsmi\u00f0urinn, sem situr vi\u00f0 s\u00edna vinnu, og sn\u00fdr hj\u00f3linu me\u00f0 s\u00ednum f\u00f3tum; s\u00e1 sem er \u00ed s\u00edfelldri \u00e1hyggju, s\u00f6kum s\u00edns verks, og \u00ed hv\u00f6rjum afm\u00e6lt er hans verk.<a name=\"33\"><span class=\"versanumer\">33<\/span><\/a>Me\u00f0 s\u00ednum h\u00f6ndum myndar hann leirinn, a\u00f0 \u00fev\u00ed sem er fyrir f\u00f3tunum, beygir hann sinn kraft.<a name=\"34\"><span class=\"versanumer\">34<\/span><\/a>Huga s\u00ednum sn\u00fdr hann til \u00feess a\u00f0 h\u00fa\u00f0a leirinn til fulls, og seint og snemma, er hann a\u00f0 \u00fev\u00ed, a\u00f0 hreinsa ofninn. <br \/><a name=\"35\"><span class=\"versanumer\">35<\/span><\/a>Allir \u00feessir rei\u00f0a sig \u00e1 s\u00ednar hendur, og hv\u00f6r einn s\u00fdnir list \u00e1 s\u00ednu verki.<a name=\"36\"><span class=\"versanumer\">36<\/span><\/a>\u00c1n \u00feeirra ver\u00f0ur engin borg bygg\u00f0, og engin getur \u00fear gist n\u00e9 \u00fear um gengi\u00f0.<a name=\"37\"><span class=\"versanumer\">37<\/span><\/a>En \u00ed s\u00f6fnu\u00f0inum skara \u00feeir ekki fram \u00far, sitja ekki \u00ed d\u00f3maras\u00e6ti, rannsaka ekki l\u00f6gb\u00f3kina,<a name=\"38\"><span class=\"versanumer\">38<\/span><\/a>og ekki geta \u00feeir heldur augl\u00fdst r\u00e9ttindi og r\u00e9ttv\u00edsi; og \u00feeir finnast ei <span class='VideyAth'>(vinna)<\/span> a\u00f0 spakm\u00e6lum.<a name=\"39\"><span class=\"versanumer\">39<\/span><\/a>En \u00feeir festa sk\u00f6pun aldarinnar, og \u00feeirra l\u00f6ngun mi\u00f0ar til listarinnar verka.<\/p>\n<div class=\"footnoteVidey\">V. 20. a. Eftir or\u00f0: l\u00edf \u00feess f\u00e1t\u00e6ka \u00ed hjartanu.<\/div>\n","protected":false},"excerpt":{"rendered":"<p>Enn n\u00fa sundurlaus sannm\u00e6li. 1Hei\u00f0ra l\u00e6knirinn sakir \u00fearfarinnar me\u00f0 tilhl\u00fd\u00f0ilegum hei\u00f0ri; \u00fev\u00ed Drottinn hefir l\u00edka skapa\u00f0 hann.2\u00dev\u00ed fr\u00e1 \u00feeim \u00e6\u00f0sta kemur l\u00e6kning, og k\u00f3ngarnir senda honum g\u00e1fur (l\u00e6knirnum).3List l\u00e6knisins upphefur hans h\u00f6fu\u00f0, og gj\u00f6rir hann a\u00f0d\u00e1anlegan fram fyrir h\u00f6f\u00f0ingjum.4Drottinn l\u00e6tur l\u00e6knisme\u00f0\u00f6l spretta \u00e1 j\u00f6r\u00f0inni, og s\u00e1 skynsami forsm\u00e1ir \u00feau ekki.5S\u00e6tna\u00f0i ekki vatni\u00f0 af tr\u00e9nu, til \u00feess a\u00f0 hans m\u00e1ttur \u00feekkist? (2 Msb. 15,25).6Og hann gaf m\u00f6nnum \u00feekkinguna, til \u00feess a\u00f0 v\u00ed\u00f0fr\u00e6gja sig \u00ed s\u00ednum d\u00e1semdarverkum.7Me\u00f0 \u00feeim l\u00e6knar hann, og burt tekur hans (mannsins) erfi\u00f0leika.8Apotekarinn gj\u00f6rir af \u00feessu bl\u00f6ndu, og aldrei fulll\u00e6rir hann sitt verk, og velvegnan \u00fatbrei\u00f0ist fr\u00e1 honum um <a href=\"https:\/\/biblian.is\/videy\/siraksbok-38-kafli\/\"> [&#8230;]<\/a><\/p>\n","protected":false},"author":1,"featured_media":0,"parent":0,"menu_order":0,"comment_status":"open","ping_status":"open","template":"bibliukaflar.php","meta":{"footnotes":""},"class_list":["post-22132","page","type-page","status-publish","hentry"],"_links":{"self":[{"href":"https:\/\/biblian.is\/videy\/wp-json\/wp\/v2\/pages\/22132","targetHints":{"allow":["GET"]}}],"collection":[{"href":"https:\/\/biblian.is\/videy\/wp-json\/wp\/v2\/pages"}],"about":[{"href":"https:\/\/biblian.is\/videy\/wp-json\/wp\/v2\/types\/page"}],"author":[{"embeddable":true,"href":"https:\/\/biblian.is\/videy\/wp-json\/wp\/v2\/users\/1"}],"replies":[{"embeddable":true,"href":"https:\/\/biblian.is\/videy\/wp-json\/wp\/v2\/comments?post=22132"}],"version-history":[{"count":0,"href":"https:\/\/biblian.is\/videy\/wp-json\/wp\/v2\/pages\/22132\/revisions"}],"wp:attachment":[{"href":"https:\/\/biblian.is\/videy\/wp-json\/wp\/v2\/media?parent=22132"}],"curies":[{"name":"wp","href":"https:\/\/api.w.org\/{rel}","templated":true}]}}