{"id":22131,"date":"2018-01-02T01:05:46","date_gmt":"2018-01-02T01:05:46","guid":{"rendered":"http:\/\/biblian.is\/videy\/siraksbok-37-kafli\/"},"modified":"2018-01-02T01:05:46","modified_gmt":"2018-01-02T01:05:46","slug":"siraksbok-37-kafli","status":"publish","type":"page","link":"https:\/\/biblian.is\/videy\/siraksbok-37-kafli\/","title":{"rendered":"S\u00edraksb\u00f3k 37. kafli"},"content":{"rendered":"<div class=\"fyrirsognVidey\">Sundurlaus sannm\u00e6li.<\/div>\n<p><a name=\"1\"><span class=\"versanumer\">1<\/span><\/a>S\u00e9rhv\u00f6r vinur mun segja: \u201eEg er l\u00edka hans vinur\u201c; en margur vinur er a\u00f0eins vinur a\u00f0 nafninu.<a name=\"2\"><span class=\"versanumer\">2<\/span><\/a>Er \u00fea\u00f0 ekki dau\u00f0ans gremja \u00feegar stallbr\u00f3\u00f0ir og vinur ver\u00f0ur a\u00f0 \u00f3vin?<a name=\"3\"><span class=\"versanumer\">3<\/span><\/a>\u00d3, vonda hugarfar! hva\u00f0an hefir \u00fe\u00fa olti\u00f0 til a\u00f0 \u00feekja j\u00f6r\u00f0ina me\u00f0 falsi?<a name=\"4\"><span class=\"versanumer\">4<\/span><\/a>F\u00e9laginn gle\u00f0ur sig me\u00f0 vininum \u00ed f\u00f6gnu\u00f0inum, en \u00e1 ney\u00f0arinnar t\u00ed\u00f0 stendur hann fj\u00e6rri.<a name=\"5\"><span class=\"versanumer\">5<\/span><\/a>F\u00e9laginn erfi\u00f0ar me\u00f0 vininum sakir b\u00faksins, \u00ed augs\u00fdn bardagans mun hann taka skj\u00f6ldinn.<a name=\"6\"><span class=\"versanumer\">6<\/span><\/a>Gleym ekki vininum \u00ed \u00fe\u00ednu hjarta,<a name=\"7\"><span class=\"versanumer\">7<\/span><\/a>og vertu ekki hans \u00f3minnugur \u00ed \u00feinni velmegun.<br \/><a name=\"8\"><span class=\"versanumer\">8<\/span><\/a>S\u00e9rhv\u00f6r r\u00e1\u00f0gjafi hefir r\u00e1\u00f0 \u00e1 lofti; en margir r\u00e1\u00f0leggja s\u00e9r \u00ed hag.<a name=\"9\"><span class=\"versanumer\">9<\/span><\/a>Vara \u00fe\u00fa \u00feig \u00e1 r\u00e1\u00f0gjafanum, og grennslast eftir \u00fev\u00ed fyrir fram, hv\u00f6r hans hagur er; \u00fev\u00ed hann mun r\u00e1\u00f0a s\u00e9r sj\u00e1lfum best: a\u00f0 hann ekki kasti <span class='VideyAth'>a)<\/span> \u00e1 \u00feig hlutfalli,<a name=\"10\"><span class=\"versanumer\">10<\/span><\/a>og segi vi\u00f0 \u00feig: \u201e\u00feinn vegur er g\u00f3\u00f0ur\u201c, standi svo gagnvart, til a\u00f0 sj\u00e1, hva\u00f0 \u00fe\u00e9r vill til.<a name=\"11\"><span class=\"versanumer\">11<\/span><\/a>R\u00e1\u00f0f\u00e6r \u00feig ekki vi\u00f0 \u00fe\u00e1, sem gj\u00f3ta til \u00fe\u00edn hornauga, og fel \u00fe\u00edn \u00e1form fyrir \u00feeim sem \u00f6funda \u00feig.<a name=\"12\"><span class=\"versanumer\">12<\/span><\/a><span class='VideyAth'>(R\u00e1\u00f0f\u00e6r \u00feig ekki)<\/span> vi\u00f0 konu um \u00fe\u00e1 <span class='VideyAth'>(konu)<\/span> sem h\u00fan mest vi\u00f0; ekki vi\u00f0 ragan mann um str\u00ed\u00f0, ekki vi\u00f0 kaupmann um verslun, n\u00e9 vi\u00f0 kaupanda um s\u00f6lu;<a name=\"13\"><span class=\"versanumer\">13<\/span><\/a>ekki vi\u00f0 \u00feann n\u00edska um \u00feakkl\u00e1tsemi; ekki vi\u00f0 miskunnarlausan um g\u00f3\u00f0gj\u00f6r\u00f0asemi; ekki vi\u00f0 letingjann um alls lags st\u00f6rf,<a name=\"14\"><span class=\"versanumer\">14<\/span><\/a>ekki vi\u00f0 heils \u00e1rs daglaunamann um \u00fea\u00f0 a\u00f0 lj\u00faka vi\u00f0 verki\u00f0; ekki vi\u00f0 latan \u00fer\u00e6l um mikla vinnu,\u2014gef engum \u00feessara gaum \u00ed nokkurri r\u00e1\u00f0aleitan.<a name=\"15\"><span class=\"versanumer\">15<\/span><\/a>\u00dear \u00e1 m\u00f3t skaltu st\u00f6\u00f0ugt hafa m\u00f6k vi\u00f0 gu\u00f0r\u00e6kinn mann, sem \u00fe\u00fa \u00feekkir a\u00f0 \u00fev\u00ed, a\u00f0 hann g\u00e6tir bo\u00f0or\u00f0anna,<a name=\"16\"><span class=\"versanumer\">16<\/span><\/a>sem \u00ed s\u00ednu sinni er eftir \u00fe\u00ednu, og aumkast yfir \u00feig, \u00feegar \u00fe\u00fa rasar.<a name=\"17\"><span class=\"versanumer\">17<\/span><\/a>Og set fast r\u00e1\u00f0 \u00fe\u00edns eigin hjarta, \u00fev\u00ed enginn er \u00fe\u00e9r tr\u00farri en \u00fea\u00f0.<a name=\"18\"><span class=\"versanumer\">18<\/span><\/a>\u00dev\u00ed s\u00e1lir mannanna plaga stundum fleira a\u00f0 kunngj\u00f6ra, heldur en sj\u00f6 var\u00f0menn sem sitja \u00e1 ver\u00f0i.<a name=\"19\"><span class=\"versanumer\">19<\/span><\/a>Og auk alls \u00feessa, \u00fe\u00e1 bi\u00f0 hinn \u00e6\u00f0sta, a\u00f0 hann grei\u00f0i \u00feinn veg \u00ed sannleika.<a name=\"20\"><span class=\"versanumer\">20<\/span><\/a>Byrjun s\u00e9rhv\u00f6rs verks s\u00e9 tal <span class='VideyAth'>(yfirvegan)<\/span>, og \u00e1 undan hv\u00f6rju verki gangi r\u00e1\u00f0agj\u00f6r\u00f0.<a name=\"21\"><span class=\"versanumer\">21<\/span><\/a>Spor sinnisumbreytingar <span class='VideyAth'>(gefast)<\/span>, fj\u00f3rir hlutir koma \u00ed lj\u00f3s: gott og illt, l\u00edf og dau\u00f0i, og \u00feessu r\u00e6\u00f0ur tungan \u00f3afl\u00e1tanlega.<a name=\"22\"><span class=\"versanumer\">22<\/span><\/a>Til er fj\u00f6lh\u00e6fur ma\u00f0ur, margra fr\u00e6\u00f0ari, en sj\u00e1lfum s\u00e9r getur hann ekki or\u00f0i\u00f0 a\u00f0 li\u00f0i.<a name=\"23\"><span class=\"versanumer\">23<\/span><\/a>M\u00f6nnunum ver\u00f0ur illa vi\u00f0 \u00feann sem <span class='VideyAth'>(einasta)<\/span> er vitur \u00ed or\u00f0um: s\u00e1 ma\u00f0ur ver\u00f0ur \u00feurfandi allrar f\u00e6\u00f0u.<a name=\"24\"><span class=\"versanumer\">24<\/span><\/a>\u00dev\u00ed honum var ekki l\u00e1nu\u00f0 n\u00e1\u00f0 af Drottni, s\u00f6kum \u00feess hann er sviptur \u00f6llum <span class='VideyAth'>(s\u00f6nnum)<\/span> hyggindum.<a name=\"25\"><span class=\"versanumer\">25<\/span><\/a>Margur er vitur fyrir sj\u00e1lfan sig, og \u00e1vextir hyggindanna \u00ed hans munni, eru \u00e1rei\u00f0anlegir.<a name=\"26\"><span class=\"versanumer\">26<\/span><\/a>Vitur ma\u00f0ur uppfr\u00e6\u00f0ir sitt f\u00f3lk, og \u00e1vextir hans hygginda eru \u00e1rei\u00f0anlegir.<a name=\"27\"><span class=\"versanumer\">27<\/span><\/a>Vitur ma\u00f0ur ver\u00f0ur blessan hla\u00f0inn, og allir sem hann sj\u00e1, pr\u00edsa hann s\u00e6lan vera.<a name=\"28\"><span class=\"versanumer\">28<\/span><\/a>Mannsins l\u00edfdagar eru taldir, en \u00cdsraels l\u00edfdagar eru \u00f3teljanlegir.<a name=\"29\"><span class=\"versanumer\">29<\/span><\/a>Vitur ma\u00f0ur aflar s\u00e9r tiltr\u00faar hj\u00e1 s\u00ednu f\u00f3lki og hans nafn lifir a\u00f0 eil\u00edfu. <br \/><a name=\"30\"><span class=\"versanumer\">30<\/span><\/a>Barn! pr\u00f3fa s\u00e1l \u00fe\u00edna \u00ed \u00fe\u00ednu l\u00edfi og sj\u00e1, hva\u00f0 henni er ska\u00f0legt, og leyf henni \u00fea\u00f0 ekki.<a name=\"31\"><span class=\"versanumer\">31<\/span><\/a>\u00dev\u00ed \u00f6llum er ekki allt \u00fe\u00e9nanlegt, og s\u00e9rhv\u00f6r s\u00e1l hefir ekki vel\u00fe\u00f3knan \u00e1 \u00f6llu.<a name=\"32\"><span class=\"versanumer\">32<\/span><\/a>Vertu ei \u00f3se\u00f0janlegur af \u00f6llu lj\u00fafmeti, og r\u00e1\u00f0stu ei g\u00edrugur a\u00f0 f\u00e6\u00f0unni.<a name=\"33\"><span class=\"versanumer\">33<\/span><\/a>\u00dev\u00ed eftir miki\u00f0 \u00e1t kemur erfi\u00f0leiki, og \u00f3h\u00f3f lei\u00f0ir til uppkasta og ni\u00f0urgangs <span class='VideyAth'>(k\u00f3lera)<\/span>.<a name=\"34\"><span class=\"versanumer\">34<\/span><\/a>Af \u00f3h\u00f3fi hafa margir d\u00e1i\u00f0; en s\u00e1 sem g\u00e6tir s\u00edn, lengir sitt l\u00edf.<\/p>\n<div class=\"footnoteVidey\">V. 9. a. L\u00e1ti eiga undir hv\u00f6rnig \u00fe\u00e9r rei\u00f0ir af.<\/div>\n","protected":false},"excerpt":{"rendered":"<p>Sundurlaus sannm\u00e6li. 1S\u00e9rhv\u00f6r vinur mun segja: \u201eEg er l\u00edka hans vinur\u201c; en margur vinur er a\u00f0eins vinur a\u00f0 nafninu.2Er \u00fea\u00f0 ekki dau\u00f0ans gremja \u00feegar stallbr\u00f3\u00f0ir og vinur ver\u00f0ur a\u00f0 \u00f3vin?3\u00d3, vonda hugarfar! hva\u00f0an hefir \u00fe\u00fa olti\u00f0 til a\u00f0 \u00feekja j\u00f6r\u00f0ina me\u00f0 falsi?4F\u00e9laginn gle\u00f0ur sig me\u00f0 vininum \u00ed f\u00f6gnu\u00f0inum, en \u00e1 ney\u00f0arinnar t\u00ed\u00f0 stendur hann fj\u00e6rri.5F\u00e9laginn erfi\u00f0ar me\u00f0 vininum sakir b\u00faksins, \u00ed augs\u00fdn bardagans mun hann taka skj\u00f6ldinn.6Gleym ekki vininum \u00ed \u00fe\u00ednu hjarta,7og vertu ekki hans \u00f3minnugur \u00ed \u00feinni velmegun.8S\u00e9rhv\u00f6r r\u00e1\u00f0gjafi hefir r\u00e1\u00f0 \u00e1 lofti; en margir r\u00e1\u00f0leggja s\u00e9r \u00ed hag.9Vara \u00fe\u00fa \u00feig \u00e1 r\u00e1\u00f0gjafanum, og grennslast eftir \u00fev\u00ed fyrir fram, <a href=\"https:\/\/biblian.is\/videy\/siraksbok-37-kafli\/\"> [&#8230;]<\/a><\/p>\n","protected":false},"author":1,"featured_media":0,"parent":0,"menu_order":0,"comment_status":"open","ping_status":"open","template":"bibliukaflar.php","meta":{"footnotes":""},"class_list":["post-22131","page","type-page","status-publish","hentry"],"_links":{"self":[{"href":"https:\/\/biblian.is\/videy\/wp-json\/wp\/v2\/pages\/22131","targetHints":{"allow":["GET"]}}],"collection":[{"href":"https:\/\/biblian.is\/videy\/wp-json\/wp\/v2\/pages"}],"about":[{"href":"https:\/\/biblian.is\/videy\/wp-json\/wp\/v2\/types\/page"}],"author":[{"embeddable":true,"href":"https:\/\/biblian.is\/videy\/wp-json\/wp\/v2\/users\/1"}],"replies":[{"embeddable":true,"href":"https:\/\/biblian.is\/videy\/wp-json\/wp\/v2\/comments?post=22131"}],"version-history":[{"count":0,"href":"https:\/\/biblian.is\/videy\/wp-json\/wp\/v2\/pages\/22131\/revisions"}],"wp:attachment":[{"href":"https:\/\/biblian.is\/videy\/wp-json\/wp\/v2\/media?parent=22131"}],"curies":[{"name":"wp","href":"https:\/\/api.w.org\/{rel}","templated":true}]}}