{"id":22129,"date":"2018-01-02T01:05:40","date_gmt":"2018-01-02T01:05:40","guid":{"rendered":"http:\/\/biblian.is\/videy\/siraksbok-35-kafli\/"},"modified":"2018-01-02T01:05:40","modified_gmt":"2018-01-02T01:05:40","slug":"siraksbok-35-kafli","status":"publish","type":"page","link":"https:\/\/biblian.is\/videy\/siraksbok-35-kafli\/","title":{"rendered":"S\u00edraksb\u00f3k 35. kafli"},"content":{"rendered":"<div class=\"fyrirsognVidey\">Um \u00fe\u00e1 f\u00f3rn sem Gu\u00f0i \u00fe\u00f3knast.<\/div>\n<p><a name=\"1\"><span class=\"versanumer\">1<\/span><\/a>Hv\u00f6r sem l\u00f6gm\u00e1li\u00f0 heldur, s\u00e1 f\u00f3rnar r\u00edkuglega.<a name=\"2\"><span class=\"versanumer\">2<\/span><\/a>S\u00e1 sem gefur gaum bo\u00f0or\u00f0unum, framber \u00feakkarf\u00f3rn.<a name=\"3\"><span class=\"versanumer\">3<\/span><\/a>S\u00e1 sem \u00feakkar Gu\u00f0i, framber matoffur;<a name=\"4\"><span class=\"versanumer\">4<\/span><\/a>og s\u00e1 sem velgj\u00f6r\u00f0 veitir, \u00feakkarf\u00f3rn.<a name=\"5\"><span class=\"versanumer\">5<\/span><\/a>Vel\u00fe\u00f3knan Drottins er, a\u00f0 menn l\u00e1ti af illu, og forl\u00edkun, a\u00f0 h\u00e6tta \u00e1 rangl\u00e6ti.<a name=\"6\"><span class=\"versanumer\">6<\/span><\/a>Kom ekki t\u00f3mhentur fyrir Drottins auglit.<a name=\"7\"><span class=\"versanumer\">7<\/span><\/a>Sl\u00edkt allt, fyrir sakir bo\u00f0or\u00f0sins.<a name=\"8\"><span class=\"versanumer\">8<\/span><\/a>F\u00f3rn hins r\u00e9ttl\u00e1ta gj\u00f6rir altari\u00f0 feitt, og hennar ilmur <span class='VideyAth'>(kemur)<\/span> fyrir Drottin.<a name=\"9\"><span class=\"versanumer\">9<\/span><\/a>F\u00f3rn hins r\u00e9ttl\u00e1ta manns er \u00fe\u00e6gileg, og endurminning hennar gleymist ekki.<a name=\"10\"><span class=\"versanumer\">10<\/span><\/a>Hei\u00f0ra Drottin me\u00f0 g\u00f3\u00f0u auga <span class='VideyAth'>(\u00f6rl\u00e6ti)<\/span>, og vertu ei n\u00edskur \u00e1 frumgr\u00f3\u00f0a \u00feinna handa.<a name=\"11\"><span class=\"versanumer\">11<\/span><\/a>H\u00fdrga \u00feitt yfirbrag\u00f0 vi\u00f0 hv\u00f6rja g\u00e1fu, og helga t\u00edundirnar me\u00f0 f\u00f6gnu\u00f0i.<a name=\"12\"><span class=\"versanumer\">12<\/span><\/a>Gef\u00f0u \u00feeim \u00e6\u00f0sta, eftir sem hans gj\u00f6f er, og eftir \u00fe\u00ednum handafla, me\u00f0 g\u00f3\u00f0u auga.<a name=\"13\"><span class=\"versanumer\">13<\/span><\/a>\u00dev\u00ed Drottinn er s\u00e1 sem umbunar, og sj\u00f6faldlega mun hann \u00fe\u00e9r \u00fea\u00f0 umbuna. <br \/><a name=\"14\"><span class=\"versanumer\">14<\/span><\/a>Ekki skaltu reyna til a\u00f0 m\u00fata <span class='VideyAth'>(Drottni)<\/span>, hann tekur ekki vi\u00f0 m\u00fatu.<a name=\"15\"><span class=\"versanumer\">15<\/span><\/a>Og treystu ei rangl\u00e1tri f\u00f3rn; \u00fev\u00ed Drottinn er d\u00f3mari og hj\u00e1 honum gildir enginn manna munur.<a name=\"16\"><span class=\"versanumer\">16<\/span><\/a>Hann l\u00e6tur manna mun ekkert gilda gegn \u00feeim f\u00e1t\u00e6ka, og heyrir b\u00e6n \u00feess sem \u00f3r\u00e9ttinn \u00feolir.<a name=\"17\"><span class=\"versanumer\">17<\/span><\/a>Hann forsm\u00e1ir ei b\u00e6n \u00feess f\u00f6\u00f0urlausa, n\u00e9 ekkjunnar, \u00fe\u00e1 h\u00fan \u00fateys sinni umkv\u00f6rtun.<a name=\"18\"><span class=\"versanumer\">18<\/span><\/a>Flj\u00f3ta ei t\u00e1r ekkjunnar ni\u00f0ur eftir kinnunum,<a name=\"19\"><span class=\"versanumer\">19<\/span><\/a>og \u00e1klaga \u00feau ekki \u00feann sem \u00feau \u00fatpressa\u00f0i? <br \/><a name=\"20\"><span class=\"versanumer\">20<\/span><\/a>S\u00e1 sem \u00fej\u00f3nar Gu\u00f0i vel\u00fe\u00f3knanlega, mun ver\u00f0a me\u00f0tekinn og hans b\u00e6n kemur upp til sk\u00fdjanna.<a name=\"21\"><span class=\"versanumer\">21<\/span><\/a>B\u00e6n ens vola\u00f0a \u00ferengir s\u00e9r \u00ed gegnum sk\u00fdin, og hann <span class='VideyAth'>(s\u00e1 vola\u00f0i)<\/span> huggast ekki fyrr en h\u00fan n\u00e1lgast <span class='VideyAth'>(Gu\u00f0)<\/span> og hann l\u00e6tur ei af fyrr en s\u00e1 \u00e6\u00f0sti l\u00edtur \u00fear \u00e1; og hann mun r\u00e9tt d\u00e6ma og l\u00e1ta d\u00f3minum ver\u00f0a framgengt <span class='VideyAth'>(d\u00f3m gj\u00f6ra)<\/span>.<a name=\"22\"><span class=\"versanumer\">22<\/span><\/a>Og Drottinn mun ekki tefja n\u00e9 bi\u00f0lund hafa vi\u00f0 \u00fe\u00e1, \u00feanga\u00f0 til hann sundurmer lendar hinna \u00f3miskunns\u00f6mu.<a name=\"23\"><span class=\"versanumer\">23<\/span><\/a>Og hann leggur hefnd \u00e1 \u00fej\u00f3\u00f0irnar, \u00feanga\u00f0 til hann hefir tort\u00ednt \u00f6llum fj\u00f6lda \u00feeirra grimmu og broti\u00f0 sprota enna rangl\u00e1tu;<a name=\"24\"><span class=\"versanumer\">24<\/span><\/a>\u00feanga\u00f0 til hann hefir goldi\u00f0 manninum eftir hans verkum, og verkin mannanna eftir \u00feeirra hugsunum <span class='VideyAth'>(umbuna\u00f0)<\/span>.<a name=\"25\"><span class=\"versanumer\">25<\/span><\/a>\u00deanga\u00f0 til hann hefir d\u00e6mt d\u00f3m s\u00edns f\u00f3lks og glatt \u00fe\u00e1 me\u00f0 sinni miskunn.<a name=\"26\"><span class=\"versanumer\">26<\/span><\/a>Hagkv\u00e6m er miskunn hans \u00e1 ney\u00f0arinnar t\u00ed\u00f0, eins og regnsk\u00fd \u00ed \u00feurrki.<\/p>\n<div class=\"footnoteVidey\"><\/div>\n","protected":false},"excerpt":{"rendered":"<p>Um \u00fe\u00e1 f\u00f3rn sem Gu\u00f0i \u00fe\u00f3knast. 1Hv\u00f6r sem l\u00f6gm\u00e1li\u00f0 heldur, s\u00e1 f\u00f3rnar r\u00edkuglega.2S\u00e1 sem gefur gaum bo\u00f0or\u00f0unum, framber \u00feakkarf\u00f3rn.3S\u00e1 sem \u00feakkar Gu\u00f0i, framber matoffur;4og s\u00e1 sem velgj\u00f6r\u00f0 veitir, \u00feakkarf\u00f3rn.5Vel\u00fe\u00f3knan Drottins er, a\u00f0 menn l\u00e1ti af illu, og forl\u00edkun, a\u00f0 h\u00e6tta \u00e1 rangl\u00e6ti.6Kom ekki t\u00f3mhentur fyrir Drottins auglit.7Sl\u00edkt allt, fyrir sakir bo\u00f0or\u00f0sins.8F\u00f3rn hins r\u00e9ttl\u00e1ta gj\u00f6rir altari\u00f0 feitt, og hennar ilmur (kemur) fyrir Drottin.9F\u00f3rn hins r\u00e9ttl\u00e1ta manns er \u00fe\u00e6gileg, og endurminning hennar gleymist ekki.10Hei\u00f0ra Drottin me\u00f0 g\u00f3\u00f0u auga (\u00f6rl\u00e6ti), og vertu ei n\u00edskur \u00e1 frumgr\u00f3\u00f0a \u00feinna handa.11H\u00fdrga \u00feitt yfirbrag\u00f0 vi\u00f0 hv\u00f6rja g\u00e1fu, og helga t\u00edundirnar me\u00f0 f\u00f6gnu\u00f0i.12Gef\u00f0u \u00feeim \u00e6\u00f0sta, eftir sem hans <a href=\"https:\/\/biblian.is\/videy\/siraksbok-35-kafli\/\"> [&#8230;]<\/a><\/p>\n","protected":false},"author":1,"featured_media":0,"parent":0,"menu_order":0,"comment_status":"open","ping_status":"open","template":"bibliukaflar.php","meta":{"footnotes":""},"class_list":["post-22129","page","type-page","status-publish","hentry"],"_links":{"self":[{"href":"https:\/\/biblian.is\/videy\/wp-json\/wp\/v2\/pages\/22129","targetHints":{"allow":["GET"]}}],"collection":[{"href":"https:\/\/biblian.is\/videy\/wp-json\/wp\/v2\/pages"}],"about":[{"href":"https:\/\/biblian.is\/videy\/wp-json\/wp\/v2\/types\/page"}],"author":[{"embeddable":true,"href":"https:\/\/biblian.is\/videy\/wp-json\/wp\/v2\/users\/1"}],"replies":[{"embeddable":true,"href":"https:\/\/biblian.is\/videy\/wp-json\/wp\/v2\/comments?post=22129"}],"version-history":[{"count":0,"href":"https:\/\/biblian.is\/videy\/wp-json\/wp\/v2\/pages\/22129\/revisions"}],"wp:attachment":[{"href":"https:\/\/biblian.is\/videy\/wp-json\/wp\/v2\/media?parent=22129"}],"curies":[{"name":"wp","href":"https:\/\/api.w.org\/{rel}","templated":true}]}}