{"id":22128,"date":"2018-01-02T01:05:40","date_gmt":"2018-01-02T01:05:40","guid":{"rendered":"http:\/\/biblian.is\/videy\/siraksbok-34-kafli\/"},"modified":"2018-01-02T01:05:40","modified_gmt":"2018-01-02T01:05:40","slug":"siraksbok-34-kafli","status":"publish","type":"page","link":"https:\/\/biblian.is\/videy\/siraksbok-34-kafli\/","title":{"rendered":"S\u00edraksb\u00f3k 34. kafli"},"content":{"rendered":"<div class=\"fyrirsognVidey\">Efni\u00f0 sem fyrri.<\/div>\n<p><a name=\"1\"><span class=\"versanumer\">1<\/span><\/a>S\u00e1 f\u00e1v\u00edsi ma\u00f0ur elur hj\u00e1 s\u00e9r f\u00e1n\u00fdta og svikula von, og draumar gj\u00f6ra heimskingja fleyga.<a name=\"2\"><span class=\"versanumer\">2<\/span><\/a>Hv\u00f6r sem gefur gaum draumum, hann er eins og s\u00e1 sem vill gr\u00edpa skugga og h\u00f6ndla vindinn.<a name=\"3\"><span class=\"versanumer\">3<\/span><\/a>Sj\u00f3n drauma er \u00feetta andsp\u00e6nis \u00feessu, <span class='VideyAth'>(eitt andsp\u00e6nis \u00f6\u00f0ru)<\/span>, gagnvart andlitinu er mynd andlitisins <span class='VideyAth'>(\u00ed spegli)<\/span>.<a name=\"4\"><span class=\"versanumer\">4<\/span><\/a>Getur \u00far \u00f3hreinu nokku\u00f0 hreint or\u00f0i\u00f0, og getur \u00far lyginni nokku\u00f0 satt or\u00f0i\u00f0?<a name=\"5\"><span class=\"versanumer\">5<\/span><\/a>Sp\u00e1sagnir og \u00fatleggingar fuglaflugs og draumar eru h\u00e9g\u00f3mi og hjarta\u00f0 engist <span class='VideyAth'>(af \u00feeim)<\/span>, eins og s\u00fa j\u00f3\u00f0sj\u00faka.<a name=\"6\"><span class=\"versanumer\">6<\/span><\/a>Gef \u00feeim engan gaum, nema svo s\u00e9, a\u00f0 s\u00e1 \u00e6\u00f0sti sendi \u00fe\u00e1 til refsingar.<a name=\"7\"><span class=\"versanumer\">7<\/span><\/a>Margir ver\u00f0a af draumum sviknir, og \u00feeir ur\u00f0u t\u00e6ldir, af \u00fev\u00ed \u00feeir reiddu sig \u00e1 \u00fe\u00e1.<a name=\"8\"><span class=\"versanumer\">8<\/span><\/a>\u00c1n lyga ver\u00f0ur l\u00f6gm\u00e1li\u00f0 uppfyllt, og viskan er fullkomnun \u00e1rei\u00f0anlegum munni.<br \/><a name=\"9\"><span class=\"versanumer\">9<\/span><\/a>Uppfr\u00e6ddur ma\u00f0ur skilur margt, og reyndur ma\u00f0ur veit a\u00f0 tala me\u00f0 viti.<a name=\"10\"><span class=\"versanumer\">10<\/span><\/a>S\u00e1 veit l\u00edti\u00f0, sem ekki er pr\u00f3fa\u00f0ur;<a name=\"11\"><span class=\"versanumer\">11<\/span><\/a>en s\u00e1 sem v\u00ed\u00f0a hefur fari\u00f0, hann er fj\u00f6lh\u00e6fur.<a name=\"12\"><span class=\"versanumer\">12<\/span><\/a>Margt s\u00e1 eg \u00e1 m\u00ednu flakki, og m\u00edn \u00feekking er meiri en m\u00edn or\u00f0.<a name=\"13\"><span class=\"versanumer\">13<\/span><\/a>Oft komst eg \u00ed dau\u00f0ans h\u00e6ttu, og frelsa\u00f0ist einmitt s\u00f6kum \u00feess.<a name=\"14\"><span class=\"versanumer\">14<\/span><\/a>\u00deeir halda l\u00edfi, sem \u00f3ttast Drottin,<a name=\"15\"><span class=\"versanumer\">15<\/span><\/a>\u00fev\u00ed \u00feeir vona \u00e1 \u00feann, sem \u00fe\u00e1 frelsar.<a name=\"16\"><span class=\"versanumer\">16<\/span><\/a>Hv\u00f6r sem \u00f3ttast Drottin, \u00fearf ekki a\u00f0 hr\u00e6\u00f0ast n\u00e9 huglaus a\u00f0 ver\u00f0a; \u00fev\u00ed Hann er hans von.<a name=\"17\"><span class=\"versanumer\">17<\/span><\/a>S\u00e6l er s\u00e1l \u00feess <span class='VideyAth'>(manns)<\/span>, sem \u00f3ttast Drottin.<a name=\"18\"><span class=\"versanumer\">18<\/span><\/a>Hv\u00f6rjum treystir hann, og hv\u00f6r er hans sto\u00f0?<a name=\"19\"><span class=\"versanumer\">19<\/span><\/a>Augu Drottins horfa \u00e1 \u00fe\u00e1 sem hann elska. Hann er \u00f6flug sto\u00f0, og sterk sto\u00f0, v\u00f6rn vi\u00f0 gl\u00f3\u00f0 og mi\u00f0degishita, hl\u00edf vi\u00f0 hr\u00f6sun og hj\u00e1lp vi\u00f0 byltu.<a name=\"20\"><span class=\"versanumer\">20<\/span><\/a>Hann hressir hugann og uppl\u00fdsir augun; hann gefur heilbrig\u00f0i, l\u00edf og blessan. <br \/><a name=\"21\"><span class=\"versanumer\">21<\/span><\/a>Hv\u00f6r sem offrar rangfengnu f\u00e9, \u00feess g\u00e1fa er gysleg;<a name=\"22\"><span class=\"versanumer\">22<\/span><\/a>en gys hinna gu\u00f0lausu \u00fatvegar ekki vel\u00fe\u00f3knan.<a name=\"23\"><span class=\"versanumer\">23<\/span><\/a>S\u00e1 \u00e6\u00f0sti hefir enga vel\u00fe\u00f3knan \u00e1 g\u00e1fum \u00feeirra gu\u00f0lausu, og hann fyrirgefur ekki syndir vegna mikilla f\u00f3rna.<a name=\"24\"><span class=\"versanumer\">24<\/span><\/a>Hv\u00f6r sem framber f\u00f3rn af eigum hinna f\u00e1t\u00e6ku er, eins og s\u00e1, sem sl\u00e1trar syninum \u00ed augs\u00fdn f\u00f6\u00f0ursins.<a name=\"25\"><span class=\"versanumer\">25<\/span><\/a>Brau\u00f0 hinna nau\u00f0st\u00f6ddu er l\u00edf hinna f\u00e1t\u00e6ku; hv\u00f6r sem \u00fev\u00ed r\u00e6nir er manndr\u00e1pari.<a name=\"26\"><span class=\"versanumer\">26<\/span><\/a>S\u00e1 dey\u00f0ir n\u00e1ungann sem sviptir hann l\u00edfs uppheldi;<a name=\"27\"><span class=\"versanumer\">27<\/span><\/a>og s\u00e1 \u00fathellir bl\u00f3\u00f0i sem geldur ei daglaunamanninum hans laun.<br \/><a name=\"28\"><span class=\"versanumer\">28<\/span><\/a>Einn byggir, annar r\u00edfur ni\u00f0ur, hva\u00f0 hafa \u00feeir fyrir, nema erfi\u00f0i\u00f0.<a name=\"29\"><span class=\"versanumer\">29<\/span><\/a>Einn blessar, annar ford\u00e6mir: hv\u00f6rs raust mun Drottinn heyra?<a name=\"30\"><span class=\"versanumer\">30<\/span><\/a>Hv\u00f6r sem \u00fev\u00e6r s\u00e9r, eftir a\u00f0 hann hefir snorti\u00f0 dau\u00f0ann <span class='VideyAth'>(mann)<\/span> og snertir hann svo aftur: Hva\u00f0 hefir hann \u00e1unni\u00f0 me\u00f0 s\u00ednum \u00fevotti?<a name=\"31\"><span class=\"versanumer\">31<\/span><\/a>Eins er s\u00e1 ma\u00f0ur sem fastar, s\u00f6kum sinna synda, fer s\u00ed\u00f0an og a\u00f0hefst <span class='VideyAth'>(gj\u00f6rir)<\/span> hi\u00f0 sama. Hv\u00f6r mun heyra hans b\u00e6n og hva\u00f0 hefir hann \u00e1unni\u00f0 me\u00f0 \u00fev\u00ed a\u00f0 au\u00f0m\u00fdkja sig?<\/p>\n<div class=\"footnoteVidey\"><\/div>\n","protected":false},"excerpt":{"rendered":"<p>Efni\u00f0 sem fyrri. 1S\u00e1 f\u00e1v\u00edsi ma\u00f0ur elur hj\u00e1 s\u00e9r f\u00e1n\u00fdta og svikula von, og draumar gj\u00f6ra heimskingja fleyga.2Hv\u00f6r sem gefur gaum draumum, hann er eins og s\u00e1 sem vill gr\u00edpa skugga og h\u00f6ndla vindinn.3Sj\u00f3n drauma er \u00feetta andsp\u00e6nis \u00feessu, (eitt andsp\u00e6nis \u00f6\u00f0ru), gagnvart andlitinu er mynd andlitisins (\u00ed spegli).4Getur \u00far \u00f3hreinu nokku\u00f0 hreint or\u00f0i\u00f0, og getur \u00far lyginni nokku\u00f0 satt or\u00f0i\u00f0?5Sp\u00e1sagnir og \u00fatleggingar fuglaflugs og draumar eru h\u00e9g\u00f3mi og hjarta\u00f0 engist (af \u00feeim), eins og s\u00fa j\u00f3\u00f0sj\u00faka.6Gef \u00feeim engan gaum, nema svo s\u00e9, a\u00f0 s\u00e1 \u00e6\u00f0sti sendi \u00fe\u00e1 til refsingar.7Margir ver\u00f0a af draumum sviknir, og \u00feeir ur\u00f0u t\u00e6ldir, af \u00fev\u00ed <a href=\"https:\/\/biblian.is\/videy\/siraksbok-34-kafli\/\"> [&#8230;]<\/a><\/p>\n","protected":false},"author":1,"featured_media":0,"parent":0,"menu_order":0,"comment_status":"open","ping_status":"open","template":"bibliukaflar.php","meta":{"footnotes":""},"class_list":["post-22128","page","type-page","status-publish","hentry"],"_links":{"self":[{"href":"https:\/\/biblian.is\/videy\/wp-json\/wp\/v2\/pages\/22128","targetHints":{"allow":["GET"]}}],"collection":[{"href":"https:\/\/biblian.is\/videy\/wp-json\/wp\/v2\/pages"}],"about":[{"href":"https:\/\/biblian.is\/videy\/wp-json\/wp\/v2\/types\/page"}],"author":[{"embeddable":true,"href":"https:\/\/biblian.is\/videy\/wp-json\/wp\/v2\/users\/1"}],"replies":[{"embeddable":true,"href":"https:\/\/biblian.is\/videy\/wp-json\/wp\/v2\/comments?post=22128"}],"version-history":[{"count":0,"href":"https:\/\/biblian.is\/videy\/wp-json\/wp\/v2\/pages\/22128\/revisions"}],"wp:attachment":[{"href":"https:\/\/biblian.is\/videy\/wp-json\/wp\/v2\/media?parent=22128"}],"curies":[{"name":"wp","href":"https:\/\/api.w.org\/{rel}","templated":true}]}}