{"id":22127,"date":"2018-01-02T01:05:40","date_gmt":"2018-01-02T01:05:40","guid":{"rendered":"http:\/\/biblian.is\/videy\/siraksbok-33-kafli\/"},"modified":"2018-01-02T01:05:40","modified_gmt":"2018-01-02T01:05:40","slug":"siraksbok-33-kafli","status":"publish","type":"page","link":"https:\/\/biblian.is\/videy\/siraksbok-33-kafli\/","title":{"rendered":"S\u00edraksb\u00f3k 33. kafli"},"content":{"rendered":"<div class=\"fyrirsognVidey\">\u00ddmisleg sannm\u00e6li.<\/div>\n<p><a name=\"1\"><span class=\"versanumer\">1<\/span><\/a>S\u00e1 sem \u00f3ttast Drottin, ratar ekki \u00ed neitt illt; heldur ver\u00f0ur hann aftur frelsa\u00f0ur \u00fe\u00e1 hann freistast.<a name=\"2\"><span class=\"versanumer\">2<\/span><\/a>Vitur ma\u00f0ur hatar ekki l\u00f6gm\u00e1li\u00f0; en hr\u00e6snarinn er sem skip \u00ed stormi.<a name=\"3\"><span class=\"versanumer\">3<\/span><\/a>Hygginn ma\u00f0ur tr\u00fair l\u00f6gm\u00e1linu, og l\u00f6gm\u00e1li\u00f0 er honum \u00e1rei\u00f0anlegt eins og <span class='VideyAth'>(urim og tumim)<\/span> sannleikans \u00farskur\u00f0ur.<a name=\"4\"><span class=\"versanumer\">4<\/span><\/a>Undirb\u00fa tali\u00f0, l\u00e1t \u00feig svo heyra; safna \u00fe\u00e9r fr\u00f3\u00f0leik, svara s\u00ed\u00f0an.<a name=\"5\"><span class=\"versanumer\">5<\/span><\/a>Hi\u00f0 innra hj\u00e1 d\u00e1ranum er sem vagnhj\u00f3l, og hans hugsanir eins og \u00e1s sem sn\u00fdst.<a name=\"6\"><span class=\"versanumer\">6<\/span><\/a>Eins og fl\u00f3\u00f0hestur, svo er h\u00e6\u00f0nisfullur vinur: hann hneggjar undir hv\u00f6rjum sem \u00e1 honum situr. <br \/><a name=\"7\"><span class=\"versanumer\">7<\/span><\/a>Hvar fyrir hefur einn dagur yfirbur\u00f0i yfir annan, \u00feegar \u00fe\u00f3 lj\u00f3s s\u00e9rhv\u00f6rs dags \u00ed \u00e1rinu kemur fr\u00e1 s\u00f3linni?<a name=\"8\"><span class=\"versanumer\">8<\/span><\/a>V\u00edsd\u00f3mur Drottins hefir \u00fe\u00e1 a\u00f0greint og hann ni\u00f0urskipa\u00f0i margslags t\u00edmum og h\u00e1t\u00ed\u00f0um.<a name=\"9\"><span class=\"versanumer\">9<\/span><\/a>Nokkra h\u00f3f hann og helga\u00f0i, og \u00f6\u00f0rum b\u00e6tti hann vi\u00f0 dagat\u00f6luna.<a name=\"10\"><span class=\"versanumer\">10<\/span><\/a>Allir menn eru l\u00edka af j\u00f6r\u00f0u, og Adam var skapa\u00f0ur af j\u00f6r\u00f0u.<a name=\"11\"><span class=\"versanumer\">11<\/span><\/a>En eftir fyllingu s\u00edns v\u00edsd\u00f3ms a\u00f0greindi hann \u00fe\u00e1, og ni\u00f0ur skipa\u00f0i \u00feeirra kj\u00f6rum margv\u00edslega.<a name=\"12\"><span class=\"versanumer\">12<\/span><\/a>Suma blessa\u00f0i hann og upph\u00f3f, og nokkra helga\u00f0i hann, og t\u00f3k \u00ed n\u00e1nd vi\u00f0 sig. \u00d6\u00f0rum b\u00f6lva\u00f0i hann og ni\u00f0url\u00e6g\u00f0i og steypti \u00feeim fr\u00e1 \u00feeirra sta\u00f0.<a name=\"13\"><span class=\"versanumer\">13<\/span><\/a>Eins og leir \u00ed leirsmi\u00f0sins hendi, og allir hans vegir eftir hans vel\u00fe\u00f3knan;<a name=\"14\"><span class=\"versanumer\">14<\/span><\/a>svolei\u00f0is eru mennirnir \u00ed hendi \u00feess sem \u00fe\u00e1 gj\u00f6r\u00f0i, hann \u00fatb\u00fdtir \u00feeim eftir s\u00ednum d\u00f3mi.<a name=\"15\"><span class=\"versanumer\">15<\/span><\/a>\u00dea\u00f0 vonda er gagnvart enu g\u00f3\u00f0a, dau\u00f0inn gagnvart l\u00edfinu, svolei\u00f0is eru \u00feeir gu\u00f0r\u00e6knu gagnvart syndurunum.<a name=\"16\"><span class=\"versanumer\">16<\/span><\/a>Og \u00e1l\u00edt \u00fe\u00fa \u00feannig \u00f6ll verk ens \u00e6\u00f0sta; hv\u00f6rjir tveir hlutir, einn \u00e1 m\u00f3ti \u00f6\u00f0rum. <br \/><a name=\"17\"><span class=\"versanumer\">17<\/span><\/a>Eg vakna\u00f0i seinastur, eins og s\u00e1 sem samanles <span class='VideyAth'>(v\u00ednber)<\/span> eftir v\u00ednyrkjumenn, komst eg fyrir herrans blessan \u00e1 undan \u00f6\u00f0rum, og fyllti sem v\u00ednyrkjuma\u00f0ur v\u00ednpressuna.<a name=\"18\"><span class=\"versanumer\">18<\/span><\/a>Sj\u00e1i\u00f0! a\u00f0 eg hefi ekki unni\u00f0 fyrir mig einan, heldur fyrir alla \u00fe\u00e1 sem uppfr\u00e6\u00f0ingar leita.<a name=\"19\"><span class=\"versanumer\">19<\/span><\/a>Heyri\u00f0 mig, yfirmenn f\u00f3lksins, og taki\u00f0 eftir, forst\u00f6\u00f0umenn safna\u00f0arins.<a name=\"20\"><span class=\"versanumer\">20<\/span><\/a>Gef hv\u00f6rki syni, n\u00e9 konu, hvorki br\u00f3\u00f0ur n\u00e9 vin, vald yfir \u00fe\u00e9r me\u00f0an \u00fe\u00fa lifir, og gef engum \u00f6\u00f0rum \u00feitt g\u00f3ss, svo \u00feig i\u00f0ri \u00fea\u00f0 ekki seinna, og \u00fe\u00fa ver\u00f0ir a\u00f0 bei\u00f0ast \u00feess aftur.<a name=\"21\"><span class=\"versanumer\">21<\/span><\/a>Me\u00f0an \u00fe\u00fa lifir og andar, svo sel \u00feig engum manni.<a name=\"22\"><span class=\"versanumer\">22<\/span><\/a>\u00dev\u00ed \u00fea\u00f0 er betra a\u00f0 \u00fe\u00edn b\u00f6rn bi\u00f0ji \u00feig, heldur en a\u00f0 \u00fe\u00fa m\u00e6nir upp \u00e1 hendur sona \u00feinna.<a name=\"23\"><span class=\"versanumer\">23<\/span><\/a>\u00cd \u00f6llum \u00fe\u00ednum efnum \u00fe\u00e1 vertu sj\u00e1lfr\u00e1\u00f0ur, l\u00e1t ekki skugga koma \u00e1 \u00fe\u00edna s\u00e6md.<a name=\"24\"><span class=\"versanumer\">24<\/span><\/a>\u00c1 enda \u00feinna l\u00edfdaga, og \u00e1 dau\u00f0astundunni skaltu skipta \u00fe\u00ednum eigum.<br \/><a name=\"25\"><span class=\"versanumer\">25<\/span><\/a>F\u00f3\u00f0ur og prik og byr\u00f0i tilheyrir asnanum, brau\u00f0 og agi og erfi\u00f0i \u00fer\u00e6lnum.<a name=\"26\"><span class=\"versanumer\">26<\/span><\/a>Haltu \u00fer\u00e6lnum til vinnu, svo hefir \u00fe\u00fa r\u00f3; l\u00e1tir \u00fe\u00fa hann hafa fr\u00edar hendur, svo leitar hann frelsis.<a name=\"27\"><span class=\"versanumer\">27<\/span><\/a>Ok og b\u00f6nd belgja h\u00e1lsinn; illvirkur h\u00faskarl \u00e1 a\u00f0 hafa refsing og pyntingar.<a name=\"28\"><span class=\"versanumer\">28<\/span><\/a>Legg \u00e1 hann erfi\u00f0i, svo hann gangi ekki i\u00f0julaus;<a name=\"29\"><span class=\"versanumer\">29<\/span><\/a>\u00fev\u00ed i\u00f0juleysi kennir margt illt.<a name=\"30\"><span class=\"versanumer\">30<\/span><\/a>Set hann \u00ed vinnu, eins og honum s\u00e6mir; og gegni hann ekki, \u00fe\u00e1 gj\u00f6r\u00f0u \u00feyngri hans fj\u00f6tra. Vertu samt ekki offrekur vi\u00f0 nokku\u00f0 hold, og gj\u00f6r ekkert \u00e1n greindar <span class='VideyAth'>(d\u00f3ms)<\/span>.<a name=\"31\"><span class=\"versanumer\">31<\/span><\/a>Hafir \u00fe\u00fa \u00fer\u00e6l, \u00fe\u00e1 s\u00e9 hann <span class='VideyAth'>(\u00fe\u00e9r)<\/span> sem \u00fe\u00fa sj\u00e1lfur, \u00fev\u00ed \u00fe\u00fa hefir hans me\u00f0 bl\u00f3\u00f0i afla\u00f0 <span class='VideyAth'>(\u00ed str\u00ed\u00f0i)<\/span>. Hafir \u00fe\u00fa \u00fer\u00e6l, \u00fe\u00e1 far me\u00f0 hann sem me\u00f0 sj\u00e1lfan \u00feig, \u00fev\u00ed \u00fe\u00fa munt \u00feurfa hans vi\u00f0, sem \u00feinnar eigin s\u00e1lar;<a name=\"32\"><span class=\"versanumer\">32<\/span><\/a>farir \u00fe\u00fa illa me\u00f0 hann, tekur hann sig til og str\u00fdkur. Hvar \u00e6tlar \u00fe\u00fa a\u00f0 leita hans?<\/p>\n<div class=\"footnoteVidey\"><\/div>\n","protected":false},"excerpt":{"rendered":"<p>\u00ddmisleg sannm\u00e6li. 1S\u00e1 sem \u00f3ttast Drottin, ratar ekki \u00ed neitt illt; heldur ver\u00f0ur hann aftur frelsa\u00f0ur \u00fe\u00e1 hann freistast.2Vitur ma\u00f0ur hatar ekki l\u00f6gm\u00e1li\u00f0; en hr\u00e6snarinn er sem skip \u00ed stormi.3Hygginn ma\u00f0ur tr\u00fair l\u00f6gm\u00e1linu, og l\u00f6gm\u00e1li\u00f0 er honum \u00e1rei\u00f0anlegt eins og (urim og tumim) sannleikans \u00farskur\u00f0ur.4Undirb\u00fa tali\u00f0, l\u00e1t \u00feig svo heyra; safna \u00fe\u00e9r fr\u00f3\u00f0leik, svara s\u00ed\u00f0an.5Hi\u00f0 innra hj\u00e1 d\u00e1ranum er sem vagnhj\u00f3l, og hans hugsanir eins og \u00e1s sem sn\u00fdst.6Eins og fl\u00f3\u00f0hestur, svo er h\u00e6\u00f0nisfullur vinur: hann hneggjar undir hv\u00f6rjum sem \u00e1 honum situr. 7Hvar fyrir hefur einn dagur yfirbur\u00f0i yfir annan, \u00feegar \u00fe\u00f3 lj\u00f3s s\u00e9rhv\u00f6rs dags \u00ed \u00e1rinu kemur fr\u00e1 <a href=\"https:\/\/biblian.is\/videy\/siraksbok-33-kafli\/\"> [&#8230;]<\/a><\/p>\n","protected":false},"author":1,"featured_media":0,"parent":0,"menu_order":0,"comment_status":"open","ping_status":"open","template":"bibliukaflar.php","meta":{"footnotes":""},"class_list":["post-22127","page","type-page","status-publish","hentry"],"_links":{"self":[{"href":"https:\/\/biblian.is\/videy\/wp-json\/wp\/v2\/pages\/22127","targetHints":{"allow":["GET"]}}],"collection":[{"href":"https:\/\/biblian.is\/videy\/wp-json\/wp\/v2\/pages"}],"about":[{"href":"https:\/\/biblian.is\/videy\/wp-json\/wp\/v2\/types\/page"}],"author":[{"embeddable":true,"href":"https:\/\/biblian.is\/videy\/wp-json\/wp\/v2\/users\/1"}],"replies":[{"embeddable":true,"href":"https:\/\/biblian.is\/videy\/wp-json\/wp\/v2\/comments?post=22127"}],"version-history":[{"count":0,"href":"https:\/\/biblian.is\/videy\/wp-json\/wp\/v2\/pages\/22127\/revisions"}],"wp:attachment":[{"href":"https:\/\/biblian.is\/videy\/wp-json\/wp\/v2\/media?parent=22127"}],"curies":[{"name":"wp","href":"https:\/\/api.w.org\/{rel}","templated":true}]}}