{"id":22126,"date":"2018-01-02T01:05:40","date_gmt":"2018-01-02T01:05:40","guid":{"rendered":"http:\/\/biblian.is\/videy\/siraksbok-32-kafli\/"},"modified":"2018-01-02T01:05:40","modified_gmt":"2018-01-02T01:05:40","slug":"siraksbok-32-kafli","status":"publish","type":"page","link":"https:\/\/biblian.is\/videy\/siraksbok-32-kafli\/","title":{"rendered":"S\u00edraksb\u00f3k 32. kafli"},"content":{"rendered":"<div class=\"fyrirsognVidey\">Sama efni.<\/div>\n<p><a name=\"1\"><span class=\"versanumer\">1<\/span><\/a>Hafi menn gj\u00f6rt \u00feig a\u00f0 forst\u00f6\u00f0umanni <span class='VideyAth'>(\u00ed gestabo\u00f0i)<\/span> \u00fe\u00e1 vertu ei mikill \u00e1 lofti; vertu me\u00f0al \u00feeirra sem einn af \u00feeim; annastu \u00fe\u00e1 og set \u00feig svo!<a name=\"2\"><span class=\"versanumer\">2<\/span><\/a>\u00feegar \u00fe\u00fa hefir algj\u00f6rlega gegnt \u00fe\u00ednu emb\u00e6tti, svo set \u00feig ni\u00f0ur,<a name=\"3\"><span class=\"versanumer\">3<\/span><\/a>svo \u00fe\u00fa hafir gle\u00f0i af \u00feeim, og f\u00e1ir hj\u00e1 \u00feeim kransinn fyrir \u00fe\u00e1 fallegu <span class='VideyAth'>(ni\u00f0urskipun)<\/span> frammist\u00f6\u00f0u.<a name=\"4\"><span class=\"versanumer\">4<\/span><\/a>Tala \u00fe\u00fa, gamli ma\u00f0ur, \u00fev\u00ed \u00fe\u00e9r s\u00e6mir \u00fea\u00f0, me\u00f0 greind;<a name=\"5\"><span class=\"versanumer\">5<\/span><\/a>Samt skaltu ekki trufla s\u00f6nglistina.<a name=\"6\"><span class=\"versanumer\">6<\/span><\/a>Hvar h\u00fan heyrist skaltu ekki \u00fev\u00e6tta, og trana ei fram \u00feinni visku \u00ed \u00f3t\u00edma.<a name=\"7\"><span class=\"versanumer\">7<\/span><\/a>Signetshringur af r\u00fabin \u00ed gullpr\u00fd\u00f0i er samspil hlj\u00f3\u00f0f\u00e6ra vi\u00f0 samdrykkju.<a name=\"8\"><span class=\"versanumer\">8<\/span><\/a>Signetshringur \u00far smarag\u00f0 \u00ed gullumgj\u00f6r\u00f0,<a name=\"9\"><span class=\"versanumer\">9<\/span><\/a>er hlj\u00f3\u00f0f\u00e6rasl\u00e1ttur s\u00f6ngmanna vi\u00f0 s\u00e6tt v\u00edn. <br \/><a name=\"10\"><span class=\"versanumer\">10<\/span><\/a>Tala, ungi ma\u00f0ur, \u00feegar \u00fe\u00f6rf er, varla tvisvar, \u00feegar \u00fe\u00fa ert spur\u00f0ur.<a name=\"11\"><span class=\"versanumer\">11<\/span><\/a>Vertu gagnor\u00f0ur, me\u00f0 f\u00e1um <span class='VideyAth'>(or\u00f0um)<\/span> miki\u00f0.<a name=\"12\"><span class=\"versanumer\">12<\/span><\/a>Eins og s\u00e1 sem veit, en \u00feegir \u00fe\u00f3.<a name=\"13\"><span class=\"versanumer\">13<\/span><\/a>Me\u00f0al g\u00f6fugra manna gj\u00f6r \u00feig ei \u00feeim jafnan, og me\u00f0an annar talar, \u00fe\u00e1 skvaldra ekki miki\u00f0.<a name=\"14\"><span class=\"versanumer\">14<\/span><\/a>Eldingin hra\u00f0ar s\u00e9r undan \u00ferumunni, og hylling gengur \u00e1 undan sneypunni.<a name=\"15\"><span class=\"versanumer\">15<\/span><\/a>Stattu upp \u00ed t\u00edma og vertu ei hinn seinasti; far heim til \u00fe\u00edn og drolla ekki.<a name=\"16\"><span class=\"versanumer\">16<\/span><\/a>Gamna \u00fe\u00e9r \u00fear og gj\u00f6r hva\u00f0 \u00fe\u00fa vilt, en syndga ekki me\u00f0 ofl\u00e6tistali.<a name=\"17\"><span class=\"versanumer\">17<\/span><\/a>Og auk \u00feessa \u00fe\u00e1 lofa \u00feinn skapara, sem endurn\u00e6rir \u00feig me\u00f0 s\u00ednum g\u00e6\u00f0um. <br \/><a name=\"18\"><span class=\"versanumer\">18<\/span><\/a>Hv\u00f6r sem \u00f3ttast Drottin, \u00feiggur tils\u00f6gn, og hv\u00f6r sem snemma <span class='VideyAth'>(hennar)<\/span> leitar, finnur <span class='VideyAth'>(Gu\u00f0s)<\/span> vel\u00fe\u00f3knan.<a name=\"19\"><span class=\"versanumer\">19<\/span><\/a>Hv\u00f6r sem l\u00f6gm\u00e1li\u00f0 rannsakar, s\u00e1 ver\u00f0ur af \u00fev\u00ed metta\u00f0ur, en hv\u00f6r sem hr\u00e6snar, \u00feeim ver\u00f0ur \u00fea\u00f0 a\u00f0 falli.<a name=\"20\"><span class=\"versanumer\">20<\/span><\/a>\u00deeir sem \u00f3ttast Drottin, finna hi\u00f0 r\u00e9tta, og l\u00e1ta r\u00e9ttar \u00farskur\u00f0i l\u00fdsa sem lj\u00f3s.<a name=\"21\"><span class=\"versanumer\">21<\/span><\/a>Syndarinn snei\u00f0ir sig hj\u00e1 \u00e1v\u00edtum og eftir vild sinni finnur hann afb\u00f6tun.<a name=\"22\"><span class=\"versanumer\">22<\/span><\/a>Hugsunarsamur ma\u00f0ur forsm\u00e1ir ekki eftir\u00feanka;<a name=\"23\"><span class=\"versanumer\">23<\/span><\/a>en s\u00e1 afundni og drambl\u00e1ti hefir engan \u00f3tta, jafnvel ei eftir hugsunarlaust verk.<a name=\"24\"><span class=\"versanumer\">24<\/span><\/a>Gj\u00f6r ekkert \u00e1n yfirvegunar, ef \u00fe\u00fa breytir svo, munt \u00fe\u00fa ekki i\u00f0rast \u00feess.<a name=\"25\"><span class=\"versanumer\">25<\/span><\/a>Far ei \u00feann veg sem h\u00e6tt er vi\u00f0 hruni, svo munt \u00fe\u00fa ekki hrasa um grj\u00f3t.<a name=\"26\"><span class=\"versanumer\">26<\/span><\/a>Tr\u00fa\u00f0u ekki sl\u00e9ttum vegi, og vara \u00feig jafnvel \u00e1 \u00fe\u00ednum b\u00f6rnum.<a name=\"27\"><span class=\"versanumer\">27<\/span><\/a>Treystu \u00feinni s\u00e1l \u00ed hv\u00f6rju verki, \u00fev\u00ed l\u00edka \u00feetta er var\u00f0veisla bo\u00f0or\u00f0anna.<a name=\"28\"><span class=\"versanumer\">28<\/span><\/a>Hv\u00f6r sem tr\u00fair l\u00f6gm\u00e1linu, gefur gaum bo\u00f0or\u00f0unum: og hv\u00f6r sem treystir Drottni, s\u00e1 mun ei ver\u00f0a fyrir ska\u00f0a.<\/p>\n<div class=\"footnoteVidey\"><\/div>\n","protected":false},"excerpt":{"rendered":"<p>Sama efni. 1Hafi menn gj\u00f6rt \u00feig a\u00f0 forst\u00f6\u00f0umanni (\u00ed gestabo\u00f0i) \u00fe\u00e1 vertu ei mikill \u00e1 lofti; vertu me\u00f0al \u00feeirra sem einn af \u00feeim; annastu \u00fe\u00e1 og set \u00feig svo!2\u00feegar \u00fe\u00fa hefir algj\u00f6rlega gegnt \u00fe\u00ednu emb\u00e6tti, svo set \u00feig ni\u00f0ur,3svo \u00fe\u00fa hafir gle\u00f0i af \u00feeim, og f\u00e1ir hj\u00e1 \u00feeim kransinn fyrir \u00fe\u00e1 fallegu (ni\u00f0urskipun) frammist\u00f6\u00f0u.4Tala \u00fe\u00fa, gamli ma\u00f0ur, \u00fev\u00ed \u00fe\u00e9r s\u00e6mir \u00fea\u00f0, me\u00f0 greind;5Samt skaltu ekki trufla s\u00f6nglistina.6Hvar h\u00fan heyrist skaltu ekki \u00fev\u00e6tta, og trana ei fram \u00feinni visku \u00ed \u00f3t\u00edma.7Signetshringur af r\u00fabin \u00ed gullpr\u00fd\u00f0i er samspil hlj\u00f3\u00f0f\u00e6ra vi\u00f0 samdrykkju.8Signetshringur \u00far smarag\u00f0 \u00ed gullumgj\u00f6r\u00f0,9er hlj\u00f3\u00f0f\u00e6rasl\u00e1ttur s\u00f6ngmanna vi\u00f0 s\u00e6tt v\u00edn. 10Tala, ungi <a href=\"https:\/\/biblian.is\/videy\/siraksbok-32-kafli\/\"> [&#8230;]<\/a><\/p>\n","protected":false},"author":1,"featured_media":0,"parent":0,"menu_order":0,"comment_status":"open","ping_status":"open","template":"bibliukaflar.php","meta":{"footnotes":""},"class_list":["post-22126","page","type-page","status-publish","hentry"],"_links":{"self":[{"href":"https:\/\/biblian.is\/videy\/wp-json\/wp\/v2\/pages\/22126","targetHints":{"allow":["GET"]}}],"collection":[{"href":"https:\/\/biblian.is\/videy\/wp-json\/wp\/v2\/pages"}],"about":[{"href":"https:\/\/biblian.is\/videy\/wp-json\/wp\/v2\/types\/page"}],"author":[{"embeddable":true,"href":"https:\/\/biblian.is\/videy\/wp-json\/wp\/v2\/users\/1"}],"replies":[{"embeddable":true,"href":"https:\/\/biblian.is\/videy\/wp-json\/wp\/v2\/comments?post=22126"}],"version-history":[{"count":0,"href":"https:\/\/biblian.is\/videy\/wp-json\/wp\/v2\/pages\/22126\/revisions"}],"wp:attachment":[{"href":"https:\/\/biblian.is\/videy\/wp-json\/wp\/v2\/media?parent=22126"}],"curies":[{"name":"wp","href":"https:\/\/api.w.org\/{rel}","templated":true}]}}