{"id":22125,"date":"2018-01-02T01:05:40","date_gmt":"2018-01-02T01:05:40","guid":{"rendered":"http:\/\/biblian.is\/videy\/siraksbok-31-kafli\/"},"modified":"2018-01-02T01:05:40","modified_gmt":"2018-01-02T01:05:40","slug":"siraksbok-31-kafli","status":"publish","type":"page","link":"https:\/\/biblian.is\/videy\/siraksbok-31-kafli\/","title":{"rendered":"S\u00edraksb\u00f3k 31. kafli"},"content":{"rendered":"<div class=\"fyrirsognVidey\">Um au\u00f0 og hans br\u00fakun; samt um heg\u00f0an \u00ed samdrykkjum.<\/div>\n<p><a name=\"1\"><span class=\"versanumer\">1<\/span><\/a>Svefnleysi sakir au\u00f0s ey\u00f0ir l\u00edkamanum, og umhyggja fyrir honum f\u00e6lir burt svefninn.<a name=\"2\"><span class=\"versanumer\">2<\/span><\/a>Svefnleysis\u00e1hyggja fj\u00e6rl\u00e6gir blund, eins og \u00feungur sj\u00fakleiki f\u00e6lir burt svefn.<a name=\"3\"><span class=\"versanumer\">3<\/span><\/a>S\u00e1 r\u00edki hefir erfi\u00f0a\u00f0 og hr\u00faga\u00f0 saman au\u00f0, og \u00feegar hann er afl\u00e1tinn, n\u00fdtur hann s\u00edns s\u00e6ll\u00edfis r\u00edkuglega.<a name=\"4\"><span class=\"versanumer\">4<\/span><\/a>S\u00e1 f\u00e1t\u00e6ki hefir erfi\u00f0a\u00f0 s\u00f6kum skorts \u00e1 l\u00edfsuppeldi, og \u00fe\u00e1 hann h\u00e6ttir, ver\u00f0ur hann \u00feurfama\u00f0ur.<a name=\"5\"><span class=\"versanumer\">5<\/span><\/a>Hv\u00f6r sem elskar gulli\u00f0, ver\u00f0ur ei fr\u00ed vi\u00f0 rangindi, og hv\u00f6r, sem leitar ska\u00f0semdar, mun n\u00f3g af henni f\u00e1.<a name=\"6\"><span class=\"versanumer\">6<\/span><\/a>Margir rata \u00ed slys s\u00f6kum gullsins, og \u00feeir s\u00e1u sj\u00e1lfir bers\u00fdnilega s\u00edna ey\u00f0ileggingu.<a name=\"7\"><span class=\"versanumer\">7<\/span><\/a>\u00dea\u00f0 er \u00feeim \u00e1steytingartr\u00e9, sem \u00fev\u00ed f\u00e6ra f\u00f3rnir; og s\u00e9rhv\u00f6r heimskingi ver\u00f0ur af \u00fev\u00ed tekin til fanga.<a name=\"8\"><span class=\"versanumer\">8<\/span><\/a>S\u00e6ll er s\u00e1 r\u00edkisma\u00f0ur sem finnst \u00f3straffanlegur og s\u00e1 sem ekki gengur eftir gulli;<a name=\"9\"><span class=\"versanumer\">9<\/span><\/a>Hv\u00f6r er s\u00e1, a\u00f0 v\u00e9r vegs\u00f6mum hann? \u00fev\u00ed hann hefir gj\u00f6rt \u00fea\u00f0 sem er a\u00f0d\u00e1anlegt, me\u00f0al s\u00edns f\u00f3lks.<a name=\"10\"><span class=\"versanumer\">10<\/span><\/a>Hv\u00f6r er af enu sama pr\u00f3fa\u00f0ur og algj\u00f6r fundinn? Hafi s\u00e1 hr\u00f3s! Hv\u00f6r gat yfirtro\u00f0i\u00f0, og yfirtr\u00f3\u00f0 ekki, gj\u00f6rt illt, og gj\u00f6r\u00f0i \u00fea\u00f0 ekki?<a name=\"11\"><span class=\"versanumer\">11<\/span><\/a>\u00d3h\u00e6tt er au\u00f0\u00e6fum \u00feess <span class='VideyAth'>(manns)<\/span>, og s\u00f6fnu\u00f0urinn mun kunngj\u00f6ra hans velgj\u00f6r\u00f0ir. <br \/><a name=\"12\"><span class=\"versanumer\">12<\/span><\/a>Sitjir \u00fe\u00fa vi\u00f0 r\u00edkuglegt bor\u00f0, svo vertu ei g\u00edrugur,<a name=\"13\"><span class=\"versanumer\">13<\/span><\/a>og seg ekki: miki\u00f0 er \u00e1 \u00feessu bor\u00f0i!<a name=\"14\"><span class=\"versanumer\">14<\/span><\/a>Hugsa \u00fe\u00fa til \u00feess, a\u00f0 \u00f6fundsj\u00fakt auga er skammarlegt.<a name=\"15\"><span class=\"versanumer\">15<\/span><\/a><span class='VideyAth'>(Hva\u00f0 er \u00f6fundsj\u00fakara skapa\u00f0 en auga\u00f0? \u00fev\u00ed hellir \u00fea\u00f0 t\u00e1rum ni\u00f0ur um allt andliti\u00f0)<\/span>.<a name=\"16\"><span class=\"versanumer\">16<\/span><\/a>Ekki skaltu r\u00e9tta h\u00f6ndina \u00feanga\u00f0 sem \u00fea\u00f0 l\u00edtur, og \u00fereng \u00fe\u00e9r ekki me\u00f0 \u00fev\u00ed \u00ed fati\u00f0.<a name=\"17\"><span class=\"versanumer\">17<\/span><\/a>M\u00e6l \u00f3sk \u00fe\u00edns n\u00e1unga eftir \u00feinni,<a name=\"18\"><span class=\"versanumer\">18<\/span><\/a>og \u00ed allri heg\u00f0an \u00fe\u00e1 br\u00faka yfirvegan.<a name=\"19\"><span class=\"versanumer\">19<\/span><\/a>Et sem ma\u00f0ur \u00fea\u00f0 sem fyrir \u00feig ver\u00f0ur lagt, og hvoma ei \u00ed \u00feig, svo \u00fe\u00fa ver\u00f0ir ei hata\u00f0ur.<a name=\"20\"><span class=\"versanumer\">20<\/span><\/a>H\u00e6ttu fyrstur fyrir h\u00e6versku sakir, og vertu ei \u00f3se\u00f0janlegur, svo \u00fe\u00fa gefir enga \u00e1steytingu.<a name=\"21\"><span class=\"versanumer\">21<\/span><\/a>\u00deegar \u00fe\u00fa situr til bor\u00f0s me\u00f0 fleirum, svo r\u00e9ttu ei fyrstur \u00fat h\u00f6ndina.<a name=\"22\"><span class=\"versanumer\">22<\/span><\/a>Si\u00f0a\u00f0ur ma\u00f0ur s\u00e9r l\u00edti\u00f0 duga, og hann m\u00e1sar ekki \u00e1 sinni s\u00e6ng.<a name=\"23\"><span class=\"versanumer\">23<\/span><\/a>Hollur er svefn me\u00f0 h\u00f3fs\u00f6mum maga, \u00fe\u00e1 er snemma \u00e1 f\u00e6tur fari\u00f0, og hugurinn er \u00fe\u00e1 heima.<a name=\"24\"><span class=\"versanumer\">24<\/span><\/a>M\u00e6\u00f0uleg andvaka, uppk\u00f6st og innant\u00f6kur <span class='VideyAth'>(heims\u00e6kja)<\/span> ofneyslu mannsins.<a name=\"25\"><span class=\"versanumer\">25<\/span><\/a>Hafir \u00fe\u00fa veri\u00f0 neyddur vi\u00f0 \u00e1ti\u00f0, \u00fe\u00e1 stattu upp, gakk burt, og tak inn upps\u00f6lume\u00f0al, svo h\u00e6gir \u00fe\u00e9r. <br \/><a name=\"26\"><span class=\"versanumer\">26<\/span><\/a>Heyr \u00fe\u00fa mig, barn, og forsm\u00e1 mig ekki, og seinna muntu m\u00edn or\u00f0 s\u00f6nn finna.<a name=\"27\"><span class=\"versanumer\">27<\/span><\/a>Vertu kviklegur vi\u00f0 \u00f6ll \u00fe\u00edn verk, svo mun enginn sj\u00fakleikur hitta \u00feig.<a name=\"28\"><span class=\"versanumer\">28<\/span><\/a>Varirnar lofa \u00feann sem veitir yfirgn\u00e6fanlegan mat, og hann er viss um a\u00f0 f\u00e1 hr\u00f3s fyrir g\u00f3\u00f0semi.<a name=\"29\"><span class=\"versanumer\">29<\/span><\/a>Um \u00feann sem sparar mat, m\u00f6glar sta\u00f0urinn, og or\u00f0r\u00f3mur hans n\u00edsku er sj\u00e1lfsag\u00f0ur. <br \/><a name=\"30\"><span class=\"versanumer\">30<\/span><\/a>S\u00fdndu ei \u00fe\u00edna hreysti \u00e1 v\u00edninu; \u00fev\u00ed margan hefir v\u00edni\u00f0 fellt.<a name=\"31\"><span class=\"versanumer\">31<\/span><\/a>Aflinn reynir j\u00e1rni\u00f0 \u00fe\u00e1 \u00fea\u00f0 er hert, eins v\u00edni\u00f0 hj\u00f6rtun \u00ed deilu ofl\u00e1tunganna.<a name=\"32\"><span class=\"versanumer\">32<\/span><\/a>V\u00edni\u00f0 er manninum l\u00edfsstyrking, s\u00e9 \u00fea\u00f0 h\u00f3flega drukki\u00f0.<a name=\"33\"><span class=\"versanumer\">33<\/span><\/a>Hva\u00f0a l\u00edf er \u00fea\u00f0, vanti v\u00edn?<a name=\"34\"><span class=\"versanumer\">34<\/span><\/a>\u00dea\u00f0 er vissulega m\u00f6nnum til fagna\u00f0ar skapa\u00f0.<a name=\"35\"><span class=\"versanumer\">35<\/span><\/a>V\u00edni\u00f0 \u00e1 r\u00e9ttum t\u00edma drukki\u00f0 til n\u00e6gju, er f\u00f6gnu\u00f0ur hjartans og unun s\u00e1larinnar.<a name=\"36\"><span class=\"versanumer\">36<\/span><\/a>Of mikil v\u00edndrykkja aflar hjartans trega sakir ertni og \u00f3happa.<a name=\"37\"><span class=\"versanumer\">37<\/span><\/a>Drykkjuskapur tendrar rei\u00f0i heimskingjans til m\u00f3\u00f0gunar,<a name=\"38\"><span class=\"versanumer\">38<\/span><\/a>r\u00fdrir hans m\u00e1tt og bakar \u00e1verka. 38. Brigsla ei \u00fe\u00ednum n\u00e1unga vi\u00f0 samdrykkju, og forsm\u00e1 hann ei \u00ed hans f\u00f6gnu\u00f0i. 40. Seg honum ekkert h\u00e1\u00f0yr\u00f0i, og gakk ei a\u00f0 honum me\u00f0 skulda kr\u00f6fu.<\/p>\n<div class=\"footnoteVidey\">V. 14. Sneypunni; a\u00f0r: feilnisseminni.<\/div>\n","protected":false},"excerpt":{"rendered":"<p>Um au\u00f0 og hans br\u00fakun; samt um heg\u00f0an \u00ed samdrykkjum. 1Svefnleysi sakir au\u00f0s ey\u00f0ir l\u00edkamanum, og umhyggja fyrir honum f\u00e6lir burt svefninn.2Svefnleysis\u00e1hyggja fj\u00e6rl\u00e6gir blund, eins og \u00feungur sj\u00fakleiki f\u00e6lir burt svefn.3S\u00e1 r\u00edki hefir erfi\u00f0a\u00f0 og hr\u00faga\u00f0 saman au\u00f0, og \u00feegar hann er afl\u00e1tinn, n\u00fdtur hann s\u00edns s\u00e6ll\u00edfis r\u00edkuglega.4S\u00e1 f\u00e1t\u00e6ki hefir erfi\u00f0a\u00f0 s\u00f6kum skorts \u00e1 l\u00edfsuppeldi, og \u00fe\u00e1 hann h\u00e6ttir, ver\u00f0ur hann \u00feurfama\u00f0ur.5Hv\u00f6r sem elskar gulli\u00f0, ver\u00f0ur ei fr\u00ed vi\u00f0 rangindi, og hv\u00f6r, sem leitar ska\u00f0semdar, mun n\u00f3g af henni f\u00e1.6Margir rata \u00ed slys s\u00f6kum gullsins, og \u00feeir s\u00e1u sj\u00e1lfir bers\u00fdnilega s\u00edna ey\u00f0ileggingu.7\u00dea\u00f0 er \u00feeim \u00e1steytingartr\u00e9, sem \u00fev\u00ed f\u00e6ra f\u00f3rnir; og <a href=\"https:\/\/biblian.is\/videy\/siraksbok-31-kafli\/\"> [&#8230;]<\/a><\/p>\n","protected":false},"author":1,"featured_media":0,"parent":0,"menu_order":0,"comment_status":"open","ping_status":"open","template":"bibliukaflar.php","meta":{"footnotes":""},"class_list":["post-22125","page","type-page","status-publish","hentry"],"_links":{"self":[{"href":"https:\/\/biblian.is\/videy\/wp-json\/wp\/v2\/pages\/22125","targetHints":{"allow":["GET"]}}],"collection":[{"href":"https:\/\/biblian.is\/videy\/wp-json\/wp\/v2\/pages"}],"about":[{"href":"https:\/\/biblian.is\/videy\/wp-json\/wp\/v2\/types\/page"}],"author":[{"embeddable":true,"href":"https:\/\/biblian.is\/videy\/wp-json\/wp\/v2\/users\/1"}],"replies":[{"embeddable":true,"href":"https:\/\/biblian.is\/videy\/wp-json\/wp\/v2\/comments?post=22125"}],"version-history":[{"count":0,"href":"https:\/\/biblian.is\/videy\/wp-json\/wp\/v2\/pages\/22125\/revisions"}],"wp:attachment":[{"href":"https:\/\/biblian.is\/videy\/wp-json\/wp\/v2\/media?parent=22125"}],"curies":[{"name":"wp","href":"https:\/\/api.w.org\/{rel}","templated":true}]}}