{"id":22124,"date":"2018-01-02T01:05:40","date_gmt":"2018-01-02T01:05:40","guid":{"rendered":"http:\/\/biblian.is\/videy\/siraksbok-30-kafli\/"},"modified":"2018-01-02T01:05:40","modified_gmt":"2018-01-02T01:05:40","slug":"siraksbok-30-kafli","status":"publish","type":"page","link":"https:\/\/biblian.is\/videy\/siraksbok-30-kafli\/","title":{"rendered":"S\u00edraksb\u00f3k 30. kafli"},"content":{"rendered":"<div class=\"fyrirsognVidey\">Um aga og menntun, heilsu og gla\u00f0lyndi.<\/div>\n<p><a name=\"1\"><span class=\"versanumer\">1<\/span><\/a>S\u00e1 sem elskar sinn son, hefir hann \u00e1vallt undir vendinum, til \u00feess hann loksins hafi gle\u00f0i af honum.<a name=\"2\"><span class=\"versanumer\">2<\/span><\/a>S\u00e1 sem hefir son sinn undir aga, mun gagn af honum hafa, og getur me\u00f0al kunningja hr\u00f3sa\u00f0 s\u00e9r af honum.<a name=\"3\"><span class=\"versanumer\">3<\/span><\/a>Hv\u00f6r sem menntar sinn son, gj\u00f6rir \u00f3vin sinn \u00f6fundsj\u00fakan, og \u00ed augs\u00fdn sinna vina getur hann haft f\u00f6gnu\u00f0 af honum.<a name=\"4\"><span class=\"versanumer\">4<\/span><\/a>\u00de\u00f3 fa\u00f0ir hans s\u00e9 d\u00e1inn, er \u00fea\u00f0 sem hann v\u00e6ri ekki dau\u00f0ur; \u00fev\u00ed hann hefir eftirskili\u00f0 s\u00edna \u00edmynd.<a name=\"5\"><span class=\"versanumer\">5<\/span><\/a>Me\u00f0an hann lif\u00f0i, s\u00e1 hann hann og gladdi sig, og \u00feegar hann d\u00f3, \u00feurfti hann ekki a\u00f0 syrgja.<a name=\"6\"><span class=\"versanumer\">6<\/span><\/a>Hefndarmann eftirskilur hann s\u00ednum \u00f3vinum, og s\u00ednum vinum velgj\u00f6r\u00f0aumbunara.<a name=\"7\"><span class=\"versanumer\">7<\/span><\/a>Hv\u00f6r sem hefir d\u00e1l\u00e6ti \u00e1 syni s\u00ednum, bindur um hans s\u00e1r, og vi\u00f0 hv\u00f6rt hans hlj\u00f3\u00f0 kemst hann vi\u00f0 me\u00f0 sj\u00e1lfum s\u00e9r.<a name=\"8\"><span class=\"versanumer\">8<\/span><\/a>\u00d3taminn hestur ver\u00f0ur baldst\u00fdrugur, og sj\u00e1lfr\u00e1\u00f0ur sonur ver\u00f0ur hugsunarlaus.<a name=\"9\"><span class=\"versanumer\">9<\/span><\/a>Haf\u00f0u bl\u00ed\u00f0l\u00e6ti vi\u00f0 \u00feitt barn og \u00fea\u00f0 mun hr\u00e6\u00f0a \u00feig, leik vi\u00f0 \u00fea\u00f0 svo mun \u00fea\u00f0 hryggja \u00feig.<a name=\"10\"><span class=\"versanumer\">10<\/span><\/a>Gamna \u00fe\u00e9r ekki vi\u00f0 \u00fea\u00f0, svo \u00fe\u00fa syrgir ekki me\u00f0 \u00fev\u00ed, og ver\u00f0ir seinast a\u00f0 n\u00edsta t\u00f6nnum.<a name=\"11\"><span class=\"versanumer\">11<\/span><\/a>L\u00e1t \u00fea\u00f0 ei hafa sinn vilja \u00ed ungd\u00e6minu, og halt \u00fev\u00ed ei til g\u00f3\u00f0a hviklyndi\u00f0.<a name=\"12\"><span class=\"versanumer\">12<\/span><\/a>Beyg \u00feess h\u00e1ls \u00ed \u00e6skunni, og gj\u00f6r \u00feess bak bl\u00e1tt me\u00f0an \u00fea\u00f0 enn n\u00fa er l\u00edti\u00f0, svo \u00fea\u00f0 ekki, \u00feegar \u00fea\u00f0 st\u00e1lpast, ver\u00f0i \u00fe\u00e9r \u00f3hl\u00fd\u00f0i\u00f0.<a name=\"13\"><span class=\"versanumer\">13<\/span><\/a>Aga \u00feinn son, og leg\u00f0u \u00feig til vi\u00f0 hann, svo \u00fe\u00fa hafir ei m\u00e6\u00f0u af hans sk\u00f6mm.<br \/><a name=\"14\"><span class=\"versanumer\">14<\/span><\/a>Betra er a\u00f0 vera f\u00e1t\u00e6kur og heilbrig\u00f0ur og hraustur, heldur en r\u00edkur og undir eins kvalinn \u00e1 l\u00edkamanum.<a name=\"15\"><span class=\"versanumer\">15<\/span><\/a>G\u00f3\u00f0 heilsa og heilbrig\u00f0i er betra en allt gull, og kr\u00f6ftugur l\u00edkami betri en mikil au\u00f0\u00e6fi.<a name=\"16\"><span class=\"versanumer\">16<\/span><\/a>Engin meiri au\u00f0ur er til en heilbrig\u00f0i l\u00edkamans, og enginn f\u00f6gnu\u00f0ur tekur fram hjartans f\u00f6gnu\u00f0i.<a name=\"17\"><span class=\"versanumer\">17<\/span><\/a>Betri er dau\u00f0i en beiskt l\u00edf, en varanlegur sj\u00fakleiki.<a name=\"18\"><span class=\"versanumer\">18<\/span><\/a>Lj\u00fafmeti bori\u00f0 a\u00f0 loku\u00f0um munni\u2014R\u00e9ttir matar settir \u00e1 gr\u00f6f <span class='VideyAth'>(\u00feess dau\u00f0a)<\/span>.<a name=\"19\"><span class=\"versanumer\">19<\/span><\/a>Til hv\u00f6rs gagn er go\u00f0inu f\u00f3rnin? \u00fev\u00ed \u00fea\u00f0 getur hv\u00f6rki eti\u00f0 n\u00e9 lykt fundi\u00f0.<a name=\"20\"><span class=\"versanumer\">20<\/span><\/a>Svo er \u00feeim vari\u00f0 sem Herrann ofs\u00e6kir <span class='VideyAth'>(me\u00f0 sj\u00fakd\u00f3mi)<\/span>.<a name=\"21\"><span class=\"versanumer\">21<\/span><\/a>Hann s\u00e9r \u00fea\u00f0 me\u00f0 augunum og andvarpar eins og geldingurinn, sem fa\u00f0mar meyjuna og andvarpar. <br \/><a name=\"22\"><span class=\"versanumer\">22<\/span><\/a>Framsel ei s\u00e1l \u00fe\u00edna hrygg\u00f0inni og p\u00edn ei sj\u00e1lfan \u00feig me\u00f0 \u00fe\u00ednum hugsunum.<a name=\"23\"><span class=\"versanumer\">23<\/span><\/a>Gla\u00f0v\u00e6r\u00f0 hjartans er mannsins l\u00edf, og gla\u00f0sinni mannsins er l\u00edfsins lenging.<a name=\"24\"><span class=\"versanumer\">24<\/span><\/a>Elska \u00feitt l\u00edf, hugga \u00feitt hjarta og halt hrygg\u00f0inni langt fr\u00e1 \u00fe\u00e9r.<a name=\"25\"><span class=\"versanumer\">25<\/span><\/a>Hrygg\u00f0in hefir margann drepi\u00f0 og ekkert gagn er a\u00f0 henni.<a name=\"26\"><span class=\"versanumer\">26<\/span><\/a>\u00d6fund og rei\u00f0i stytta dagana, og hrygg\u00f0in kemur me\u00f0 ellina fyrir t\u00edmann.<a name=\"27\"><span class=\"versanumer\">27<\/span><\/a>H\u00fdrt og glatt hjarta l\u00e6tur s\u00e9r annt um s\u00edna r\u00e9tti matar.<\/p>\n<div class=\"footnoteVidey\"><\/div>\n","protected":false},"excerpt":{"rendered":"<p>Um aga og menntun, heilsu og gla\u00f0lyndi. 1S\u00e1 sem elskar sinn son, hefir hann \u00e1vallt undir vendinum, til \u00feess hann loksins hafi gle\u00f0i af honum.2S\u00e1 sem hefir son sinn undir aga, mun gagn af honum hafa, og getur me\u00f0al kunningja hr\u00f3sa\u00f0 s\u00e9r af honum.3Hv\u00f6r sem menntar sinn son, gj\u00f6rir \u00f3vin sinn \u00f6fundsj\u00fakan, og \u00ed augs\u00fdn sinna vina getur hann haft f\u00f6gnu\u00f0 af honum.4\u00de\u00f3 fa\u00f0ir hans s\u00e9 d\u00e1inn, er \u00fea\u00f0 sem hann v\u00e6ri ekki dau\u00f0ur; \u00fev\u00ed hann hefir eftirskili\u00f0 s\u00edna \u00edmynd.5Me\u00f0an hann lif\u00f0i, s\u00e1 hann hann og gladdi sig, og \u00feegar hann d\u00f3, \u00feurfti hann ekki a\u00f0 syrgja.6Hefndarmann eftirskilur hann s\u00ednum <a href=\"https:\/\/biblian.is\/videy\/siraksbok-30-kafli\/\"> [&#8230;]<\/a><\/p>\n","protected":false},"author":1,"featured_media":0,"parent":0,"menu_order":0,"comment_status":"open","ping_status":"open","template":"bibliukaflar.php","meta":{"footnotes":""},"class_list":["post-22124","page","type-page","status-publish","hentry"],"_links":{"self":[{"href":"https:\/\/biblian.is\/videy\/wp-json\/wp\/v2\/pages\/22124","targetHints":{"allow":["GET"]}}],"collection":[{"href":"https:\/\/biblian.is\/videy\/wp-json\/wp\/v2\/pages"}],"about":[{"href":"https:\/\/biblian.is\/videy\/wp-json\/wp\/v2\/types\/page"}],"author":[{"embeddable":true,"href":"https:\/\/biblian.is\/videy\/wp-json\/wp\/v2\/users\/1"}],"replies":[{"embeddable":true,"href":"https:\/\/biblian.is\/videy\/wp-json\/wp\/v2\/comments?post=22124"}],"version-history":[{"count":0,"href":"https:\/\/biblian.is\/videy\/wp-json\/wp\/v2\/pages\/22124\/revisions"}],"wp:attachment":[{"href":"https:\/\/biblian.is\/videy\/wp-json\/wp\/v2\/media?parent=22124"}],"curies":[{"name":"wp","href":"https:\/\/api.w.org\/{rel}","templated":true}]}}