{"id":22123,"date":"2018-01-02T01:05:40","date_gmt":"2018-01-02T01:05:40","guid":{"rendered":"http:\/\/biblian.is\/videy\/siraksbok-29-kafli\/"},"modified":"2018-01-02T01:05:40","modified_gmt":"2018-01-02T01:05:40","slug":"siraksbok-29-kafli","status":"publish","type":"page","link":"https:\/\/biblian.is\/videy\/siraksbok-29-kafli\/","title":{"rendered":"S\u00edraksb\u00f3k 29. kafli"},"content":{"rendered":"<div class=\"fyrirsognVidey\"><\/div>\n<p><a name=\"1\"><span class=\"versanumer\">1<\/span><\/a>Hv\u00f6r sem i\u00f0kar miskunnsemi, s\u00e1 l\u00e1nar s\u00ednum n\u00e1unga; og hv\u00f6r sem sty\u00f0ur me\u00f0 sinni hendi, s\u00e1 heldur bo\u00f0or\u00f0in.<a name=\"2\"><span class=\"versanumer\">2<\/span><\/a>L\u00e1na \u00fe\u00ednum n\u00e1unga, \u00feegar honum liggur \u00e1, og \u00e1 hina s\u00ed\u00f0una, borga \u00fe\u00ednum n\u00e1unga aftur, \u00e1 tilteknum t\u00edma.<a name=\"3\"><span class=\"versanumer\">3<\/span><\/a>Haltu or\u00f0, og vertu honum tr\u00far, svo finnur \u00fe\u00fa, n\u00e6r sem vera skal, \u00fe\u00edna nau\u00f0\u00feurft.<a name=\"4\"><span class=\"versanumer\">4<\/span><\/a>Margir \u00e1l\u00edta l\u00e1n sem fund og gj\u00f6ra \u00feeim erfitt sem \u00feeim hj\u00e1lpa.<a name=\"5\"><span class=\"versanumer\">5<\/span><\/a>\u00deanga\u00f0 til ma\u00f0urinn f\u00e6r \u00fea\u00f0, kyssir hann \u00e1 hans h\u00f6nd, og talar au\u00f0mj\u00faklega s\u00f6kum peninga n\u00e1ungans.<a name=\"6\"><span class=\"versanumer\">6<\/span><\/a>En \u00feegar aftur skal gjalda, sk\u00fdtur hann \u00e1 frest, grei\u00f0ir vi\u00f0berjur, kennir um kringumst\u00e6\u00f0unum.<a name=\"7\"><span class=\"versanumer\">7<\/span><\/a>\u00de\u00f3 hann geti, kemur hann varla aftur me\u00f0 helfinginn, og reiknar \u00fea\u00f0 sem fund <span class='VideyAth'>(s\u00ednum l\u00e1nadrottni)<\/span>;<a name=\"8\"><span class=\"versanumer\">8<\/span><\/a>en ef ekki, svo sv\u00edkur hann hann um peningana, og hann hefir \u00e1n orsaka fengi\u00f0 hann fyrir \u00f3vin.<a name=\"9\"><span class=\"versanumer\">9<\/span><\/a>Hann launar honum me\u00f0 bl\u00f3ti og skammaryr\u00f0um, og \u00ed sta\u00f0 vir\u00f0ingar endurgeldur hann me\u00f0 sm\u00e1n.<a name=\"10\"><span class=\"versanumer\">10<\/span><\/a>Margir neisegja sakir <span class='VideyAth'>(mannanna)<\/span> vonsku, \u00feeir kv\u00ed\u00f0a \u00fev\u00ed a\u00f0 f\u00e9flettast a\u00f0 nau\u00f0alausu.<a name=\"11\"><span class=\"versanumer\">11<\/span><\/a>Haf\u00f0u samt \u00feolinm\u00e6\u00f0i vi\u00f0 \u00feann sem b\u00e1gt \u00e1, og drag \u00fe\u00fa hann ekki \u00e1 velgj\u00f6r\u00f0inni.<a name=\"12\"><span class=\"versanumer\">12<\/span><\/a>Hj\u00e1lpa \u00feeim f\u00e1t\u00e6ka, s\u00f6kum bo\u00f0or\u00f0sins, og l\u00e1ttu hann ei fara t\u00f3mhentan fr\u00e1 \u00fe\u00e9r \u00ed hans nau\u00f0syn.<a name=\"13\"><span class=\"versanumer\">13<\/span><\/a>Sj\u00e1 \u00fe\u00fa heldur af peningum sakir br\u00f3\u00f0urs og vinar, og l\u00e1t \u00fe\u00e1 ei ry\u00f0ga og skemmast \u00ed grj\u00f3ti.<a name=\"14\"><span class=\"versanumer\">14<\/span><\/a>Safna \u00fe\u00e9r sj\u00f3\u00f0i eftir bo\u00f0i hins \u00e6\u00f0sta, \u00fea\u00f0 mun f\u00e6ra \u00fe\u00e9r meiri \u00e1g\u00f3\u00f0a en gulli\u00f0.<a name=\"15\"><span class=\"versanumer\">15<\/span><\/a>L\u00e6stu velgj\u00f6r\u00f0inni inni \u00ed \u00feinni fj\u00e1rhirslu, og h\u00fan mun frelsa \u00feig \u00far allri \u00f3hamingju.<a name=\"16\"><span class=\"versanumer\">16<\/span><\/a>Betur en sterkur skj\u00f6ldur, og betur en \u00f6flugt spj\u00f3t,<a name=\"17\"><span class=\"versanumer\">17<\/span><\/a>mun h\u00fan m\u00f3ti fjandmanninum fyrir \u00feig str\u00ed\u00f0a. <br \/><a name=\"18\"><span class=\"versanumer\">18<\/span><\/a>G\u00f3\u00f0ur ma\u00f0ur gengur \u00ed borgun fyrir sinn n\u00e1unga,<a name=\"19\"><span class=\"versanumer\">19<\/span><\/a>og hv\u00f6r sem alla feilni hefir misst, l\u00e6tur hann eiga sig.<a name=\"20\"><span class=\"versanumer\">20<\/span><\/a>Gleym ei velgj\u00f6r\u00f0 borgunarmannsins;<a name=\"21\"><span class=\"versanumer\">21<\/span><\/a>\u00fev\u00ed hann hefir ve\u00f0sett sig fyrir \u00feig.<a name=\"22\"><span class=\"versanumer\">22<\/span><\/a>Syndarinn f\u00e9flettir sinn borgunarmann,<a name=\"23\"><span class=\"versanumer\">23<\/span><\/a>og s\u00e1 sem hefir \u00f3\u00feakkl\u00e1tt hjarta, l\u00e6tur \u00feann sitja \u00ed ska\u00f0anum, sem honum hefir bjarga\u00f0.<a name=\"24\"><span class=\"versanumer\">24<\/span><\/a>A\u00f0 ganga \u00ed borgun hefir margan r\u00edkan f\u00e9flett og hraki\u00f0 hinga\u00f0 og \u00feanga\u00f0, sem bylgjur sj\u00e1varins.<a name=\"25\"><span class=\"versanumer\">25<\/span><\/a>Volduga hefir \u00fea\u00f0 a\u00f0 heiman reki\u00f0, svo a\u00f0 \u00feeir hafa or\u00f0i\u00f0 a\u00f0 hrekjast um kring me\u00f0al \u00fatlendra l\u00fd\u00f0a.<a name=\"26\"><span class=\"versanumer\">26<\/span><\/a>Syndarinn steypir s\u00e9r \u00ed \u00e1byrg\u00f0, og s\u00e1 sem f\u00e6rist miki\u00f0 \u00ed fang ver\u00f0ur fyrir hegningu.<a name=\"27\"><span class=\"versanumer\">27<\/span><\/a>Hj\u00e1lpa n\u00e1unga \u00fe\u00ednum eftir efnum; en sj\u00e1 svo til, a\u00f0 \u00fe\u00fa ekki steypir \u00fe\u00e9r. <br \/><a name=\"28\"><span class=\"versanumer\">28<\/span><\/a>H\u00f6fu\u00f0\u00fe\u00f6rf l\u00edfsins er vatn og brau\u00f0, og kl\u00e6\u00f0na\u00f0ur og h\u00fas sem sk\u00fdlir nektinni.<a name=\"29\"><span class=\"versanumer\">29<\/span><\/a>Betra er l\u00edf hins f\u00e1t\u00e6ka undir fjala\u00feaki, heldur en d\u00fdr\u00f0leg m\u00e1lt\u00ed\u00f0 \u00ed annarra h\u00edb\u00fdlum.<a name=\"30\"><span class=\"versanumer\">30<\/span><\/a>Vertu \u00e1n\u00e6g\u00f0ur me\u00f0 l\u00edti\u00f0 og miki\u00f0. \u00dea\u00f0 er sl\u00e6mt l\u00edf a\u00f0 ganga h\u00fas \u00far h\u00fasi.<a name=\"31\"><span class=\"versanumer\">31<\/span><\/a>Og \u00fear sem ma\u00f0ur er framandi m\u00e1 hann ekki munninum upplj\u00faka.<a name=\"32\"><span class=\"versanumer\">32<\/span><\/a>\u00de\u00fa ver\u00f0ur a\u00f0 veita mat og drykk \u00feakkarlaust og heyra \u00fear a\u00f0 auki bituryr\u00f0i:<a name=\"33\"><span class=\"versanumer\">33<\/span><\/a>\u201ekom h\u00e9r \u00fe\u00fa framandi ma\u00f0ur, tilrei\u00f0 \u00feitt bor\u00f0, og hafir \u00fe\u00fa eitthva\u00f0, svo gef m\u00e9r a\u00f0 eta!<a name=\"34\"><span class=\"versanumer\">34<\/span><\/a>far burt framandi ma\u00f0ur, og gef r\u00fam \u00f6\u00f0rum \u00e1litlegri! br\u00f3\u00f0ir minn er kominn, eg \u00fearf h\u00fassins vi\u00f0!\u201c<a name=\"35\"><span class=\"versanumer\">35<\/span><\/a>\u00d3\u00feolandi er sl\u00edkt manni, er tilfinningu hefir, br\u00edgslyr\u00f0i fyrir herbergi, og illyr\u00f0i fyrir a\u00f0 hafa \u00feegi\u00f0 l\u00e1n.<\/p>\n<div class=\"footnoteVidey\"><\/div>\n","protected":false},"excerpt":{"rendered":"<p>1Hv\u00f6r sem i\u00f0kar miskunnsemi, s\u00e1 l\u00e1nar s\u00ednum n\u00e1unga; og hv\u00f6r sem sty\u00f0ur me\u00f0 sinni hendi, s\u00e1 heldur bo\u00f0or\u00f0in.2L\u00e1na \u00fe\u00ednum n\u00e1unga, \u00feegar honum liggur \u00e1, og \u00e1 hina s\u00ed\u00f0una, borga \u00fe\u00ednum n\u00e1unga aftur, \u00e1 tilteknum t\u00edma.3Haltu or\u00f0, og vertu honum tr\u00far, svo finnur \u00fe\u00fa, n\u00e6r sem vera skal, \u00fe\u00edna nau\u00f0\u00feurft.4Margir \u00e1l\u00edta l\u00e1n sem fund og gj\u00f6ra \u00feeim erfitt sem \u00feeim hj\u00e1lpa.5\u00deanga\u00f0 til ma\u00f0urinn f\u00e6r \u00fea\u00f0, kyssir hann \u00e1 hans h\u00f6nd, og talar au\u00f0mj\u00faklega s\u00f6kum peninga n\u00e1ungans.6En \u00feegar aftur skal gjalda, sk\u00fdtur hann \u00e1 frest, grei\u00f0ir vi\u00f0berjur, kennir um kringumst\u00e6\u00f0unum.7\u00de\u00f3 hann geti, kemur hann varla aftur me\u00f0 helfinginn, og reiknar \u00fea\u00f0 sem <a href=\"https:\/\/biblian.is\/videy\/siraksbok-29-kafli\/\"> [&#8230;]<\/a><\/p>\n","protected":false},"author":1,"featured_media":0,"parent":0,"menu_order":0,"comment_status":"open","ping_status":"open","template":"bibliukaflar.php","meta":{"footnotes":""},"class_list":["post-22123","page","type-page","status-publish","hentry"],"_links":{"self":[{"href":"https:\/\/biblian.is\/videy\/wp-json\/wp\/v2\/pages\/22123","targetHints":{"allow":["GET"]}}],"collection":[{"href":"https:\/\/biblian.is\/videy\/wp-json\/wp\/v2\/pages"}],"about":[{"href":"https:\/\/biblian.is\/videy\/wp-json\/wp\/v2\/types\/page"}],"author":[{"embeddable":true,"href":"https:\/\/biblian.is\/videy\/wp-json\/wp\/v2\/users\/1"}],"replies":[{"embeddable":true,"href":"https:\/\/biblian.is\/videy\/wp-json\/wp\/v2\/comments?post=22123"}],"version-history":[{"count":0,"href":"https:\/\/biblian.is\/videy\/wp-json\/wp\/v2\/pages\/22123\/revisions"}],"wp:attachment":[{"href":"https:\/\/biblian.is\/videy\/wp-json\/wp\/v2\/media?parent=22123"}],"curies":[{"name":"wp","href":"https:\/\/api.w.org\/{rel}","templated":true}]}}