{"id":22122,"date":"2018-01-02T01:05:40","date_gmt":"2018-01-02T01:05:40","guid":{"rendered":"http:\/\/biblian.is\/videy\/siraksbok-28-kafli\/"},"modified":"2018-01-02T01:05:40","modified_gmt":"2018-01-02T01:05:40","slug":"siraksbok-28-kafli","status":"publish","type":"page","link":"https:\/\/biblian.is\/videy\/siraksbok-28-kafli\/","title":{"rendered":"S\u00edraksb\u00f3k 28. kafli"},"content":{"rendered":"<div class=\"fyrirsognVidey\"><\/div>\n<p><a name=\"1\"><span class=\"versanumer\">1<\/span><\/a>Hv\u00f6r sem hefnir s\u00edn, \u00e1 \u00feeim mun Drottinn aftur hefna; og hans syndir mun hann v\u00edsar geyma.<a name=\"2\"><span class=\"versanumer\">2<\/span><\/a>Fyrirgef \u00fe\u00ednum n\u00e1unga m\u00f3tgj\u00f6r\u00f0ina; \u00fe\u00e1 ver\u00f0a \u00fe\u00e9r, \u00feegar \u00fe\u00fa bi\u00f0ur, l\u00edka fyrirgefnar \u00fe\u00ednar syndir.<a name=\"3\"><span class=\"versanumer\">3<\/span><\/a>Einn ma\u00f0ur geymir \u00f6\u00f0rum rei\u00f0i, og leitar fyrirgefningar hj\u00e1 Drottni!<a name=\"4\"><span class=\"versanumer\">4<\/span><\/a>Vi\u00f0 mennina, s\u00edna l\u00edka, hefir hann enga miskunn, og bi\u00f0ur <span class='VideyAth'>(um miskunn)<\/span> sakir sinna synda.<a name=\"5\"><span class=\"versanumer\">5<\/span><\/a>Hann, sem er hold, geymir hatur: Hv\u00f6r mun fyrir hans syndir forl\u00edka? <br \/><a name=\"6\"><span class=\"versanumer\">6<\/span><\/a>Hugsa til endans, og h\u00e6ttu fjandskapnum;<a name=\"7\"><span class=\"versanumer\">7<\/span><\/a>til rotnunar og dau\u00f0a, og vertu st\u00f6\u00f0ugur vi\u00f0 bo\u00f0or\u00f0in.<a name=\"8\"><span class=\"versanumer\">8<\/span><\/a>Hugsa\u00f0u til bo\u00f0or\u00f0anna, og hata\u00f0u ekki n\u00e1ungann;<a name=\"9\"><span class=\"versanumer\">9<\/span><\/a>til s\u00e1ttam\u00e1la ens \u00e6\u00f0sta og taktu ei eftir vanviskunni.<a name=\"10\"><span class=\"versanumer\">10<\/span><\/a>L\u00e1t af k\u00edfni, \u00fe\u00e1 minnkar \u00fe\u00fa syndirnar;<a name=\"11\"><span class=\"versanumer\">11<\/span><\/a>\u00fev\u00ed rei\u00f0igjarn ma\u00f0ur kveikir deilur, og syndarinn truflar vini, og str\u00e1ir illm\u00e6lum milli \u00feeirra, sem lifa \u00ed fri\u00f0i.<a name=\"12\"><span class=\"versanumer\">12<\/span><\/a>\u00deess meira eldsneyti\u00f0 er, \u00fev\u00ed meir logar eldurinn; \u00feess meira mannsins vald, \u00fev\u00ed meiri mun hans rei\u00f0i vera; og \u00feess meiri au\u00f0urinn, \u00fev\u00ed h\u00e6rra st\u00edgur rei\u00f0in; og \u00feess \u00e1kafari \u00fer\u00e6tan, \u00fev\u00ed meir mun h\u00fan loga.<a name=\"13\"><span class=\"versanumer\">13<\/span><\/a>Br\u00e1\u00f0r\u00e6\u00f0is \u00e1greiningur, tendrar eld, og br\u00e1\u00f0r\u00e6\u00f0is k\u00edf \u00fathellir bl\u00f3\u00f0i.<a name=\"14\"><span class=\"versanumer\">14<\/span><\/a>Bl\u00e1sir \u00fe\u00fa \u00ed neistann, ver\u00f0ur hann a\u00f0 b\u00e1li; og sp\u00fdtir \u00fe\u00fa \u00e1 hann, kulnar hann \u00fat, og hv\u00f6rttveggja kemur \u00far \u00fe\u00ednum munni.<br \/><a name=\"15\"><span class=\"versanumer\">15<\/span><\/a>Form\u00e6ling ver\u00f0skuldar s\u00e1 s\u00f6gv\u00edsi og s\u00e1 sem hefir tv\u00e6r tungur, \u00fev\u00ed m\u00f6rgum, sem lif\u00f0u \u00ed fri\u00f0i, hafa \u00feeir fyrirfari\u00f0.<a name=\"16\"><span class=\"versanumer\">16<\/span><\/a>S\u00fa \u00feri\u00f0ja, tunga hefir m\u00f6rgum \u00e1 hrakning komi\u00f0, og reki\u00f0 fr\u00e1 \u00fej\u00f3\u00f0 til \u00fej\u00f3\u00f0ar;<a name=\"17\"><span class=\"versanumer\">17<\/span><\/a>hefir rifi\u00f0 ni\u00f0ur fastar borgir, og kollkasta\u00f0 mestu manna h\u00fasum.<a name=\"18\"><span class=\"versanumer\">18<\/span><\/a>S\u00fa \u00feri\u00f0ja tunga hefir \u00fatreki\u00f0 <span class='VideyAth'>(karlmannlegar)<\/span> duglegar konur,<a name=\"19\"><span class=\"versanumer\">19<\/span><\/a>og svipt \u00fe\u00e6r <span class='VideyAth'>(\u00f6llum)<\/span> \u00feeirra afla.<a name=\"20\"><span class=\"versanumer\">20<\/span><\/a>Hv\u00f6r sem \u00e1 hana hl\u00fd\u00f0ir, finnur enga r\u00f3, og b\u00fdr ekki \u00ed fri\u00f0i.<a name=\"21\"><span class=\"versanumer\">21<\/span><\/a>Svipuh\u00f6ggi\u00f0 hleypir upp bengar\u00f0i, en tunguh\u00f6ggi\u00f0 sundurmolar beinin.<a name=\"22\"><span class=\"versanumer\">22<\/span><\/a>Margir hafa falli\u00f0 fyrir sver\u00f0seggjum, en ekki eins margir og fallnir eru fyrir tungunni.<a name=\"23\"><span class=\"versanumer\">23<\/span><\/a>S\u00e6ll er s\u00e1, sem vaxinn er fyrir henni, sem ekki ver\u00f0ur fyrir hennar \u00e6\u00f0i, sem ekki dregur hennar ok, og ekki ver\u00f0ur fj\u00f6tra\u00f0ur hennar fj\u00f6trum!<a name=\"24\"><span class=\"versanumer\">24<\/span><\/a>\u00fev\u00ed hennar ok er j\u00e1rnok, og hennar fj\u00f6trar eru eir fj\u00f6trar.<a name=\"25\"><span class=\"versanumer\">25<\/span><\/a>\u00d3ttalegur dau\u00f0i er hennar dau\u00f0i, og helv\u00edti er \u00feolanlegra en h\u00fan.<a name=\"26\"><span class=\"versanumer\">26<\/span><\/a>H\u00fan drottnar ei yfir \u00feeim gu\u00f0r\u00e6knu, og \u00feeir brenna ekki \u00ed hennar loga.<a name=\"27\"><span class=\"versanumer\">27<\/span><\/a>\u00deeir sem yfirgefa Drottin, komast \u00e1 hennar vald, og \u00ed \u00feeim logar h\u00fan og slokknar ekki. Lausri er henni sleppt m\u00f3ti \u00feeim sem lj\u00f3ni, og h\u00fan sundurt\u00e6tir \u00fe\u00e1 sem pardusd\u00fdr. <br \/><a name=\"28\"><span class=\"versanumer\">28<\/span><\/a>Sj\u00e1, gir\u00f0 um kring eign \u00fe\u00edna me\u00f0 \u00feyrnum, bind saman \u00feitt silfur og gull.<a name=\"29\"><span class=\"versanumer\">29<\/span><\/a>En gj\u00f6r l\u00edka rei\u00f0slu og vog \u00fe\u00ednu tali og set hur\u00f0 me\u00f0 loku fyrir \u00feinn munn.<a name=\"30\"><span class=\"versanumer\">30<\/span><\/a>G\u00e6t \u00fe\u00edn a\u00f0 \u00feetta ver\u00f0i \u00fe\u00e9r ekki a\u00f0 hr\u00f6sun, og \u00fe\u00fa fallir fyrir \u00feeim, sem \u00feig umsitur.<\/p>\n<div class=\"footnoteVidey\">V. 16. S\u00fa \u00feri\u00f0ja: a\u00f0r: vond.<\/div>\n","protected":false},"excerpt":{"rendered":"<p>1Hv\u00f6r sem hefnir s\u00edn, \u00e1 \u00feeim mun Drottinn aftur hefna; og hans syndir mun hann v\u00edsar geyma.2Fyrirgef \u00fe\u00ednum n\u00e1unga m\u00f3tgj\u00f6r\u00f0ina; \u00fe\u00e1 ver\u00f0a \u00fe\u00e9r, \u00feegar \u00fe\u00fa bi\u00f0ur, l\u00edka fyrirgefnar \u00fe\u00ednar syndir.3Einn ma\u00f0ur geymir \u00f6\u00f0rum rei\u00f0i, og leitar fyrirgefningar hj\u00e1 Drottni!4Vi\u00f0 mennina, s\u00edna l\u00edka, hefir hann enga miskunn, og bi\u00f0ur (um miskunn) sakir sinna synda.5Hann, sem er hold, geymir hatur: Hv\u00f6r mun fyrir hans syndir forl\u00edka? 6Hugsa til endans, og h\u00e6ttu fjandskapnum;7til rotnunar og dau\u00f0a, og vertu st\u00f6\u00f0ugur vi\u00f0 bo\u00f0or\u00f0in.8Hugsa\u00f0u til bo\u00f0or\u00f0anna, og hata\u00f0u ekki n\u00e1ungann;9til s\u00e1ttam\u00e1la ens \u00e6\u00f0sta og taktu ei eftir vanviskunni.10L\u00e1t af k\u00edfni, \u00fe\u00e1 minnkar \u00fe\u00fa syndirnar;11\u00fev\u00ed rei\u00f0igjarn ma\u00f0ur <a href=\"https:\/\/biblian.is\/videy\/siraksbok-28-kafli\/\"> [&#8230;]<\/a><\/p>\n","protected":false},"author":1,"featured_media":0,"parent":0,"menu_order":0,"comment_status":"open","ping_status":"open","template":"bibliukaflar.php","meta":{"footnotes":""},"class_list":["post-22122","page","type-page","status-publish","hentry"],"_links":{"self":[{"href":"https:\/\/biblian.is\/videy\/wp-json\/wp\/v2\/pages\/22122","targetHints":{"allow":["GET"]}}],"collection":[{"href":"https:\/\/biblian.is\/videy\/wp-json\/wp\/v2\/pages"}],"about":[{"href":"https:\/\/biblian.is\/videy\/wp-json\/wp\/v2\/types\/page"}],"author":[{"embeddable":true,"href":"https:\/\/biblian.is\/videy\/wp-json\/wp\/v2\/users\/1"}],"replies":[{"embeddable":true,"href":"https:\/\/biblian.is\/videy\/wp-json\/wp\/v2\/comments?post=22122"}],"version-history":[{"count":0,"href":"https:\/\/biblian.is\/videy\/wp-json\/wp\/v2\/pages\/22122\/revisions"}],"wp:attachment":[{"href":"https:\/\/biblian.is\/videy\/wp-json\/wp\/v2\/media?parent=22122"}],"curies":[{"name":"wp","href":"https:\/\/api.w.org\/{rel}","templated":true}]}}