{"id":22121,"date":"2018-01-02T01:05:40","date_gmt":"2018-01-02T01:05:40","guid":{"rendered":"http:\/\/biblian.is\/videy\/siraksbok-27-kafli\/"},"modified":"2018-01-02T01:05:40","modified_gmt":"2018-01-02T01:05:40","slug":"siraksbok-27-kafli","status":"publish","type":"page","link":"https:\/\/biblian.is\/videy\/siraksbok-27-kafli\/","title":{"rendered":"S\u00edraksb\u00f3k 27. kafli"},"content":{"rendered":"<div class=\"fyrirsognVidey\">Sama efni.<\/div>\n<p><a name=\"1\"><span class=\"versanumer\">1<\/span><\/a>Margir syndga s\u00f6kum f\u00e1n\u00fdtra g\u00e6\u00f0a, og hv\u00f6r sem vill gr\u00e6\u00f0a, sn\u00fdr augum s\u00ednum fr\u00e1 <span class='VideyAth'>(\u00fev\u00ed r\u00e9tta)<\/span>.<a name=\"2\"><span class=\"versanumer\">2<\/span><\/a>Milli steina er nagli rekinn,<a name=\"3\"><span class=\"versanumer\">3<\/span><\/a>og milli kaups og fals \u00ferengir syndin s\u00e9r.<a name=\"4\"><span class=\"versanumer\">4<\/span><\/a>Haldi menn s\u00e9r ekki fast a\u00f0 \u00f3tta Drottins, mun \u00feeirra h\u00fas skj\u00f3tt ni\u00f0urrifi\u00f0 ver\u00f0a.<a name=\"5\"><span class=\"versanumer\">5<\/span><\/a>\u00deegar s\u00e1ldur er hrist, ver\u00f0ur rufli\u00f0 eftir: svolei\u00f0is mannsins \u00f3kl\u00e1rindi \u00ed hans tali.<a name=\"6\"><span class=\"versanumer\">6<\/span><\/a>Ofninn reynir ker leirsmi\u00f0sins, og mannsins pr\u00f3f er \u00ed hans tali.<a name=\"7\"><span class=\"versanumer\">7<\/span><\/a>\u00c1v\u00f6xtur tr\u00e9sins kunngj\u00f6rir \u00feess r\u00e6ktun, svolei\u00f0is tal mannsins, hans hjartans hugsanir.<a name=\"8\"><span class=\"versanumer\">8<\/span><\/a>Hr\u00f3sa engum manni \u00e1\u00f0ur en hann talar, \u00fev\u00ed <span class='VideyAth'>(tali\u00f0)<\/span> er mannanna pr\u00f3f.<a name=\"9\"><span class=\"versanumer\">9<\/span><\/a>Ef \u00fe\u00fa s\u00e6kist eftir r\u00e9ttl\u00e6tinu, muntu \u00fea\u00f0 finna, og \u00fev\u00ed \u00edkl\u00e6\u00f0ast, sem hei\u00f0ursb\u00faningi.<a name=\"10\"><span class=\"versanumer\">10<\/span><\/a>Fuglarnir hafa herbergi hj\u00e1 s\u00ednum l\u00edkum, og sannleikurinn kemur inn til \u00feeirra sem hann i\u00f0ka.<a name=\"11\"><span class=\"versanumer\">11<\/span><\/a>Lj\u00f3ni\u00f0 situr um br\u00e1\u00f0ina, eins syndin um \u00fe\u00e1 sem rangt i\u00f0ka.<a name=\"12\"><span class=\"versanumer\">12<\/span><\/a>Tal hinna gu\u00f0r\u00e6knu er \u00e6t\u00ed\u00f0 viska; en afglapinn breytist eins og tungli\u00f0.<a name=\"13\"><span class=\"versanumer\">13<\/span><\/a>Tak \u00fe\u00fa eftir t\u00edmanum \u00ed h\u00f3p afglapanna, en dvel \u00fe\u00fa \u00ed h\u00f3p hinna hyggnu.<a name=\"14\"><span class=\"versanumer\">14<\/span><\/a>Narranna tal er vi\u00f0bj\u00f3\u00f0ur og \u00feeirra hl\u00e1tur vi\u00f0 syndsamlegt svall.<a name=\"15\"><span class=\"versanumer\">15<\/span><\/a>Svardagar hinna g\u00e1lausu l\u00e1ta h\u00e1ri\u00f0 r\u00edsa \u00fe\u00e9r \u00e1 h\u00f6f\u00f0i, og l\u00edf \u00feeirra kemur \u00fe\u00e9r til a\u00f0 halda fyrir eyrun.<a name=\"16\"><span class=\"versanumer\">16<\/span><\/a>Str\u00ed\u00f0 hinna rangl\u00e1tu er bl\u00f3\u00f0s \u00fathelling, og \u00f3\u00feolandi er a\u00f0 heyra \u00feeirra lastyr\u00f0i. <br \/><a name=\"17\"><span class=\"versanumer\">17<\/span><\/a>\u00deeim tr\u00faa menn ekki sem upplj\u00f3star leyndarm\u00e1lum, og hann finnur engan vin sinni s\u00e1lu.<a name=\"18\"><span class=\"versanumer\">18<\/span><\/a>Elska \u00feinn vin og vertu honum tr\u00far.<a name=\"19\"><span class=\"versanumer\">19<\/span><\/a>Enn hafir \u00fe\u00fa opinbera\u00f0 hans leyndarm\u00e1l, \u00fe\u00e1 eltu hann ekki framar.<a name=\"20\"><span class=\"versanumer\">20<\/span><\/a>\u00dev\u00ed eins og ma\u00f0ur tort\u00ednir s\u00ednum \u00f3vin, svo hefir \u00fe\u00fa tort\u00ednt vinskap \u00fe\u00edns n\u00e1unga.<a name=\"21\"><span class=\"versanumer\">21<\/span><\/a>Og eins og \u00fe\u00fa sleppir fugli \u00fe\u00e9r \u00far hendi, svo hefir \u00fe\u00fa l\u00e1ti\u00f0 vin \u00feinn fara, og \u00fe\u00fa munt ei n\u00e1 honum aftur.<a name=\"22\"><span class=\"versanumer\">22<\/span><\/a>Far \u00fe\u00fa ekki eftir honum, hann er kominn langt \u00ed burt, hann er fl\u00fainn eins og r\u00e1d\u00fdr \u00far neti.<a name=\"23\"><span class=\"versanumer\">23<\/span><\/a>\u00dev\u00ed um s\u00e1r m\u00e1 binda og illyr\u00f0i m\u00e1 forl\u00edka;<a name=\"24\"><span class=\"versanumer\">24<\/span><\/a>en s\u00e1, sem upplj\u00f3star leyndarm\u00e1lum, hefir enga von.<br \/><a name=\"25\"><span class=\"versanumer\">25<\/span><\/a>Hv\u00f6r sem deplar me\u00f0 augunum hefir illt \u00ed hug; og hv\u00f6r sem hann \u00feekkir, s\u00e1 for\u00f0ast hann.<a name=\"26\"><span class=\"versanumer\">26<\/span><\/a>Hann gj\u00f6rir tal sitt s\u00e6tt fyrir \u00fe\u00ednum augum; og d\u00e1ist a\u00f0 \u00fe\u00ednum or\u00f0um; en \u00fear eftir breytir hann s\u00ednu tali, og leggur fyrir \u00feig \u00e1steyting me\u00f0 \u00fe\u00ednum or\u00f0um.<a name=\"27\"><span class=\"versanumer\">27<\/span><\/a>Margt hata eg, en l\u00edki engu vi\u00f0 hann; Drottinn hatar hann l\u00edka. <br \/><a name=\"28\"><span class=\"versanumer\">28<\/span><\/a>Hv\u00f6r sem kastar steini upp \u00ed lofti\u00f0, s\u00e1 kastar honum s\u00e9r \u00ed koll. Og sviksamlegt h\u00f6gg \u00fdfir upp s\u00e1r.<a name=\"29\"><span class=\"versanumer\">29<\/span><\/a>S\u00e1 sem grefur gr\u00f6f fellur \u00ed hana; og s\u00e1 sem leggur sn\u00f6ru, ver\u00f0ur \u00ed henni fangin.<a name=\"30\"><span class=\"versanumer\">30<\/span><\/a>Hv\u00f6r sem illt a\u00f0hefst, \u00e1 hinn sama veltist \u00fea\u00f0 til baka, \u00e1n \u00feess hann viti hva\u00f0an \u00fea\u00f0 kemur yfir hann.<a name=\"31\"><span class=\"versanumer\">31<\/span><\/a>H\u00e6\u00f0ni og spott er hj\u00e1 drambl\u00e1tum; en hefndin situr um \u00fe\u00e1 sem lj\u00f3n.<a name=\"32\"><span class=\"versanumer\">32<\/span><\/a>\u00deeir sem gle\u00f0jast af falli enna gu\u00f0r\u00e6knu, ver\u00f0a teknir \u00ed sn\u00f6runni; og sorg tort\u00ednir \u00feeim \u00e1\u00f0ur en \u00feeir deyja.<a name=\"33\"><span class=\"versanumer\">33<\/span><\/a>Hatur og rei\u00f0i, \u00feetta er vi\u00f0bj\u00f3\u00f0ur, og \u00feetta er eign syndarans.<\/p>\n<div class=\"footnoteVidey\"><\/div>\n","protected":false},"excerpt":{"rendered":"<p>Sama efni. 1Margir syndga s\u00f6kum f\u00e1n\u00fdtra g\u00e6\u00f0a, og hv\u00f6r sem vill gr\u00e6\u00f0a, sn\u00fdr augum s\u00ednum fr\u00e1 (\u00fev\u00ed r\u00e9tta).2Milli steina er nagli rekinn,3og milli kaups og fals \u00ferengir syndin s\u00e9r.4Haldi menn s\u00e9r ekki fast a\u00f0 \u00f3tta Drottins, mun \u00feeirra h\u00fas skj\u00f3tt ni\u00f0urrifi\u00f0 ver\u00f0a.5\u00deegar s\u00e1ldur er hrist, ver\u00f0ur rufli\u00f0 eftir: svolei\u00f0is mannsins \u00f3kl\u00e1rindi \u00ed hans tali.6Ofninn reynir ker leirsmi\u00f0sins, og mannsins pr\u00f3f er \u00ed hans tali.7\u00c1v\u00f6xtur tr\u00e9sins kunngj\u00f6rir \u00feess r\u00e6ktun, svolei\u00f0is tal mannsins, hans hjartans hugsanir.8Hr\u00f3sa engum manni \u00e1\u00f0ur en hann talar, \u00fev\u00ed (tali\u00f0) er mannanna pr\u00f3f.9Ef \u00fe\u00fa s\u00e6kist eftir r\u00e9ttl\u00e6tinu, muntu \u00fea\u00f0 finna, og \u00fev\u00ed \u00edkl\u00e6\u00f0ast, sem hei\u00f0ursb\u00faningi.10Fuglarnir hafa herbergi hj\u00e1 <a href=\"https:\/\/biblian.is\/videy\/siraksbok-27-kafli\/\"> [&#8230;]<\/a><\/p>\n","protected":false},"author":1,"featured_media":0,"parent":0,"menu_order":0,"comment_status":"open","ping_status":"open","template":"bibliukaflar.php","meta":{"footnotes":""},"class_list":["post-22121","page","type-page","status-publish","hentry"],"_links":{"self":[{"href":"https:\/\/biblian.is\/videy\/wp-json\/wp\/v2\/pages\/22121","targetHints":{"allow":["GET"]}}],"collection":[{"href":"https:\/\/biblian.is\/videy\/wp-json\/wp\/v2\/pages"}],"about":[{"href":"https:\/\/biblian.is\/videy\/wp-json\/wp\/v2\/types\/page"}],"author":[{"embeddable":true,"href":"https:\/\/biblian.is\/videy\/wp-json\/wp\/v2\/users\/1"}],"replies":[{"embeddable":true,"href":"https:\/\/biblian.is\/videy\/wp-json\/wp\/v2\/comments?post=22121"}],"version-history":[{"count":0,"href":"https:\/\/biblian.is\/videy\/wp-json\/wp\/v2\/pages\/22121\/revisions"}],"wp:attachment":[{"href":"https:\/\/biblian.is\/videy\/wp-json\/wp\/v2\/media?parent=22121"}],"curies":[{"name":"wp","href":"https:\/\/api.w.org\/{rel}","templated":true}]}}