{"id":22120,"date":"2018-01-02T01:05:40","date_gmt":"2018-01-02T01:05:40","guid":{"rendered":"http:\/\/biblian.is\/videy\/siraksbok-26-kafli\/"},"modified":"2018-01-02T01:05:40","modified_gmt":"2018-01-02T01:05:40","slug":"siraksbok-26-kafli","status":"publish","type":"page","link":"https:\/\/biblian.is\/videy\/siraksbok-26-kafli\/","title":{"rendered":"S\u00edraksb\u00f3k 26. kafli"},"content":{"rendered":"<div class=\"fyrirsognVidey\">Sama er \u00e1framhaldi\u00f0.<\/div>\n<p><a name=\"1\"><span class=\"versanumer\">1<\/span><\/a>S\u00e6ll er s\u00e1 ma\u00f0ur sem \u00e1 g\u00f3\u00f0a konu, hans dagatal tv\u00f6faldast.<a name=\"2\"><span class=\"versanumer\">2<\/span><\/a>V\u00e6n kona gle\u00f0ur sinn mann, og hann endar s\u00edn \u00e1r \u00ed fri\u00f0i.<a name=\"3\"><span class=\"versanumer\">3<\/span><\/a>G\u00f3\u00f0 kona, gott hlutfall: h\u00fan ver\u00f0ur \u00feeirra hlutskipti sem \u00f3ttast Drottin.<a name=\"4\"><span class=\"versanumer\">4<\/span><\/a>Veri hann r\u00edkur e\u00f0a f\u00e1t\u00e6kur, hans hjarta er samt \u00e1n\u00e6gt, \u00e1vallt hans andlit gla\u00f0legt.<a name=\"5\"><span class=\"versanumer\">5<\/span><\/a>Vi\u00f0 \u00ferj\u00e1 hluti er mitt hjarta hr\u00e6tt, og eg hefi framfallandi afbe\u00f0i\u00f0 \u00feann fj\u00f3r\u00f0a.<a name=\"6\"><span class=\"versanumer\">6<\/span><\/a>R\u00f3gbur\u00f0 \u00ed borginni, uppreist alm\u00fagans og \u00e1lygar til dau\u00f0a;<a name=\"7\"><span class=\"versanumer\">7<\/span><\/a>\u00feetta allt er \u00feungb\u00e6rt.<a name=\"8\"><span class=\"versanumer\">8<\/span><\/a>Hjartans angur og sorg er s\u00fa kona, sem vandl\u00e6tir um a\u00f0ra og l\u00e6tur svipu sinnar tungu ganga yfir alla.<a name=\"9\"><span class=\"versanumer\">9<\/span><\/a>Vond kona <span class='VideyAth'>(er)<\/span> baldi\u00f0 akneytapar,<a name=\"10\"><span class=\"versanumer\">10<\/span><\/a>hv\u00f6r sem til hennar seilist, n\u00e6r skorp\u00edoni <span class='VideyAth'>(ormi)<\/span>.<a name=\"11\"><span class=\"versanumer\">11<\/span><\/a>Drykkjukona er mikil pl\u00e1ga; h\u00fan hylur ekki eigin blyg\u00f0an.<a name=\"12\"><span class=\"versanumer\">12<\/span><\/a>Lausl\u00e6ti konunnar \u00feekkist af hennar g\u00edruglegu augum og af hennar augnalokum.<br \/><a name=\"13\"><span class=\"versanumer\">13<\/span><\/a>Haf \u00fe\u00fa gott taumhald \u00e1 \u00f3feilinni d\u00f3ttur, a\u00f0 h\u00fan finni ekki slakan taum og noti s\u00e9r \u00fea\u00f0.<a name=\"14\"><span class=\"versanumer\">14<\/span><\/a>Tak \u00fe\u00fa eftir hennar \u00f3sv\u00edfna augnar\u00e1\u00f0i, og l\u00e1ttu \u00fe\u00e9r ekki koma \u00f3vart \u00fe\u00f3 h\u00fan brj\u00f3ti \u00e1 m\u00f3ti \u00fe\u00e9r.<a name=\"15\"><span class=\"versanumer\">15<\/span><\/a>Eins og \u00feyrstur g\u00f6nguma\u00f0ur opnar h\u00fan munninn, og drekkur af hv\u00f6rju sem helst n\u00e1l\u00e6gu vatni; gagnvart s\u00e9rhv\u00f6rjum tjaldh\u00e6l sest h\u00fan ni\u00f0ur, og opnar, fyrir p\u00edlunni, \u00f6rvam\u00e6lirinn.<br \/><a name=\"16\"><span class=\"versanumer\">16<\/span><\/a>Konunnar yndislegleiki veitir una\u00f0semd hennar manni, og hennar hyggindi hella merg \u00ed hans bein.<a name=\"17\"><span class=\"versanumer\">17<\/span><\/a>F\u00e1m\u00e1lug kona er Drottins g\u00e1fa,<a name=\"18\"><span class=\"versanumer\">18<\/span><\/a>og hyggin s\u00e1l er \u00f3metanleg.<a name=\"19\"><span class=\"versanumer\">19<\/span><\/a>Hreinl\u00edf kona er ununarsamleg,<a name=\"20\"><span class=\"versanumer\">20<\/span><\/a>og ekkert jafnast vi\u00f0 bindindissama s\u00e1lu.<a name=\"21\"><span class=\"versanumer\">21<\/span><\/a>S\u00fa upprennandi s\u00f3l \u00e1 Drottins himni, og fegur\u00f0 g\u00f3\u00f0rar konu, er sem pr\u00fd\u00f0i hennar h\u00fass.<a name=\"22\"><span class=\"versanumer\">22<\/span><\/a>Lampi geislandi \u00e1 \u00feeim heilaga lj\u00f3sastjaka og fegur\u00f0 <span class='VideyAth'>(hennar)<\/span> andlitis \u00e1 f\u00f6stum aldri.<a name=\"23\"><span class=\"versanumer\">23<\/span><\/a>Gullst\u00f3lpi \u00e1 silfurs\u00e6ti,<a name=\"24\"><span class=\"versanumer\">24<\/span><\/a>og fr\u00ed\u00f0ir f\u00e6tur \u00e1 s\u00f3lum \u00feeirrar velv\u00f6xnu <span class='VideyAth'>a)<\/span>. <br \/><a name=\"25\"><span class=\"versanumer\">25<\/span><\/a>Af tvennu hryggist mitt hjarta, og af \u00fev\u00ed \u00feri\u00f0ja illskast eg:<a name=\"26\"><span class=\"versanumer\">26<\/span><\/a>\u00feegar str\u00ed\u00f0sma\u00f0urinn \u00feolir skort af f\u00e1t\u00e6kt, og hyggnir menn ver\u00f0a l\u00edtilsmetnir;<a name=\"27\"><span class=\"versanumer\">27<\/span><\/a>og \u00feegar einhv\u00f6r sn\u00fdr s\u00e9r fr\u00e1 dygg\u00f0 til syndar: Drottinn mun \u00e6tla hann sver\u00f0inu.<a name=\"28\"><span class=\"versanumer\">28<\/span><\/a>Trau\u00f0lega mun kaupma\u00f0urinn varst misgj\u00f6r\u00f0, og kramarinn ver\u00f0ur hreinn af synd.<\/p>\n<div class=\"footnoteVidey\">V. 24. a. H\u00e9r b\u00e6ta nokkrar \u00fatleggingar inn \u00feessum or\u00f0um; en \u00feau eru ei \u00ed Seft\u00faag: Barn mitt! geym \u00fe\u00edns aldurs besta kraft \u00ed heilbrig\u00f0i og gef ei annarlegum \u00feinn styrk. \u00deegar \u00fe\u00fa hefir vali\u00f0 af \u00f6llum vellinum jar\u00f0g\u00f3\u00f0a hlutdeild, s\u00e1 \u00fear \u00fe\u00ednu eigin s\u00e6\u00f0i treystandi \u00fe\u00ednum kyng\u00e6\u00f0um, \u00fe\u00e1 munu \u00fe\u00edn afkv\u00e6mi vel dangast og ver\u00f0a \u00f6rugg af s\u00ednu g\u00f3\u00f0a kyni. Kona s\u00fa sem leigir sig, reiknast j\u00f6fn vi\u00f0 sv\u00edn, en s\u00fa sem er manni gift, h\u00fan reiknast dau\u00f0ans turn \u00feeim (sem vilja hana) br\u00faka. \u00d3gu\u00f0r\u00e6kin kona ver\u00f0ur gefin sem hlutdeild rangl\u00e1tum manni, en s\u00fa gu\u00f0r\u00e6kna \u00feeim sem \u00f3ttast Drottin. \u00d3si\u00f0s\u00f6m kona a\u00f0hefst vanvir\u00f0u, en si\u00f0s\u00f6m d\u00f3ttir ber vir\u00f0ingu fyrir manninum. \u00d3skammfeilin kona er reiknu\u00f0 sem hundur, en s\u00fa, sem hefir feilni, \u00f3ttast Drottin. S\u00fa kona sem hei\u00f0rar mann sinn, \u00feykir \u00f6llum vitur; en s\u00fa sem vanvir\u00f0ir hann, ver\u00f0ur \u00f6llum kunn sem \u00f3gu\u00f0r\u00e6kin \u00ed ofmetna\u00f0i. S\u00e6ll er ma\u00f0ur g\u00f3\u00f0rar konu; tala hans \u00e1ra mun tv\u00f6faldast. A\u00f0 h\u00e1r\u00f3ma\u00f0ri og tannhvassri konu skal lesta, til a\u00f0 sn\u00faa \u00f3vinum \u00e1 fl\u00f3tta. En hv\u00f6rs manns s\u00e1l, l\u00edk \u00feessum a\u00f0 h\u00e1ttsemi, ver\u00f0ur til sinnis, sem h\u00fan v\u00e6ri \u00ed str\u00ed\u00f0s \u00f3r\u00f3a.<\/div>\n","protected":false},"excerpt":{"rendered":"<p>Sama er \u00e1framhaldi\u00f0. 1S\u00e6ll er s\u00e1 ma\u00f0ur sem \u00e1 g\u00f3\u00f0a konu, hans dagatal tv\u00f6faldast.2V\u00e6n kona gle\u00f0ur sinn mann, og hann endar s\u00edn \u00e1r \u00ed fri\u00f0i.3G\u00f3\u00f0 kona, gott hlutfall: h\u00fan ver\u00f0ur \u00feeirra hlutskipti sem \u00f3ttast Drottin.4Veri hann r\u00edkur e\u00f0a f\u00e1t\u00e6kur, hans hjarta er samt \u00e1n\u00e6gt, \u00e1vallt hans andlit gla\u00f0legt.5Vi\u00f0 \u00ferj\u00e1 hluti er mitt hjarta hr\u00e6tt, og eg hefi framfallandi afbe\u00f0i\u00f0 \u00feann fj\u00f3r\u00f0a.6R\u00f3gbur\u00f0 \u00ed borginni, uppreist alm\u00fagans og \u00e1lygar til dau\u00f0a;7\u00feetta allt er \u00feungb\u00e6rt.8Hjartans angur og sorg er s\u00fa kona, sem vandl\u00e6tir um a\u00f0ra og l\u00e6tur svipu sinnar tungu ganga yfir alla.9Vond kona (er) baldi\u00f0 akneytapar,10hv\u00f6r sem til hennar seilist, n\u00e6r skorp\u00edoni <a href=\"https:\/\/biblian.is\/videy\/siraksbok-26-kafli\/\"> [&#8230;]<\/a><\/p>\n","protected":false},"author":1,"featured_media":0,"parent":0,"menu_order":0,"comment_status":"open","ping_status":"open","template":"bibliukaflar.php","meta":{"footnotes":""},"class_list":["post-22120","page","type-page","status-publish","hentry"],"_links":{"self":[{"href":"https:\/\/biblian.is\/videy\/wp-json\/wp\/v2\/pages\/22120","targetHints":{"allow":["GET"]}}],"collection":[{"href":"https:\/\/biblian.is\/videy\/wp-json\/wp\/v2\/pages"}],"about":[{"href":"https:\/\/biblian.is\/videy\/wp-json\/wp\/v2\/types\/page"}],"author":[{"embeddable":true,"href":"https:\/\/biblian.is\/videy\/wp-json\/wp\/v2\/users\/1"}],"replies":[{"embeddable":true,"href":"https:\/\/biblian.is\/videy\/wp-json\/wp\/v2\/comments?post=22120"}],"version-history":[{"count":0,"href":"https:\/\/biblian.is\/videy\/wp-json\/wp\/v2\/pages\/22120\/revisions"}],"wp:attachment":[{"href":"https:\/\/biblian.is\/videy\/wp-json\/wp\/v2\/media?parent=22120"}],"curies":[{"name":"wp","href":"https:\/\/api.w.org\/{rel}","templated":true}]}}