{"id":22118,"date":"2018-01-02T01:05:40","date_gmt":"2018-01-02T01:05:40","guid":{"rendered":"http:\/\/biblian.is\/videy\/siraksbok-24-kafli\/"},"modified":"2018-01-02T01:05:40","modified_gmt":"2018-01-02T01:05:40","slug":"siraksbok-24-kafli","status":"publish","type":"page","link":"https:\/\/biblian.is\/videy\/siraksbok-24-kafli\/","title":{"rendered":"S\u00edraksb\u00f3k 24. kafli"},"content":{"rendered":"<div class=\"fyrirsognVidey\">Hr\u00f3s spekinnar.<\/div>\n<p><a name=\"1\"><span class=\"versanumer\">1<\/span><\/a>Spekin lofar sj\u00e1lfa sig, og mitt \u00e1 me\u00f0al f\u00f3lksins hr\u00f3sar h\u00fan s\u00e9r.<a name=\"2\"><span class=\"versanumer\">2<\/span><\/a>\u00cd s\u00f6fnu\u00f0i ens \u00e6\u00f0sta, opnar h\u00fan sinn munn,<a name=\"3\"><span class=\"versanumer\">3<\/span><\/a>og frammi fyrir hans her hr\u00f3sar h\u00fan s\u00e9r <span class='VideyAth'>(og segir)<\/span>:<a name=\"4\"><span class=\"versanumer\">4<\/span><\/a>\u201eEg \u00fatgekk af munni ens \u00e6\u00f0sta,<a name=\"5\"><span class=\"versanumer\">5<\/span><\/a>og \u00feakti sem \u00feoka j\u00f6r\u00f0ina.<a name=\"6\"><span class=\"versanumer\">6<\/span><\/a>Eg bj\u00f3 \u00ed h\u00e6\u00f0inni, og mitt h\u00e1s\u00e6ti st\u00f3\u00f0 \u00e1 sk\u00fdjanna st\u00f6plum.<a name=\"7\"><span class=\"versanumer\">7<\/span><\/a>Um himinsins hring f\u00f3r eg ein,<a name=\"8\"><span class=\"versanumer\">8<\/span><\/a>og \u00ed afgrunnsins dj\u00fapi var eg \u00e1 gangi.<a name=\"9\"><span class=\"versanumer\">9<\/span><\/a>\u00cd bylgjum sj\u00e1varins og \u00e1 allri j\u00f6r\u00f0inni,<a name=\"10\"><span class=\"versanumer\">10<\/span><\/a>og me\u00f0al allra l\u00fd\u00f0a og \u00fej\u00f3\u00f0a t\u00f3k eg eign\u201c.<a name=\"11\"><span class=\"versanumer\">11<\/span><\/a>\u201eHj\u00e1 \u00f6llum \u00feessum leita\u00f0i eg hv\u00edldar, og \u00ed hv\u00f6rra erf\u00f0 eg g\u00e6ti sta\u00f0n\u00e6mst.<a name=\"12\"><span class=\"versanumer\">12<\/span><\/a>\u00de\u00e1 gaf Skapari allra hluta m\u00e9r bo\u00f0or\u00f0, og s\u00e1, sem mig sk\u00f3p, setti fastan minn b\u00fasta\u00f0 og m\u00e6lti:<a name=\"13\"><span class=\"versanumer\">13<\/span><\/a>\u00cd Jakob skaltu b\u00faa, og hafa eign \u00fe\u00edna \u00ed \u00cdsrael.<a name=\"14\"><span class=\"versanumer\">14<\/span><\/a>Fyrir t\u00edmann, fr\u00e1 upphafi sk\u00f3p hann mig, og eil\u00edflega mun eg vi\u00f0vara; \u00ed heil\u00f6gu tjaldi \u00fej\u00f3na eg frammi fyrir honum,<a name=\"15\"><span class=\"versanumer\">15<\/span><\/a>og svo f\u00e9kk eg \u00e1 S\u00edon varanlegan sta\u00f0. \u00cd \u00feeirri elsku\u00f0u borg gaf hann m\u00e9r s\u00f6mulei\u00f0is hv\u00edldarsta\u00f0, og \u00ed Jer\u00fasalem er mitt veldi\u201c. <br \/><a name=\"16\"><span class=\"versanumer\">16<\/span><\/a>Og svo festi eg r\u00e6tur hj\u00e1 d\u00fdr\u00f0legu f\u00f3lki, \u00ed eign Drottins.<a name=\"17\"><span class=\"versanumer\">17<\/span><\/a>Eg \u00f3x upp, sem sedrusvi\u00f0ur \u00e1 L\u00edbanon, og sem furutr\u00e9 \u00e1 Hermonsfjalli.<a name=\"18\"><span class=\"versanumer\">18<\/span><\/a>Eins og p\u00e1lmavi\u00f0ur \u00ed Engaddi \u00f3x eg upp, og sem r\u00f3satr\u00e9\u00f0 \u00ed Jer\u00edk\u00f3;<a name=\"19\"><span class=\"versanumer\">19<\/span><\/a>eins og fagur vi\u00f0smj\u00f6rsvi\u00f0ur \u00e1 sl\u00e9ttlendi, og sem valbj\u00f6rk \u00f3x eg upp.<a name=\"20\"><span class=\"versanumer\">20<\/span><\/a>Eg gaf ilm af m\u00e9r sem kanel og kryddjurtir, og sem \u00fatvalin myrra \u00fatbreiddi eg g\u00f3\u00f0a lykt,<a name=\"21\"><span class=\"versanumer\">21<\/span><\/a>eins og galban og onyk og stakte og reykelsisilmur \u00ed musterinu.<a name=\"22\"><span class=\"versanumer\">22<\/span><\/a>Eins og terebinttr\u00e9 \u00fatbreiddi eg m\u00ednar greinir, og m\u00ednar greinir voru \u00e1litlegar og fagrar greinir.<a name=\"23\"><span class=\"versanumer\">23<\/span><\/a>Eg var sem elskulegur v\u00ednvi\u00f0ur \u00ed bl\u00f3mgun,<a name=\"24\"><span class=\"versanumer\">24<\/span><\/a>og m\u00edn bl\u00f3mstur b\u00e1ru d\u00fdr\u00f0lega og r\u00edkuglega \u00e1vexti\u201c. <br \/><a name=\"25\"><span class=\"versanumer\">25<\/span><\/a>\u201eKomi\u00f0 til m\u00edn, \u00fe\u00e9r sem girnist mig,<a name=\"26\"><span class=\"versanumer\">26<\/span><\/a>og metti\u00f0 y\u00f0ur \u00e1 m\u00ednum \u00e1v\u00f6xtum!<a name=\"27\"><span class=\"versanumer\">27<\/span><\/a>\u00fev\u00ed m\u00edn tilhugsan er s\u00e6tari enn hunang, og a\u00f0 eiga mig, er betra en hunangsseimur.<a name=\"28\"><span class=\"versanumer\">28<\/span><\/a>S\u00e1 sem mig etur er \u00e6t\u00ed\u00f0 hungra\u00f0ur,<a name=\"29\"><span class=\"versanumer\">29<\/span><\/a>og hv\u00f6r sem mig drekkur, er \u00e6t\u00ed\u00f0 \u00feyrstur.<a name=\"30\"><span class=\"versanumer\">30<\/span><\/a>Hv\u00f6r sem mig heyrir ver\u00f0ur ekki til skammar;<a name=\"31\"><span class=\"versanumer\">31<\/span><\/a>og hv\u00f6r sem gj\u00f6rir s\u00e9r annt um mig, syndgar ekki.<br \/><a name=\"32\"><span class=\"versanumer\">32<\/span><\/a>Allt \u00feetta er ens \u00e6\u00f0sta Gu\u00f0s s\u00e1ttm\u00e1lab\u00f3k,<a name=\"33\"><span class=\"versanumer\">33<\/span><\/a>\u00fea\u00f0 l\u00f6gm\u00e1l, sem M\u00f3ses bau\u00f0, svo sem eign Jakobs safna\u00f0ar,<a name=\"34\"><span class=\"versanumer\">34<\/span><\/a>sem fl\u00f3ir \u00fat af speki, sem Pison,<a name=\"35\"><span class=\"versanumer\">35<\/span><\/a>og eins og Tigris \u00e1 vord\u00f6gum,<a name=\"36\"><span class=\"versanumer\">36<\/span><\/a>sem streymir af skilningi, eins og Frat, og eins og J\u00f3rdan \u00e1 kornskerud\u00f6gunum.<a name=\"37\"><span class=\"versanumer\">37<\/span><\/a>Sem \u00fathellir uppfr\u00e6\u00f0ingu, sem <span class='VideyAth'>(\u00e1nni)<\/span> N\u00edl, og sem <span class='VideyAth'>(\u00e1in)<\/span> G\u00edhon, \u00fe\u00e1 v\u00ednberjum er safna\u00f0.<a name=\"38\"><span class=\"versanumer\">38<\/span><\/a>S\u00e1 fyrsti hefir hana ei fullnumi\u00f0, og eins \u00fatgrundar hana ekki s\u00e1 seinasti.<a name=\"39\"><span class=\"versanumer\">39<\/span><\/a>\u00dev\u00ed fyllri er hennar hugsan en sj\u00f3rinn, og hennar r\u00e1\u00f0 d\u00fdpra en \u00fea\u00f0 mikla afgrunn.<a name=\"40\"><span class=\"versanumer\">40<\/span><\/a>Og eg var sem skur\u00f0ur fr\u00e1 flj\u00f3ti, sem vatnsveiting rann eg \u00ed lystigar\u00f0a.<a name=\"41\"><span class=\"versanumer\">41<\/span><\/a>Eg sag\u00f0i: eg vil v\u00f6kva minn aldingar\u00f0.<a name=\"42\"><span class=\"versanumer\">42<\/span><\/a>og drykkja mitt be\u00f0:<a name=\"43\"><span class=\"versanumer\">43<\/span><\/a>og sj\u00e1! \u00fe\u00e1 var\u00f0 minn skur\u00f0ur a\u00f0 hafi.<a name=\"45\"><span class=\"versanumer\">45<\/span><\/a>Sem morgunro\u00f0a \u00fatdreifi eg s\u00ed\u00f0an minni uppfr\u00e6\u00f0ingu, og augl\u00fdsi hana \u00ed fjarl\u00e6g\u00f0.<a name=\"46\"><span class=\"versanumer\">46<\/span><\/a>Eg l\u00e6t menntun \u00fatstreyma sem sp\u00e1d\u00f3m, og eftirl\u00e6t hana \u00feeim komandi \u00e6ttli\u00f0um.<a name=\"47\"><span class=\"versanumer\">47<\/span><\/a>Sj\u00e1i\u00f0! a\u00f0 eg vinn ekki fyrir mig eina, heldur fyrir alla, sem hennar <span class='VideyAth'>(m\u00edn)<\/span> leita.<\/p>\n<div class=\"footnoteVidey\">V. 27. A\u00f0r: fr\u00e6\u00f0ir sem lj\u00f3s.<\/div>\n","protected":false},"excerpt":{"rendered":"<p>Hr\u00f3s spekinnar. 1Spekin lofar sj\u00e1lfa sig, og mitt \u00e1 me\u00f0al f\u00f3lksins hr\u00f3sar h\u00fan s\u00e9r.2\u00cd s\u00f6fnu\u00f0i ens \u00e6\u00f0sta, opnar h\u00fan sinn munn,3og frammi fyrir hans her hr\u00f3sar h\u00fan s\u00e9r (og segir):4\u201eEg \u00fatgekk af munni ens \u00e6\u00f0sta,5og \u00feakti sem \u00feoka j\u00f6r\u00f0ina.6Eg bj\u00f3 \u00ed h\u00e6\u00f0inni, og mitt h\u00e1s\u00e6ti st\u00f3\u00f0 \u00e1 sk\u00fdjanna st\u00f6plum.7Um himinsins hring f\u00f3r eg ein,8og \u00ed afgrunnsins dj\u00fapi var eg \u00e1 gangi.9\u00cd bylgjum sj\u00e1varins og \u00e1 allri j\u00f6r\u00f0inni,10og me\u00f0al allra l\u00fd\u00f0a og \u00fej\u00f3\u00f0a t\u00f3k eg eign\u201c.11\u201eHj\u00e1 \u00f6llum \u00feessum leita\u00f0i eg hv\u00edldar, og \u00ed hv\u00f6rra erf\u00f0 eg g\u00e6ti sta\u00f0n\u00e6mst.12\u00de\u00e1 gaf Skapari allra hluta m\u00e9r bo\u00f0or\u00f0, og s\u00e1, sem mig sk\u00f3p, setti fastan <a href=\"https:\/\/biblian.is\/videy\/siraksbok-24-kafli\/\"> [&#8230;]<\/a><\/p>\n","protected":false},"author":1,"featured_media":0,"parent":0,"menu_order":0,"comment_status":"open","ping_status":"open","template":"bibliukaflar.php","meta":{"footnotes":""},"class_list":["post-22118","page","type-page","status-publish","hentry"],"_links":{"self":[{"href":"https:\/\/biblian.is\/videy\/wp-json\/wp\/v2\/pages\/22118","targetHints":{"allow":["GET"]}}],"collection":[{"href":"https:\/\/biblian.is\/videy\/wp-json\/wp\/v2\/pages"}],"about":[{"href":"https:\/\/biblian.is\/videy\/wp-json\/wp\/v2\/types\/page"}],"author":[{"embeddable":true,"href":"https:\/\/biblian.is\/videy\/wp-json\/wp\/v2\/users\/1"}],"replies":[{"embeddable":true,"href":"https:\/\/biblian.is\/videy\/wp-json\/wp\/v2\/comments?post=22118"}],"version-history":[{"count":0,"href":"https:\/\/biblian.is\/videy\/wp-json\/wp\/v2\/pages\/22118\/revisions"}],"wp:attachment":[{"href":"https:\/\/biblian.is\/videy\/wp-json\/wp\/v2\/media?parent=22118"}],"curies":[{"name":"wp","href":"https:\/\/api.w.org\/{rel}","templated":true}]}}