{"id":22117,"date":"2018-01-02T01:05:40","date_gmt":"2018-01-02T01:05:40","guid":{"rendered":"http:\/\/biblian.is\/videy\/siraksbok-23-kafli\/"},"modified":"2018-01-02T01:05:40","modified_gmt":"2018-01-02T01:05:40","slug":"siraksbok-23-kafli","status":"publish","type":"page","link":"https:\/\/biblian.is\/videy\/siraksbok-23-kafli\/","title":{"rendered":"S\u00edraksb\u00f3k 23. kafli"},"content":{"rendered":"<div class=\"fyrirsognVidey\">B\u00e6n m\u00f3ti misbr\u00fakun tungunnar og illri girnd, \u00e1samt \u00feara\u00f0l\u00fatandi snillyr\u00f0um.<\/div>\n<p><a name=\"1\"><span class=\"versanumer\">1<\/span><\/a>Drottinn, fa\u00f0ir og herra m\u00edns l\u00edfs! ofursel mig ekki \u00feeirra vild, <span class='VideyAth'>(: varanna)<\/span> og l\u00e1t mig ei, s\u00f6kum \u00feeirra, steypast \u00ed \u00f3hamingju!<a name=\"2\"><span class=\"versanumer\">2<\/span><\/a>Hv\u00f6r hefir hirtingarv\u00f6nd \u00e1 lofti yfir m\u00ednum hugsunum og tilrei\u00f0ir v\u00edsd\u00f3msmenntun m\u00ednu hjarta, a\u00f0 \u00feetta <span class='VideyAth'>(v\u00f6ndurinn og menntunin)<\/span> hl\u00edfist ei vi\u00f0 m\u00edna bresti, og l\u00e1ti ei \u00f3refstar m\u00ednar misgj\u00f6r\u00f0ir,<a name=\"3\"><span class=\"versanumer\">3<\/span><\/a>svo a\u00f0 m\u00ednar yfirsj\u00f3nir fj\u00f6lgi ekki og m\u00ednar syndir saman hr\u00fagist ekki, a\u00f0 eg ei falli fyrir augum minna m\u00f3tst\u00f6\u00f0umanna, og minn \u00f3vinur hlakki ekki yfir m\u00e9r! <br \/><a name=\"4\"><span class=\"versanumer\">4<\/span><\/a>Drottinn, fa\u00f0ir og Gu\u00f0 m\u00edns l\u00edfs!<a name=\"5\"><span class=\"versanumer\">5<\/span><\/a>leyf m\u00ednum augum ekkert g\u00edrugt tillit, og sn\u00fa fr\u00e1 m\u00e9r girnd!<a name=\"6\"><span class=\"versanumer\">6<\/span><\/a>L\u00e1t b\u00faksins gr\u00e6\u00f0gi og muna\u00f0 ekki fj\u00f6tra mig og ofursel mig ekki \u00f3skammfeilnu sinni! <br \/><a name=\"7\"><span class=\"versanumer\">7<\/span><\/a>L\u00e6ri\u00f0, b\u00f6rn, munnsins aga! hv\u00f6r honum fylgir mun ei af s\u00ednum v\u00f6rum fanginn ver\u00f0a.<a name=\"8\"><span class=\"versanumer\">8<\/span><\/a>Syndarinn ver\u00f0ur \u00e1netja\u00f0ur og s\u00e1 lastm\u00e1lgi og drambsami falla sakir \u00feeirra <span class='VideyAth'>(varanna)<\/span>. <br \/><a name=\"9\"><span class=\"versanumer\">9<\/span><\/a>Ven ekki \u00feinn munn \u00e1 a\u00f0 sverja, og ven \u00feig ekki \u00e1 a\u00f0 nefna \u00feann heilaga!<a name=\"10\"><span class=\"versanumer\">10<\/span><\/a>\u00fev\u00ed eins og s\u00e1 \u00fer\u00e6ll, sem \u00e1vallt er lamin, er ekki \u00f6rkumlalaus:<a name=\"11\"><span class=\"versanumer\">11<\/span><\/a>svo getur ei s\u00e1, sem i\u00f0uglega sver og nefnir <span class='VideyAth'>(Gu\u00f0s nafn)<\/span> veri\u00f0 syndlaus.<a name=\"12\"><span class=\"versanumer\">12<\/span><\/a>S\u00e1 sem oft sver, hle\u00f0ur \u00e1 sig sekt, og refsingin ver\u00f0ur ei langt fr\u00e1 hans h\u00fasi.<a name=\"13\"><span class=\"versanumer\">13<\/span><\/a>Hlaupi hann \u00e1 sig, svo hle\u00f0ur hann \u00e1 sig sekt; og ver\u00f0i hann \u00feess ekki var, syndgar hann tv\u00f6faldlega.<a name=\"14\"><span class=\"versanumer\">14<\/span><\/a>Og sverji hann til \u00f3n\u00fdtis, ver\u00f0ur hann ekki r\u00e9ttl\u00e6ttur, heldur ver\u00f0ur hans h\u00fas ofhla\u00f0i\u00f0 af \u00f3hamingju.<a name=\"15\"><span class=\"versanumer\">15<\/span><\/a>\u00dea\u00f0 tal er til sem umkringist \u00e1 allar hli\u00f0ar af dau\u00f0a; \u00fea\u00f0 finnist ei \u00ed Jakobs h\u00fasi!<a name=\"16\"><span class=\"versanumer\">16<\/span><\/a>\u00fev\u00ed langt fr\u00e1 \u00feeim gu\u00f0r\u00e6kna er allt \u00feessh\u00e1ttar, og \u00feeir l\u00e1ta sig ei \u00ed syndum fl\u00e6kja.<a name=\"17\"><span class=\"versanumer\">17<\/span><\/a>Ven ekki munn \u00feinn \u00e1 \u00f3\u00feveginn rustah\u00e1tt; \u00fev\u00ed \u00fear \u00ed er syndugt tal. <br \/><a name=\"18\"><span class=\"versanumer\">18<\/span><\/a>Mun \u00fe\u00fa til f\u00f6\u00f0ur \u00fe\u00edns og m\u00f3\u00f0ur \u00feinnar, \u00feegar \u00fe\u00fa situr me\u00f0al g\u00f6fugra <span class='VideyAth'>(manna)<\/span>,<a name=\"19\"><span class=\"versanumer\">19<\/span><\/a>svo \u00fe\u00fa ei \u00feessara vegna gleymir \u00feeim <span class='VideyAth'>(foreldrunum)<\/span>, og venjir \u00feig ekki svo heimskuglega, a\u00f0 \u00fe\u00fa vildir helst ei af \u00feeim borinn vera, og form\u00e6lir \u00fe\u00ednum f\u00e6\u00f0ingardegi.<a name=\"20\"><span class=\"versanumer\">20<\/span><\/a>Hv\u00f6r sem venur sig \u00e1 h\u00e6\u00f0nistal, s\u00e1 ver\u00f0ur alla s\u00edna \u00e6vi \u00f3si\u00f0a\u00f0ur.<a name=\"21\"><span class=\"versanumer\">21<\/span><\/a>Tvennt eykur syndir og hi\u00f0 \u00feri\u00f0ja lei\u00f0ir me\u00f0 s\u00e9r rei\u00f0i,<a name=\"22\"><span class=\"versanumer\">22<\/span><\/a>brennandi s\u00e1l, eins og logandi eldur, slokknar ekki, fyrr en h\u00fan er uppbrunnin;<a name=\"23\"><span class=\"versanumer\">23<\/span><\/a>lostasamur ma\u00f0ur hefir enga r\u00f3 \u00ed s\u00ednum l\u00edkama, fyrr en hann hefir tendra\u00f0 eld.<a name=\"24\"><span class=\"versanumer\">24<\/span><\/a>H\u00f3rkarlinum \u00feykir allur matur s\u00e6tur; hann hv\u00edlist ekki fyrri en hann er dau\u00f0ur.<a name=\"25\"><span class=\"versanumer\">25<\/span><\/a>S\u00e1 ma\u00f0ur sem gengur framhj\u00e1 sinni s\u00e6ng, og me\u00f0 s\u00e9r hugsar: \u201ehv\u00f6r s\u00e9r mig?<a name=\"26\"><span class=\"versanumer\">26<\/span><\/a>\u00dea\u00f0 er dimmt \u00ed kringum mig: veggirnir fela mig; enginn ma\u00f0ur s\u00e9r mig: hva\u00f0 skal eg f\u00e6last? S\u00e1 \u00e6\u00f0sti mun ei minnast minnar syndar!\u201c<a name=\"27\"><span class=\"versanumer\">27<\/span><\/a>Hann hefir a\u00f0eins \u00f3tta fyrir manna augum,<a name=\"28\"><span class=\"versanumer\">28<\/span><\/a>en hann veit ekki, a\u00f0 augu Drottins eru miklu sk\u00e6rari en s\u00f3lin, horfa \u00e1 alla mannanna vegu og sj\u00e1 inn \u00ed \u00fe\u00e1 heimuglegu afkima.<a name=\"29\"><span class=\"versanumer\">29<\/span><\/a>Allir hlutir voru honum kunnir, \u00e1\u00f0ur en \u00feeir voru skapa\u00f0ir; \u00fe\u00e1 einnegin eftir a\u00f0 \u00feeir eru fullgj\u00f6r\u00f0ir.<a name=\"30\"><span class=\"versanumer\">30<\/span><\/a>Sl\u00edkur ma\u00f0ur mun \u00e1 str\u00e6tum sta\u00f0arins ver\u00f0a fyrir refsingu,<a name=\"31\"><span class=\"versanumer\">31<\/span><\/a>og \u00fear gripinn, sem hann s\u00edst \u00e6tlar. <br \/><a name=\"32\"><span class=\"versanumer\">32<\/span><\/a>Eins s\u00fa kona sem yfirgefur sinn mann, og f\u00e6\u00f0ir \u00ed heiminum erfingja me\u00f0 \u00f6\u00f0rum.<a name=\"33\"><span class=\"versanumer\">33<\/span><\/a>\u00dev\u00ed fyrst var h\u00fan \u00f3hl\u00fd\u00f0in bo\u00f0i hins \u00e6\u00f0sta, og \u00ed annan sta\u00f0, hefur h\u00fan broti\u00f0 vi\u00f0 sinn mann, og \u00ed \u00feri\u00f0ja lagi hefir h\u00fan me\u00f0 h\u00f3rd\u00f3mi rofi\u00f0 hj\u00f3nabandi\u00f0, og f\u00e6tt barn \u00ed heiminn me\u00f0 \u00f6\u00f0rum.<a name=\"34\"><span class=\"versanumer\">34<\/span><\/a>Sl\u00edk kona mun ver\u00f0a leidd fram fyrir s\u00f6fnu\u00f0inn, og hegningin kemur yfir hennar b\u00f6rn;<a name=\"35\"><span class=\"versanumer\">35<\/span><\/a>b\u00f6rn hennar munu engar r\u00e6tur festa, og \u00feeirra greinir enga \u00e1vexti bera.<a name=\"36\"><span class=\"versanumer\">36<\/span><\/a>H\u00fan eftirskilur s\u00edna endurminning til b\u00f6lvunar, og hennar sk\u00f6mm ver\u00f0ur ekki afm\u00e1\u00f0.<a name=\"37\"><span class=\"versanumer\">37<\/span><\/a>Og svo l\u00e6ra ni\u00f0jarnir, a\u00f0 ekkert er betra en \u00f3tti Drottins, og ekkert s\u00e6tara en var\u00f0veisla Drottins bo\u00f0or\u00f0a.<\/p>\n<div class=\"footnoteVidey\"><\/div>\n","protected":false},"excerpt":{"rendered":"<p>B\u00e6n m\u00f3ti misbr\u00fakun tungunnar og illri girnd, \u00e1samt \u00feara\u00f0l\u00fatandi snillyr\u00f0um. 1Drottinn, fa\u00f0ir og herra m\u00edns l\u00edfs! ofursel mig ekki \u00feeirra vild, (: varanna) og l\u00e1t mig ei, s\u00f6kum \u00feeirra, steypast \u00ed \u00f3hamingju!2Hv\u00f6r hefir hirtingarv\u00f6nd \u00e1 lofti yfir m\u00ednum hugsunum og tilrei\u00f0ir v\u00edsd\u00f3msmenntun m\u00ednu hjarta, a\u00f0 \u00feetta (v\u00f6ndurinn og menntunin) hl\u00edfist ei vi\u00f0 m\u00edna bresti, og l\u00e1ti ei \u00f3refstar m\u00ednar misgj\u00f6r\u00f0ir,3svo a\u00f0 m\u00ednar yfirsj\u00f3nir fj\u00f6lgi ekki og m\u00ednar syndir saman hr\u00fagist ekki, a\u00f0 eg ei falli fyrir augum minna m\u00f3tst\u00f6\u00f0umanna, og minn \u00f3vinur hlakki ekki yfir m\u00e9r! 4Drottinn, fa\u00f0ir og Gu\u00f0 m\u00edns l\u00edfs!5leyf m\u00ednum augum ekkert g\u00edrugt tillit, og sn\u00fa fr\u00e1 <a href=\"https:\/\/biblian.is\/videy\/siraksbok-23-kafli\/\"> [&#8230;]<\/a><\/p>\n","protected":false},"author":1,"featured_media":0,"parent":0,"menu_order":0,"comment_status":"open","ping_status":"open","template":"bibliukaflar.php","meta":{"footnotes":""},"class_list":["post-22117","page","type-page","status-publish","hentry"],"_links":{"self":[{"href":"https:\/\/biblian.is\/videy\/wp-json\/wp\/v2\/pages\/22117","targetHints":{"allow":["GET"]}}],"collection":[{"href":"https:\/\/biblian.is\/videy\/wp-json\/wp\/v2\/pages"}],"about":[{"href":"https:\/\/biblian.is\/videy\/wp-json\/wp\/v2\/types\/page"}],"author":[{"embeddable":true,"href":"https:\/\/biblian.is\/videy\/wp-json\/wp\/v2\/users\/1"}],"replies":[{"embeddable":true,"href":"https:\/\/biblian.is\/videy\/wp-json\/wp\/v2\/comments?post=22117"}],"version-history":[{"count":0,"href":"https:\/\/biblian.is\/videy\/wp-json\/wp\/v2\/pages\/22117\/revisions"}],"wp:attachment":[{"href":"https:\/\/biblian.is\/videy\/wp-json\/wp\/v2\/media?parent=22117"}],"curies":[{"name":"wp","href":"https:\/\/api.w.org\/{rel}","templated":true}]}}