{"id":22116,"date":"2018-01-02T01:05:40","date_gmt":"2018-01-02T01:05:40","guid":{"rendered":"http:\/\/biblian.is\/videy\/siraksbok-22-kafli\/"},"modified":"2018-01-02T01:05:40","modified_gmt":"2018-01-02T01:05:40","slug":"siraksbok-22-kafli","status":"publish","type":"page","link":"https:\/\/biblian.is\/videy\/siraksbok-22-kafli\/","title":{"rendered":"S\u00edraksb\u00f3k 22. kafli"},"content":{"rendered":"<div class=\"fyrirsognVidey\">Sundurlausir \u00feankar.<\/div>\n<p><a name=\"1\"><span class=\"versanumer\">1<\/span><\/a>Latur ma\u00f0ur er l\u00edkur \u00f3hreinum steini og hv\u00f6r einn gj\u00f6rir gys a\u00f0 hans sk\u00f6mm.<a name=\"2\"><span class=\"versanumer\">2<\/span><\/a>S\u00e1 lati er l\u00edkur mykjuklessu: hv\u00f6r sem tekur hann upp, hristir h\u00f6ndina.<a name=\"3\"><span class=\"versanumer\">3<\/span><\/a>\u00dea\u00f0 er sk\u00f6mm fyrir f\u00f6\u00f0urinn a\u00f0 hafa geti\u00f0 \u00f3si\u00f0a\u00f0an son; en <span class='VideyAth'>(sl\u00edk)<\/span> d\u00f3ttir er til l\u00e6gingar borin.<a name=\"4\"><span class=\"versanumer\">4<\/span><\/a>Skyns\u00f6m d\u00f3ttir f\u00e6r s\u00e9r mann; en s\u00fa \u00f3si\u00f0sama hryggir \u00feann sem hana gat.<a name=\"5\"><span class=\"versanumer\">5<\/span><\/a>F\u00f6\u00f0ur og mann vanvir\u00f0ir s\u00fa \u00f3sv\u00edfna, og ver\u00f0ur af b\u00e1\u00f0um fyrirlitin.<a name=\"6\"><span class=\"versanumer\">6<\/span><\/a>S\u00f6nglist \u00ed harmi er fr\u00e1saga \u00ed \u00f3t\u00edma, refsing og agi er viskunnar verk \u00e1 \u00f6llum t\u00edma.<a name=\"7\"><span class=\"versanumer\">7<\/span><\/a>S\u00e1 sem kennir d\u00e1ra, l\u00edmir saman leirbrot; hann vekur \u00feann sem sefur af dj\u00fapum svefni.<a name=\"8\"><span class=\"versanumer\">8<\/span><\/a>S\u00e1 sem talar vi\u00f0 d\u00e1rann, talar vi\u00f0 \u00feann sem dottar;<a name=\"9\"><span class=\"versanumer\">9<\/span><\/a>og hann segir seinast: hva\u00f0 er \u00fea\u00f0?<a name=\"10\"><span class=\"versanumer\">10<\/span><\/a>Gr\u00e1t yfir \u00feeim dau\u00f0a, \u00fev\u00ed hann hefir misst lj\u00f3ssins; og gr\u00e1t yfir d\u00e1ranum, \u00feegar viti\u00f0 er honum horfi\u00f0.<a name=\"11\"><span class=\"versanumer\">11<\/span><\/a>Gr\u00e1t \u00fe\u00fa v\u00e6gilegar yfir \u00feeim dau\u00f0a, \u00fev\u00ed hann er kominn til hv\u00edldar;<a name=\"12\"><span class=\"versanumer\">12<\/span><\/a>en l\u00edf d\u00e1rans er verra en dau\u00f0inn.<a name=\"13\"><span class=\"versanumer\">13<\/span><\/a>Harmurinn yfir \u00feeim dau\u00f0a varir 7 daga; en yfir d\u00e1ranum og \u00feeim gu\u00f0lausa alla daga \u00feeirra l\u00edfs.<a name=\"14\"><span class=\"versanumer\">14<\/span><\/a>Tala \u00fe\u00fa ekki miki\u00f0 vi\u00f0 d\u00e1rann, og haf ei umgengni vi\u00f0 heimskingjann.<a name=\"15\"><span class=\"versanumer\">15<\/span><\/a>Vara \u00feig \u00e1 honum, svo \u00fe\u00fa hafir enga arm\u00e6\u00f0u <span class='VideyAth'>(af honum)<\/span> og ver\u00f0ir ekki sk\u00f6rnugur af hans \u00f3\u00feverra.<a name=\"16\"><span class=\"versanumer\">16<\/span><\/a>Hli\u00f0ra \u00fe\u00e9r hj\u00e1 honum, svo finnur \u00fe\u00fa r\u00f3, og kemst ekki \u00ed vandr\u00e6\u00f0i fyrir hans \u00f3vit.<a name=\"17\"><span class=\"versanumer\">17<\/span><\/a>Hva\u00f0 er \u00feyngra en bl\u00fdi\u00f0? Og hv\u00f6r m\u00e1 svo nefnast, nema d\u00e1rinn?<a name=\"18\"><span class=\"versanumer\">18<\/span><\/a>Sand og salt og j\u00e1rnbl\u00f6kk er l\u00e9ttara a\u00f0 bera heldur en heimskan mann.<a name=\"19\"><span class=\"versanumer\">19<\/span><\/a>Vi\u00f0arbj\u00e1lki, festur vi\u00f0 h\u00fas, ver\u00f0ur af engri hristingu felldur, svo bifast aldrei \u00fea\u00f0 hjarta, sem sty\u00f0st vi\u00f0 hyggilegt r\u00e1\u00f0.<a name=\"20\"><span class=\"versanumer\">20<\/span><\/a>\u00dea\u00f0 hjarta sem rei\u00f0ir sig \u00e1 skynsamlega yfirvegan, er sem l\u00edmkast <span class='VideyAth'>(sandi bl\u00f6ndu\u00f0 vi\u00f0h\u00f6fn)<\/span> \u00e1 sl\u00e9ttum vegg.<a name=\"21\"><span class=\"versanumer\">21<\/span><\/a>St\u00f6ng \u00e1 h\u00e6\u00f0 reist, getur ei sta\u00f0ist ve\u00f0ur;<a name=\"22\"><span class=\"versanumer\">22<\/span><\/a>svo stenst ei deigt hjarta, me\u00f0 heimskulegri hugsan, nokkra hr\u00e6\u00f0slu.<a name=\"23\"><span class=\"versanumer\">23<\/span><\/a>S\u00e1 sem kreistir auga\u00f0, pressar \u00fat t\u00e1r;<a name=\"24\"><span class=\"versanumer\">24<\/span><\/a>og s\u00e1 sem kreistir hjarta\u00f0, vekur tilfinningu. <br \/><a name=\"25\"><span class=\"versanumer\">25<\/span><\/a>Hv\u00f6r sem kastar steini \u00ed fugla, s\u00e1 f\u00e6lir \u00fe\u00e1; og hv\u00f6r sem brigslar vin s\u00ednum, sundursl\u00edtur vinskapinn.<a name=\"26\"><span class=\"versanumer\">26<\/span><\/a>\u00de\u00f3 \u00fe\u00fa hafir rykkt sver\u00f0i m\u00f3ti vin \u00fe\u00ednum, \u00fe\u00e1 \u00f6rv\u00e6ntu samt ekki; \u00fev\u00ed enn n\u00fa er afturhvarf m\u00f6gulegt.<a name=\"27\"><span class=\"versanumer\">27<\/span><\/a>Hafir \u00fe\u00fa komi\u00f0 a\u00f0 m\u00e1li vi\u00f0 vin \u00feinn, svo vertu \u00e1hyggjulaus, forl\u00edkun getur \u00e1 komist; nema s\u00e9 um h\u00e1\u00f0ung a\u00f0 gj\u00f6ra, drambsemi, upplj\u00f3stur leyndarm\u00e1la og leynileg svik. \u00deetta fl\u00e6mir hv\u00f6rn vin \u00ed burtu.<a name=\"28\"><span class=\"versanumer\">28<\/span><\/a>Afla \u00fe\u00e9r tiltr\u00faar hj\u00e1 \u00fe\u00ednum n\u00e1unga \u00ed hans f\u00e1t\u00e6kt, svo \u00fe\u00fa \u00e1samt getir teki\u00f0 hlutdeild \u00ed hans velgengni.<a name=\"29\"><span class=\"versanumer\">29<\/span><\/a>Vertu sta\u00f0fastur hj\u00e1 honum \u00ed ney\u00f0inni, svo \u00fe\u00fa takir arf me\u00f0 honum, \u00fe\u00e1 hann erfir.<a name=\"30\"><span class=\"versanumer\">30<\/span><\/a>\u00c1 undan eldinum gengur gufa ofnsins og reykur; eins deilur \u00e1 undan bl\u00f3\u00f0s\u00fathellingu.<a name=\"31\"><span class=\"versanumer\">31<\/span><\/a>Ekki mun eg skammast m\u00edn a\u00f0 verja vin minn, og ekki mun eg fela mig fyrir honum.<a name=\"32\"><span class=\"versanumer\">32<\/span><\/a>Og kenni eg \u00e1 illu af hans h\u00e1lfu, mun hv\u00f6r, sem \u00fea\u00f0 heyrir, vara sig \u00e1 honum.<a name=\"33\"><span class=\"versanumer\">33<\/span><\/a>\u00d3! hv\u00f6r setur l\u00e1s fyrir minn munn og hyggilegt innsigli fyrir m\u00ednar varir, svo \u00fe\u00e6r ekki felli mig, og m\u00edn tunga vinni m\u00e9r ekki tj\u00f3n!<\/p>\n<div class=\"footnoteVidey\"><\/div>\n","protected":false},"excerpt":{"rendered":"<p>Sundurlausir \u00feankar. 1Latur ma\u00f0ur er l\u00edkur \u00f3hreinum steini og hv\u00f6r einn gj\u00f6rir gys a\u00f0 hans sk\u00f6mm.2S\u00e1 lati er l\u00edkur mykjuklessu: hv\u00f6r sem tekur hann upp, hristir h\u00f6ndina.3\u00dea\u00f0 er sk\u00f6mm fyrir f\u00f6\u00f0urinn a\u00f0 hafa geti\u00f0 \u00f3si\u00f0a\u00f0an son; en (sl\u00edk) d\u00f3ttir er til l\u00e6gingar borin.4Skyns\u00f6m d\u00f3ttir f\u00e6r s\u00e9r mann; en s\u00fa \u00f3si\u00f0sama hryggir \u00feann sem hana gat.5F\u00f6\u00f0ur og mann vanvir\u00f0ir s\u00fa \u00f3sv\u00edfna, og ver\u00f0ur af b\u00e1\u00f0um fyrirlitin.6S\u00f6nglist \u00ed harmi er fr\u00e1saga \u00ed \u00f3t\u00edma, refsing og agi er viskunnar verk \u00e1 \u00f6llum t\u00edma.7S\u00e1 sem kennir d\u00e1ra, l\u00edmir saman leirbrot; hann vekur \u00feann sem sefur af dj\u00fapum svefni.8S\u00e1 sem talar vi\u00f0 d\u00e1rann, talar vi\u00f0 <a href=\"https:\/\/biblian.is\/videy\/siraksbok-22-kafli\/\"> [&#8230;]<\/a><\/p>\n","protected":false},"author":1,"featured_media":0,"parent":0,"menu_order":0,"comment_status":"open","ping_status":"open","template":"bibliukaflar.php","meta":{"footnotes":""},"class_list":["post-22116","page","type-page","status-publish","hentry"],"_links":{"self":[{"href":"https:\/\/biblian.is\/videy\/wp-json\/wp\/v2\/pages\/22116","targetHints":{"allow":["GET"]}}],"collection":[{"href":"https:\/\/biblian.is\/videy\/wp-json\/wp\/v2\/pages"}],"about":[{"href":"https:\/\/biblian.is\/videy\/wp-json\/wp\/v2\/types\/page"}],"author":[{"embeddable":true,"href":"https:\/\/biblian.is\/videy\/wp-json\/wp\/v2\/users\/1"}],"replies":[{"embeddable":true,"href":"https:\/\/biblian.is\/videy\/wp-json\/wp\/v2\/comments?post=22116"}],"version-history":[{"count":0,"href":"https:\/\/biblian.is\/videy\/wp-json\/wp\/v2\/pages\/22116\/revisions"}],"wp:attachment":[{"href":"https:\/\/biblian.is\/videy\/wp-json\/wp\/v2\/media?parent=22116"}],"curies":[{"name":"wp","href":"https:\/\/api.w.org\/{rel}","templated":true}]}}