{"id":22115,"date":"2018-01-02T01:05:40","date_gmt":"2018-01-02T01:05:40","guid":{"rendered":"http:\/\/biblian.is\/videy\/siraksbok-21-kafli\/"},"modified":"2018-01-02T01:05:40","modified_gmt":"2018-01-02T01:05:40","slug":"siraksbok-21-kafli","status":"publish","type":"page","link":"https:\/\/biblian.is\/videy\/siraksbok-21-kafli\/","title":{"rendered":"S\u00edraksb\u00f3k 21. kafli"},"content":{"rendered":"<div class=\"fyrirsognVidey\">Sama efni.<\/div>\n<p><a name=\"1\"><span class=\"versanumer\">1<\/span><\/a>Hafir \u00fe\u00fa syndga\u00f0, barn, \u00fe\u00e1 haltu ei \u00e1fram, og bi\u00f0 <span class='VideyAth'>(fyrirgefningar)<\/span> \u00e1 \u00fev\u00ed fyrra.<a name=\"2\"><span class=\"versanumer\">2<\/span><\/a>Fl\u00fd syndina sem h\u00f6ggorm, \u00fev\u00ed komir \u00fe\u00fa henni n\u00e6rri, svo stingur h\u00fan \u00feig.<a name=\"3\"><span class=\"versanumer\">3<\/span><\/a>Hennar tennur eru lj\u00f3nstennur, og svipta manninn l\u00edfi.<a name=\"4\"><span class=\"versanumer\">4<\/span><\/a>S\u00e9rhv\u00f6r rangindi eru sem tv\u00edeggja\u00f0 sver\u00f0; engin l\u00e6kning er vi\u00f0 \u00feess s\u00e1rum.<a name=\"5\"><span class=\"versanumer\">5<\/span><\/a>Ofbeldi og gu\u00f0leysi ey\u00f0ileggur au\u00f0; svo ver\u00f0ur h\u00fas hins drambl\u00e1ta ey\u00f0ilagt.<a name=\"6\"><span class=\"versanumer\">6<\/span><\/a>Gr\u00e1tbei\u00f0ni hins auma \u00ferengir s\u00e9r fr\u00e1 munninum allt til hans <span class='VideyAth'>a)<\/span> eyrna, en hans refsid\u00f3mur kemur sn\u00f6gglega.<a name=\"7\"><span class=\"versanumer\">7<\/span><\/a>S\u00e1 sem hatar umv\u00f6ndun er \u00e1 syndarans lei\u00f0; en s\u00e1, sem \u00f3ttast Drottin, umvendir s\u00e9r \u00ed s\u00ednu hjarta.<a name=\"8\"><span class=\"versanumer\">8<\/span><\/a>S\u00e1 sem hefir \u00f6fluga tungu \u00feekkist \u00e1lengdar; en s\u00e1 skynsami veit n\u00e6r hann hrasar.<a name=\"9\"><span class=\"versanumer\">9<\/span><\/a>Hv\u00f6r sem byggir sitt h\u00fas af annarra g\u00f3ssi, hann er sem s\u00e1 er safnar steinum, a\u00f0 sinni eigin gr\u00f6f.<a name=\"10\"><span class=\"versanumer\">10<\/span><\/a>S\u00f6fnu\u00f0ur gu\u00f0lausra er h\u00e1lmhr\u00faga, og endir \u00feeirra eldsb\u00e1l.<a name=\"11\"><span class=\"versanumer\">11<\/span><\/a>Vegur syndaranna er steinlag\u00f0ur, en \u00e1 endanum er afgrunn undirheima. <br \/><a name=\"12\"><span class=\"versanumer\">12<\/span><\/a>Hv\u00f6r sem g\u00e6tir l\u00f6gm\u00e1lsins, f\u00e6r skilning \u00e1 \u00fev\u00ed;<a name=\"13\"><span class=\"versanumer\">13<\/span><\/a>og endirinn \u00e1 Drottins \u00f3tta er viska.<a name=\"14\"><span class=\"versanumer\">14<\/span><\/a>S\u00e1 sem ekki er hygginn, tekur engum aga.<a name=\"15\"><span class=\"versanumer\">15<\/span><\/a>Hyggindi eru til, sem olla mikillrar arm\u00e6\u00f0u.<a name=\"16\"><span class=\"versanumer\">16<\/span><\/a>\u00deekking hins vitra vex eins og vatnsfl\u00f3\u00f0, og hans r\u00e1\u00f0 eru sem lifandi vatns lind.<a name=\"17\"><span class=\"versanumer\">17<\/span><\/a>Hjarta d\u00e1rans er eins og broti\u00f0 \u00edl\u00e1t, \u00fea\u00f0 heldur engum fr\u00f3\u00f0leik.<a name=\"18\"><span class=\"versanumer\">18<\/span><\/a>\u00deegar s\u00e1 hyggni heyrir hyggilegt or\u00f0, hr\u00f3sar hann \u00fev\u00ed og samsinnir. En ef s\u00e1 \u00feverbrotni heyrir \u00fea\u00f0, misl\u00edkar honum, og kastar \u00fev\u00ed \u00e1 bak s\u00e9r aftur.<a name=\"19\"><span class=\"versanumer\">19<\/span><\/a>Tal narrans er sem byr\u00f0i \u00e1 vegi; en \u00e1 v\u00f6rum hins hyggna er unan.<a name=\"20\"><span class=\"versanumer\">20<\/span><\/a>\u00cd s\u00f6fnu\u00f0inum er leita\u00f0 munns \u00feess hyggna, og menn yfirvega hans tal \u00ed s\u00ednu hjarta.<a name=\"21\"><span class=\"versanumer\">21<\/span><\/a>Viskan er d\u00e1ranum sem ni\u00f0urrifi\u00f0 h\u00fas, og \u00feekking hinna skilningslausu, er \u00f3skiljanlegt tal.<a name=\"22\"><span class=\"versanumer\">22<\/span><\/a>\u00d3skynsamir menn \u00e1l\u00edta uppfr\u00e6\u00f0ingu f\u00f3tahlekki, og fj\u00f6tra \u00e1 h\u00e6gri hendi.<a name=\"23\"><span class=\"versanumer\">23<\/span><\/a>Tils\u00f6gn er \u00feeim hyggna gullskart, og sem sm\u00ed\u00f0isgripur \u00e1 h\u00e6gra armi. <br \/><a name=\"24\"><span class=\"versanumer\">24<\/span><\/a>Narrans f\u00f3tur er flj\u00f3tur \u00ed h\u00fas; en reyndur ma\u00f0ur feilar s\u00edn fyrir m\u00f6nnum.<a name=\"25\"><span class=\"versanumer\">25<\/span><\/a>Aflagi\u00f0 g\u00e6gist inn um dyrnar \u00ed h\u00fasi\u00f0; en s\u00e1 velsi\u00f0a\u00f0i ma\u00f0ur stendur \u00fear fyrir utan.<a name=\"26\"><span class=\"versanumer\">26<\/span><\/a>\u00d3si\u00f0a\u00f0ur er hv\u00f6r s\u00e1 sem stendur \u00e1 hleri vi\u00f0 dyrnar; \u00feeim hyggna ver\u00f0ur \u00fea\u00f0 til vansa.<a name=\"27\"><span class=\"versanumer\">27<\/span><\/a>Varir hins m\u00e1luga bla\u00f0ra \u00f3\u00fearfa; en tal hins hyggna er vegi\u00f0 \u00e1 vog.<a name=\"28\"><span class=\"versanumer\">28<\/span><\/a>D\u00e1rar hafa hjarta\u00f0 \u00ed munninum, en \u00feeir vitru munninn \u00ed hjartanu.<a name=\"29\"><span class=\"versanumer\">29<\/span><\/a>Narrinn hl\u00e6r h\u00e1tt, en hygginn ma\u00f0ur brosar naumast sm\u00e1tt.<br \/><a name=\"30\"><span class=\"versanumer\">30<\/span><\/a>\u00deegar s\u00e1 gu\u00f0lausi form\u00e6lir Satan, \u00fe\u00e1 form\u00e6lir hann sj\u00e1lfum s\u00e9r.<a name=\"31\"><span class=\"versanumer\">31<\/span><\/a>S\u00f6gv\u00eds ma\u00f0ur flekkar sj\u00e1lfan sig, og \u00f6llum, sem hann umgangast, ver\u00f0ur illa vi\u00f0 hann.<\/p>\n<div class=\"footnoteVidey\">V. 6. a. L\u00edklega Gu\u00f0s.<\/div>\n","protected":false},"excerpt":{"rendered":"<p>Sama efni. 1Hafir \u00fe\u00fa syndga\u00f0, barn, \u00fe\u00e1 haltu ei \u00e1fram, og bi\u00f0 (fyrirgefningar) \u00e1 \u00fev\u00ed fyrra.2Fl\u00fd syndina sem h\u00f6ggorm, \u00fev\u00ed komir \u00fe\u00fa henni n\u00e6rri, svo stingur h\u00fan \u00feig.3Hennar tennur eru lj\u00f3nstennur, og svipta manninn l\u00edfi.4S\u00e9rhv\u00f6r rangindi eru sem tv\u00edeggja\u00f0 sver\u00f0; engin l\u00e6kning er vi\u00f0 \u00feess s\u00e1rum.5Ofbeldi og gu\u00f0leysi ey\u00f0ileggur au\u00f0; svo ver\u00f0ur h\u00fas hins drambl\u00e1ta ey\u00f0ilagt.6Gr\u00e1tbei\u00f0ni hins auma \u00ferengir s\u00e9r fr\u00e1 munninum allt til hans a) eyrna, en hans refsid\u00f3mur kemur sn\u00f6gglega.7S\u00e1 sem hatar umv\u00f6ndun er \u00e1 syndarans lei\u00f0; en s\u00e1, sem \u00f3ttast Drottin, umvendir s\u00e9r \u00ed s\u00ednu hjarta.8S\u00e1 sem hefir \u00f6fluga tungu \u00feekkist \u00e1lengdar; en s\u00e1 skynsami veit n\u00e6r <a href=\"https:\/\/biblian.is\/videy\/siraksbok-21-kafli\/\"> [&#8230;]<\/a><\/p>\n","protected":false},"author":1,"featured_media":0,"parent":0,"menu_order":0,"comment_status":"open","ping_status":"open","template":"bibliukaflar.php","meta":{"footnotes":""},"class_list":["post-22115","page","type-page","status-publish","hentry"],"_links":{"self":[{"href":"https:\/\/biblian.is\/videy\/wp-json\/wp\/v2\/pages\/22115","targetHints":{"allow":["GET"]}}],"collection":[{"href":"https:\/\/biblian.is\/videy\/wp-json\/wp\/v2\/pages"}],"about":[{"href":"https:\/\/biblian.is\/videy\/wp-json\/wp\/v2\/types\/page"}],"author":[{"embeddable":true,"href":"https:\/\/biblian.is\/videy\/wp-json\/wp\/v2\/users\/1"}],"replies":[{"embeddable":true,"href":"https:\/\/biblian.is\/videy\/wp-json\/wp\/v2\/comments?post=22115"}],"version-history":[{"count":0,"href":"https:\/\/biblian.is\/videy\/wp-json\/wp\/v2\/pages\/22115\/revisions"}],"wp:attachment":[{"href":"https:\/\/biblian.is\/videy\/wp-json\/wp\/v2\/media?parent=22115"}],"curies":[{"name":"wp","href":"https:\/\/api.w.org\/{rel}","templated":true}]}}