{"id":22114,"date":"2018-01-02T01:05:40","date_gmt":"2018-01-02T01:05:40","guid":{"rendered":"http:\/\/biblian.is\/videy\/siraksbok-20-kafli\/"},"modified":"2018-01-02T01:05:40","modified_gmt":"2018-01-02T01:05:40","slug":"siraksbok-20-kafli","status":"publish","type":"page","link":"https:\/\/biblian.is\/videy\/siraksbok-20-kafli\/","title":{"rendered":"S\u00edraksb\u00f3k 20. kafli"},"content":{"rendered":"<div class=\"fyrirsognVidey\"><\/div>\n<p><a name=\"1\"><span class=\"versanumer\">1<\/span><\/a>Til er a\u00f0findni \u00ed \u00f3t\u00edma, og margur \u00feegir, og er hygginn.<a name=\"2\"><span class=\"versanumer\">2<\/span><\/a>Miki\u00f0 betra er a\u00f0 \u00e1v\u00edta en a\u00f0 geyma kala;<a name=\"3\"><span class=\"versanumer\">3<\/span><\/a>Og hver, sem hispurslaust me\u00f0kennir, kemst hj\u00e1 tj\u00f3ni.<a name=\"4\"><span class=\"versanumer\">4<\/span><\/a>Eins og geldingur sem vill afmeyja unga st\u00falku, svo er s\u00e1, sem me\u00f0 ofbeldi semur d\u00f3ma.<a name=\"5\"><span class=\"versanumer\">5<\/span><\/a>Einn \u00feegir og ver\u00f0ur haldinn vitur: annar bakar s\u00e9r hatur me\u00f0 sinni m\u00e6lgi.<a name=\"6\"><span class=\"versanumer\">6<\/span><\/a>Einn \u00feegir, af \u00fev\u00ed hann hefir ekki svar til; annar \u00feegir, af \u00fev\u00ed hann \u00feekkir \u00feann r\u00e9tta t\u00edma.<a name=\"7\"><span class=\"versanumer\">7<\/span><\/a>Vitur ma\u00f0ur \u00feegir til \u00feess s\u00e1 r\u00e9tti t\u00edmi er kominn; en s\u00e1 m\u00e1lugi og heimskinginn ver\u00f0a fyrri til.<a name=\"8\"><span class=\"versanumer\">8<\/span><\/a>Menn f\u00e1 andstygg\u00f0 \u00e1 \u00feeim margm\u00e1luga, og s\u00e1 freki ver\u00f0ur hata\u00f0ur.<a name=\"9\"><span class=\"versanumer\">9<\/span><\/a>Margur er heppinn \u00ed \u00f3heppni, og til er s\u00e1 \u00e1vinningur sem ver\u00f0ur a\u00f0 ska\u00f0a.<a name=\"10\"><span class=\"versanumer\">10<\/span><\/a>M\u00f6rg g\u00e1fa ver\u00f0ur \u00fe\u00e9r a\u00f0 engu gagni, og m\u00f6rg g\u00e1fa ver\u00f0ur tv\u00f6faldlega umbunu\u00f0.<a name=\"11\"><span class=\"versanumer\">11<\/span><\/a>Nokkrir ver\u00f0a snau\u00f0ir, vegna d\u00fdr\u00f0legs a\u00f0b\u00fana\u00f0ar, og sumir hefja h\u00f6fu\u00f0i\u00f0 upp \u00far au\u00f0vir\u00f0ilegleikanum.<a name=\"12\"><span class=\"versanumer\">12<\/span><\/a>Margur kaupir miki\u00f0 fyrir l\u00edti\u00f0, og betalar \u00fea\u00f0 \u00fe\u00f3 sj\u00f6falt.<a name=\"13\"><span class=\"versanumer\">13<\/span><\/a>S\u00e1 vitri \u00fatvegar s\u00e9r vins\u00e6ld me\u00f0 s\u00ednu tali; en narrans \u00fe\u00e6gilegu or\u00f0 eru til einkis.<a name=\"14\"><span class=\"versanumer\">14<\/span><\/a>Narrans g\u00e1fa ver\u00f0ur \u00fe\u00e9r a\u00f0 engum notum; \u00fev\u00ed \u00ed sta\u00f0inn fyrir eitt l\u00edtur hann \u00e1 margt.<a name=\"15\"><span class=\"versanumer\">15<\/span><\/a>L\u00edti\u00f0 gefur hann, og margt tekur hann eftir, og hann hefir munninn opinn sem \u00fathr\u00f3pari; \u00ed dag l\u00e1nar hann, og \u00e1 morgun krefur hann \u00feess aftur. Hatursver\u00f0ur er sl\u00edkur ma\u00f0ur.<a name=\"16\"><span class=\"versanumer\">16<\/span><\/a>D\u00e1rinn segir: \u201eeg \u00e1 engan vin, f\u00e6 enga \u00fe\u00f6kk fyrir m\u00ednar velgj\u00f6r\u00f0ir;<a name=\"17\"><span class=\"versanumer\">17<\/span><\/a>\u00feeir sem eta mitt brau\u00f0, hafa vonda tungu\u201c.<a name=\"18\"><span class=\"versanumer\">18<\/span><\/a>Hv\u00f6rsu oft ver\u00f0ur s\u00e1 hinn sami spotta\u00f0ur, og af hva\u00f0 m\u00f6rgum!<a name=\"19\"><span class=\"versanumer\">19<\/span><\/a>betra er a\u00f0 detta \u00e1 g\u00f3lfi, en a\u00f0 f\u00e1 byltu af tungunni, svo kemur sviplega bylta hinna vondu.<a name=\"20\"><span class=\"versanumer\">20<\/span><\/a>Afl\u00e6gislegur ma\u00f0ur bla\u00f0rar \u00fea\u00f0 sem hv\u00f6rgi \u00e1 vi\u00f0, \u00fea\u00f0 er heimskingjah\u00e1ttur.<a name=\"21\"><span class=\"versanumer\">21<\/span><\/a>Snillyr\u00f0i heimskingjans er einkisvert, \u00fev\u00ed \u00fea\u00f0 kemur \u00ed \u00f3t\u00edma.<a name=\"22\"><span class=\"versanumer\">22<\/span><\/a>Af skorti hindrast margur fr\u00e1 a\u00f0 syndga, og \u00ed s\u00ednu kyrrl\u00e1ta l\u00edfi hefir hann enga samviskun\u00f6gun.<a name=\"23\"><span class=\"versanumer\">23<\/span><\/a>Margur missir l\u00edfi\u00f0 sakir feilni, og vegna manngreinar\u00e1lits t\u00fdnir hann \u00fev\u00ed.<a name=\"24\"><span class=\"versanumer\">24<\/span><\/a>Margur lofar s\u00ednum vin einhv\u00f6rju af feilni, og gj\u00f6rir s\u00e9r hann a\u00f0 \u00f3vin nau\u00f0synjalaust, geti hann ekki efnt.<a name=\"25\"><span class=\"versanumer\">25<\/span><\/a>Lygi er lei\u00f0ur skammarblettur \u00e1 manni, h\u00fan er algeng \u00ed d\u00e1rans munni.<a name=\"26\"><span class=\"versanumer\">26<\/span><\/a>Betri er \u00fej\u00f3furinn, en s\u00e1 sem temur s\u00e9r lygi, en b\u00e1\u00f0ir erfa tj\u00f3n.<a name=\"27\"><span class=\"versanumer\">27<\/span><\/a>Ath\u00e6fi lygins manns er \u00e6rulaust, og hans sk\u00f6mm fylgir honum \u00e1vallt.<a name=\"28\"><span class=\"versanumer\">28<\/span><\/a>Vitur ma\u00f0ur kemur s\u00e9r fram me\u00f0 s\u00ednu tali, og hygginn ma\u00f0ur ge\u00f0jast h\u00f6f\u00f0ingjunum.<a name=\"29\"><span class=\"versanumer\">29<\/span><\/a>Hv\u00f6r sem yrkir akur, st\u00e6kkar s\u00edna <span class='VideyAth'>(korn)<\/span>hr\u00fagu; og hv\u00f6r sem ge\u00f0jast h\u00f6f\u00f0ingjunum forl\u00edkar rangindin.<a name=\"30\"><span class=\"versanumer\">30<\/span><\/a>G\u00e1fur og skenkingar blinda augu hinna vitru, og hindra a\u00f0findni, eins og beisli \u00ed munni.<a name=\"31\"><span class=\"versanumer\">31<\/span><\/a>Falin viska og \u00f3s\u00fdnilegur fj\u00e1rsj\u00f3\u00f0ur, til hv\u00f6rs gagns er \u00fea\u00f0 hv\u00f6rttveggja?<a name=\"32\"><span class=\"versanumer\">32<\/span><\/a>Betri er s\u00e1 ma\u00f0ur sem felur s\u00edna f\u00e1visku, heldur enn s\u00e1 ma\u00f0ur sem felur s\u00edna visku.<\/p>\n<div class=\"footnoteVidey\"><\/div>\n","protected":false},"excerpt":{"rendered":"<p>1Til er a\u00f0findni \u00ed \u00f3t\u00edma, og margur \u00feegir, og er hygginn.2Miki\u00f0 betra er a\u00f0 \u00e1v\u00edta en a\u00f0 geyma kala;3Og hver, sem hispurslaust me\u00f0kennir, kemst hj\u00e1 tj\u00f3ni.4Eins og geldingur sem vill afmeyja unga st\u00falku, svo er s\u00e1, sem me\u00f0 ofbeldi semur d\u00f3ma.5Einn \u00feegir og ver\u00f0ur haldinn vitur: annar bakar s\u00e9r hatur me\u00f0 sinni m\u00e6lgi.6Einn \u00feegir, af \u00fev\u00ed hann hefir ekki svar til; annar \u00feegir, af \u00fev\u00ed hann \u00feekkir \u00feann r\u00e9tta t\u00edma.7Vitur ma\u00f0ur \u00feegir til \u00feess s\u00e1 r\u00e9tti t\u00edmi er kominn; en s\u00e1 m\u00e1lugi og heimskinginn ver\u00f0a fyrri til.8Menn f\u00e1 andstygg\u00f0 \u00e1 \u00feeim margm\u00e1luga, og s\u00e1 freki ver\u00f0ur hata\u00f0ur.9Margur er heppinn \u00ed <a href=\"https:\/\/biblian.is\/videy\/siraksbok-20-kafli\/\"> [&#8230;]<\/a><\/p>\n","protected":false},"author":1,"featured_media":0,"parent":0,"menu_order":0,"comment_status":"open","ping_status":"open","template":"bibliukaflar.php","meta":{"footnotes":""},"class_list":["post-22114","page","type-page","status-publish","hentry"],"_links":{"self":[{"href":"https:\/\/biblian.is\/videy\/wp-json\/wp\/v2\/pages\/22114","targetHints":{"allow":["GET"]}}],"collection":[{"href":"https:\/\/biblian.is\/videy\/wp-json\/wp\/v2\/pages"}],"about":[{"href":"https:\/\/biblian.is\/videy\/wp-json\/wp\/v2\/types\/page"}],"author":[{"embeddable":true,"href":"https:\/\/biblian.is\/videy\/wp-json\/wp\/v2\/users\/1"}],"replies":[{"embeddable":true,"href":"https:\/\/biblian.is\/videy\/wp-json\/wp\/v2\/comments?post=22114"}],"version-history":[{"count":0,"href":"https:\/\/biblian.is\/videy\/wp-json\/wp\/v2\/pages\/22114\/revisions"}],"wp:attachment":[{"href":"https:\/\/biblian.is\/videy\/wp-json\/wp\/v2\/media?parent=22114"}],"curies":[{"name":"wp","href":"https:\/\/api.w.org\/{rel}","templated":true}]}}