{"id":22113,"date":"2018-01-02T01:05:40","date_gmt":"2018-01-02T01:05:40","guid":{"rendered":"http:\/\/biblian.is\/videy\/siraksbok-19-kafli\/"},"modified":"2018-01-02T01:05:40","modified_gmt":"2018-01-02T01:05:40","slug":"siraksbok-19-kafli","status":"publish","type":"page","link":"https:\/\/biblian.is\/videy\/siraksbok-19-kafli\/","title":{"rendered":"S\u00edraksb\u00f3k 19. kafli"},"content":{"rendered":"<div class=\"fyrirsognVidey\">Einstakar l\u00edfsreglur.<\/div>\n<p><a name=\"1\"><span class=\"versanumer\">1<\/span><\/a>Ofdrykkjusamur erfi\u00f0isma\u00f0ur ver\u00f0ur ekki r\u00edkur; hv\u00f6r sem metur l\u00edtils \u00fea\u00f0 litla, fellur skj\u00f3tt.<a name=\"2\"><span class=\"versanumer\">2<\/span><\/a>V\u00edn og konur afvegalei\u00f0a \u00fe\u00e1 vitru.<a name=\"3\"><span class=\"versanumer\">3<\/span><\/a>Og hv\u00f6r sem samlagar sig sk\u00e6kjum er mj\u00f6g hugsunarlaus. M\u00f6lur og ormar f\u00e1 hann a\u00f0 erf\u00f0, og s\u00fa hugsunarlausa s\u00e1l ver\u00f0ur \u00feanga\u00f0 hrifin.<a name=\"4\"><span class=\"versanumer\">4<\/span><\/a>S\u00e1, sem skj\u00f3tlega treystir, hefir l\u00edti\u00f0 vit, og hv\u00f6r sem syndgar, br\u00fdtur m\u00f3ti sinni s\u00e1lu. l<a name=\"5\"><span class=\"versanumer\">5<\/span><\/a>Hv\u00f6r sem fagnar yfir \u00fev\u00ed illa, ver\u00f0skuldar last, en hv\u00f6r sem m\u00f3tstendur girndunum, kr\u00fdnir sitt l\u00edf, hv\u00f6r sem drottnar yfir sinni tungu, lifir \u00ed r\u00f3; og hv\u00f6r sem hatar m\u00e6lgi, bakar s\u00e9r l\u00edti\u00f0 illt.<a name=\"6\"><span class=\"versanumer\">6<\/span><\/a>Tali\u00f0 skaltu aldrei upp aftur taka, og \u00feitt ver\u00f0ur ei minna fyrir \u00fea\u00f0.<a name=\"7\"><span class=\"versanumer\">7<\/span><\/a>Seg hv\u00f6rki vin n\u00e9 \u00f3vin fr\u00e1 <span class='VideyAth'>(\u00f6llu)<\/span>.<a name=\"8\"><span class=\"versanumer\">8<\/span><\/a>Og s\u00e9 \u00fe\u00e9r \u00fea\u00f0 ekki synd, \u00fe\u00e1 upplj\u00f3sta engu.<a name=\"9\"><span class=\"versanumer\">9<\/span><\/a>\u00dev\u00ed <span class='VideyAth'>(ma\u00f0urinn)<\/span> hann heyrir til \u00fe\u00edn, varar sig \u00e1 \u00fe\u00e9r, og hatar \u00feig vi\u00f0 t\u00e6kif\u00e6ri.<a name=\"10\"><span class=\"versanumer\">10<\/span><\/a>Hafir \u00fe\u00fa heyrt eitthva\u00f0, svo l\u00e1ttu \u00fea\u00f0 me\u00f0 \u00fe\u00e9r deyja, vertu r\u00f3legur, \u00fe\u00fa rifnar ei af \u00fev\u00ed <span class='VideyAth'>(a\u00f0 \u00feegja yfir)<\/span>.<a name=\"11\"><span class=\"versanumer\">11<\/span><\/a>Heimskinginn f\u00e6r hr\u00ed\u00f0ir af einu or\u00f0i, eins og j\u00f3\u00f0sj\u00fak kona af barni.<a name=\"12\"><span class=\"versanumer\">12<\/span><\/a>Eins og p\u00edla sem stendur \u00ed mj\u00f6\u00f0minni, svo or\u00f0 \u00ed innyflum heimskingjans. <br \/><a name=\"13\"><span class=\"versanumer\">13<\/span><\/a>Kom a\u00f0 m\u00e1li vi\u00f0 vin \u00feinn: kannske hann hafi ekki gj\u00f6rt \u00fea\u00f0 <span class='VideyAth'>(sem honum er bori\u00f0)<\/span>; og hafi hann gj\u00f6rt \u00fea\u00f0, til \u00feess hann gj\u00f6ri \u00fea\u00f0 ei aftur.<a name=\"14\"><span class=\"versanumer\">14<\/span><\/a>Kom a\u00f0 m\u00e1li vi\u00f0 vin \u00feinn: kannske hann hafi ekki sagt \u00fea\u00f0; og hafi hann sagt \u00fea\u00f0, a\u00f0 hann segi \u00fea\u00f0 ei aftur.<a name=\"15\"><span class=\"versanumer\">15<\/span><\/a>Kom a\u00f0 m\u00e1li vi\u00f0 vin \u00feinn; \u00fev\u00ed oft er <span class='VideyAth'>(sl\u00edkt)<\/span> \u00f3hr\u00f3\u00f0ur; og tr\u00fa ekki \u00f6llu sem tala\u00f0 er.<a name=\"16\"><span class=\"versanumer\">16<\/span><\/a>Einum ver\u00f0ur \u00e1, en ekki af \u00e1setningi; og hv\u00f6r er s\u00e1 sem aldrei hefir syndga\u00f0 me\u00f0 sinni tungu?<a name=\"17\"><span class=\"versanumer\">17<\/span><\/a>Kom \u00fe\u00fa a\u00f0 m\u00e1li vi\u00f0 n\u00e1unga \u00feinn, \u00e1\u00f0ur en \u00fe\u00fa h\u00f3tar og gef \u00fe\u00fa r\u00fam l\u00f6gm\u00e1li ens \u00e6\u00f0sta. <br \/><a name=\"18\"><span class=\"versanumer\">18<\/span><\/a>\u00d6ll viska er \u00f3tti Drottins, og hl\u00fd\u00f0ni l\u00f6gm\u00e1lsins er hj\u00e1 allri visku.<a name=\"19\"><span class=\"versanumer\">19<\/span><\/a>\u00deekking vonskunnar er ekki viska, og ekki eru hyggindi \u00fear sem a\u00f0 er r\u00e1\u00f0agj\u00f6r\u00f0 syndara.<a name=\"20\"><span class=\"versanumer\">20<\/span><\/a>Vonska er \u00fea\u00f0, og h\u00fan er vi\u00f0bj\u00f3\u00f0ur, og s\u00e1 er d\u00e1ri, sem viskuna vantar.<a name=\"21\"><span class=\"versanumer\">21<\/span><\/a>Betra er a\u00f0 hafa l\u00edtinn skilning og vera gu\u00f0hr\u00e6ddur, heldur en mikinn skilning og yfirtro\u00f0a l\u00f6gm\u00e1li\u00f0.<a name=\"22\"><span class=\"versanumer\">22<\/span><\/a>Til er skarpskyggn sni\u00f0ugleiki, en hann er rangl\u00e1tur; og sumir mei\u00f0a mannk\u00e6rleikann, \u00fe\u00e1 \u00feeir leggja \u00e1 d\u00f3m.<a name=\"23\"><span class=\"versanumer\">23<\/span><\/a>Margur illvirki s\u00fdnist blj\u00fagur af sorg, en hans hi\u00f0 innra er fullt af prettum.<a name=\"24\"><span class=\"versanumer\">24<\/span><\/a>Hann hengir ni\u00f0ur h\u00f6fu\u00f0i\u00f0, og l\u00e6st ekki heyra; en hvar sem ei er eftir honum teki\u00f0, mun hann \u00feig yfirfalla.<a name=\"25\"><span class=\"versanumer\">25<\/span><\/a>Og hafi hann ei orku til a\u00f0 syndga, gj\u00f6rir hann \u00fe\u00e9r illt, strax sem honum gefst t\u00e6kif\u00e6ri. <br \/><a name=\"26\"><span class=\"versanumer\">26<\/span><\/a>Af sj\u00f3ninni \u00feekkist ma\u00f0urinn, og s\u00e1 skynsami \u00feekkist strax sem menn m\u00e6ta honum af s\u00ednu andliti.<a name=\"27\"><span class=\"versanumer\">27<\/span><\/a>Kl\u00e6\u00f0na\u00f0ur mannsins, hl\u00e1tur tannanna og hans gangur, segja til hva\u00f0 me\u00f0 honum b\u00fdr.<\/p>\n<div class=\"footnoteVidey\"><\/div>\n","protected":false},"excerpt":{"rendered":"<p>Einstakar l\u00edfsreglur. 1Ofdrykkjusamur erfi\u00f0isma\u00f0ur ver\u00f0ur ekki r\u00edkur; hv\u00f6r sem metur l\u00edtils \u00fea\u00f0 litla, fellur skj\u00f3tt.2V\u00edn og konur afvegalei\u00f0a \u00fe\u00e1 vitru.3Og hv\u00f6r sem samlagar sig sk\u00e6kjum er mj\u00f6g hugsunarlaus. M\u00f6lur og ormar f\u00e1 hann a\u00f0 erf\u00f0, og s\u00fa hugsunarlausa s\u00e1l ver\u00f0ur \u00feanga\u00f0 hrifin.4S\u00e1, sem skj\u00f3tlega treystir, hefir l\u00edti\u00f0 vit, og hv\u00f6r sem syndgar, br\u00fdtur m\u00f3ti sinni s\u00e1lu. l5Hv\u00f6r sem fagnar yfir \u00fev\u00ed illa, ver\u00f0skuldar last, en hv\u00f6r sem m\u00f3tstendur girndunum, kr\u00fdnir sitt l\u00edf, hv\u00f6r sem drottnar yfir sinni tungu, lifir \u00ed r\u00f3; og hv\u00f6r sem hatar m\u00e6lgi, bakar s\u00e9r l\u00edti\u00f0 illt.6Tali\u00f0 skaltu aldrei upp aftur taka, og \u00feitt ver\u00f0ur ei minna <a href=\"https:\/\/biblian.is\/videy\/siraksbok-19-kafli\/\"> [&#8230;]<\/a><\/p>\n","protected":false},"author":1,"featured_media":0,"parent":0,"menu_order":0,"comment_status":"open","ping_status":"open","template":"bibliukaflar.php","meta":{"footnotes":""},"class_list":["post-22113","page","type-page","status-publish","hentry"],"_links":{"self":[{"href":"https:\/\/biblian.is\/videy\/wp-json\/wp\/v2\/pages\/22113","targetHints":{"allow":["GET"]}}],"collection":[{"href":"https:\/\/biblian.is\/videy\/wp-json\/wp\/v2\/pages"}],"about":[{"href":"https:\/\/biblian.is\/videy\/wp-json\/wp\/v2\/types\/page"}],"author":[{"embeddable":true,"href":"https:\/\/biblian.is\/videy\/wp-json\/wp\/v2\/users\/1"}],"replies":[{"embeddable":true,"href":"https:\/\/biblian.is\/videy\/wp-json\/wp\/v2\/comments?post=22113"}],"version-history":[{"count":0,"href":"https:\/\/biblian.is\/videy\/wp-json\/wp\/v2\/pages\/22113\/revisions"}],"wp:attachment":[{"href":"https:\/\/biblian.is\/videy\/wp-json\/wp\/v2\/media?parent=22113"}],"curies":[{"name":"wp","href":"https:\/\/api.w.org\/{rel}","templated":true}]}}