{"id":22110,"date":"2018-01-02T01:05:40","date_gmt":"2018-01-02T01:05:40","guid":{"rendered":"http:\/\/biblian.is\/videy\/siraksbok-16-kafli\/"},"modified":"2018-01-02T01:05:40","modified_gmt":"2018-01-02T01:05:40","slug":"siraksbok-16-kafli","status":"publish","type":"page","link":"https:\/\/biblian.is\/videy\/siraksbok-16-kafli\/","title":{"rendered":"S\u00edraksb\u00f3k 16. kafli"},"content":{"rendered":"<div class=\"fyrirsognVidey\"><\/div>\n<p><a name=\"1\"><span class=\"versanumer\">1<\/span><\/a>\u00d3ska \u00fe\u00e9r ekki margra vondra barna, l\u00e1t \u00fe\u00e9r ei \u00feykja v\u00e6nt um gu\u00f0lausa syni.<a name=\"2\"><span class=\"versanumer\">2<\/span><\/a>Ver\u00f0i \u00feeir margir, \u00fe\u00e1 l\u00e1t \u00fe\u00e9r ekki v\u00e6nt um \u00feykja, s\u00e9 enginn gu\u00f0s\u00f3tti \u00ed \u00feeim.<a name=\"3\"><span class=\"versanumer\">3<\/span><\/a>Treystu ekki \u00feeirra l\u00edfi og reiddu \u00feig ekki \u00e1 \u00feeirra b\u00fasta\u00f0, \u00fev\u00ed betra er eitt <span class='VideyAth'>(gu\u00f0r\u00e6ki\u00f0)<\/span> barn en \u00fe\u00fasund <span class='VideyAth'>(gu\u00f0laus)<\/span>.<a name=\"4\"><span class=\"versanumer\">4<\/span><\/a>Og <span class='VideyAth'>(betra er)<\/span> a\u00f0 deyja barnlaus, heldur en eiga gu\u00f0laus b\u00f6rn.<a name=\"5\"><span class=\"versanumer\">5<\/span><\/a>\u00dev\u00ed af einum skyns\u00f6mum manni f\u00e6r borgin n\u00f3ga innb\u00faa; en h\u00e6tt hinna gu\u00f0lausu ver\u00f0ur afm\u00e1\u00f0.<a name=\"6\"><span class=\"versanumer\">6<\/span><\/a>Margt \u00feessh\u00e1ttar hefi eg s\u00e9\u00f0 me\u00f0 m\u00ednum augum og enn fleira hefur mitt eyra heyrt.<a name=\"7\"><span class=\"versanumer\">7<\/span><\/a>\u00c1 syndarasamkomu brann eldur, og hj\u00e1 \u00f3hl\u00fd\u00f0nu f\u00f3lki brann rei\u00f0i <span class='VideyAth'>(Gu\u00f0s)<\/span>.<a name=\"8\"><span class=\"versanumer\">8<\/span><\/a>Hann s\u00e6ttist ekki vi\u00f0 fornaldarrisana, sem f\u00e9llu fr\u00e1 sakir s\u00edns styrkleika.<a name=\"9\"><span class=\"versanumer\">9<\/span><\/a>Hann spara\u00f0i ekki a\u00f0seturssta\u00f0 Lots, hv\u00f6rs innb\u00faum hann haf\u00f0i andstygg\u00f0 \u00e1 sakir \u00feeirra drambsemi.<a name=\"10\"><span class=\"versanumer\">10<\/span><\/a>Hann veitti enga miskunn fordj\u00f6rfunarinnar \u00fej\u00f3\u00f0, \u00feeim sem h\u00f3fu sig h\u00e1tt \u00ed \u00feeirra syndum.<a name=\"11\"><span class=\"versanumer\">11<\/span><\/a>Og s\u00f6mulei\u00f0is \u00feeim 6 hundru\u00f0 \u00fe\u00fasundum manna, sem samt\u00f6k gj\u00f6r\u00f0u, \u00ed forher\u00f0ingu \u00feeirra hjartna; \u00fe\u00f3 ekki v\u00e6ri nema einn \u00feverbrotin, svo v\u00e6ri \u00fea\u00f0 fur\u00f0a, ef hann slyppi \u00f3hegndur.<a name=\"12\"><span class=\"versanumer\">12<\/span><\/a>\u00dev\u00ed hj\u00e1 honum er miskunn og rei\u00f0i; hann er mikill a\u00f0 s\u00e1ttgirni og hann \u00fathellir grimmd; svo mikil sem hans miskunn er, svo mikil er og hans hegning; hann d\u00e6mir manninn eftir hans verkum.<a name=\"13\"><span class=\"versanumer\">13<\/span><\/a>Syndarinn kemst ei burt me\u00f0 sitt r\u00e1n, og hann ginnir ekki \u00feolg\u00e6\u00f0i hinna gu\u00f0r\u00e6knu.<a name=\"14\"><span class=\"versanumer\">14<\/span><\/a>Allri miskunn gefur hann r\u00fam; og hv\u00f6r og einn me\u00f0tekur eftir hans verkum.<br \/><a name=\"15\"><span class=\"versanumer\">15<\/span><\/a>Seg ekki: eg felst fyrir Drottni; mun nokkur \u00ed h\u00e6\u00f0inni til m\u00edn muna?<a name=\"16\"><span class=\"versanumer\">16<\/span><\/a>\u00cd \u00feeim mikla h\u00f3p ver\u00f0ur m\u00edn ekki minnst; \u00fev\u00ed hva\u00f0 er m\u00edn s\u00e1l \u00ed \u00feeirri \u00f3m\u00e6lilegu sk\u00f6pun?<a name=\"17\"><span class=\"versanumer\">17<\/span><\/a>Sj\u00e1, himinninn og Gu\u00f0s himna himin, afgrunni\u00f0 og j\u00f6r\u00f0in bifast, \u00fe\u00e1 hann vitjar \u00feeirra.<a name=\"18\"><span class=\"versanumer\">18<\/span><\/a>Fj\u00f6llin og grundv\u00f6llur jar\u00f0arinnar hristast af skelfingu, \u00feegar hann \u00e1 \u00feau l\u00edtur.<a name=\"19\"><span class=\"versanumer\">19<\/span><\/a>En um \u00feetta hugsar ekki mannsins hjarta; og hv\u00f6r er s\u00e1 sem g\u00e1i a\u00f0 s\u00ednum vegi?<a name=\"20\"><span class=\"versanumer\">20<\/span><\/a>Eins og stormurinn, sem ma\u00f0urinn ekki s\u00e9r, svo eru \u00feau flestu af hans verkum hulin. Hv\u00f6r getur kunngj\u00f6rt verk hans r\u00e9ttv\u00edsi, e\u00f0a hv\u00f6r getur \u00feau \u00feola\u00f0?<a name=\"21\"><span class=\"versanumer\">21<\/span><\/a>\u00dev\u00ed fj\u00e6rl\u00e6gt er l\u00f6gm\u00e1li\u00f0.<a name=\"22\"><span class=\"versanumer\">22<\/span><\/a>Hv\u00f6r sem er au\u00f0m\u00fdktur, hugsar um sl\u00edkt, en s\u00e1 f\u00e1v\u00edsi og afvegaleiddi ma\u00f0ur hugsar um heimsku. <br \/><a name=\"23\"><span class=\"versanumer\">23<\/span><\/a>Heyr mig, barn, og nem \u00feekkingu, og tak me\u00f0 \u00fe\u00ednu hjarta eftir m\u00ednum or\u00f0um!<a name=\"24\"><span class=\"versanumer\">24<\/span><\/a>Eg gj\u00f6ri l\u00e6rd\u00f3m kunnan n\u00e1kv\u00e6mlega <span class='VideyAth'>(me\u00f0 vigt)<\/span> og kenni vandlega hyggindi.<a name=\"25\"><span class=\"versanumer\">25<\/span><\/a>\u00cd r\u00e1\u00f0s\u00e1lyktun Drottins liggja hans verk fr\u00e1 upphafi,<a name=\"26\"><span class=\"versanumer\">26<\/span><\/a>og s\u00ed\u00f0an \u00feau voru gj\u00f6r\u00f0, a\u00f0greindi hann \u00feeirra parta.<a name=\"27\"><span class=\"versanumer\">27<\/span><\/a>Hann ni\u00f0urskipa\u00f0i s\u00ednum verkum til allra t\u00edma, og \u00feeirra herrad\u00e6mi fyrir allar kynsl\u00f3\u00f0ir; \u00feau hungrar ekki, \u00feau \u00fereytast ekki, og \u00feeirra framtakssemi h\u00e6ttir aldrei.<a name=\"28\"><span class=\"versanumer\">28<\/span><\/a>Ekkert hindrar hva\u00f0 anna\u00f0; og a\u00f0 eil\u00edfu hl\u00fd\u00f0a \u00feau hans bo\u00f0i.<a name=\"29\"><span class=\"versanumer\">29<\/span><\/a>Eftir \u00feetta leit Drottinn \u00e1 j\u00f6r\u00f0ina og fyllti hana me\u00f0 s\u00ednum g\u00e6\u00f0um.<a name=\"30\"><span class=\"versanumer\">30<\/span><\/a>Me\u00f0 alls lags lifandi skepnum \u00feakti hann hennar yfirbor\u00f0, og til hennar hverfa \u00feau aftur.<\/p>\n<div class=\"footnoteVidey\"><\/div>\n","protected":false},"excerpt":{"rendered":"<p>1\u00d3ska \u00fe\u00e9r ekki margra vondra barna, l\u00e1t \u00fe\u00e9r ei \u00feykja v\u00e6nt um gu\u00f0lausa syni.2Ver\u00f0i \u00feeir margir, \u00fe\u00e1 l\u00e1t \u00fe\u00e9r ekki v\u00e6nt um \u00feykja, s\u00e9 enginn gu\u00f0s\u00f3tti \u00ed \u00feeim.3Treystu ekki \u00feeirra l\u00edfi og reiddu \u00feig ekki \u00e1 \u00feeirra b\u00fasta\u00f0, \u00fev\u00ed betra er eitt (gu\u00f0r\u00e6ki\u00f0) barn en \u00fe\u00fasund (gu\u00f0laus).4Og (betra er) a\u00f0 deyja barnlaus, heldur en eiga gu\u00f0laus b\u00f6rn.5\u00dev\u00ed af einum skyns\u00f6mum manni f\u00e6r borgin n\u00f3ga innb\u00faa; en h\u00e6tt hinna gu\u00f0lausu ver\u00f0ur afm\u00e1\u00f0.6Margt \u00feessh\u00e1ttar hefi eg s\u00e9\u00f0 me\u00f0 m\u00ednum augum og enn fleira hefur mitt eyra heyrt.7\u00c1 syndarasamkomu brann eldur, og hj\u00e1 \u00f3hl\u00fd\u00f0nu f\u00f3lki brann rei\u00f0i (Gu\u00f0s).8Hann s\u00e6ttist ekki vi\u00f0 fornaldarrisana, sem <a href=\"https:\/\/biblian.is\/videy\/siraksbok-16-kafli\/\"> [&#8230;]<\/a><\/p>\n","protected":false},"author":1,"featured_media":0,"parent":0,"menu_order":0,"comment_status":"open","ping_status":"open","template":"bibliukaflar.php","meta":{"footnotes":""},"class_list":["post-22110","page","type-page","status-publish","hentry"],"_links":{"self":[{"href":"https:\/\/biblian.is\/videy\/wp-json\/wp\/v2\/pages\/22110","targetHints":{"allow":["GET"]}}],"collection":[{"href":"https:\/\/biblian.is\/videy\/wp-json\/wp\/v2\/pages"}],"about":[{"href":"https:\/\/biblian.is\/videy\/wp-json\/wp\/v2\/types\/page"}],"author":[{"embeddable":true,"href":"https:\/\/biblian.is\/videy\/wp-json\/wp\/v2\/users\/1"}],"replies":[{"embeddable":true,"href":"https:\/\/biblian.is\/videy\/wp-json\/wp\/v2\/comments?post=22110"}],"version-history":[{"count":0,"href":"https:\/\/biblian.is\/videy\/wp-json\/wp\/v2\/pages\/22110\/revisions"}],"wp:attachment":[{"href":"https:\/\/biblian.is\/videy\/wp-json\/wp\/v2\/media?parent=22110"}],"curies":[{"name":"wp","href":"https:\/\/api.w.org\/{rel}","templated":true}]}}