{"id":22109,"date":"2018-01-02T01:05:34","date_gmt":"2018-01-02T01:05:34","guid":{"rendered":"http:\/\/biblian.is\/videy\/siraksbok-15-kafli\/"},"modified":"2018-01-02T01:05:34","modified_gmt":"2018-01-02T01:05:34","slug":"siraksbok-15-kafli","status":"publish","type":"page","link":"https:\/\/biblian.is\/videy\/siraksbok-15-kafli\/","title":{"rendered":"S\u00edraksb\u00f3k 15. kafli"},"content":{"rendered":"<div class=\"fyrirsognVidey\"><\/div>\n<p><a name=\"1\"><span class=\"versanumer\">1<\/span><\/a>S\u00e1 sem \u00f3ttast Drottin mun svo gj\u00f6ra, og hv\u00f6r sem heldur sig til l\u00f6gm\u00e1lsins, mun hana finna.<a name=\"2\"><span class=\"versanumer\">2<\/span><\/a>H\u00fan mun koma \u00e1 m\u00f3ti honum eins og m\u00f3\u00f0ir, og taka vi\u00f0 honum eins og jungfr\u00fa.<a name=\"3\"><span class=\"versanumer\">3<\/span><\/a>H\u00fan mun mata hann \u00e1 brau\u00f0i skilningsins, og drykkja hann me\u00f0 vatni v\u00edsd\u00f3msins.<a name=\"4\"><span class=\"versanumer\">4<\/span><\/a>Hann mun sty\u00f0ja sig vi\u00f0 hana, og ekki skeika; hann mun a\u00f0 henni h\u00e6nast, og ekki ver\u00f0a til skammar.<a name=\"5\"><span class=\"versanumer\">5<\/span><\/a>H\u00fan mun hefja hann yfir hans n\u00e1unga, og mitt \u00e1 samkomunni opna hans munn.<a name=\"6\"><span class=\"versanumer\">6<\/span><\/a>Gla\u00f0v\u00e6r\u00f0 og fagna\u00f0arkrans og eil\u00edfa fr\u00e6g\u00f0 mun hann \u00f6\u00f0last. <br \/><a name=\"7\"><span class=\"versanumer\">7<\/span><\/a>Ekki f\u00e1 hana \u00f3hyggnir menn, og syndarar sj\u00e1 hana ekki.<a name=\"8\"><span class=\"versanumer\">8<\/span><\/a>H\u00fan er fj\u00e6rri drambseminni, og lygamenn hugsa ekki til hennar.<a name=\"9\"><span class=\"versanumer\">9<\/span><\/a>Ekkert fagurt lof er \u00ed syndarans munni, \u00fev\u00ed \u00fea\u00f0 er ekki sent af Gu\u00f0i <span class='VideyAth'>a)<\/span>.<a name=\"10\"><span class=\"versanumer\">10<\/span><\/a>\u00dev\u00ed lofgj\u00f6r\u00f0 ver\u00f0ur a\u00f0eins s\u00f6g\u00f0 af visku, og Drottinn gefur s\u00edna blessan til \u00feess. <br \/><a name=\"11\"><span class=\"versanumer\">11<\/span><\/a>Seg ekki: sakir Drottins er eg fallinn fr\u00e1, \u00fev\u00ed \u00fea\u00f0, sem hann hatar, \u00e1tt \u00fe\u00fa ekki a\u00f0 gj\u00f6ra.<a name=\"12\"><span class=\"versanumer\">12<\/span><\/a>Seg ekki: Hann sj\u00e1lfur hefur leitt mig af lei\u00f0, \u00fev\u00ed hann, hann er ekki upp \u00e1 \u00feann synduga mann kominn.<a name=\"13\"><span class=\"versanumer\">13<\/span><\/a>Drottinn hatar alla vi\u00f0urstygg\u00f0, og \u00feeir, sem hann \u00f3ttast, elska enga.<a name=\"14\"><span class=\"versanumer\">14<\/span><\/a>Hann hefir \u00ed upphafi manninn skapa\u00f0, og gefi\u00f0 hann svo hans eigin vild.<a name=\"15\"><span class=\"versanumer\">15<\/span><\/a>Ef \u00fe\u00fa vilt, \u00fe\u00e1 getur \u00fe\u00fa bo\u00f0or\u00f0in haldi\u00f0 og var\u00f0veitt vel\u00fe\u00f3knanlega hollustu.<a name=\"16\"><span class=\"versanumer\">16<\/span><\/a>Hann hefir sett fyrir \u00feig vatn og eld: \u00fe\u00fa getur r\u00e9tt \u00fat \u00fe\u00edna h\u00f6nd til hv\u00f6rs sem \u00fe\u00fa vilt.<a name=\"17\"><span class=\"versanumer\">17<\/span><\/a>Ma\u00f0urinn hefir fyrir framan sig l\u00edfi\u00f0 og dau\u00f0ann, og hv\u00f6rt sem hann k\u00fds, \u00fea\u00f0 ver\u00f0ur honum gefi\u00f0.<a name=\"18\"><span class=\"versanumer\">18<\/span><\/a>\u00dev\u00ed mikil er Drottins viska, hann er voldugur a\u00f0 m\u00e6tti,<a name=\"19\"><span class=\"versanumer\">19<\/span><\/a>og s\u00e9r allt;<a name=\"20\"><span class=\"versanumer\">20<\/span><\/a>og hans augu horfa \u00e1 \u00fe\u00e1 sem hann \u00f3ttast, og hann \u00feekkir s\u00e9rhv\u00f6rt mannanna verk.<a name=\"21\"><span class=\"versanumer\">21<\/span><\/a>Hann hefir engum manni bo\u00f0i\u00f0 a\u00f0 hann skuli vera gu\u00f0laus, og engum leyft a\u00f0 syndga.<\/p>\n<div class=\"footnoteVidey\">V. 9. a. Nl. \u00fea\u00f0 lof, sem er \u00ed syndarans munni.<\/div>\n","protected":false},"excerpt":{"rendered":"<p>1S\u00e1 sem \u00f3ttast Drottin mun svo gj\u00f6ra, og hv\u00f6r sem heldur sig til l\u00f6gm\u00e1lsins, mun hana finna.2H\u00fan mun koma \u00e1 m\u00f3ti honum eins og m\u00f3\u00f0ir, og taka vi\u00f0 honum eins og jungfr\u00fa.3H\u00fan mun mata hann \u00e1 brau\u00f0i skilningsins, og drykkja hann me\u00f0 vatni v\u00edsd\u00f3msins.4Hann mun sty\u00f0ja sig vi\u00f0 hana, og ekki skeika; hann mun a\u00f0 henni h\u00e6nast, og ekki ver\u00f0a til skammar.5H\u00fan mun hefja hann yfir hans n\u00e1unga, og mitt \u00e1 samkomunni opna hans munn.6Gla\u00f0v\u00e6r\u00f0 og fagna\u00f0arkrans og eil\u00edfa fr\u00e6g\u00f0 mun hann \u00f6\u00f0last. 7Ekki f\u00e1 hana \u00f3hyggnir menn, og syndarar sj\u00e1 hana ekki.8H\u00fan er fj\u00e6rri drambseminni, og lygamenn hugsa ekki <a href=\"https:\/\/biblian.is\/videy\/siraksbok-15-kafli\/\"> [&#8230;]<\/a><\/p>\n","protected":false},"author":1,"featured_media":0,"parent":0,"menu_order":0,"comment_status":"open","ping_status":"open","template":"bibliukaflar.php","meta":{"footnotes":""},"class_list":["post-22109","page","type-page","status-publish","hentry"],"_links":{"self":[{"href":"https:\/\/biblian.is\/videy\/wp-json\/wp\/v2\/pages\/22109","targetHints":{"allow":["GET"]}}],"collection":[{"href":"https:\/\/biblian.is\/videy\/wp-json\/wp\/v2\/pages"}],"about":[{"href":"https:\/\/biblian.is\/videy\/wp-json\/wp\/v2\/types\/page"}],"author":[{"embeddable":true,"href":"https:\/\/biblian.is\/videy\/wp-json\/wp\/v2\/users\/1"}],"replies":[{"embeddable":true,"href":"https:\/\/biblian.is\/videy\/wp-json\/wp\/v2\/comments?post=22109"}],"version-history":[{"count":0,"href":"https:\/\/biblian.is\/videy\/wp-json\/wp\/v2\/pages\/22109\/revisions"}],"wp:attachment":[{"href":"https:\/\/biblian.is\/videy\/wp-json\/wp\/v2\/media?parent=22109"}],"curies":[{"name":"wp","href":"https:\/\/api.w.org\/{rel}","templated":true}]}}