{"id":22108,"date":"2018-01-02T01:05:34","date_gmt":"2018-01-02T01:05:34","guid":{"rendered":"http:\/\/biblian.is\/videy\/siraksbok-14-kafli\/"},"modified":"2018-01-02T01:05:34","modified_gmt":"2018-01-02T01:05:34","slug":"siraksbok-14-kafli","status":"publish","type":"page","link":"https:\/\/biblian.is\/videy\/siraksbok-14-kafli\/","title":{"rendered":"S\u00edraksb\u00f3k 14. kafli"},"content":{"rendered":"<div class=\"fyrirsognVidey\">Sama efni.<\/div>\n<p><a name=\"1\"><span class=\"versanumer\">1<\/span><\/a>S\u00e6ll er s\u00e1 ma\u00f0ur, sem ekkert ver\u00f0ur \u00e1 me\u00f0 s\u00ednum munni, og sem ekki kvelst af angri sakir sinna synda.<a name=\"2\"><span class=\"versanumer\">2<\/span><\/a>S\u00e6ll er s\u00e1 sem samviskan ekki \u00e1fellir, og sem ekki bregst hans von.<br \/><a name=\"3\"><span class=\"versanumer\">3<\/span><\/a>Au\u00f0urinn er ekki g\u00f3\u00f0ur n\u00edskum manni, og hvar til skulu au\u00f0\u00e6fi illvilju\u00f0um manni?<a name=\"4\"><span class=\"versanumer\">4<\/span><\/a>Hv\u00f6r sem safnar og \u00fearfnast, s\u00e1 safnar fyrir a\u00f0ra, og \u00e1 hans eigum ala sig a\u00f0rir.<a name=\"5\"><span class=\"versanumer\">5<\/span><\/a>S\u00e1 sem er har\u00f0ur vi\u00f0 sj\u00e1lfan sig, vi\u00f0 hv\u00f6rn mun hann vera g\u00f3\u00f0samur? Hann mun ei af s\u00ednu g\u00f3ssi gla\u00f0ur ver\u00f0a.<a name=\"6\"><span class=\"versanumer\">6<\/span><\/a>Enginn er verri en s\u00e1, sem ann s\u00e9r einkis g\u00f3\u00f0s, og \u00fea\u00f0 eru launin fyrir hans vonsku.<a name=\"7\"><span class=\"versanumer\">7<\/span><\/a>Gj\u00f6ri hann gott, \u00fe\u00e1 gj\u00f6rir hann \u00fea\u00f0 \u00f3vitandi; og seinast kemst upp hans vonska.<a name=\"8\"><span class=\"versanumer\">8<\/span><\/a>Vondur er s\u00e1 illvilja\u00f0i, sem sn\u00fdr s\u00e9r undan, og k\u00e6rir sig ekki um nokkra s\u00e1l. <br \/><a name=\"9\"><span class=\"versanumer\">9<\/span><\/a>Auga \u00feess, sem er s\u00f3lginn \u00ed gr\u00f3\u00f0a, l\u00e6tur s\u00e9r ekki n\u00e6gja einn partinn, og hans vonda girnd \u00feurrskr\u00e6lir hans hjarta.<a name=\"10\"><span class=\"versanumer\">10<\/span><\/a>S\u00e1 n\u00edski sparar brau\u00f0 og l\u00ed\u00f0ur skort vi\u00f0 sitt bor\u00f0.<a name=\"11\"><span class=\"versanumer\">11<\/span><\/a>Gj\u00f6r \u00fe\u00fa \u00fe\u00e9r til g\u00f3\u00f0a, barn, eftir \u00fe\u00ednum efnum, og f\u00e6r \u00fe\u00fa Drottni s\u00e6milega f\u00f3rn.<a name=\"12\"><span class=\"versanumer\">12<\/span><\/a>Hugsa \u00fe\u00fa til \u00feess, a\u00f0 dau\u00f0inn dvelur ekki, og a\u00f0 \u00fe\u00e9r eru ei kunn undirheima l\u00f6gin.<a name=\"13\"><span class=\"versanumer\">13<\/span><\/a>Gj\u00f6r vin \u00fe\u00ednum gott \u00e1\u00f0ur en \u00fe\u00fa deyr, og r\u00e9ttu honum og gef honum eftir \u00fe\u00ednum efnum.<a name=\"14\"><span class=\"versanumer\">14<\/span><\/a>Synja \u00fe\u00e9r ekki um neinn gla\u00f0an dag, og l\u00e1t ekki framhj\u00e1 \u00fe\u00e9r fara <span class='VideyAth'>(nokkurn)<\/span> part eftir\u00e6sktra g\u00e6\u00f0a.<a name=\"15\"><span class=\"versanumer\">15<\/span><\/a>Ver\u00f0ur \u00fe\u00fa ekki a\u00f0 sleppa vi\u00f0 annan \u00fe\u00ednu verki, og \u00fe\u00ednu f\u00e9 vi\u00f0 hlutfallsins \u00fatb\u00fdtingu?<a name=\"16\"><span class=\"versanumer\">16<\/span><\/a>Gef og \u00feigg, og gle\u00f0 s\u00e1lu \u00fe\u00edna;<a name=\"17\"><span class=\"versanumer\">17<\/span><\/a>\u00fev\u00ed \u00ed undirheimum er ekki s\u00e6ll\u00edfis a\u00f0 leita.<a name=\"18\"><span class=\"versanumer\">18<\/span><\/a>Allt hold eldist sem fat; \u00fev\u00ed \u00fea\u00f0 er hi\u00f0 eil\u00edfa l\u00f6gm\u00e1l: \u00fe\u00fa skalt vissulega deyja.<a name=\"19\"><span class=\"versanumer\">19<\/span><\/a>Eins og gr\u00e6n bl\u00f6\u00f0 \u00e1 laufgu\u00f0u tr\u00e9, hv\u00f6rra nokkur falla af, nokkur spretta aftur: eins gengur kyni holdsins og bl\u00f3\u00f0sins; nokkrir deyja, nokkrir f\u00e6\u00f0ast.<a name=\"20\"><span class=\"versanumer\">20<\/span><\/a>Allt forgengilegt verk tekur enda,<a name=\"21\"><span class=\"versanumer\">21<\/span><\/a>og hv\u00f6r sem vi\u00f0 \u00fea\u00f0 f\u00e6st, fer l\u00edka. <br \/><a name=\"22\"><span class=\"versanumer\">22<\/span><\/a>S\u00e6ll er s\u00e1 ma\u00f0ur sem i\u00f0kar visku, og r\u00e1\u00f0f\u00e6rir sig vi\u00f0 hyggindi;<a name=\"23\"><span class=\"versanumer\">23<\/span><\/a>s\u00e1 sem \u00ed s\u00ednu hjarta hugsar um hennar vegi og \u00edgrundar hennar leyndard\u00f3ma! hann l\u00e6\u00f0ist \u00e1 eftir henni eins og nj\u00f3snari og felur sig vi\u00f0 hennar inngang.<a name=\"24\"><span class=\"versanumer\">24<\/span><\/a>Hann g\u00e6gist inn um hennar glugga, og hlustar til, vi\u00f0 hennar dyr;<a name=\"25\"><span class=\"versanumer\">25<\/span><\/a>leitar herbergis \u00ed n\u00e1nd vi\u00f0 hennar h\u00fas, og rekur sinn tjaldh\u00e6l \u00ed hennar veggi; hann reisir sitt tjald vi\u00f0 hennar hli\u00f0 <span class='VideyAth'>(h\u00f6nd)<\/span>, og hann gistir \u00ed blessunarinnar herbergi.<a name=\"26\"><span class=\"versanumer\">26<\/span><\/a>Hann flytur s\u00edn b\u00f6rn undir hennar \u00feak, og sta\u00f0n\u00e6mist undir hennar greinum.<a name=\"27\"><span class=\"versanumer\">27<\/span><\/a>Hann ver\u00f0ur af henni vernda\u00f0ur fyrir hita, og gistir \u00ed hennar \u00e1g\u00e6ta b\u00fasta\u00f0.<\/p>\n<div class=\"footnoteVidey\"><\/div>\n","protected":false},"excerpt":{"rendered":"<p>Sama efni. 1S\u00e6ll er s\u00e1 ma\u00f0ur, sem ekkert ver\u00f0ur \u00e1 me\u00f0 s\u00ednum munni, og sem ekki kvelst af angri sakir sinna synda.2S\u00e6ll er s\u00e1 sem samviskan ekki \u00e1fellir, og sem ekki bregst hans von.3Au\u00f0urinn er ekki g\u00f3\u00f0ur n\u00edskum manni, og hvar til skulu au\u00f0\u00e6fi illvilju\u00f0um manni?4Hv\u00f6r sem safnar og \u00fearfnast, s\u00e1 safnar fyrir a\u00f0ra, og \u00e1 hans eigum ala sig a\u00f0rir.5S\u00e1 sem er har\u00f0ur vi\u00f0 sj\u00e1lfan sig, vi\u00f0 hv\u00f6rn mun hann vera g\u00f3\u00f0samur? Hann mun ei af s\u00ednu g\u00f3ssi gla\u00f0ur ver\u00f0a.6Enginn er verri en s\u00e1, sem ann s\u00e9r einkis g\u00f3\u00f0s, og \u00fea\u00f0 eru launin fyrir hans vonsku.7Gj\u00f6ri hann gott, \u00fe\u00e1 <a href=\"https:\/\/biblian.is\/videy\/siraksbok-14-kafli\/\"> [&#8230;]<\/a><\/p>\n","protected":false},"author":1,"featured_media":0,"parent":0,"menu_order":0,"comment_status":"open","ping_status":"open","template":"bibliukaflar.php","meta":{"footnotes":""},"class_list":["post-22108","page","type-page","status-publish","hentry"],"_links":{"self":[{"href":"https:\/\/biblian.is\/videy\/wp-json\/wp\/v2\/pages\/22108","targetHints":{"allow":["GET"]}}],"collection":[{"href":"https:\/\/biblian.is\/videy\/wp-json\/wp\/v2\/pages"}],"about":[{"href":"https:\/\/biblian.is\/videy\/wp-json\/wp\/v2\/types\/page"}],"author":[{"embeddable":true,"href":"https:\/\/biblian.is\/videy\/wp-json\/wp\/v2\/users\/1"}],"replies":[{"embeddable":true,"href":"https:\/\/biblian.is\/videy\/wp-json\/wp\/v2\/comments?post=22108"}],"version-history":[{"count":0,"href":"https:\/\/biblian.is\/videy\/wp-json\/wp\/v2\/pages\/22108\/revisions"}],"wp:attachment":[{"href":"https:\/\/biblian.is\/videy\/wp-json\/wp\/v2\/media?parent=22108"}],"curies":[{"name":"wp","href":"https:\/\/api.w.org\/{rel}","templated":true}]}}