{"id":22107,"date":"2018-01-02T01:05:34","date_gmt":"2018-01-02T01:05:34","guid":{"rendered":"http:\/\/biblian.is\/videy\/siraksbok-13-kafli\/"},"modified":"2018-01-02T01:05:34","modified_gmt":"2018-01-02T01:05:34","slug":"siraksbok-13-kafli","status":"publish","type":"page","link":"https:\/\/biblian.is\/videy\/siraksbok-13-kafli\/","title":{"rendered":"S\u00edraksb\u00f3k 13. kafli"},"content":{"rendered":"<div class=\"fyrirsognVidey\">Fleiri sannm\u00e6li.<\/div>\n<p><a name=\"1\"><span class=\"versanumer\">1<\/span><\/a>Hv\u00f6r sem tekur \u00e1 biki, \u00f3hreinkar sig, og s\u00e1, sem umgengst \u00feann drambl\u00e1ta ver\u00f0ur honum l\u00edkur.<a name=\"2\"><span class=\"versanumer\">2<\/span><\/a>Legg ei \u00e1 \u00feig \u00fe\u00e1 byr\u00f0i, sem \u00fe\u00e9r er of \u00feung; og umgakkst ekki \u00feann, sem er voldugri og r\u00edkari en \u00fe\u00fa.<a name=\"3\"><span class=\"versanumer\">3<\/span><\/a>Hva\u00f0 skal <span class='VideyAth'>(leir)<\/span>pottur \u00ed samf\u00e9lag vi\u00f0 <span class='VideyAth'>(eir)<\/span>ketil? Hann sl\u00e6st vi\u00f0 hinn, og brotnar.<a name=\"4\"><span class=\"versanumer\">4<\/span><\/a>S\u00e1 r\u00edki a\u00f0hefst rangindi, og b\u00e6tir h\u00f3tunaror\u00f0um \u00fear ofan \u00e1; s\u00e1 f\u00e1t\u00e6ki \u00feolir rangindi, og bi\u00f0ur \u00fear a\u00f0 auki.<a name=\"5\"><span class=\"versanumer\">5<\/span><\/a>Me\u00f0an \u00fe\u00fa ert n\u00fdtur <span class='VideyAth'>(til einhv\u00f6rs)<\/span> br\u00fakar hann \u00feig; en l\u00ed\u00f0ir \u00fe\u00fa skort, svo yfirgefur hann \u00feig.<a name=\"6\"><span class=\"versanumer\">6<\/span><\/a>Ef \u00fe\u00fa hefir eitthva\u00f0, lifir hann me\u00f0 \u00fe\u00e9r, og f\u00e9flettir \u00feig, og k\u00e6rir sig ekki um \u00fea\u00f0.<a name=\"7\"><span class=\"versanumer\">7<\/span><\/a>Hann \u00fearf \u00fe\u00edn og t\u00e6lir \u00feig, og hl\u00e6r upp \u00e1 \u00feig, og gefur \u00fe\u00e9r von; hann talar fagurt vi\u00f0 \u00feig, og segir: hva\u00f0 vanhagar \u00feig um?<a name=\"8\"><span class=\"versanumer\">8<\/span><\/a>Hann sneypir \u00feig me\u00f0 s\u00ednum gestabo\u00f0um, \u00feanga\u00f0 til hann tvisvar e\u00f0a \u00ferisvar hefur f\u00e9flett \u00feig, og seinast gj\u00f6rir hann gys a\u00f0 \u00fe\u00e9r.<a name=\"9\"><span class=\"versanumer\">9<\/span><\/a>\u00deegar hann s\u00ed\u00f0an s\u00e9r \u00feig, for\u00f0ast hann \u00feig, og hristir yfir \u00fe\u00e9r h\u00f6fu\u00f0i\u00f0.<a name=\"10\"><span class=\"versanumer\">10<\/span><\/a>G\u00e6t \u00fe\u00edn, a\u00f0 \u00fe\u00fa ver\u00f0ir ekki t\u00e1ldreginn,<a name=\"11\"><span class=\"versanumer\">11<\/span><\/a>og au\u00f0vir\u00f0ist sakir \u00fe\u00edns gla\u00f0lyndis.<br \/><a name=\"12\"><span class=\"versanumer\">12<\/span><\/a>Kalli s\u00e1 voldugi \u00feig, \u00fe\u00e1 f\u00e6rstu undan; \u00fev\u00ed heldur mun hann kalla \u00feig til s\u00edn.<a name=\"13\"><span class=\"versanumer\">13<\/span><\/a>Trana \u00fe\u00e9r ekki fram, svo \u00fe\u00e9r ver\u00f0i ekki hrundi\u00f0 til baka, og stattu ekki of fj\u00e6rri, svo \u00fe\u00fa gleymist ekki.<a name=\"14\"><span class=\"versanumer\">14<\/span><\/a>Tala \u00fe\u00fa ekki vi\u00f0 hann, sem vi\u00f0 \u00feinn l\u00edka, og reiddu \u00feig ekki \u00e1 hans m\u00f6rgu or\u00f0; \u00fev\u00ed me\u00f0 margm\u00e6li reynir hann \u00feig, og me\u00f0 s\u00ednu brosi rannsakar hann \u00feig,<a name=\"15\"><span class=\"versanumer\">15<\/span><\/a>miskunnarlaus heldur hann ei s\u00edn or\u00f0,<a name=\"16\"><span class=\"versanumer\">16<\/span><\/a>og hann sparar ei mis\u00feyrming og fj\u00f6tra.<a name=\"17\"><span class=\"versanumer\">17<\/span><\/a>G\u00e6t \u00fe\u00edn \u00feess vegna og vara \u00feig, \u00fev\u00ed h\u00e9r er \u00feitt fall \u00ed h\u00fafi.<a name=\"18\"><span class=\"versanumer\">18<\/span><\/a><span class='VideyAth'>(Ef \u00fe\u00fa heyrir \u00feetta, svo vakna af \u00fe\u00ednum svefni. Elska \u00fe\u00fa Drottin svo lengi sem \u00fe\u00fa lifir, og \u00e1kalla hann \u00fe\u00e9r til velfer\u00f0ar)<\/span>. <br \/><a name=\"19\"><span class=\"versanumer\">19<\/span><\/a>S\u00e9rhv\u00f6rt d\u00fdr elskar sinn l\u00edka,<a name=\"20\"><span class=\"versanumer\">20<\/span><\/a>og hv\u00f6r ma\u00f0ur sinn n\u00e1unga.<a name=\"21\"><span class=\"versanumer\">21<\/span><\/a>Hva\u00f0a samf\u00e9lag hefir \u00falfurinn vi\u00f0 lambi\u00f0? eins og syndarinn vi\u00f0 \u00feann gu\u00f0r\u00e6kna.<a name=\"22\"><span class=\"versanumer\">22<\/span><\/a>Hva\u00f0a eindr\u00e6gni er milli hyenu og hundsins? og hv\u00f6r eindr\u00e6gni milli \u00feess r\u00edka og f\u00e1t\u00e6ka?<a name=\"23\"><span class=\"versanumer\">23<\/span><\/a>Villiasnar \u00ed ey\u00f0im\u00f6rkinni eru lj\u00f3nsins br\u00e1\u00f0, eins eru \u00feeir f\u00e1t\u00e6ku br\u00e1\u00f0 hinna r\u00edku.<a name=\"24\"><span class=\"versanumer\">24<\/span><\/a>Au\u00f0m\u00fdktin er vi\u00f0bj\u00f3\u00f0ur \u00feeim drambl\u00e1ta; eins er s\u00e1 f\u00e1t\u00e6ki vi\u00f0bj\u00f3\u00f0ur enum r\u00edka.<a name=\"25\"><span class=\"versanumer\">25<\/span><\/a>\u00c6tli s\u00e1 r\u00edki a\u00f0 detta, svo sty\u00f0ja vinir hans hann: en ef s\u00e1 l\u00edtilm\u00f3tlegi dettur, \u00fe\u00e1 hrinda hans vinir \u00e1 eftir honum l\u00edka.<a name=\"26\"><span class=\"versanumer\">26<\/span><\/a>Hafi \u00feeim r\u00edka \u00e1 or\u00f0i\u00f0, ver\u00f0a margir til a\u00f0 hj\u00e1lpa honum; hafi hann tala\u00f0 af s\u00e9r, r\u00e9ttl\u00e6ta \u00feeir hann.<a name=\"27\"><span class=\"versanumer\">27<\/span><\/a>Hafi \u00feeim f\u00e1t\u00e6ka yfirs\u00e9st, \u00e1m\u00e6la menn honum \u00fear a\u00f0 auki; \u00fe\u00f3 hann hafi tala\u00f0 hyggilega, hefir \u00fea\u00f0 engan sta\u00f0.<a name=\"28\"><span class=\"versanumer\">28<\/span><\/a>S\u00e1 r\u00edki talar og allir \u00feegja, og hefja hans tal til sk\u00fdjanna.<a name=\"29\"><span class=\"versanumer\">29<\/span><\/a>S\u00e1 f\u00e1t\u00e6ki talar, og menn segja: hv\u00f6r er \u00feessi? og reki hann sig \u00e1, hrinda menn honum til fulls um koll.<a name=\"30\"><span class=\"versanumer\">30<\/span><\/a>G\u00f3\u00f0ur er au\u00f0urinn \u00e1n syndar, og sl\u00e6m er f\u00e1t\u00e6ktin \u00ed munni hins gu\u00f0lausa. <br \/><a name=\"31\"><span class=\"versanumer\">31<\/span><\/a>Hjarta\u00f0 umbreytir andlitinu b\u00e6\u00f0i til g\u00f3\u00f0s og ills.<a name=\"32\"><span class=\"versanumer\">32<\/span><\/a>Au\u00f0kenni g\u00f3\u00f0s hjarta er gla\u00f0legt andlit, og a\u00f0 finna upp v\u00e9lar er erfi\u00f0 hugsan.<\/p>\n<div class=\"footnoteVidey\">V. 18. Vantar \u00ed sumar \u00fatg\u00e1fur gr\u00edska textans, \u00fea\u00f0 er \u00ed d\u00f6nsku og ensku \u00fatl.<\/div>\n","protected":false},"excerpt":{"rendered":"<p>Fleiri sannm\u00e6li. 1Hv\u00f6r sem tekur \u00e1 biki, \u00f3hreinkar sig, og s\u00e1, sem umgengst \u00feann drambl\u00e1ta ver\u00f0ur honum l\u00edkur.2Legg ei \u00e1 \u00feig \u00fe\u00e1 byr\u00f0i, sem \u00fe\u00e9r er of \u00feung; og umgakkst ekki \u00feann, sem er voldugri og r\u00edkari en \u00fe\u00fa.3Hva\u00f0 skal (leir)pottur \u00ed samf\u00e9lag vi\u00f0 (eir)ketil? Hann sl\u00e6st vi\u00f0 hinn, og brotnar.4S\u00e1 r\u00edki a\u00f0hefst rangindi, og b\u00e6tir h\u00f3tunaror\u00f0um \u00fear ofan \u00e1; s\u00e1 f\u00e1t\u00e6ki \u00feolir rangindi, og bi\u00f0ur \u00fear a\u00f0 auki.5Me\u00f0an \u00fe\u00fa ert n\u00fdtur (til einhv\u00f6rs) br\u00fakar hann \u00feig; en l\u00ed\u00f0ir \u00fe\u00fa skort, svo yfirgefur hann \u00feig.6Ef \u00fe\u00fa hefir eitthva\u00f0, lifir hann me\u00f0 \u00fe\u00e9r, og f\u00e9flettir \u00feig, og k\u00e6rir sig ekki um <a href=\"https:\/\/biblian.is\/videy\/siraksbok-13-kafli\/\"> [&#8230;]<\/a><\/p>\n","protected":false},"author":1,"featured_media":0,"parent":0,"menu_order":0,"comment_status":"open","ping_status":"open","template":"bibliukaflar.php","meta":{"footnotes":""},"class_list":["post-22107","page","type-page","status-publish","hentry"],"_links":{"self":[{"href":"https:\/\/biblian.is\/videy\/wp-json\/wp\/v2\/pages\/22107","targetHints":{"allow":["GET"]}}],"collection":[{"href":"https:\/\/biblian.is\/videy\/wp-json\/wp\/v2\/pages"}],"about":[{"href":"https:\/\/biblian.is\/videy\/wp-json\/wp\/v2\/types\/page"}],"author":[{"embeddable":true,"href":"https:\/\/biblian.is\/videy\/wp-json\/wp\/v2\/users\/1"}],"replies":[{"embeddable":true,"href":"https:\/\/biblian.is\/videy\/wp-json\/wp\/v2\/comments?post=22107"}],"version-history":[{"count":0,"href":"https:\/\/biblian.is\/videy\/wp-json\/wp\/v2\/pages\/22107\/revisions"}],"wp:attachment":[{"href":"https:\/\/biblian.is\/videy\/wp-json\/wp\/v2\/media?parent=22107"}],"curies":[{"name":"wp","href":"https:\/\/api.w.org\/{rel}","templated":true}]}}